{"id":9177,"date":"2025-02-20T01:40:15","date_gmt":"2025-02-20T00:40:15","guid":{"rendered":"https:\/\/qineva.de\/?post_type=product&#038;p=9177"},"modified":"2026-04-21T22:20:21","modified_gmt":"2026-04-21T20:20:21","slug":"energy-paket-kur","status":"publish","type":"product","link":"https:\/\/vitaresorp.com\/en\/shop\/energy-paket-kur\/","title":{"rendered":"KUR | Energy Paket"},"content":{"rendered":"<h3><strong>Deine bequeme Kur f\u00fcr das unsere Energy Paket<\/strong><\/h3>\n<p>Das Energy Paket als Kur bietet dir eine unkomplizierte M\u00f6glichkeit, deine Vitalstoffversorgung dauerhaft zu sichern \u2013 und dabei kr\u00e4ftig zu sparen. Mit bis zu 45\u202f% Rabatt je nach Lieferintervall erh\u00e4ltst du dein Energy Paket regelm\u00e4\u00dfig und automatisch direkt nach Hause.<\/p>\n<p>Das Bundle enth\u00e4lt sorgf\u00e4ltig abgestimmte Produkte mit hochwertigen Vitaminen, Mineralstoffen und Pflanzenstoffen. Mit dabei sind z.\u202fB. Vitamin C und Zink zur Unterst\u00fctzung des Immunsystems (1,2), Magnesium f\u00fcr Muskelfunktion und Energiestoffwechsel (3,4,5) sowie B-Vitamine, die helfen, M\u00fcdigkeit zu verringern und die normale Funktion des Nervensystems zu unterst\u00fctzen (6,7).<\/p>\n<p>Dank der innovativen VITARESORP\u00ae-Technologie profitierst du von einer besonders effizienten Aufnahme der enthaltenen N\u00e4hrstoffe \u2013 f\u00fcr eine moderne und hochwertige Erg\u00e4nzung deiner t\u00e4glichen Gesundheitsroutine.<\/p>\n<p>Das Kur-Modell ist flexibel und kundenfreundlich: Du entscheidest \u00fcber dein Lieferintervall, kannst jederzeit anpassen oder pausieren und musst dich um nichts k\u00fcmmern.<\/p>\n<p>\u2e3b<\/p>\n<h3><strong>\u2714\ufe0f Deine Vorteile auf einen Blick<\/strong><\/h3>\n<p>\u2705 Spare bis zu 45\u202f% als Kur<br \/>\n\u2705 Automatische, bequeme Lieferung nach deinem Wunschintervall<br \/>\n\u2705 Flexibel: jederzeit anpassen oder pausieren<br \/>\n\u2705 Mit VITARESORP\u00ae-Technologie f\u00fcr 5,9-fach h\u00f6here Bioverf\u00fcgbarkeit<br \/>\n\u2705 Vegan, glutenfrei, ohne k\u00fcnstliche Zusatzstoffe<\/p>","protected":false},"excerpt":{"rendered":"<ul>\n<li>Bis zu 45\u202f% Rabatt als Kur<\/li>\n<li>Automatische Lieferung im Wunschintervall<\/li>\n<li>Identische Premiumqualit\u00e4t wie Einzelprodukt<\/li>\n<li>Flexibel pausierbar &amp; anpassbar<\/li>\n<li>Vegan, glutenfrei, ohne k\u00fcnstliche Zusatzstoffe<\/li>\n<\/ul>","protected":false},"featured_media":13584,"template":"","meta":{"_acf_changed":false,"inline_featured_image":false},"inhaltsstoff":[],"product_brand":[],"product_cat":[252],"product_tag":[151,246],"class_list":{"0":"post-9177","1":"product","2":"type-product","3":"status-publish","4":"has-post-thumbnail","6":"product_cat-kur","7":"product_tag-bundle","8":"product_tag-abo","10":"first","11":"instock","12":"sale","13":"taxable","14":"shipping-taxable","15":"purchasable","16":"product-type-variable-subscription","17":"has-default-attributes"},"bundled_by":[],"bundle_stock_status":"instock","bundle_stock_quantity":null,"bundle_virtual":false,"bundle_layout":"","bundle_add_to_cart_form_location":"","bundle_editable_in_cart":false,"bundle_sold_individually_context":"","bundle_item_grouping":"","bundle_min_size":"","bundle_max_size":"","bundle_price":[],"bundled_items":[],"bundle_sell_ids":[],"acf":{"variant_produkt":7147,"zusammensetzung":null,"health_claims":"(1) Vitamin C und Zink:\r\ntragen zu einer normalen Funktion des Immunsystems bei\r\n\r\n(2) Vitamin C und Zink:\r\ntragen dazu bei, die Zellen vor oxidativem Stress zu sch\u00fctzen\r\n\r\n(3) Magnesium:\r\ntr\u00e4gt zu einem normalen Energiestoffwechsel bei\r\n\r\n(4) Magnesium:\r\ntr\u00e4gt zur Verringerung von M\u00fcdigkeit und Erm\u00fcdung bei\r\n\r\n(5) Magnesium:\r\ntr\u00e4gt zu einer normalen Muskelfunktion bei\r\n\r\n(6) B-Vitamine (B1, B2, B3, B5, B6, B12, Biotin, Fols\u00e4ure):\r\ntragen zu einem normalen Energiestoffwechsel bei\r\n\r\n(7) B-Vitamine (B1, B2, B3, B6, B12, Biotin, Fols\u00e4ure):\r\ntragen zu einer normalen Funktion des Nervensystems bei"},"yoast_head":"<!-- This site is optimized with the Yoast SEO plugin v27.4 - https:\/\/yoast.com\/product\/yoast-seo-wordpress\/ -->\n<title>Vitaresorp\u00ae - Energy Paket \u2013 Komplettversorgung<\/title>\n<meta name=\"description\" content=\"Das Vitaresorp Energy Paket bietet eine umfassende N\u00e4hrstoffversorgung f\u00fcr den Alltag. Mit Vitaminen, Mineralstoffen und der Vitaresorp-Technologie.\" \/>\n<meta name=\"robots\" content=\"index, follow, max-snippet:-1, max-image-preview:large, max-video-preview:-1\" \/>\n<link rel=\"canonical\" href=\"https:\/\/vitaresorp.com\/en\/shop\/energy-paket\/\" \/>\n<meta property=\"og:locale\" content=\"en_US\" \/>\n<meta property=\"og:type\" content=\"article\" \/>\n<meta property=\"og:title\" content=\"Vitaresorp\u00ae - Energy Paket \u2013 Komplettversorgung\" \/>\n<meta property=\"og:description\" content=\"Das Vitaresorp Energy Paket bietet eine umfassende N\u00e4hrstoffversorgung f\u00fcr den Alltag. Mit Vitaminen, Mineralstoffen und der Vitaresorp-Technologie.\" \/>\n<meta property=\"og:url\" content=\"https:\/\/vitaresorp.com\/en\/shop\/energy-paket\/\" \/>\n<meta property=\"og:site_name\" content=\"Vitaresorp\u00ae\" \/>\n<meta property=\"article:publisher\" content=\"https:\/\/www.facebook.com\/qinevadeutschland\/\" \/>\n<meta property=\"article:modified_time\" content=\"2026-04-21T20:20:21+00:00\" \/>\n<meta property=\"og:image\" content=\"https:\/\/vitaresorp.com\/wp-content\/uploads\/2025\/09\/fe-eisen-q10-cur-bundle.jpg\" \/>\n\t<meta property=\"og:image:width\" content=\"1350\" \/>\n\t<meta property=\"og:image:height\" content=\"1350\" \/>\n\t<meta property=\"og:image:type\" content=\"image\/jpeg\" \/>\n<meta name=\"twitter:card\" content=\"summary_large_image\" \/>\n<meta name=\"twitter:label1\" content=\"Est. reading time\" \/>\n\t<meta name=\"twitter:data1\" content=\"2 minutes\" \/>\n<script type=\"application\/ld+json\" class=\"yoast-schema-graph\">{\"@context\":\"https:\\\/\\\/schema.org\",\"@graph\":[{\"@type\":\"WebPage\",\"@id\":\"https:\\\/\\\/vitaresorp.com\\\/shop\\\/energy-paket-kur\\\/\",\"url\":\"https:\\\/\\\/vitaresorp.com\\\/shop\\\/energy-paket\\\/\",\"name\":\"Vitaresorp\u00ae - Energy Paket \u2013 Komplettversorgung\",\"isPartOf\":{\"@id\":\"https:\\\/\\\/vitaresorp.com\\\/#website\"},\"primaryImageOfPage\":{\"@id\":\"https:\\\/\\\/vitaresorp.com\\\/shop\\\/energy-paket\\\/#primaryimage\"},\"image\":{\"@id\":\"https:\\\/\\\/vitaresorp.com\\\/shop\\\/energy-paket\\\/#primaryimage\"},\"thumbnailUrl\":\"https:\\\/\\\/vitaresorp.com\\\/wp-content\\\/uploads\\\/2025\\\/09\\\/fe-eisen-q10-cur-bundle.jpg\",\"datePublished\":\"2025-02-20T00:40:15+00:00\",\"dateModified\":\"2026-04-21T20:20:21+00:00\",\"description\":\"Das Vitaresorp Energy Paket bietet eine umfassende N\u00e4hrstoffversorgung f\u00fcr den Alltag. Mit Vitaminen, Mineralstoffen und der Vitaresorp-Technologie.\",\"breadcrumb\":{\"@id\":\"https:\\\/\\\/vitaresorp.com\\\/shop\\\/energy-paket\\\/#breadcrumb\"},\"inLanguage\":\"en-US\",\"potentialAction\":[{\"@type\":\"ReadAction\",\"target\":[\"https:\\\/\\\/vitaresorp.com\\\/shop\\\/energy-paket\\\/\"]}]},{\"@type\":\"ImageObject\",\"inLanguage\":\"en-US\",\"@id\":\"https:\\\/\\\/vitaresorp.com\\\/shop\\\/energy-paket\\\/#primaryimage\",\"url\":\"https:\\\/\\\/vitaresorp.com\\\/wp-content\\\/uploads\\\/2025\\\/09\\\/fe-eisen-q10-cur-bundle.jpg\",\"contentUrl\":\"https:\\\/\\\/vitaresorp.com\\\/wp-content\\\/uploads\\\/2025\\\/09\\\/fe-eisen-q10-cur-bundle.jpg\",\"width\":1350,\"height\":1350},{\"@type\":\"BreadcrumbList\",\"@id\":\"https:\\\/\\\/vitaresorp.com\\\/shop\\\/energy-paket\\\/#breadcrumb\",\"itemListElement\":[{\"@type\":\"ListItem\",\"position\":1,\"name\":\"Startseite\",\"item\":\"https:\\\/\\\/vitaresorp.com\\\/\"},{\"@type\":\"ListItem\",\"position\":2,\"name\":\"Shop\",\"item\":\"https:\\\/\\\/vitaresorp.com\\\/shop\\\/\"},{\"@type\":\"ListItem\",\"position\":3,\"name\":\"KUR | Energy Paket\"}]},{\"@type\":\"WebSite\",\"@id\":\"https:\\\/\\\/vitaresorp.com\\\/#website\",\"url\":\"https:\\\/\\\/vitaresorp.com\\\/\",\"name\":\"Qineva\",\"description\":\"Optimierte Aufnahme von N\u00e4hrstoffen\",\"publisher\":{\"@id\":\"https:\\\/\\\/vitaresorp.com\\\/#organization\"},\"potentialAction\":[{\"@type\":\"SearchAction\",\"target\":{\"@type\":\"EntryPoint\",\"urlTemplate\":\"https:\\\/\\\/vitaresorp.com\\\/?s={search_term_string}\"},\"query-input\":{\"@type\":\"PropertyValueSpecification\",\"valueRequired\":true,\"valueName\":\"search_term_string\"}}],\"inLanguage\":\"en-US\"},{\"@type\":\"Organization\",\"@id\":\"https:\\\/\\\/vitaresorp.com\\\/#organization\",\"name\":\"Qineva\",\"url\":\"https:\\\/\\\/vitaresorp.com\\\/\",\"logo\":{\"@type\":\"ImageObject\",\"inLanguage\":\"en-US\",\"@id\":\"https:\\\/\\\/vitaresorp.com\\\/#\\\/schema\\\/logo\\\/image\\\/\",\"url\":\"https:\\\/\\\/vitaresorp.com\\\/wp-content\\\/uploads\\\/2024\\\/09\\\/vitaresorp-logo-n.png\",\"contentUrl\":\"https:\\\/\\\/vitaresorp.com\\\/wp-content\\\/uploads\\\/2024\\\/09\\\/vitaresorp-logo-n.png\",\"width\":881,\"height\":247,\"caption\":\"Qineva\"},\"image\":{\"@id\":\"https:\\\/\\\/vitaresorp.com\\\/#\\\/schema\\\/logo\\\/image\\\/\"},\"sameAs\":[\"https:\\\/\\\/www.facebook.com\\\/qinevadeutschland\\\/\",\"https:\\\/\\\/www.instagram.com\\\/qineva_official\\\/\",\"https:\\\/\\\/www.youtube.com\\\/channel\\\/UCfv59SJdH33qotQGOB7nTdg\"]}]}<\/script>\n<!-- \/ Yoast SEO plugin. -->","yoast_head_json":{"title":"Vitaresorp\u00ae - Energy Paket \u2013 Komplettversorgung","description":"Das Vitaresorp Energy Paket bietet eine umfassende N\u00e4hrstoffversorgung f\u00fcr den Alltag. Mit Vitaminen, Mineralstoffen und der Vitaresorp-Technologie.","robots":{"index":"index","follow":"follow","max-snippet":"max-snippet:-1","max-image-preview":"max-image-preview:large","max-video-preview":"max-video-preview:-1"},"canonical":"https:\/\/vitaresorp.com\/en\/shop\/energy-paket\/","og_locale":"en_US","og_type":"article","og_title":"Vitaresorp\u00ae - Energy Paket \u2013 Komplettversorgung","og_description":"Das Vitaresorp Energy Paket bietet eine umfassende N\u00e4hrstoffversorgung f\u00fcr den Alltag. Mit Vitaminen, Mineralstoffen und der Vitaresorp-Technologie.","og_url":"https:\/\/vitaresorp.com\/en\/shop\/energy-paket\/","og_site_name":"Vitaresorp\u00ae","article_publisher":"https:\/\/www.facebook.com\/qinevadeutschland\/","article_modified_time":"2026-04-21T20:20:21+00:00","og_image":[{"width":1350,"height":1350,"url":"https:\/\/vitaresorp.com\/wp-content\/uploads\/2025\/09\/fe-eisen-q10-cur-bundle.jpg","type":"image\/jpeg"}],"twitter_card":"summary_large_image","twitter_misc":{"Est. reading time":"2 minutes"},"schema":{"@context":"https:\/\/schema.org","@graph":[{"@type":"WebPage","@id":"https:\/\/vitaresorp.com\/shop\/energy-paket-kur\/","url":"https:\/\/vitaresorp.com\/shop\/energy-paket\/","name":"Vitaresorp\u00ae - Energy Paket \u2013 Komplettversorgung","isPartOf":{"@id":"https:\/\/vitaresorp.com\/#website"},"primaryImageOfPage":{"@id":"https:\/\/vitaresorp.com\/shop\/energy-paket\/#primaryimage"},"image":{"@id":"https:\/\/vitaresorp.com\/shop\/energy-paket\/#primaryimage"},"thumbnailUrl":"https:\/\/vitaresorp.com\/wp-content\/uploads\/2025\/09\/fe-eisen-q10-cur-bundle.jpg","datePublished":"2025-02-20T00:40:15+00:00","dateModified":"2026-04-21T20:20:21+00:00","description":"Das Vitaresorp Energy Paket bietet eine umfassende N\u00e4hrstoffversorgung f\u00fcr den Alltag. Mit Vitaminen, Mineralstoffen und der Vitaresorp-Technologie.","breadcrumb":{"@id":"https:\/\/vitaresorp.com\/shop\/energy-paket\/#breadcrumb"},"inLanguage":"en-US","potentialAction":[{"@type":"ReadAction","target":["https:\/\/vitaresorp.com\/shop\/energy-paket\/"]}]},{"@type":"ImageObject","inLanguage":"en-US","@id":"https:\/\/vitaresorp.com\/shop\/energy-paket\/#primaryimage","url":"https:\/\/vitaresorp.com\/wp-content\/uploads\/2025\/09\/fe-eisen-q10-cur-bundle.jpg","contentUrl":"https:\/\/vitaresorp.com\/wp-content\/uploads\/2025\/09\/fe-eisen-q10-cur-bundle.jpg","width":1350,"height":1350},{"@type":"BreadcrumbList","@id":"https:\/\/vitaresorp.com\/shop\/energy-paket\/#breadcrumb","itemListElement":[{"@type":"ListItem","position":1,"name":"Startseite","item":"https:\/\/vitaresorp.com\/"},{"@type":"ListItem","position":2,"name":"Shop","item":"https:\/\/vitaresorp.com\/shop\/"},{"@type":"ListItem","position":3,"name":"KUR | Energy Paket"}]},{"@type":"WebSite","@id":"https:\/\/vitaresorp.com\/#website","url":"https:\/\/vitaresorp.com\/","name":"Qineva","description":"Optimierte Aufnahme von N\u00e4hrstoffen","publisher":{"@id":"https:\/\/vitaresorp.com\/#organization"},"potentialAction":[{"@type":"SearchAction","target":{"@type":"EntryPoint","urlTemplate":"https:\/\/vitaresorp.com\/?s={search_term_string}"},"query-input":{"@type":"PropertyValueSpecification","valueRequired":true,"valueName":"search_term_string"}}],"inLanguage":"en-US"},{"@type":"Organization","@id":"https:\/\/vitaresorp.com\/#organization","name":"Qineva","url":"https:\/\/vitaresorp.com\/","logo":{"@type":"ImageObject","inLanguage":"en-US","@id":"https:\/\/vitaresorp.com\/#\/schema\/logo\/image\/","url":"https:\/\/vitaresorp.com\/wp-content\/uploads\/2024\/09\/vitaresorp-logo-n.png","contentUrl":"https:\/\/vitaresorp.com\/wp-content\/uploads\/2024\/09\/vitaresorp-logo-n.png","width":881,"height":247,"caption":"Qineva"},"image":{"@id":"https:\/\/vitaresorp.com\/#\/schema\/logo\/image\/"},"sameAs":["https:\/\/www.facebook.com\/qinevadeutschland\/","https:\/\/www.instagram.com\/qineva_official\/","https:\/\/www.youtube.com\/channel\/UCfv59SJdH33qotQGOB7nTdg"]}]}},"jetpack_sharing_enabled":true,"tiered_pricing_type":"percentage","tiered_pricing_fixed_rules":[],"tiered_pricing_product_settings":{"layout":"default","base_unit_name":{"singular":null,"plural":null},"default_variation":null},"tiered_pricing_minimum_quantity":null,"tiered_pricing_roles_data":[],"tiered_pricing_percentage_rules":[],"tiered_pricing_maximum_quantity":null,"tiered_pricing_quantity_step":null,"_links":{"self":[{"href":"https:\/\/vitaresorp.com\/en\/wp-json\/wp\/v2\/product\/9177","targetHints":{"allow":["GET"]}}],"collection":[{"href":"https:\/\/vitaresorp.com\/en\/wp-json\/wp\/v2\/product"}],"about":[{"href":"https:\/\/vitaresorp.com\/en\/wp-json\/wp\/v2\/types\/product"}],"version-history":[{"count":9,"href":"https:\/\/vitaresorp.com\/en\/wp-json\/wp\/v2\/product\/9177\/revisions"}],"predecessor-version":[{"id":9181,"href":"https:\/\/vitaresorp.com\/en\/wp-json\/wp\/v2\/product\/9177\/revisions\/9181"}],"acf:post":[{"embeddable":true,"href":"https:\/\/vitaresorp.com\/en\/wp-json\/wp\/v2\/product\/7147"}],"wp:featuredmedia":[{"embeddable":true,"href":"https:\/\/vitaresorp.com\/en\/wp-json\/wp\/v2\/media\/13584"}],"wp:attachment":[{"href":"https:\/\/vitaresorp.com\/en\/wp-json\/wp\/v2\/media?parent=9177"}],"wp:term":[{"taxonomy":"inhaltsstoff","embeddable":true,"href":"https:\/\/vitaresorp.com\/en\/wp-json\/wp\/v2\/inhaltsstoff?post=9177"},{"taxonomy":"product_brand","embeddable":true,"href":"https:\/\/vitaresorp.com\/en\/wp-json\/wp\/v2\/product_brand?post=9177"},{"taxonomy":"product_cat","embeddable":true,"href":"https:\/\/vitaresorp.com\/en\/wp-json\/wp\/v2\/product_cat?post=9177"},{"taxonomy":"product_tag","embeddable":true,"href":"https:\/\/vitaresorp.com\/en\/wp-json\/wp\/v2\/product_tag?post=9177"}],"curies":[{"name":"wp","href":"https:\/\/api.w.org\/{rel}","templated":true}]}}