{"id":9146,"date":"2025-02-19T20:26:51","date_gmt":"2025-02-19T19:26:51","guid":{"rendered":"https:\/\/qineva.de\/?post_type=product&#038;p=9146"},"modified":"2026-04-16T11:38:30","modified_gmt":"2026-04-16T09:38:30","slug":"kraeuter-elixier-kur","status":"publish","type":"product","link":"https:\/\/vitaresorp.com\/en\/shop\/kraeuter-elixier-kur\/","title":{"rendered":"KUR | Kr\u00e4uter Elixier"},"content":{"rendered":"<h2>Traditionelles Kr\u00e4uter Elixier<\/h2>\n<p>Wir haben unser Kr\u00e4uter Elixier entwickelt, um dir eine einfache M\u00f6glichkeit zu geben, wertvolle Bitterstoffe wieder in deinen Alltag zu integrieren. Die Rezeptur basiert auf einem traditionellen Ansatz und enth\u00e4lt ausgew\u00e4hlte Kr\u00e4uter wie Wermutkraut, Tausendg\u00fcldenkraut, Kalmuswurzel, Fenchel und weitere bitterstoffreiche Pflanzen.<\/p>\n<p>Diese Pflanzen werden seit Generationen f\u00fcr ihre besonderen Eigenschaften gesch\u00e4tzt. Mit unserer Bitterstoff-Kur kannst du sie in moderner Form und in praktischer Dosierung nutzen \u2013 inspiriert von der Kr\u00e4uterkunde des Apothekers Hugo Windorfer.<\/p>\n<p>Du kannst die Kur flexibel \u00fcber mehrere Wochen durchf\u00fchren und bei Bedarf wiederholen \u2013 ideal, um Bitterstoffe regelm\u00e4\u00dfig in deine Ern\u00e4hrung einzubauen.<\/p>\n<h3>\u2714\ufe0f Deine Vorteile auf einen Blick<\/h3>\n<ul>\n<li>Traditionelle Bitterstoff-Kur mit ausgew\u00e4hlten Kr\u00e4utern<\/li>\n<li>Inspiriert von Hugo Windorfers Kr\u00e4uterwissen<\/li>\n<li>Praktische Anwendung f\u00fcr den Alltag<\/li>\n<li>Vegan, glutenfrei, ohne k\u00fcnstliche Zusatzstoffe<\/li>\n<\/ul>","protected":false},"excerpt":{"rendered":"<ul>\n<li>Traditionelle Bitterstoff-Kur<\/li>\n<li>Mit Wermut, Tausendg\u00fcldenkraut, Kalmuswurzel &amp; Fenchel<\/li>\n<li>Inspiriert von Apotheker Hugo Windorfer<\/li>\n<li>Vegan, glutenfrei, ohne k\u00fcnstliche Zusatzstoffe<\/li>\n<\/ul>","protected":false},"featured_media":12267,"template":"","meta":{"_acf_changed":false,"inline_featured_image":false},"inhaltsstoff":[],"product_brand":[],"product_cat":[252],"product_tag":[246,253],"class_list":{"0":"post-9146","1":"product","2":"type-product","3":"status-publish","4":"has-post-thumbnail","6":"product_cat-kur","7":"product_tag-abo","8":"product_tag-einzelprodukt","10":"first","11":"instock","12":"sale","13":"taxable","14":"shipping-taxable","15":"purchasable","16":"product-type-variable-subscription","17":"has-default-attributes"},"bundled_by":[],"bundle_stock_status":"instock","bundle_stock_quantity":null,"bundle_virtual":false,"bundle_layout":"","bundle_add_to_cart_form_location":"","bundle_editable_in_cart":false,"bundle_sold_individually_context":"","bundle_item_grouping":"","bundle_min_size":"","bundle_max_size":"","bundle_price":[],"bundled_items":[],"bundle_sell_ids":[],"acf":{"variant_produkt":233,"zusammensetzung":null,"health_claims":""},"yoast_head":"<!-- This site is optimized with the Yoast SEO plugin v27.4 - https:\/\/yoast.com\/product\/yoast-seo-wordpress\/ -->\n<title>Kr\u00e4uter Elixier Kur \u2013 Traditionelle Bitterstoff-Mischung vegan<\/title>\n<meta name=\"description\" content=\"Traditionelle Bitterstoff-Kur mit Wermut, Kalmus, Fenchel &amp; mehr. Inspiriert von Hugo Windorfer. Vegan, glutenfrei und frei von k\u00fcnstlichen Zus\u00e4tzen.\" \/>\n<meta name=\"robots\" content=\"index, follow, max-snippet:-1, max-image-preview:large, max-video-preview:-1\" \/>\n<link rel=\"canonical\" href=\"https:\/\/vitaresorp.com\/en\/shop\/kraeuter-elixier\/\" \/>\n<meta property=\"og:locale\" content=\"en_US\" \/>\n<meta property=\"og:type\" content=\"article\" \/>\n<meta property=\"og:title\" content=\"Kr\u00e4uter Elixier Kur \u2013 Traditionelle Bitterstoff-Mischung vegan\" \/>\n<meta property=\"og:description\" content=\"Traditionelle Bitterstoff-Kur mit Wermut, Kalmus, Fenchel &amp; mehr. Inspiriert von Hugo Windorfer. Vegan, glutenfrei und frei von k\u00fcnstlichen Zus\u00e4tzen.\" \/>\n<meta property=\"og:url\" content=\"https:\/\/vitaresorp.com\/en\/shop\/kraeuter-elixier\/\" \/>\n<meta property=\"og:site_name\" content=\"Vitaresorp\u00ae\" \/>\n<meta property=\"article:publisher\" content=\"https:\/\/www.facebook.com\/qinevadeutschland\/\" \/>\n<meta property=\"article:modified_time\" content=\"2026-04-16T09:38:30+00:00\" \/>\n<meta property=\"og:image\" content=\"https:\/\/vitaresorp.com\/wp-content\/uploads\/2024\/06\/kraeter-elixier.jpg\" \/>\n\t<meta property=\"og:image:width\" content=\"1080\" \/>\n\t<meta property=\"og:image:height\" content=\"1080\" \/>\n\t<meta property=\"og:image:type\" content=\"image\/jpeg\" \/>\n<meta name=\"twitter:card\" content=\"summary_large_image\" \/>\n<meta name=\"twitter:label1\" content=\"Est. reading time\" \/>\n\t<meta name=\"twitter:data1\" content=\"1 minute\" \/>\n<script type=\"application\/ld+json\" class=\"yoast-schema-graph\">{\"@context\":\"https:\\\/\\\/schema.org\",\"@graph\":[{\"@type\":\"WebPage\",\"@id\":\"https:\\\/\\\/vitaresorp.com\\\/shop\\\/kraeuter-elixier-kur\\\/\",\"url\":\"https:\\\/\\\/vitaresorp.com\\\/shop\\\/kraeuter-elixier\\\/\",\"name\":\"Kr\u00e4uter Elixier Kur \u2013 Traditionelle Bitterstoff-Mischung vegan\",\"isPartOf\":{\"@id\":\"https:\\\/\\\/vitaresorp.com\\\/#website\"},\"primaryImageOfPage\":{\"@id\":\"https:\\\/\\\/vitaresorp.com\\\/shop\\\/kraeuter-elixier\\\/#primaryimage\"},\"image\":{\"@id\":\"https:\\\/\\\/vitaresorp.com\\\/shop\\\/kraeuter-elixier\\\/#primaryimage\"},\"thumbnailUrl\":\"https:\\\/\\\/vitaresorp.com\\\/wp-content\\\/uploads\\\/2024\\\/06\\\/kraeter-elixier.jpg\",\"datePublished\":\"2025-02-19T19:26:51+00:00\",\"dateModified\":\"2026-04-16T09:38:30+00:00\",\"description\":\"Traditionelle Bitterstoff-Kur mit Wermut, Kalmus, Fenchel & mehr. Inspiriert von Hugo Windorfer. Vegan, glutenfrei und frei von k\u00fcnstlichen Zus\u00e4tzen.\",\"breadcrumb\":{\"@id\":\"https:\\\/\\\/vitaresorp.com\\\/shop\\\/kraeuter-elixier\\\/#breadcrumb\"},\"inLanguage\":\"en-US\",\"potentialAction\":[{\"@type\":\"ReadAction\",\"target\":[\"https:\\\/\\\/vitaresorp.com\\\/shop\\\/kraeuter-elixier\\\/\"]}]},{\"@type\":\"ImageObject\",\"inLanguage\":\"en-US\",\"@id\":\"https:\\\/\\\/vitaresorp.com\\\/shop\\\/kraeuter-elixier\\\/#primaryimage\",\"url\":\"https:\\\/\\\/vitaresorp.com\\\/wp-content\\\/uploads\\\/2024\\\/06\\\/kraeter-elixier.jpg\",\"contentUrl\":\"https:\\\/\\\/vitaresorp.com\\\/wp-content\\\/uploads\\\/2024\\\/06\\\/kraeter-elixier.jpg\",\"width\":1080,\"height\":1080,\"caption\":\"Bittertropfen\"},{\"@type\":\"BreadcrumbList\",\"@id\":\"https:\\\/\\\/vitaresorp.com\\\/shop\\\/kraeuter-elixier\\\/#breadcrumb\",\"itemListElement\":[{\"@type\":\"ListItem\",\"position\":1,\"name\":\"Startseite\",\"item\":\"https:\\\/\\\/vitaresorp.com\\\/\"},{\"@type\":\"ListItem\",\"position\":2,\"name\":\"Shop\",\"item\":\"https:\\\/\\\/vitaresorp.com\\\/shop\\\/\"},{\"@type\":\"ListItem\",\"position\":3,\"name\":\"KUR | Kr\u00e4uter Elixier\"}]},{\"@type\":\"WebSite\",\"@id\":\"https:\\\/\\\/vitaresorp.com\\\/#website\",\"url\":\"https:\\\/\\\/vitaresorp.com\\\/\",\"name\":\"Qineva\",\"description\":\"Optimierte Aufnahme von N\u00e4hrstoffen\",\"publisher\":{\"@id\":\"https:\\\/\\\/vitaresorp.com\\\/#organization\"},\"potentialAction\":[{\"@type\":\"SearchAction\",\"target\":{\"@type\":\"EntryPoint\",\"urlTemplate\":\"https:\\\/\\\/vitaresorp.com\\\/?s={search_term_string}\"},\"query-input\":{\"@type\":\"PropertyValueSpecification\",\"valueRequired\":true,\"valueName\":\"search_term_string\"}}],\"inLanguage\":\"en-US\"},{\"@type\":\"Organization\",\"@id\":\"https:\\\/\\\/vitaresorp.com\\\/#organization\",\"name\":\"Qineva\",\"url\":\"https:\\\/\\\/vitaresorp.com\\\/\",\"logo\":{\"@type\":\"ImageObject\",\"inLanguage\":\"en-US\",\"@id\":\"https:\\\/\\\/vitaresorp.com\\\/#\\\/schema\\\/logo\\\/image\\\/\",\"url\":\"https:\\\/\\\/vitaresorp.com\\\/wp-content\\\/uploads\\\/2024\\\/09\\\/vitaresorp-logo-n.png\",\"contentUrl\":\"https:\\\/\\\/vitaresorp.com\\\/wp-content\\\/uploads\\\/2024\\\/09\\\/vitaresorp-logo-n.png\",\"width\":881,\"height\":247,\"caption\":\"Qineva\"},\"image\":{\"@id\":\"https:\\\/\\\/vitaresorp.com\\\/#\\\/schema\\\/logo\\\/image\\\/\"},\"sameAs\":[\"https:\\\/\\\/www.facebook.com\\\/qinevadeutschland\\\/\",\"https:\\\/\\\/www.instagram.com\\\/qineva_official\\\/\",\"https:\\\/\\\/www.youtube.com\\\/channel\\\/UCfv59SJdH33qotQGOB7nTdg\"]}]}<\/script>\n<!-- \/ Yoast SEO plugin. -->","yoast_head_json":{"title":"Kr\u00e4uter Elixier Kur \u2013 Traditionelle Bitterstoff-Mischung vegan","description":"Traditionelle Bitterstoff-Kur mit Wermut, Kalmus, Fenchel & mehr. Inspiriert von Hugo Windorfer. Vegan, glutenfrei und frei von k\u00fcnstlichen Zus\u00e4tzen.","robots":{"index":"index","follow":"follow","max-snippet":"max-snippet:-1","max-image-preview":"max-image-preview:large","max-video-preview":"max-video-preview:-1"},"canonical":"https:\/\/vitaresorp.com\/en\/shop\/kraeuter-elixier\/","og_locale":"en_US","og_type":"article","og_title":"Kr\u00e4uter Elixier Kur \u2013 Traditionelle Bitterstoff-Mischung vegan","og_description":"Traditionelle Bitterstoff-Kur mit Wermut, Kalmus, Fenchel & mehr. Inspiriert von Hugo Windorfer. Vegan, glutenfrei und frei von k\u00fcnstlichen Zus\u00e4tzen.","og_url":"https:\/\/vitaresorp.com\/en\/shop\/kraeuter-elixier\/","og_site_name":"Vitaresorp\u00ae","article_publisher":"https:\/\/www.facebook.com\/qinevadeutschland\/","article_modified_time":"2026-04-16T09:38:30+00:00","og_image":[{"width":1080,"height":1080,"url":"https:\/\/vitaresorp.com\/wp-content\/uploads\/2024\/06\/kraeter-elixier.jpg","type":"image\/jpeg"}],"twitter_card":"summary_large_image","twitter_misc":{"Est. reading time":"1 minute"},"schema":{"@context":"https:\/\/schema.org","@graph":[{"@type":"WebPage","@id":"https:\/\/vitaresorp.com\/shop\/kraeuter-elixier-kur\/","url":"https:\/\/vitaresorp.com\/shop\/kraeuter-elixier\/","name":"Kr\u00e4uter Elixier Kur \u2013 Traditionelle Bitterstoff-Mischung vegan","isPartOf":{"@id":"https:\/\/vitaresorp.com\/#website"},"primaryImageOfPage":{"@id":"https:\/\/vitaresorp.com\/shop\/kraeuter-elixier\/#primaryimage"},"image":{"@id":"https:\/\/vitaresorp.com\/shop\/kraeuter-elixier\/#primaryimage"},"thumbnailUrl":"https:\/\/vitaresorp.com\/wp-content\/uploads\/2024\/06\/kraeter-elixier.jpg","datePublished":"2025-02-19T19:26:51+00:00","dateModified":"2026-04-16T09:38:30+00:00","description":"Traditionelle Bitterstoff-Kur mit Wermut, Kalmus, Fenchel & mehr. Inspiriert von Hugo Windorfer. Vegan, glutenfrei und frei von k\u00fcnstlichen Zus\u00e4tzen.","breadcrumb":{"@id":"https:\/\/vitaresorp.com\/shop\/kraeuter-elixier\/#breadcrumb"},"inLanguage":"en-US","potentialAction":[{"@type":"ReadAction","target":["https:\/\/vitaresorp.com\/shop\/kraeuter-elixier\/"]}]},{"@type":"ImageObject","inLanguage":"en-US","@id":"https:\/\/vitaresorp.com\/shop\/kraeuter-elixier\/#primaryimage","url":"https:\/\/vitaresorp.com\/wp-content\/uploads\/2024\/06\/kraeter-elixier.jpg","contentUrl":"https:\/\/vitaresorp.com\/wp-content\/uploads\/2024\/06\/kraeter-elixier.jpg","width":1080,"height":1080,"caption":"Bittertropfen"},{"@type":"BreadcrumbList","@id":"https:\/\/vitaresorp.com\/shop\/kraeuter-elixier\/#breadcrumb","itemListElement":[{"@type":"ListItem","position":1,"name":"Startseite","item":"https:\/\/vitaresorp.com\/"},{"@type":"ListItem","position":2,"name":"Shop","item":"https:\/\/vitaresorp.com\/shop\/"},{"@type":"ListItem","position":3,"name":"KUR | Kr\u00e4uter Elixier"}]},{"@type":"WebSite","@id":"https:\/\/vitaresorp.com\/#website","url":"https:\/\/vitaresorp.com\/","name":"Qineva","description":"Optimierte Aufnahme von N\u00e4hrstoffen","publisher":{"@id":"https:\/\/vitaresorp.com\/#organization"},"potentialAction":[{"@type":"SearchAction","target":{"@type":"EntryPoint","urlTemplate":"https:\/\/vitaresorp.com\/?s={search_term_string}"},"query-input":{"@type":"PropertyValueSpecification","valueRequired":true,"valueName":"search_term_string"}}],"inLanguage":"en-US"},{"@type":"Organization","@id":"https:\/\/vitaresorp.com\/#organization","name":"Qineva","url":"https:\/\/vitaresorp.com\/","logo":{"@type":"ImageObject","inLanguage":"en-US","@id":"https:\/\/vitaresorp.com\/#\/schema\/logo\/image\/","url":"https:\/\/vitaresorp.com\/wp-content\/uploads\/2024\/09\/vitaresorp-logo-n.png","contentUrl":"https:\/\/vitaresorp.com\/wp-content\/uploads\/2024\/09\/vitaresorp-logo-n.png","width":881,"height":247,"caption":"Qineva"},"image":{"@id":"https:\/\/vitaresorp.com\/#\/schema\/logo\/image\/"},"sameAs":["https:\/\/www.facebook.com\/qinevadeutschland\/","https:\/\/www.instagram.com\/qineva_official\/","https:\/\/www.youtube.com\/channel\/UCfv59SJdH33qotQGOB7nTdg"]}]}},"jetpack_sharing_enabled":true,"tiered_pricing_type":"fixed","tiered_pricing_fixed_rules":[],"tiered_pricing_product_settings":{"layout":"default","base_unit_name":{"singular":null,"plural":null},"default_variation":null},"tiered_pricing_minimum_quantity":null,"tiered_pricing_roles_data":[],"tiered_pricing_percentage_rules":[],"tiered_pricing_maximum_quantity":null,"tiered_pricing_quantity_step":null,"_links":{"self":[{"href":"https:\/\/vitaresorp.com\/en\/wp-json\/wp\/v2\/product\/9146","targetHints":{"allow":["GET"]}}],"collection":[{"href":"https:\/\/vitaresorp.com\/en\/wp-json\/wp\/v2\/product"}],"about":[{"href":"https:\/\/vitaresorp.com\/en\/wp-json\/wp\/v2\/types\/product"}],"version-history":[{"count":15,"href":"https:\/\/vitaresorp.com\/en\/wp-json\/wp\/v2\/product\/9146\/revisions"}],"predecessor-version":[{"id":13426,"href":"https:\/\/vitaresorp.com\/en\/wp-json\/wp\/v2\/product\/9146\/revisions\/13426"}],"acf:post":[{"embeddable":true,"href":"https:\/\/vitaresorp.com\/en\/wp-json\/wp\/v2\/product\/233"}],"wp:featuredmedia":[{"embeddable":true,"href":"https:\/\/vitaresorp.com\/en\/wp-json\/wp\/v2\/media\/12267"}],"wp:attachment":[{"href":"https:\/\/vitaresorp.com\/en\/wp-json\/wp\/v2\/media?parent=9146"}],"wp:term":[{"taxonomy":"inhaltsstoff","embeddable":true,"href":"https:\/\/vitaresorp.com\/en\/wp-json\/wp\/v2\/inhaltsstoff?post=9146"},{"taxonomy":"product_brand","embeddable":true,"href":"https:\/\/vitaresorp.com\/en\/wp-json\/wp\/v2\/product_brand?post=9146"},{"taxonomy":"product_cat","embeddable":true,"href":"https:\/\/vitaresorp.com\/en\/wp-json\/wp\/v2\/product_cat?post=9146"},{"taxonomy":"product_tag","embeddable":true,"href":"https:\/\/vitaresorp.com\/en\/wp-json\/wp\/v2\/product_tag?post=9146"}],"curies":[{"name":"wp","href":"https:\/\/api.w.org\/{rel}","templated":true}]}}