{"id":9142,"date":"2025-02-19T20:22:39","date_gmt":"2025-02-19T19:22:39","guid":{"rendered":"https:\/\/qineva.de\/?post_type=product&#038;p=9142"},"modified":"2026-04-21T22:24:46","modified_gmt":"2026-04-21T20:24:46","slug":"eisen-vegan-kur","status":"publish","type":"product","link":"https:\/\/vitaresorp.com\/en\/shop\/eisen-vegan-kur\/","title":{"rendered":"KUR | Liposomales FE Eisen Vegan"},"content":{"rendered":"<h2>Unsere FE Eisen Vegan Kur \u2013 mit Vitaresorp\u00ae Technologie<\/h2>\n<p>Wir haben FE Eisen Vegan entwickelt, um dich gezielt mit hochverf\u00fcgbarem Eisen und Vitamin C zu versorgen. Unsere eigene Vitaresorp\u00ae Technologie sorgt daf\u00fcr, dass die N\u00e4hrstoffe optimal aufgenommen werden k\u00f6nnen.<\/p>\n<p>Die liposomale Rezeptur kombiniert Eisen und Vitamin C in einer optimal abgestimmten Formulierung. Eisen tr\u00e4gt zu einer normalen Bildung von roten Blutk\u00f6rperchen und H\u00e4moglobin<sup>1<\/sup> bei, unterst\u00fctzt den normalen Energiestoffwechsel<sup>2<\/sup> und hilft, M\u00fcdigkeit und Ersch\u00f6pfung zu verringern<sup>3<\/sup>. Vitamin C f\u00f6rdert die Eisenaufnahme<sup>4<\/sup>, unterst\u00fctzt ebenfalls den Energiestoffwechsel<sup>2<\/sup>, tr\u00e4gt zur Verringerung von M\u00fcdigkeit bei<sup>3<\/sup>, unterst\u00fctzt das Immunsystem<sup>5<\/sup> und hilft, die Zellen vor oxidativem Stress zu sch\u00fctzen<sup>6<\/sup>.<\/p>\n<p>Unsere Eisen-Kur kannst du flexibel einsetzen und bei Bedarf regelm\u00e4\u00dfig wiederholen \u2013 ideal, um deinen K\u00f6rper gezielt zu unterst\u00fctzen.<\/p>\n<h3>\u2714\ufe0f Deine Vorteile auf einen Blick<\/h3>\n<ul>\n<li>Gezielte Eisen-Kur mit Vitamin C <sup>1\u20136<\/sup><\/li>\n<li>Liposomale Formulierung f\u00fcr hohe Bioverf\u00fcgbarkeit<\/li>\n<li>Unsere Vitaresorp\u00ae Technologie f\u00fcr optimale Aufnahme<\/li>\n<li>Vegan, glutenfrei, ohne k\u00fcnstliche Zusatzstoffe<\/li>\n<li>Bei Bedarf jederzeit wiederholbar<\/li>\n<\/ul>","protected":false},"excerpt":{"rendered":"<ul>\n<li>Gezielte FE Eisen Vegan Kur<\/li>\n<li>Mit Eisen &amp; Vitamin C <sup>1\u20136<\/sup> f\u00fcr eine optimale Versorgung<\/li>\n<li class=\"li1\">Durchdachte Darreichungsform mit Vitaresorp\u00ae Technologie<\/li>\n<li>Vegan, glutenfrei, ohne k\u00fcnstliche Zusatzstoffe<\/li>\n<li>Bei Bedarf jederzeit wiederholbar<\/li>\n<\/ul>","protected":false},"featured_media":13586,"template":"","meta":{"_acf_changed":false,"inline_featured_image":false},"inhaltsstoff":[],"product_brand":[],"product_cat":[252],"product_tag":[253,246],"class_list":{"0":"post-9142","1":"product","2":"type-product","3":"status-publish","4":"has-post-thumbnail","6":"product_cat-kur","7":"product_tag-einzelprodukt","8":"product_tag-abo","10":"first","11":"instock","12":"sale","13":"taxable","14":"shipping-taxable","15":"purchasable","16":"product-type-variable-subscription","17":"has-default-attributes"},"bundled_by":[],"bundle_stock_status":"instock","bundle_stock_quantity":null,"bundle_virtual":false,"bundle_layout":"","bundle_add_to_cart_form_location":"","bundle_editable_in_cart":false,"bundle_sold_individually_context":"","bundle_item_grouping":"","bundle_min_size":"","bundle_max_size":"","bundle_price":[],"bundled_items":[],"bundle_sell_ids":[],"acf":{"variant_produkt":237,"zusammensetzung":null,"health_claims":"(1) Eisen:\r\ntr\u00e4gt zu einer normalen Bildung von roten Blutk\u00f6rperchen und H\u00e4moglobin bei\r\n\r\n(2) Eisen und Vitamin C:\r\ntragen zu einem normalen Energiestoffwechsel bei\r\n\r\n(3) Eisen und Vitamin C:\r\ntragen zur Verringerung von M\u00fcdigkeit und Erm\u00fcdung bei\r\n\r\n(4) Vitamin C:\r\nerh\u00f6ht die Eisenaufnahme\r\n\r\n(5) Vitamin C:\r\ntr\u00e4gt zu einer normalen Funktion des Immunsystems bei\r\n\r\n(6) Vitamin C:\r\ntr\u00e4gt dazu bei, die Zellen vor oxidativem Stress zu sch\u00fctzen"},"yoast_head":"<!-- This site is optimized with the Yoast SEO plugin v27.4 - https:\/\/yoast.com\/product\/yoast-seo-wordpress\/ -->\n<title>FE Eisen Vegan Kur \u2013 Liposomales Eisen mit Vitaresorp\u00ae<\/title>\n<meta name=\"description\" content=\"Gezielte Eisen-Kur mit Vitamin C und Vitaresorp\u00ae Technologie. F\u00fcr optimale Aufnahme, hohe Bioverf\u00fcgbarkeit und flexible Anwendung.\" \/>\n<meta name=\"robots\" content=\"index, follow, max-snippet:-1, max-image-preview:large, max-video-preview:-1\" \/>\n<link rel=\"canonical\" href=\"https:\/\/vitaresorp.com\/en\/shop\/liposomales-fe-eisen-vegan\/\" \/>\n<meta property=\"og:locale\" content=\"en_US\" \/>\n<meta property=\"og:type\" content=\"article\" \/>\n<meta property=\"og:title\" content=\"FE Eisen Vegan Kur \u2013 Liposomales Eisen mit Vitaresorp\u00ae\" \/>\n<meta property=\"og:description\" content=\"Gezielte Eisen-Kur mit Vitamin C und Vitaresorp\u00ae Technologie. F\u00fcr optimale Aufnahme, hohe Bioverf\u00fcgbarkeit und flexible Anwendung.\" \/>\n<meta property=\"og:url\" content=\"https:\/\/vitaresorp.com\/en\/shop\/liposomales-fe-eisen-vegan\/\" \/>\n<meta property=\"og:site_name\" content=\"Vitaresorp\u00ae\" \/>\n<meta property=\"article:publisher\" content=\"https:\/\/www.facebook.com\/qinevadeutschland\/\" \/>\n<meta property=\"article:modified_time\" content=\"2026-04-21T20:24:46+00:00\" \/>\n<meta property=\"og:image\" content=\"https:\/\/vitaresorp.com\/wp-content\/uploads\/2025\/09\/fe-eisen-1.jpg\" \/>\n\t<meta property=\"og:image:width\" content=\"1350\" \/>\n\t<meta property=\"og:image:height\" content=\"1350\" \/>\n\t<meta property=\"og:image:type\" content=\"image\/jpeg\" \/>\n<meta name=\"twitter:card\" content=\"summary_large_image\" \/>\n<meta name=\"twitter:label1\" content=\"Est. reading time\" \/>\n\t<meta name=\"twitter:data1\" content=\"2 minutes\" \/>\n<script type=\"application\/ld+json\" class=\"yoast-schema-graph\">{\"@context\":\"https:\\\/\\\/schema.org\",\"@graph\":[{\"@type\":\"WebPage\",\"@id\":\"https:\\\/\\\/vitaresorp.com\\\/shop\\\/eisen-vegan-kur\\\/\",\"url\":\"https:\\\/\\\/vitaresorp.com\\\/shop\\\/liposomales-fe-eisen-vegan\\\/\",\"name\":\"FE Eisen Vegan Kur \u2013 Liposomales Eisen mit Vitaresorp\u00ae\",\"isPartOf\":{\"@id\":\"https:\\\/\\\/vitaresorp.com\\\/#website\"},\"primaryImageOfPage\":{\"@id\":\"https:\\\/\\\/vitaresorp.com\\\/shop\\\/liposomales-fe-eisen-vegan\\\/#primaryimage\"},\"image\":{\"@id\":\"https:\\\/\\\/vitaresorp.com\\\/shop\\\/liposomales-fe-eisen-vegan\\\/#primaryimage\"},\"thumbnailUrl\":\"https:\\\/\\\/vitaresorp.com\\\/wp-content\\\/uploads\\\/2025\\\/09\\\/fe-eisen-1.jpg\",\"datePublished\":\"2025-02-19T19:22:39+00:00\",\"dateModified\":\"2026-04-21T20:24:46+00:00\",\"description\":\"Gezielte Eisen-Kur mit Vitamin C und Vitaresorp\u00ae Technologie. F\u00fcr optimale Aufnahme, hohe Bioverf\u00fcgbarkeit und flexible Anwendung.\",\"breadcrumb\":{\"@id\":\"https:\\\/\\\/vitaresorp.com\\\/shop\\\/liposomales-fe-eisen-vegan\\\/#breadcrumb\"},\"inLanguage\":\"en-US\",\"potentialAction\":[{\"@type\":\"ReadAction\",\"target\":[\"https:\\\/\\\/vitaresorp.com\\\/shop\\\/liposomales-fe-eisen-vegan\\\/\"]}]},{\"@type\":\"ImageObject\",\"inLanguage\":\"en-US\",\"@id\":\"https:\\\/\\\/vitaresorp.com\\\/shop\\\/liposomales-fe-eisen-vegan\\\/#primaryimage\",\"url\":\"https:\\\/\\\/vitaresorp.com\\\/wp-content\\\/uploads\\\/2025\\\/09\\\/fe-eisen-1.jpg\",\"contentUrl\":\"https:\\\/\\\/vitaresorp.com\\\/wp-content\\\/uploads\\\/2025\\\/09\\\/fe-eisen-1.jpg\",\"width\":1350,\"height\":1350},{\"@type\":\"BreadcrumbList\",\"@id\":\"https:\\\/\\\/vitaresorp.com\\\/shop\\\/liposomales-fe-eisen-vegan\\\/#breadcrumb\",\"itemListElement\":[{\"@type\":\"ListItem\",\"position\":1,\"name\":\"Startseite\",\"item\":\"https:\\\/\\\/vitaresorp.com\\\/\"},{\"@type\":\"ListItem\",\"position\":2,\"name\":\"Shop\",\"item\":\"https:\\\/\\\/vitaresorp.com\\\/shop\\\/\"},{\"@type\":\"ListItem\",\"position\":3,\"name\":\"KUR | Liposomales FE Eisen Vegan\"}]},{\"@type\":\"WebSite\",\"@id\":\"https:\\\/\\\/vitaresorp.com\\\/#website\",\"url\":\"https:\\\/\\\/vitaresorp.com\\\/\",\"name\":\"Qineva\",\"description\":\"Optimierte Aufnahme von N\u00e4hrstoffen\",\"publisher\":{\"@id\":\"https:\\\/\\\/vitaresorp.com\\\/#organization\"},\"potentialAction\":[{\"@type\":\"SearchAction\",\"target\":{\"@type\":\"EntryPoint\",\"urlTemplate\":\"https:\\\/\\\/vitaresorp.com\\\/?s={search_term_string}\"},\"query-input\":{\"@type\":\"PropertyValueSpecification\",\"valueRequired\":true,\"valueName\":\"search_term_string\"}}],\"inLanguage\":\"en-US\"},{\"@type\":\"Organization\",\"@id\":\"https:\\\/\\\/vitaresorp.com\\\/#organization\",\"name\":\"Qineva\",\"url\":\"https:\\\/\\\/vitaresorp.com\\\/\",\"logo\":{\"@type\":\"ImageObject\",\"inLanguage\":\"en-US\",\"@id\":\"https:\\\/\\\/vitaresorp.com\\\/#\\\/schema\\\/logo\\\/image\\\/\",\"url\":\"https:\\\/\\\/vitaresorp.com\\\/wp-content\\\/uploads\\\/2024\\\/09\\\/vitaresorp-logo-n.png\",\"contentUrl\":\"https:\\\/\\\/vitaresorp.com\\\/wp-content\\\/uploads\\\/2024\\\/09\\\/vitaresorp-logo-n.png\",\"width\":881,\"height\":247,\"caption\":\"Qineva\"},\"image\":{\"@id\":\"https:\\\/\\\/vitaresorp.com\\\/#\\\/schema\\\/logo\\\/image\\\/\"},\"sameAs\":[\"https:\\\/\\\/www.facebook.com\\\/qinevadeutschland\\\/\",\"https:\\\/\\\/www.instagram.com\\\/qineva_official\\\/\",\"https:\\\/\\\/www.youtube.com\\\/channel\\\/UCfv59SJdH33qotQGOB7nTdg\"]}]}<\/script>\n<!-- \/ Yoast SEO plugin. -->","yoast_head_json":{"title":"FE Eisen Vegan Kur \u2013 Liposomales Eisen mit Vitaresorp\u00ae","description":"Gezielte Eisen-Kur mit Vitamin C und Vitaresorp\u00ae Technologie. F\u00fcr optimale Aufnahme, hohe Bioverf\u00fcgbarkeit und flexible Anwendung.","robots":{"index":"index","follow":"follow","max-snippet":"max-snippet:-1","max-image-preview":"max-image-preview:large","max-video-preview":"max-video-preview:-1"},"canonical":"https:\/\/vitaresorp.com\/en\/shop\/liposomales-fe-eisen-vegan\/","og_locale":"en_US","og_type":"article","og_title":"FE Eisen Vegan Kur \u2013 Liposomales Eisen mit Vitaresorp\u00ae","og_description":"Gezielte Eisen-Kur mit Vitamin C und Vitaresorp\u00ae Technologie. F\u00fcr optimale Aufnahme, hohe Bioverf\u00fcgbarkeit und flexible Anwendung.","og_url":"https:\/\/vitaresorp.com\/en\/shop\/liposomales-fe-eisen-vegan\/","og_site_name":"Vitaresorp\u00ae","article_publisher":"https:\/\/www.facebook.com\/qinevadeutschland\/","article_modified_time":"2026-04-21T20:24:46+00:00","og_image":[{"width":1350,"height":1350,"url":"https:\/\/vitaresorp.com\/wp-content\/uploads\/2025\/09\/fe-eisen-1.jpg","type":"image\/jpeg"}],"twitter_card":"summary_large_image","twitter_misc":{"Est. reading time":"2 minutes"},"schema":{"@context":"https:\/\/schema.org","@graph":[{"@type":"WebPage","@id":"https:\/\/vitaresorp.com\/shop\/eisen-vegan-kur\/","url":"https:\/\/vitaresorp.com\/shop\/liposomales-fe-eisen-vegan\/","name":"FE Eisen Vegan Kur \u2013 Liposomales Eisen mit Vitaresorp\u00ae","isPartOf":{"@id":"https:\/\/vitaresorp.com\/#website"},"primaryImageOfPage":{"@id":"https:\/\/vitaresorp.com\/shop\/liposomales-fe-eisen-vegan\/#primaryimage"},"image":{"@id":"https:\/\/vitaresorp.com\/shop\/liposomales-fe-eisen-vegan\/#primaryimage"},"thumbnailUrl":"https:\/\/vitaresorp.com\/wp-content\/uploads\/2025\/09\/fe-eisen-1.jpg","datePublished":"2025-02-19T19:22:39+00:00","dateModified":"2026-04-21T20:24:46+00:00","description":"Gezielte Eisen-Kur mit Vitamin C und Vitaresorp\u00ae Technologie. F\u00fcr optimale Aufnahme, hohe Bioverf\u00fcgbarkeit und flexible Anwendung.","breadcrumb":{"@id":"https:\/\/vitaresorp.com\/shop\/liposomales-fe-eisen-vegan\/#breadcrumb"},"inLanguage":"en-US","potentialAction":[{"@type":"ReadAction","target":["https:\/\/vitaresorp.com\/shop\/liposomales-fe-eisen-vegan\/"]}]},{"@type":"ImageObject","inLanguage":"en-US","@id":"https:\/\/vitaresorp.com\/shop\/liposomales-fe-eisen-vegan\/#primaryimage","url":"https:\/\/vitaresorp.com\/wp-content\/uploads\/2025\/09\/fe-eisen-1.jpg","contentUrl":"https:\/\/vitaresorp.com\/wp-content\/uploads\/2025\/09\/fe-eisen-1.jpg","width":1350,"height":1350},{"@type":"BreadcrumbList","@id":"https:\/\/vitaresorp.com\/shop\/liposomales-fe-eisen-vegan\/#breadcrumb","itemListElement":[{"@type":"ListItem","position":1,"name":"Startseite","item":"https:\/\/vitaresorp.com\/"},{"@type":"ListItem","position":2,"name":"Shop","item":"https:\/\/vitaresorp.com\/shop\/"},{"@type":"ListItem","position":3,"name":"KUR | Liposomales FE Eisen Vegan"}]},{"@type":"WebSite","@id":"https:\/\/vitaresorp.com\/#website","url":"https:\/\/vitaresorp.com\/","name":"Qineva","description":"Optimierte Aufnahme von N\u00e4hrstoffen","publisher":{"@id":"https:\/\/vitaresorp.com\/#organization"},"potentialAction":[{"@type":"SearchAction","target":{"@type":"EntryPoint","urlTemplate":"https:\/\/vitaresorp.com\/?s={search_term_string}"},"query-input":{"@type":"PropertyValueSpecification","valueRequired":true,"valueName":"search_term_string"}}],"inLanguage":"en-US"},{"@type":"Organization","@id":"https:\/\/vitaresorp.com\/#organization","name":"Qineva","url":"https:\/\/vitaresorp.com\/","logo":{"@type":"ImageObject","inLanguage":"en-US","@id":"https:\/\/vitaresorp.com\/#\/schema\/logo\/image\/","url":"https:\/\/vitaresorp.com\/wp-content\/uploads\/2024\/09\/vitaresorp-logo-n.png","contentUrl":"https:\/\/vitaresorp.com\/wp-content\/uploads\/2024\/09\/vitaresorp-logo-n.png","width":881,"height":247,"caption":"Qineva"},"image":{"@id":"https:\/\/vitaresorp.com\/#\/schema\/logo\/image\/"},"sameAs":["https:\/\/www.facebook.com\/qinevadeutschland\/","https:\/\/www.instagram.com\/qineva_official\/","https:\/\/www.youtube.com\/channel\/UCfv59SJdH33qotQGOB7nTdg"]}]}},"jetpack_sharing_enabled":true,"tiered_pricing_type":"percentage","tiered_pricing_fixed_rules":[],"tiered_pricing_product_settings":{"layout":"default","base_unit_name":{"singular":null,"plural":null},"default_variation":null},"tiered_pricing_minimum_quantity":null,"tiered_pricing_roles_data":[],"tiered_pricing_percentage_rules":[],"tiered_pricing_maximum_quantity":null,"tiered_pricing_quantity_step":null,"_links":{"self":[{"href":"https:\/\/vitaresorp.com\/en\/wp-json\/wp\/v2\/product\/9142","targetHints":{"allow":["GET"]}}],"collection":[{"href":"https:\/\/vitaresorp.com\/en\/wp-json\/wp\/v2\/product"}],"about":[{"href":"https:\/\/vitaresorp.com\/en\/wp-json\/wp\/v2\/types\/product"}],"version-history":[{"count":10,"href":"https:\/\/vitaresorp.com\/en\/wp-json\/wp\/v2\/product\/9142\/revisions"}],"predecessor-version":[{"id":9973,"href":"https:\/\/vitaresorp.com\/en\/wp-json\/wp\/v2\/product\/9142\/revisions\/9973"}],"acf:post":[{"embeddable":true,"href":"https:\/\/vitaresorp.com\/en\/wp-json\/wp\/v2\/product\/237"}],"wp:featuredmedia":[{"embeddable":true,"href":"https:\/\/vitaresorp.com\/en\/wp-json\/wp\/v2\/media\/13586"}],"wp:attachment":[{"href":"https:\/\/vitaresorp.com\/en\/wp-json\/wp\/v2\/media?parent=9142"}],"wp:term":[{"taxonomy":"inhaltsstoff","embeddable":true,"href":"https:\/\/vitaresorp.com\/en\/wp-json\/wp\/v2\/inhaltsstoff?post=9142"},{"taxonomy":"product_brand","embeddable":true,"href":"https:\/\/vitaresorp.com\/en\/wp-json\/wp\/v2\/product_brand?post=9142"},{"taxonomy":"product_cat","embeddable":true,"href":"https:\/\/vitaresorp.com\/en\/wp-json\/wp\/v2\/product_cat?post=9142"},{"taxonomy":"product_tag","embeddable":true,"href":"https:\/\/vitaresorp.com\/en\/wp-json\/wp\/v2\/product_tag?post=9142"}],"curies":[{"name":"wp","href":"https:\/\/api.w.org\/{rel}","templated":true}]}}