{"id":9114,"date":"2025-02-19T20:18:27","date_gmt":"2025-02-19T19:18:27","guid":{"rendered":"https:\/\/qineva.de\/?post_type=product&#038;p=9114"},"modified":"2026-04-16T11:38:03","modified_gmt":"2026-04-16T09:38:03","slug":"skin-kur","status":"publish","type":"product","link":"https:\/\/vitaresorp.com\/en\/shop\/skin-kur\/","title":{"rendered":"KUR | SKIN | Zink, Selen &#038; Kupfer"},"content":{"rendered":"<h2>Unsere SKIN Kur \u2013 f\u00fcr Haut, Haare &amp; N\u00e4gel<\/h2>\n<p>Wir haben die SKIN Kur entwickelt, um dich gezielt mit wichtigen N\u00e4hrstoffen f\u00fcr Haut, Haare und N\u00e4gel zu versorgen. Die sorgf\u00e4ltig abgestimmte Rezeptur kombiniert Zink, Selen, Kupfer, Biotin und Pantothens\u00e4ure in einer modernen, optimal dosierten Formel.<\/p>\n<p>Zink, Selen und Biotin tragen zur Erhaltung normaler Haut, Haare und N\u00e4gel<sup>1<\/sup> bei. Selen und Zink helfen au\u00dferdem, die Zellen vor oxidativem Stress zu sch\u00fctzen<sup>2<\/sup>. Kupfer unterst\u00fctzt die normale Pigmentierung von Haut und Haaren<sup>3<\/sup> und tr\u00e4gt zur Erhaltung normalen Bindegewebes<sup>4<\/sup> bei. Biotin f\u00f6rdert zus\u00e4tzlich die Erhaltung normaler Haut und Schleimh\u00e4ute<sup>5<\/sup>. Pantothens\u00e4ure tr\u00e4gt zu einem normalen Energiestoffwechsel<sup>6<\/sup> bei.<\/p>\n<p>Du kannst die SKIN Kur flexibel \u00fcber mehrere Wochen durchf\u00fchren und bei Bedarf wiederholen \u2013 ideal, wenn du deine Haut, Haare und N\u00e4gel gezielt unterst\u00fctzen m\u00f6chtest.<\/p>\n<h3>\u2714\ufe0f Deine Vorteile auf einen Blick<\/h3>\n<ul>\n<li>Gezielte SKIN Kur f\u00fcr Haut, Haare &amp; N\u00e4gel <sup>1\u20136<\/sup><\/li>\n<li>Kombination aus Zink, Selen, Kupfer, Biotin &amp; Pantothens\u00e4ure<\/li>\n<li>Vegan, laktosefrei, glutenfrei, ohne Gentechnik<\/li>\n<li>Bei Bedarf jederzeit wiederholbar<\/li>\n<\/ul>","protected":false},"excerpt":{"rendered":"<ul>\n<li>Qineva SKIN im flexiblen Abo<\/li>\n<li>Spare dauerhaft mit automatischer Lieferung<\/li>\n<li>Premiumformel f\u00fcr Haut, Haare &amp; N\u00e4gel (1\u20136)<\/li>\n<li>Vegan, laktosefrei, glutenfrei, ohne Gentechnik<\/li>\n<li>Jederzeit anpassbar und pausierbar<\/li>\n<\/ul>","protected":false},"featured_media":12273,"template":"","meta":{"_acf_changed":false,"inline_featured_image":false},"inhaltsstoff":[],"product_brand":[],"product_cat":[252],"product_tag":[246,253],"class_list":{"0":"post-9114","1":"product","2":"type-product","3":"status-publish","4":"has-post-thumbnail","6":"product_cat-kur","7":"product_tag-abo","8":"product_tag-einzelprodukt","10":"first","11":"instock","12":"sale","13":"taxable","14":"shipping-taxable","15":"purchasable","16":"product-type-variable-subscription"},"bundled_by":[],"bundle_stock_status":"instock","bundle_stock_quantity":null,"bundle_virtual":false,"bundle_layout":"","bundle_add_to_cart_form_location":"","bundle_editable_in_cart":false,"bundle_sold_individually_context":"","bundle_item_grouping":"","bundle_min_size":"","bundle_max_size":"","bundle_price":[],"bundled_items":[],"bundle_sell_ids":[],"acf":{"variant_produkt":3727,"zusammensetzung":null,"health_claims":"(1) Zink, Selen und Biotin:\r\ntragen zur Erhaltung normaler Haut, Haare und N\u00e4gel bei\r\n\r\n(2) Zink und Selen:\r\ntragen dazu bei, die Zellen vor oxidativem Stress zu sch\u00fctzen\r\n\r\n(3) Kupfer:\r\ntr\u00e4gt zu einer normalen Haut- und Haarpigmentierung bei\r\n\r\n(4) Kupfer:\r\ntr\u00e4gt zur Erhaltung von normalem Bindegewebe bei\r\n\r\n(5) Biotin:\r\ntr\u00e4gt zur Erhaltung normaler Haut und normaler Schleimh\u00e4ute bei\r\n\r\n(6) Pantothens\u00e4ure:\r\ntr\u00e4gt zu einem normalen Stoffwechsel von Steroidhormonen, Vitamin D und einigen Neurotransmittern bei"},"yoast_head":"<!-- This site is optimized with the Yoast SEO plugin v27.4 - https:\/\/yoast.com\/product\/yoast-seo-wordpress\/ -->\n<title>SKIN Kur \u2013 N\u00e4hrstoffversorgung f\u00fcr Haut, Haare &amp; N\u00e4gel | Vegan<\/title>\n<meta name=\"description\" content=\"Gezielte SKIN Kur mit Zink, Selen, Kupfer, Biotin &amp; Pantothens\u00e4ure. Unterst\u00fctzt Haut, Haare &amp; N\u00e4gel\u00b9\u2013\u2076. Vegan, laktose- &amp; glutenfrei, ohne Gentechnik.\" \/>\n<meta name=\"robots\" content=\"index, follow, max-snippet:-1, max-image-preview:large, max-video-preview:-1\" \/>\n<link rel=\"canonical\" href=\"https:\/\/vitaresorp.com\/en\/shop\/skin\/\" \/>\n<meta property=\"og:locale\" content=\"en_US\" \/>\n<meta property=\"og:type\" content=\"article\" \/>\n<meta property=\"og:title\" content=\"SKIN Kur \u2013 N\u00e4hrstoffversorgung f\u00fcr Haut, Haare &amp; N\u00e4gel | Vegan\" \/>\n<meta property=\"og:description\" content=\"Gezielte SKIN Kur mit Zink, Selen, Kupfer, Biotin &amp; Pantothens\u00e4ure. Unterst\u00fctzt Haut, Haare &amp; N\u00e4gel\u00b9\u2013\u2076. Vegan, laktose- &amp; glutenfrei, ohne Gentechnik.\" \/>\n<meta property=\"og:url\" content=\"https:\/\/vitaresorp.com\/en\/shop\/skin\/\" \/>\n<meta property=\"og:site_name\" content=\"Vitaresorp\u00ae\" \/>\n<meta property=\"article:publisher\" content=\"https:\/\/www.facebook.com\/qinevadeutschland\/\" \/>\n<meta property=\"article:modified_time\" content=\"2026-04-16T09:38:03+00:00\" \/>\n<meta property=\"og:image\" content=\"https:\/\/vitaresorp.com\/wp-content\/uploads\/2024\/06\/skin.jpg\" \/>\n\t<meta property=\"og:image:width\" content=\"1080\" \/>\n\t<meta property=\"og:image:height\" content=\"1080\" \/>\n\t<meta property=\"og:image:type\" content=\"image\/jpeg\" \/>\n<meta name=\"twitter:card\" content=\"summary_large_image\" \/>\n<meta name=\"twitter:label1\" content=\"Est. reading time\" \/>\n\t<meta name=\"twitter:data1\" content=\"2 minutes\" \/>\n<script type=\"application\/ld+json\" class=\"yoast-schema-graph\">{\"@context\":\"https:\\\/\\\/schema.org\",\"@graph\":[{\"@type\":\"WebPage\",\"@id\":\"https:\\\/\\\/vitaresorp.com\\\/shop\\\/skin-kur\\\/\",\"url\":\"https:\\\/\\\/vitaresorp.com\\\/shop\\\/skin\\\/\",\"name\":\"SKIN Kur \u2013 N\u00e4hrstoffversorgung f\u00fcr Haut, Haare & N\u00e4gel | Vegan\",\"isPartOf\":{\"@id\":\"https:\\\/\\\/vitaresorp.com\\\/#website\"},\"primaryImageOfPage\":{\"@id\":\"https:\\\/\\\/vitaresorp.com\\\/shop\\\/skin\\\/#primaryimage\"},\"image\":{\"@id\":\"https:\\\/\\\/vitaresorp.com\\\/shop\\\/skin\\\/#primaryimage\"},\"thumbnailUrl\":\"https:\\\/\\\/vitaresorp.com\\\/wp-content\\\/uploads\\\/2024\\\/06\\\/skin.jpg\",\"datePublished\":\"2025-02-19T19:18:27+00:00\",\"dateModified\":\"2026-04-16T09:38:03+00:00\",\"description\":\"Gezielte SKIN Kur mit Zink, Selen, Kupfer, Biotin & Pantothens\u00e4ure. Unterst\u00fctzt Haut, Haare & N\u00e4gel\u00b9\u2013\u2076. Vegan, laktose- & glutenfrei, ohne Gentechnik.\",\"breadcrumb\":{\"@id\":\"https:\\\/\\\/vitaresorp.com\\\/shop\\\/skin\\\/#breadcrumb\"},\"inLanguage\":\"en-US\",\"potentialAction\":[{\"@type\":\"ReadAction\",\"target\":[\"https:\\\/\\\/vitaresorp.com\\\/shop\\\/skin\\\/\"]}]},{\"@type\":\"ImageObject\",\"inLanguage\":\"en-US\",\"@id\":\"https:\\\/\\\/vitaresorp.com\\\/shop\\\/skin\\\/#primaryimage\",\"url\":\"https:\\\/\\\/vitaresorp.com\\\/wp-content\\\/uploads\\\/2024\\\/06\\\/skin.jpg\",\"contentUrl\":\"https:\\\/\\\/vitaresorp.com\\\/wp-content\\\/uploads\\\/2024\\\/06\\\/skin.jpg\",\"width\":1080,\"height\":1080},{\"@type\":\"BreadcrumbList\",\"@id\":\"https:\\\/\\\/vitaresorp.com\\\/shop\\\/skin\\\/#breadcrumb\",\"itemListElement\":[{\"@type\":\"ListItem\",\"position\":1,\"name\":\"Startseite\",\"item\":\"https:\\\/\\\/vitaresorp.com\\\/\"},{\"@type\":\"ListItem\",\"position\":2,\"name\":\"Shop\",\"item\":\"https:\\\/\\\/vitaresorp.com\\\/shop\\\/\"},{\"@type\":\"ListItem\",\"position\":3,\"name\":\"KUR | SKIN | Zink, Selen &#038; Kupfer\"}]},{\"@type\":\"WebSite\",\"@id\":\"https:\\\/\\\/vitaresorp.com\\\/#website\",\"url\":\"https:\\\/\\\/vitaresorp.com\\\/\",\"name\":\"Qineva\",\"description\":\"Optimierte Aufnahme von N\u00e4hrstoffen\",\"publisher\":{\"@id\":\"https:\\\/\\\/vitaresorp.com\\\/#organization\"},\"potentialAction\":[{\"@type\":\"SearchAction\",\"target\":{\"@type\":\"EntryPoint\",\"urlTemplate\":\"https:\\\/\\\/vitaresorp.com\\\/?s={search_term_string}\"},\"query-input\":{\"@type\":\"PropertyValueSpecification\",\"valueRequired\":true,\"valueName\":\"search_term_string\"}}],\"inLanguage\":\"en-US\"},{\"@type\":\"Organization\",\"@id\":\"https:\\\/\\\/vitaresorp.com\\\/#organization\",\"name\":\"Qineva\",\"url\":\"https:\\\/\\\/vitaresorp.com\\\/\",\"logo\":{\"@type\":\"ImageObject\",\"inLanguage\":\"en-US\",\"@id\":\"https:\\\/\\\/vitaresorp.com\\\/#\\\/schema\\\/logo\\\/image\\\/\",\"url\":\"https:\\\/\\\/vitaresorp.com\\\/wp-content\\\/uploads\\\/2024\\\/09\\\/vitaresorp-logo-n.png\",\"contentUrl\":\"https:\\\/\\\/vitaresorp.com\\\/wp-content\\\/uploads\\\/2024\\\/09\\\/vitaresorp-logo-n.png\",\"width\":881,\"height\":247,\"caption\":\"Qineva\"},\"image\":{\"@id\":\"https:\\\/\\\/vitaresorp.com\\\/#\\\/schema\\\/logo\\\/image\\\/\"},\"sameAs\":[\"https:\\\/\\\/www.facebook.com\\\/qinevadeutschland\\\/\",\"https:\\\/\\\/www.instagram.com\\\/qineva_official\\\/\",\"https:\\\/\\\/www.youtube.com\\\/channel\\\/UCfv59SJdH33qotQGOB7nTdg\"]}]}<\/script>\n<!-- \/ Yoast SEO plugin. -->","yoast_head_json":{"title":"SKIN Kur \u2013 N\u00e4hrstoffversorgung f\u00fcr Haut, Haare & N\u00e4gel | Vegan","description":"Gezielte SKIN Kur mit Zink, Selen, Kupfer, Biotin & Pantothens\u00e4ure. Unterst\u00fctzt Haut, Haare & N\u00e4gel\u00b9\u2013\u2076. Vegan, laktose- & glutenfrei, ohne Gentechnik.","robots":{"index":"index","follow":"follow","max-snippet":"max-snippet:-1","max-image-preview":"max-image-preview:large","max-video-preview":"max-video-preview:-1"},"canonical":"https:\/\/vitaresorp.com\/en\/shop\/skin\/","og_locale":"en_US","og_type":"article","og_title":"SKIN Kur \u2013 N\u00e4hrstoffversorgung f\u00fcr Haut, Haare & N\u00e4gel | Vegan","og_description":"Gezielte SKIN Kur mit Zink, Selen, Kupfer, Biotin & Pantothens\u00e4ure. Unterst\u00fctzt Haut, Haare & N\u00e4gel\u00b9\u2013\u2076. Vegan, laktose- & glutenfrei, ohne Gentechnik.","og_url":"https:\/\/vitaresorp.com\/en\/shop\/skin\/","og_site_name":"Vitaresorp\u00ae","article_publisher":"https:\/\/www.facebook.com\/qinevadeutschland\/","article_modified_time":"2026-04-16T09:38:03+00:00","og_image":[{"width":1080,"height":1080,"url":"https:\/\/vitaresorp.com\/wp-content\/uploads\/2024\/06\/skin.jpg","type":"image\/jpeg"}],"twitter_card":"summary_large_image","twitter_misc":{"Est. reading time":"2 minutes"},"schema":{"@context":"https:\/\/schema.org","@graph":[{"@type":"WebPage","@id":"https:\/\/vitaresorp.com\/shop\/skin-kur\/","url":"https:\/\/vitaresorp.com\/shop\/skin\/","name":"SKIN Kur \u2013 N\u00e4hrstoffversorgung f\u00fcr Haut, Haare & N\u00e4gel | Vegan","isPartOf":{"@id":"https:\/\/vitaresorp.com\/#website"},"primaryImageOfPage":{"@id":"https:\/\/vitaresorp.com\/shop\/skin\/#primaryimage"},"image":{"@id":"https:\/\/vitaresorp.com\/shop\/skin\/#primaryimage"},"thumbnailUrl":"https:\/\/vitaresorp.com\/wp-content\/uploads\/2024\/06\/skin.jpg","datePublished":"2025-02-19T19:18:27+00:00","dateModified":"2026-04-16T09:38:03+00:00","description":"Gezielte SKIN Kur mit Zink, Selen, Kupfer, Biotin & Pantothens\u00e4ure. Unterst\u00fctzt Haut, Haare & N\u00e4gel\u00b9\u2013\u2076. Vegan, laktose- & glutenfrei, ohne Gentechnik.","breadcrumb":{"@id":"https:\/\/vitaresorp.com\/shop\/skin\/#breadcrumb"},"inLanguage":"en-US","potentialAction":[{"@type":"ReadAction","target":["https:\/\/vitaresorp.com\/shop\/skin\/"]}]},{"@type":"ImageObject","inLanguage":"en-US","@id":"https:\/\/vitaresorp.com\/shop\/skin\/#primaryimage","url":"https:\/\/vitaresorp.com\/wp-content\/uploads\/2024\/06\/skin.jpg","contentUrl":"https:\/\/vitaresorp.com\/wp-content\/uploads\/2024\/06\/skin.jpg","width":1080,"height":1080},{"@type":"BreadcrumbList","@id":"https:\/\/vitaresorp.com\/shop\/skin\/#breadcrumb","itemListElement":[{"@type":"ListItem","position":1,"name":"Startseite","item":"https:\/\/vitaresorp.com\/"},{"@type":"ListItem","position":2,"name":"Shop","item":"https:\/\/vitaresorp.com\/shop\/"},{"@type":"ListItem","position":3,"name":"KUR | SKIN | Zink, Selen &#038; Kupfer"}]},{"@type":"WebSite","@id":"https:\/\/vitaresorp.com\/#website","url":"https:\/\/vitaresorp.com\/","name":"Qineva","description":"Optimierte Aufnahme von N\u00e4hrstoffen","publisher":{"@id":"https:\/\/vitaresorp.com\/#organization"},"potentialAction":[{"@type":"SearchAction","target":{"@type":"EntryPoint","urlTemplate":"https:\/\/vitaresorp.com\/?s={search_term_string}"},"query-input":{"@type":"PropertyValueSpecification","valueRequired":true,"valueName":"search_term_string"}}],"inLanguage":"en-US"},{"@type":"Organization","@id":"https:\/\/vitaresorp.com\/#organization","name":"Qineva","url":"https:\/\/vitaresorp.com\/","logo":{"@type":"ImageObject","inLanguage":"en-US","@id":"https:\/\/vitaresorp.com\/#\/schema\/logo\/image\/","url":"https:\/\/vitaresorp.com\/wp-content\/uploads\/2024\/09\/vitaresorp-logo-n.png","contentUrl":"https:\/\/vitaresorp.com\/wp-content\/uploads\/2024\/09\/vitaresorp-logo-n.png","width":881,"height":247,"caption":"Qineva"},"image":{"@id":"https:\/\/vitaresorp.com\/#\/schema\/logo\/image\/"},"sameAs":["https:\/\/www.facebook.com\/qinevadeutschland\/","https:\/\/www.instagram.com\/qineva_official\/","https:\/\/www.youtube.com\/channel\/UCfv59SJdH33qotQGOB7nTdg"]}]}},"jetpack_sharing_enabled":true,"tiered_pricing_type":"fixed","tiered_pricing_fixed_rules":[],"tiered_pricing_product_settings":{"layout":"default","base_unit_name":{"singular":null,"plural":null},"default_variation":null},"tiered_pricing_minimum_quantity":null,"tiered_pricing_roles_data":[],"tiered_pricing_percentage_rules":[],"tiered_pricing_maximum_quantity":null,"tiered_pricing_quantity_step":null,"_links":{"self":[{"href":"https:\/\/vitaresorp.com\/en\/wp-json\/wp\/v2\/product\/9114","targetHints":{"allow":["GET"]}}],"collection":[{"href":"https:\/\/vitaresorp.com\/en\/wp-json\/wp\/v2\/product"}],"about":[{"href":"https:\/\/vitaresorp.com\/en\/wp-json\/wp\/v2\/types\/product"}],"version-history":[{"count":8,"href":"https:\/\/vitaresorp.com\/en\/wp-json\/wp\/v2\/product\/9114\/revisions"}],"predecessor-version":[{"id":12474,"href":"https:\/\/vitaresorp.com\/en\/wp-json\/wp\/v2\/product\/9114\/revisions\/12474"}],"acf:post":[{"embeddable":true,"href":"https:\/\/vitaresorp.com\/en\/wp-json\/wp\/v2\/product\/3727"}],"wp:featuredmedia":[{"embeddable":true,"href":"https:\/\/vitaresorp.com\/en\/wp-json\/wp\/v2\/media\/12273"}],"wp:attachment":[{"href":"https:\/\/vitaresorp.com\/en\/wp-json\/wp\/v2\/media?parent=9114"}],"wp:term":[{"taxonomy":"inhaltsstoff","embeddable":true,"href":"https:\/\/vitaresorp.com\/en\/wp-json\/wp\/v2\/inhaltsstoff?post=9114"},{"taxonomy":"product_brand","embeddable":true,"href":"https:\/\/vitaresorp.com\/en\/wp-json\/wp\/v2\/product_brand?post=9114"},{"taxonomy":"product_cat","embeddable":true,"href":"https:\/\/vitaresorp.com\/en\/wp-json\/wp\/v2\/product_cat?post=9114"},{"taxonomy":"product_tag","embeddable":true,"href":"https:\/\/vitaresorp.com\/en\/wp-json\/wp\/v2\/product_tag?post=9114"}],"curies":[{"name":"wp","href":"https:\/\/api.w.org\/{rel}","templated":true}]}}