{"id":9098,"date":"2025-02-19T08:21:35","date_gmt":"2025-02-19T07:21:35","guid":{"rendered":"https:\/\/qineva.de\/?post_type=product&#038;p=9098"},"modified":"2026-04-21T23:29:59","modified_gmt":"2026-04-21T21:29:59","slug":"vitamin-d3-k2-kur","status":"publish","type":"product","link":"https:\/\/vitaresorp.com\/en\/shop\/vitamin-d3-k2-kur\/","title":{"rendered":"KUR | Vitamin D3\/K2"},"content":{"rendered":"<h2>Vitamin D3\/K2 Kur \u2013 mit Vitaresorp\u00ae f\u00fcr hohe Bioverf\u00fcgbarkeit<\/h2>\n<p>Wir haben unsere D3\/K2 Kur entwickelt, um dich gezielt mit bioaktiven Formen von Vitamin D3 und Vitamin K2 zu versorgen. Unsere eigene Vitaresorp\u00ae Technologie unterst\u00fctzt eine besonders gute Verf\u00fcgbarkeit und Aufnahme der N\u00e4hrstoffe.<\/p>\n<p>Vitamin D tr\u00e4gt zur normalen Aufnahme und Verwertung von Calcium und Phosphor<sup>1<\/sup> bei, unterst\u00fctzt die Erhaltung normaler Knochen<sup>2<\/sup>, normaler Z\u00e4hne<sup>3<\/sup> und einer normalen Muskelfunktion<sup>4<\/sup> und leistet einen Beitrag zur normalen Funktion des Immunsystems<sup>5<\/sup>. Vitamin K2 tr\u00e4gt zur Erhaltung normaler Knochen<sup>2<\/sup> bei und unterst\u00fctzt eine normale Blutgerinnung<sup>6<\/sup>.<\/p>\n<p>Du kannst die Kur \u00fcber mehrere Wochen durchf\u00fchren und bei Bedarf wiederholen \u2013 als strukturierte Erg\u00e4nzung deiner t\u00e4glichen Routine.<\/p>\n<h3>\u2714\ufe0f Deine Vorteile auf einen Blick<\/h3>\n<ul>\n<li>Gezielte D3\/K2 Kur in bioaktiven Formen <sup>1\u20136<\/sup><\/li>\n<li>Vitaresorp\u00ae Technologie f\u00fcr hohe Bioverf\u00fcgbarkeit<\/li>\n<li>Laktosefrei, glutenfrei und ohne Gentechnik<\/li>\n<li>Bei Bedarf jederzeit wiederholbar<\/li>\n<\/ul>","protected":false},"excerpt":{"rendered":"<ul>\n<li>Gezielte Vitamin D3\/K2 Kur<\/li>\n<li>Premiumformel f\u00fcr Knochen, Muskeln &amp; Immunsystem <sup>1\u20136<\/sup><\/li>\n<li>Vitaresorp\u00ae Technologie f\u00fcr hohe Bioverf\u00fcgbarkeit<\/li>\n<li>Laktosefrei, glutenfrei, ohne Gentechnik<\/li>\n<li>Bei Bedarf jederzeit wiederholbar<\/li>\n<\/ul>","protected":false},"featured_media":13600,"template":"","meta":{"_acf_changed":false,"inline_featured_image":false},"inhaltsstoff":[],"product_brand":[],"product_cat":[252],"product_tag":[253,246],"class_list":{"0":"post-9098","1":"product","2":"type-product","3":"status-publish","4":"has-post-thumbnail","6":"product_cat-kur","7":"product_tag-einzelprodukt","8":"product_tag-abo","10":"first","11":"instock","12":"sale","13":"taxable","14":"shipping-taxable","15":"purchasable","16":"product-type-variable-subscription","17":"has-default-attributes"},"bundled_by":[],"bundle_stock_status":"instock","bundle_stock_quantity":null,"bundle_virtual":false,"bundle_layout":"","bundle_add_to_cart_form_location":"","bundle_editable_in_cart":false,"bundle_sold_individually_context":"","bundle_item_grouping":"","bundle_min_size":"","bundle_max_size":"","bundle_price":[],"bundled_items":[],"bundle_sell_ids":[],"acf":{"variant_produkt":231,"zusammensetzung":null,"health_claims":"(1) Vitamin D:\r\ntr\u00e4gt zur normalen Aufnahme\/Verwertung von Calcium und Phosphor bei\r\n\r\n(2) Vitamin D und Vitamin K:\r\ntragen zur Erhaltung normaler Knochen bei\r\n\r\n(3) Vitamin D:\r\ntr\u00e4gt zur Erhaltung normaler Z\u00e4hne bei\r\n\r\n(4) Vitamin D:\r\ntr\u00e4gt zur Erhaltung einer normalen Muskelfunktion bei\r\n\r\n(5) Vitamin D:\r\ntr\u00e4gt zu einer normalen Funktion des Immunsystems bei\r\n\r\n(6) Vitamin K:\r\ntr\u00e4gt zu einer normalen Blutgerinnung bei"},"yoast_head":"<!-- This site is optimized with the Yoast SEO plugin v27.4 - https:\/\/yoast.com\/product\/yoast-seo-wordpress\/ -->\n<title>Vitamin D3\/K2 Kur \u2013 mit Vitaresorp\u00ae f\u00fcr hohe Bioverf\u00fcgbarkeit<\/title>\n<meta name=\"description\" content=\"Gezielte D3\/K2 Kur in bioaktiven Formen. Mit Vitaresorp\u00ae Technologie f\u00fcr hohe Bioverf\u00fcgbarkeit. F\u00fcr Knochen, Muskeln, Z\u00e4hne &amp; Immunsystem. Laktose- &amp; glutenfrei.\" \/>\n<meta name=\"robots\" content=\"index, follow, max-snippet:-1, max-image-preview:large, max-video-preview:-1\" \/>\n<link rel=\"canonical\" href=\"https:\/\/vitaresorp.com\/en\/shop\/vitamin-d3-k2\/\" \/>\n<meta property=\"og:locale\" content=\"en_US\" \/>\n<meta property=\"og:type\" content=\"article\" \/>\n<meta property=\"og:title\" content=\"Vitamin D3\/K2 Kur \u2013 mit Vitaresorp\u00ae f\u00fcr hohe Bioverf\u00fcgbarkeit\" \/>\n<meta property=\"og:description\" content=\"Gezielte D3\/K2 Kur in bioaktiven Formen. Mit Vitaresorp\u00ae Technologie f\u00fcr hohe Bioverf\u00fcgbarkeit. F\u00fcr Knochen, Muskeln, Z\u00e4hne &amp; Immunsystem. Laktose- &amp; glutenfrei.\" \/>\n<meta property=\"og:url\" content=\"https:\/\/vitaresorp.com\/en\/shop\/vitamin-d3-k2\/\" \/>\n<meta property=\"og:site_name\" content=\"Vitaresorp\u00ae\" \/>\n<meta property=\"article:publisher\" content=\"https:\/\/www.facebook.com\/qinevadeutschland\/\" \/>\n<meta property=\"article:modified_time\" content=\"2026-04-21T21:29:59+00:00\" \/>\n<meta property=\"og:image\" content=\"https:\/\/vitaresorp.com\/wp-content\/uploads\/2025\/02\/d3k2-1.jpg\" \/>\n\t<meta property=\"og:image:width\" content=\"1350\" \/>\n\t<meta property=\"og:image:height\" content=\"1350\" \/>\n\t<meta property=\"og:image:type\" content=\"image\/jpeg\" \/>\n<meta name=\"twitter:card\" content=\"summary_large_image\" \/>\n<meta name=\"twitter:label1\" content=\"Est. reading time\" \/>\n\t<meta name=\"twitter:data1\" content=\"1 minute\" \/>\n<script type=\"application\/ld+json\" class=\"yoast-schema-graph\">{\"@context\":\"https:\\\/\\\/schema.org\",\"@graph\":[{\"@type\":\"WebPage\",\"@id\":\"https:\\\/\\\/vitaresorp.com\\\/shop\\\/vitamin-d3-k2-kur\\\/\",\"url\":\"https:\\\/\\\/vitaresorp.com\\\/shop\\\/vitamin-d3-k2\\\/\",\"name\":\"Vitamin D3\\\/K2 Kur \u2013 mit Vitaresorp\u00ae f\u00fcr hohe Bioverf\u00fcgbarkeit\",\"isPartOf\":{\"@id\":\"https:\\\/\\\/vitaresorp.com\\\/#website\"},\"primaryImageOfPage\":{\"@id\":\"https:\\\/\\\/vitaresorp.com\\\/shop\\\/vitamin-d3-k2\\\/#primaryimage\"},\"image\":{\"@id\":\"https:\\\/\\\/vitaresorp.com\\\/shop\\\/vitamin-d3-k2\\\/#primaryimage\"},\"thumbnailUrl\":\"https:\\\/\\\/vitaresorp.com\\\/wp-content\\\/uploads\\\/2025\\\/02\\\/d3k2-1.jpg\",\"datePublished\":\"2025-02-19T07:21:35+00:00\",\"dateModified\":\"2026-04-21T21:29:59+00:00\",\"description\":\"Gezielte D3\\\/K2 Kur in bioaktiven Formen. Mit Vitaresorp\u00ae Technologie f\u00fcr hohe Bioverf\u00fcgbarkeit. F\u00fcr Knochen, Muskeln, Z\u00e4hne & Immunsystem. Laktose- & glutenfrei.\",\"breadcrumb\":{\"@id\":\"https:\\\/\\\/vitaresorp.com\\\/shop\\\/vitamin-d3-k2\\\/#breadcrumb\"},\"inLanguage\":\"en-US\",\"potentialAction\":[{\"@type\":\"ReadAction\",\"target\":[\"https:\\\/\\\/vitaresorp.com\\\/shop\\\/vitamin-d3-k2\\\/\"]}]},{\"@type\":\"ImageObject\",\"inLanguage\":\"en-US\",\"@id\":\"https:\\\/\\\/vitaresorp.com\\\/shop\\\/vitamin-d3-k2\\\/#primaryimage\",\"url\":\"https:\\\/\\\/vitaresorp.com\\\/wp-content\\\/uploads\\\/2025\\\/02\\\/d3k2-1.jpg\",\"contentUrl\":\"https:\\\/\\\/vitaresorp.com\\\/wp-content\\\/uploads\\\/2025\\\/02\\\/d3k2-1.jpg\",\"width\":1350,\"height\":1350},{\"@type\":\"BreadcrumbList\",\"@id\":\"https:\\\/\\\/vitaresorp.com\\\/shop\\\/vitamin-d3-k2\\\/#breadcrumb\",\"itemListElement\":[{\"@type\":\"ListItem\",\"position\":1,\"name\":\"Startseite\",\"item\":\"https:\\\/\\\/vitaresorp.com\\\/\"},{\"@type\":\"ListItem\",\"position\":2,\"name\":\"Shop\",\"item\":\"https:\\\/\\\/vitaresorp.com\\\/shop\\\/\"},{\"@type\":\"ListItem\",\"position\":3,\"name\":\"KUR | Vitamin D3\\\/K2\"}]},{\"@type\":\"WebSite\",\"@id\":\"https:\\\/\\\/vitaresorp.com\\\/#website\",\"url\":\"https:\\\/\\\/vitaresorp.com\\\/\",\"name\":\"Qineva\",\"description\":\"Optimierte Aufnahme von N\u00e4hrstoffen\",\"publisher\":{\"@id\":\"https:\\\/\\\/vitaresorp.com\\\/#organization\"},\"potentialAction\":[{\"@type\":\"SearchAction\",\"target\":{\"@type\":\"EntryPoint\",\"urlTemplate\":\"https:\\\/\\\/vitaresorp.com\\\/?s={search_term_string}\"},\"query-input\":{\"@type\":\"PropertyValueSpecification\",\"valueRequired\":true,\"valueName\":\"search_term_string\"}}],\"inLanguage\":\"en-US\"},{\"@type\":\"Organization\",\"@id\":\"https:\\\/\\\/vitaresorp.com\\\/#organization\",\"name\":\"Qineva\",\"url\":\"https:\\\/\\\/vitaresorp.com\\\/\",\"logo\":{\"@type\":\"ImageObject\",\"inLanguage\":\"en-US\",\"@id\":\"https:\\\/\\\/vitaresorp.com\\\/#\\\/schema\\\/logo\\\/image\\\/\",\"url\":\"https:\\\/\\\/vitaresorp.com\\\/wp-content\\\/uploads\\\/2024\\\/09\\\/vitaresorp-logo-n.png\",\"contentUrl\":\"https:\\\/\\\/vitaresorp.com\\\/wp-content\\\/uploads\\\/2024\\\/09\\\/vitaresorp-logo-n.png\",\"width\":881,\"height\":247,\"caption\":\"Qineva\"},\"image\":{\"@id\":\"https:\\\/\\\/vitaresorp.com\\\/#\\\/schema\\\/logo\\\/image\\\/\"},\"sameAs\":[\"https:\\\/\\\/www.facebook.com\\\/qinevadeutschland\\\/\",\"https:\\\/\\\/www.instagram.com\\\/qineva_official\\\/\",\"https:\\\/\\\/www.youtube.com\\\/channel\\\/UCfv59SJdH33qotQGOB7nTdg\"]}]}<\/script>\n<!-- \/ Yoast SEO plugin. -->","yoast_head_json":{"title":"Vitamin D3\/K2 Kur \u2013 mit Vitaresorp\u00ae f\u00fcr hohe Bioverf\u00fcgbarkeit","description":"Gezielte D3\/K2 Kur in bioaktiven Formen. Mit Vitaresorp\u00ae Technologie f\u00fcr hohe Bioverf\u00fcgbarkeit. F\u00fcr Knochen, Muskeln, Z\u00e4hne & Immunsystem. Laktose- & glutenfrei.","robots":{"index":"index","follow":"follow","max-snippet":"max-snippet:-1","max-image-preview":"max-image-preview:large","max-video-preview":"max-video-preview:-1"},"canonical":"https:\/\/vitaresorp.com\/en\/shop\/vitamin-d3-k2\/","og_locale":"en_US","og_type":"article","og_title":"Vitamin D3\/K2 Kur \u2013 mit Vitaresorp\u00ae f\u00fcr hohe Bioverf\u00fcgbarkeit","og_description":"Gezielte D3\/K2 Kur in bioaktiven Formen. Mit Vitaresorp\u00ae Technologie f\u00fcr hohe Bioverf\u00fcgbarkeit. F\u00fcr Knochen, Muskeln, Z\u00e4hne & Immunsystem. Laktose- & glutenfrei.","og_url":"https:\/\/vitaresorp.com\/en\/shop\/vitamin-d3-k2\/","og_site_name":"Vitaresorp\u00ae","article_publisher":"https:\/\/www.facebook.com\/qinevadeutschland\/","article_modified_time":"2026-04-21T21:29:59+00:00","og_image":[{"width":1350,"height":1350,"url":"https:\/\/vitaresorp.com\/wp-content\/uploads\/2025\/02\/d3k2-1.jpg","type":"image\/jpeg"}],"twitter_card":"summary_large_image","twitter_misc":{"Est. reading time":"1 minute"},"schema":{"@context":"https:\/\/schema.org","@graph":[{"@type":"WebPage","@id":"https:\/\/vitaresorp.com\/shop\/vitamin-d3-k2-kur\/","url":"https:\/\/vitaresorp.com\/shop\/vitamin-d3-k2\/","name":"Vitamin D3\/K2 Kur \u2013 mit Vitaresorp\u00ae f\u00fcr hohe Bioverf\u00fcgbarkeit","isPartOf":{"@id":"https:\/\/vitaresorp.com\/#website"},"primaryImageOfPage":{"@id":"https:\/\/vitaresorp.com\/shop\/vitamin-d3-k2\/#primaryimage"},"image":{"@id":"https:\/\/vitaresorp.com\/shop\/vitamin-d3-k2\/#primaryimage"},"thumbnailUrl":"https:\/\/vitaresorp.com\/wp-content\/uploads\/2025\/02\/d3k2-1.jpg","datePublished":"2025-02-19T07:21:35+00:00","dateModified":"2026-04-21T21:29:59+00:00","description":"Gezielte D3\/K2 Kur in bioaktiven Formen. Mit Vitaresorp\u00ae Technologie f\u00fcr hohe Bioverf\u00fcgbarkeit. F\u00fcr Knochen, Muskeln, Z\u00e4hne & Immunsystem. Laktose- & glutenfrei.","breadcrumb":{"@id":"https:\/\/vitaresorp.com\/shop\/vitamin-d3-k2\/#breadcrumb"},"inLanguage":"en-US","potentialAction":[{"@type":"ReadAction","target":["https:\/\/vitaresorp.com\/shop\/vitamin-d3-k2\/"]}]},{"@type":"ImageObject","inLanguage":"en-US","@id":"https:\/\/vitaresorp.com\/shop\/vitamin-d3-k2\/#primaryimage","url":"https:\/\/vitaresorp.com\/wp-content\/uploads\/2025\/02\/d3k2-1.jpg","contentUrl":"https:\/\/vitaresorp.com\/wp-content\/uploads\/2025\/02\/d3k2-1.jpg","width":1350,"height":1350},{"@type":"BreadcrumbList","@id":"https:\/\/vitaresorp.com\/shop\/vitamin-d3-k2\/#breadcrumb","itemListElement":[{"@type":"ListItem","position":1,"name":"Startseite","item":"https:\/\/vitaresorp.com\/"},{"@type":"ListItem","position":2,"name":"Shop","item":"https:\/\/vitaresorp.com\/shop\/"},{"@type":"ListItem","position":3,"name":"KUR | Vitamin D3\/K2"}]},{"@type":"WebSite","@id":"https:\/\/vitaresorp.com\/#website","url":"https:\/\/vitaresorp.com\/","name":"Qineva","description":"Optimierte Aufnahme von N\u00e4hrstoffen","publisher":{"@id":"https:\/\/vitaresorp.com\/#organization"},"potentialAction":[{"@type":"SearchAction","target":{"@type":"EntryPoint","urlTemplate":"https:\/\/vitaresorp.com\/?s={search_term_string}"},"query-input":{"@type":"PropertyValueSpecification","valueRequired":true,"valueName":"search_term_string"}}],"inLanguage":"en-US"},{"@type":"Organization","@id":"https:\/\/vitaresorp.com\/#organization","name":"Qineva","url":"https:\/\/vitaresorp.com\/","logo":{"@type":"ImageObject","inLanguage":"en-US","@id":"https:\/\/vitaresorp.com\/#\/schema\/logo\/image\/","url":"https:\/\/vitaresorp.com\/wp-content\/uploads\/2024\/09\/vitaresorp-logo-n.png","contentUrl":"https:\/\/vitaresorp.com\/wp-content\/uploads\/2024\/09\/vitaresorp-logo-n.png","width":881,"height":247,"caption":"Qineva"},"image":{"@id":"https:\/\/vitaresorp.com\/#\/schema\/logo\/image\/"},"sameAs":["https:\/\/www.facebook.com\/qinevadeutschland\/","https:\/\/www.instagram.com\/qineva_official\/","https:\/\/www.youtube.com\/channel\/UCfv59SJdH33qotQGOB7nTdg"]}]}},"jetpack_sharing_enabled":true,"tiered_pricing_type":"fixed","tiered_pricing_fixed_rules":[],"tiered_pricing_product_settings":{"layout":"default","base_unit_name":{"singular":null,"plural":null},"default_variation":null},"tiered_pricing_minimum_quantity":null,"tiered_pricing_roles_data":[],"tiered_pricing_percentage_rules":[],"tiered_pricing_maximum_quantity":null,"tiered_pricing_quantity_step":null,"_links":{"self":[{"href":"https:\/\/vitaresorp.com\/en\/wp-json\/wp\/v2\/product\/9098","targetHints":{"allow":["GET"]}}],"collection":[{"href":"https:\/\/vitaresorp.com\/en\/wp-json\/wp\/v2\/product"}],"about":[{"href":"https:\/\/vitaresorp.com\/en\/wp-json\/wp\/v2\/types\/product"}],"version-history":[{"count":10,"href":"https:\/\/vitaresorp.com\/en\/wp-json\/wp\/v2\/product\/9098\/revisions"}],"predecessor-version":[{"id":12469,"href":"https:\/\/vitaresorp.com\/en\/wp-json\/wp\/v2\/product\/9098\/revisions\/12469"}],"acf:post":[{"embeddable":true,"href":"https:\/\/vitaresorp.com\/en\/wp-json\/wp\/v2\/product\/231"}],"wp:featuredmedia":[{"embeddable":true,"href":"https:\/\/vitaresorp.com\/en\/wp-json\/wp\/v2\/media\/13600"}],"wp:attachment":[{"href":"https:\/\/vitaresorp.com\/en\/wp-json\/wp\/v2\/media?parent=9098"}],"wp:term":[{"taxonomy":"inhaltsstoff","embeddable":true,"href":"https:\/\/vitaresorp.com\/en\/wp-json\/wp\/v2\/inhaltsstoff?post=9098"},{"taxonomy":"product_brand","embeddable":true,"href":"https:\/\/vitaresorp.com\/en\/wp-json\/wp\/v2\/product_brand?post=9098"},{"taxonomy":"product_cat","embeddable":true,"href":"https:\/\/vitaresorp.com\/en\/wp-json\/wp\/v2\/product_cat?post=9098"},{"taxonomy":"product_tag","embeddable":true,"href":"https:\/\/vitaresorp.com\/en\/wp-json\/wp\/v2\/product_tag?post=9098"}],"curies":[{"name":"wp","href":"https:\/\/api.w.org\/{rel}","templated":true}]}}