{"id":9027,"date":"2025-02-18T15:47:09","date_gmt":"2025-02-18T14:47:09","guid":{"rendered":"https:\/\/qineva.de\/?post_type=product&#038;p=9027"},"modified":"2026-04-21T22:25:59","modified_gmt":"2026-04-21T20:25:59","slug":"spermidin-kur","status":"publish","type":"product","link":"https:\/\/vitaresorp.com\/en\/shop\/spermidin-kur\/","title":{"rendered":"KUR | Liposomales Spermidin"},"content":{"rendered":"<h2>Unsere Spermidin Kur \u2013 mit Vitaresorp\u00ae Technologie<\/h2>\n<p>Wir haben unsere liposomale Spermidin-Kur entwickelt, um dich gezielt mit nat\u00fcrlichem Spermidin aus Weizenkeim-Extrakt und wichtigen Vitaminen zu versorgen. Unsere eigens entwickelte Vitaresorp\u00ae Technologie sorgt daf\u00fcr, dass die Inhaltsstoffe besonders effizient aufgenommen werden k\u00f6nnen.<\/p>\n<p>Vitamin A tr\u00e4gt zu einer normalen Zellspezialisierung<sup>1<\/sup> bei. Vitamin C hilft, die Zellen vor oxidativem Stress zu sch\u00fctzen<sup>2<\/sup>. Thiamin (Vitamin B1) und Vitamin B12 unterst\u00fctzen einen normalen Energiestoffwechsel<sup>3<\/sup>, w\u00e4hrend Vitamin B12 zus\u00e4tzlich eine Funktion bei der Zellteilung<sup>4<\/sup> hat.<\/p>\n<p>Du kannst die Spermidin-Kur flexibel \u00fcber mehrere Wochen durchf\u00fchren und bei Bedarf wiederholen \u2013 ideal, wenn du deine t\u00e4gliche Versorgung gezielt erg\u00e4nzen m\u00f6chtest.<\/p>\n<h3>\u2714\ufe0f Deine Vorteile auf einen Blick<\/h3>\n<ul>\n<li>Gezielte Spermidin-Kur mit Vitamin A, C, B1 &amp; B12 <sup>1\u20134<\/sup><\/li>\n<li>Liposomale Formulierung f\u00fcr hohe Bioverf\u00fcgbarkeit<\/li>\n<li>Unsere Vitaresorp\u00ae Technologie f\u00fcr besonders effiziente Aufnahme<\/li>\n<li>Vegan, glutenfrei, ohne k\u00fcnstliche Zusatzstoffe<\/li>\n<li>Bei Bedarf jederzeit wiederholbar<\/li>\n<\/ul>","protected":false},"excerpt":{"rendered":"<ul>\n<li>Gezielte Spermidin Kur<\/li>\n<li>Mit Vitamin A, C, B1 &amp; B12 <sup>1\u20134<\/sup> in moderner Rezeptur<\/li>\n<li class=\"li1\">Durchdachte Darreichungsform mit Vitaresorp\u00ae Technologie<\/li>\n<li>Vegan, glutenfrei, ohne k\u00fcnstliche Zusatzstoffe<\/li>\n<li>Bei Bedarf jederzeit wiederholbar<\/li>\n<\/ul>","protected":false},"featured_media":13594,"template":"","meta":{"_acf_changed":false,"inline_featured_image":false},"inhaltsstoff":[],"product_brand":[],"product_cat":[252],"product_tag":[246,253],"class_list":{"0":"post-9027","1":"product","2":"type-product","3":"status-publish","4":"has-post-thumbnail","6":"product_cat-kur","7":"product_tag-abo","8":"product_tag-einzelprodukt","10":"first","11":"instock","12":"sale","13":"taxable","14":"shipping-taxable","15":"purchasable","16":"product-type-variable-subscription","17":"has-default-attributes"},"bundled_by":[],"bundle_stock_status":"instock","bundle_stock_quantity":null,"bundle_virtual":false,"bundle_layout":"","bundle_add_to_cart_form_location":"","bundle_editable_in_cart":false,"bundle_sold_individually_context":"","bundle_item_grouping":"","bundle_min_size":"","bundle_max_size":"","bundle_price":[],"bundled_items":[],"bundle_sell_ids":[],"acf":{"variant_produkt":8198,"zusammensetzung":null,"health_claims":"(1) Vitamin A:\r\nhat eine Funktion bei der Zellspezialisierung\r\n\r\n(2) Vitamin C:\r\ntr\u00e4gt dazu bei, die Zellen vor oxidativem Stress zu sch\u00fctzen\r\n\r\n(3) Thiamin (Vitamin B1) und Vitamin B12:\r\ntragen zu einem normalen Energiestoffwechsel bei\r\n\r\n(4) Vitamin B12:\r\nhat eine Funktion bei der Zellteilung"},"yoast_head":"<!-- This site is optimized with the Yoast SEO plugin v27.4 - https:\/\/yoast.com\/product\/yoast-seo-wordpress\/ -->\n<title>Spermidin Kur \u2013 Liposomaler Weizenkeim-Extrakt mit Vitaresorp\u00ae<\/title>\n<meta name=\"description\" content=\"Gezielte Spermidin-Kur mit Weizenkeim-Extrakt, Vitaminen A, C, B1 &amp; B12. Mit Vitaresorp\u00ae Technologie f\u00fcr optimale Bioverf\u00fcgbarkeit.\" \/>\n<meta name=\"robots\" content=\"noindex, follow\" \/>\n<meta property=\"og:locale\" content=\"en_US\" \/>\n<meta property=\"og:type\" content=\"article\" \/>\n<meta property=\"og:title\" content=\"Spermidin Kur \u2013 Liposomaler Weizenkeim-Extrakt mit Vitaresorp\u00ae\" \/>\n<meta property=\"og:description\" content=\"Gezielte Spermidin-Kur mit Weizenkeim-Extrakt, Vitaminen A, C, B1 &amp; B12. Mit Vitaresorp\u00ae Technologie f\u00fcr optimale Bioverf\u00fcgbarkeit.\" \/>\n<meta property=\"og:url\" content=\"https:\/\/vitaresorp.com\/en\/shop\/spermidin\/\" \/>\n<meta property=\"og:site_name\" content=\"Vitaresorp\u00ae\" \/>\n<meta property=\"article:publisher\" content=\"https:\/\/www.facebook.com\/qinevadeutschland\/\" \/>\n<meta property=\"article:modified_time\" content=\"2026-04-21T20:25:59+00:00\" \/>\n<meta property=\"og:image\" content=\"https:\/\/vitaresorp.com\/wp-content\/uploads\/2025\/09\/spermidin-2.jpg\" \/>\n\t<meta property=\"og:image:width\" content=\"1350\" \/>\n\t<meta property=\"og:image:height\" content=\"1350\" \/>\n\t<meta property=\"og:image:type\" content=\"image\/jpeg\" \/>\n<meta name=\"twitter:card\" content=\"summary_large_image\" \/>\n<meta name=\"twitter:label1\" content=\"Est. reading time\" \/>\n\t<meta name=\"twitter:data1\" content=\"1 minute\" \/>\n<script type=\"application\/ld+json\" class=\"yoast-schema-graph\">{\"@context\":\"https:\\\/\\\/schema.org\",\"@graph\":[{\"@type\":\"WebPage\",\"@id\":\"https:\\\/\\\/vitaresorp.com\\\/shop\\\/spermidin-kur\\\/\",\"url\":\"https:\\\/\\\/vitaresorp.com\\\/shop\\\/spermidin\\\/\",\"name\":\"Spermidin Kur \u2013 Liposomaler Weizenkeim-Extrakt mit Vitaresorp\u00ae\",\"isPartOf\":{\"@id\":\"https:\\\/\\\/vitaresorp.com\\\/#website\"},\"primaryImageOfPage\":{\"@id\":\"https:\\\/\\\/vitaresorp.com\\\/shop\\\/spermidin\\\/#primaryimage\"},\"image\":{\"@id\":\"https:\\\/\\\/vitaresorp.com\\\/shop\\\/spermidin\\\/#primaryimage\"},\"thumbnailUrl\":\"https:\\\/\\\/vitaresorp.com\\\/wp-content\\\/uploads\\\/2025\\\/09\\\/spermidin-2.jpg\",\"datePublished\":\"2025-02-18T14:47:09+00:00\",\"dateModified\":\"2026-04-21T20:25:59+00:00\",\"description\":\"Gezielte Spermidin-Kur mit Weizenkeim-Extrakt, Vitaminen A, C, B1 & B12. Mit Vitaresorp\u00ae Technologie f\u00fcr optimale Bioverf\u00fcgbarkeit.\",\"breadcrumb\":{\"@id\":\"https:\\\/\\\/vitaresorp.com\\\/shop\\\/spermidin\\\/#breadcrumb\"},\"inLanguage\":\"en-US\",\"potentialAction\":[{\"@type\":\"ReadAction\",\"target\":[\"https:\\\/\\\/vitaresorp.com\\\/shop\\\/spermidin\\\/\"]}]},{\"@type\":\"ImageObject\",\"inLanguage\":\"en-US\",\"@id\":\"https:\\\/\\\/vitaresorp.com\\\/shop\\\/spermidin\\\/#primaryimage\",\"url\":\"https:\\\/\\\/vitaresorp.com\\\/wp-content\\\/uploads\\\/2025\\\/09\\\/spermidin-2.jpg\",\"contentUrl\":\"https:\\\/\\\/vitaresorp.com\\\/wp-content\\\/uploads\\\/2025\\\/09\\\/spermidin-2.jpg\",\"width\":1350,\"height\":1350},{\"@type\":\"BreadcrumbList\",\"@id\":\"https:\\\/\\\/vitaresorp.com\\\/shop\\\/spermidin\\\/#breadcrumb\",\"itemListElement\":[{\"@type\":\"ListItem\",\"position\":1,\"name\":\"Startseite\",\"item\":\"https:\\\/\\\/vitaresorp.com\\\/\"},{\"@type\":\"ListItem\",\"position\":2,\"name\":\"Shop\",\"item\":\"https:\\\/\\\/vitaresorp.com\\\/shop\\\/\"},{\"@type\":\"ListItem\",\"position\":3,\"name\":\"KUR | Liposomales Spermidin\"}]},{\"@type\":\"WebSite\",\"@id\":\"https:\\\/\\\/vitaresorp.com\\\/#website\",\"url\":\"https:\\\/\\\/vitaresorp.com\\\/\",\"name\":\"Qineva\",\"description\":\"Optimierte Aufnahme von N\u00e4hrstoffen\",\"publisher\":{\"@id\":\"https:\\\/\\\/vitaresorp.com\\\/#organization\"},\"potentialAction\":[{\"@type\":\"SearchAction\",\"target\":{\"@type\":\"EntryPoint\",\"urlTemplate\":\"https:\\\/\\\/vitaresorp.com\\\/?s={search_term_string}\"},\"query-input\":{\"@type\":\"PropertyValueSpecification\",\"valueRequired\":true,\"valueName\":\"search_term_string\"}}],\"inLanguage\":\"en-US\"},{\"@type\":\"Organization\",\"@id\":\"https:\\\/\\\/vitaresorp.com\\\/#organization\",\"name\":\"Qineva\",\"url\":\"https:\\\/\\\/vitaresorp.com\\\/\",\"logo\":{\"@type\":\"ImageObject\",\"inLanguage\":\"en-US\",\"@id\":\"https:\\\/\\\/vitaresorp.com\\\/#\\\/schema\\\/logo\\\/image\\\/\",\"url\":\"https:\\\/\\\/vitaresorp.com\\\/wp-content\\\/uploads\\\/2024\\\/09\\\/vitaresorp-logo-n.png\",\"contentUrl\":\"https:\\\/\\\/vitaresorp.com\\\/wp-content\\\/uploads\\\/2024\\\/09\\\/vitaresorp-logo-n.png\",\"width\":881,\"height\":247,\"caption\":\"Qineva\"},\"image\":{\"@id\":\"https:\\\/\\\/vitaresorp.com\\\/#\\\/schema\\\/logo\\\/image\\\/\"},\"sameAs\":[\"https:\\\/\\\/www.facebook.com\\\/qinevadeutschland\\\/\",\"https:\\\/\\\/www.instagram.com\\\/qineva_official\\\/\",\"https:\\\/\\\/www.youtube.com\\\/channel\\\/UCfv59SJdH33qotQGOB7nTdg\"]}]}<\/script>\n<!-- \/ Yoast SEO plugin. -->","yoast_head_json":{"title":"Spermidin Kur \u2013 Liposomaler Weizenkeim-Extrakt mit Vitaresorp\u00ae","description":"Gezielte Spermidin-Kur mit Weizenkeim-Extrakt, Vitaminen A, C, B1 & B12. Mit Vitaresorp\u00ae Technologie f\u00fcr optimale Bioverf\u00fcgbarkeit.","robots":{"index":"noindex","follow":"follow"},"og_locale":"en_US","og_type":"article","og_title":"Spermidin Kur \u2013 Liposomaler Weizenkeim-Extrakt mit Vitaresorp\u00ae","og_description":"Gezielte Spermidin-Kur mit Weizenkeim-Extrakt, Vitaminen A, C, B1 & B12. Mit Vitaresorp\u00ae Technologie f\u00fcr optimale Bioverf\u00fcgbarkeit.","og_url":"https:\/\/vitaresorp.com\/en\/shop\/spermidin\/","og_site_name":"Vitaresorp\u00ae","article_publisher":"https:\/\/www.facebook.com\/qinevadeutschland\/","article_modified_time":"2026-04-21T20:25:59+00:00","og_image":[{"width":1350,"height":1350,"url":"https:\/\/vitaresorp.com\/wp-content\/uploads\/2025\/09\/spermidin-2.jpg","type":"image\/jpeg"}],"twitter_card":"summary_large_image","twitter_misc":{"Est. reading time":"1 minute"},"schema":{"@context":"https:\/\/schema.org","@graph":[{"@type":"WebPage","@id":"https:\/\/vitaresorp.com\/shop\/spermidin-kur\/","url":"https:\/\/vitaresorp.com\/shop\/spermidin\/","name":"Spermidin Kur \u2013 Liposomaler Weizenkeim-Extrakt mit Vitaresorp\u00ae","isPartOf":{"@id":"https:\/\/vitaresorp.com\/#website"},"primaryImageOfPage":{"@id":"https:\/\/vitaresorp.com\/shop\/spermidin\/#primaryimage"},"image":{"@id":"https:\/\/vitaresorp.com\/shop\/spermidin\/#primaryimage"},"thumbnailUrl":"https:\/\/vitaresorp.com\/wp-content\/uploads\/2025\/09\/spermidin-2.jpg","datePublished":"2025-02-18T14:47:09+00:00","dateModified":"2026-04-21T20:25:59+00:00","description":"Gezielte Spermidin-Kur mit Weizenkeim-Extrakt, Vitaminen A, C, B1 & B12. Mit Vitaresorp\u00ae Technologie f\u00fcr optimale Bioverf\u00fcgbarkeit.","breadcrumb":{"@id":"https:\/\/vitaresorp.com\/shop\/spermidin\/#breadcrumb"},"inLanguage":"en-US","potentialAction":[{"@type":"ReadAction","target":["https:\/\/vitaresorp.com\/shop\/spermidin\/"]}]},{"@type":"ImageObject","inLanguage":"en-US","@id":"https:\/\/vitaresorp.com\/shop\/spermidin\/#primaryimage","url":"https:\/\/vitaresorp.com\/wp-content\/uploads\/2025\/09\/spermidin-2.jpg","contentUrl":"https:\/\/vitaresorp.com\/wp-content\/uploads\/2025\/09\/spermidin-2.jpg","width":1350,"height":1350},{"@type":"BreadcrumbList","@id":"https:\/\/vitaresorp.com\/shop\/spermidin\/#breadcrumb","itemListElement":[{"@type":"ListItem","position":1,"name":"Startseite","item":"https:\/\/vitaresorp.com\/"},{"@type":"ListItem","position":2,"name":"Shop","item":"https:\/\/vitaresorp.com\/shop\/"},{"@type":"ListItem","position":3,"name":"KUR | Liposomales Spermidin"}]},{"@type":"WebSite","@id":"https:\/\/vitaresorp.com\/#website","url":"https:\/\/vitaresorp.com\/","name":"Qineva","description":"Optimierte Aufnahme von N\u00e4hrstoffen","publisher":{"@id":"https:\/\/vitaresorp.com\/#organization"},"potentialAction":[{"@type":"SearchAction","target":{"@type":"EntryPoint","urlTemplate":"https:\/\/vitaresorp.com\/?s={search_term_string}"},"query-input":{"@type":"PropertyValueSpecification","valueRequired":true,"valueName":"search_term_string"}}],"inLanguage":"en-US"},{"@type":"Organization","@id":"https:\/\/vitaresorp.com\/#organization","name":"Qineva","url":"https:\/\/vitaresorp.com\/","logo":{"@type":"ImageObject","inLanguage":"en-US","@id":"https:\/\/vitaresorp.com\/#\/schema\/logo\/image\/","url":"https:\/\/vitaresorp.com\/wp-content\/uploads\/2024\/09\/vitaresorp-logo-n.png","contentUrl":"https:\/\/vitaresorp.com\/wp-content\/uploads\/2024\/09\/vitaresorp-logo-n.png","width":881,"height":247,"caption":"Qineva"},"image":{"@id":"https:\/\/vitaresorp.com\/#\/schema\/logo\/image\/"},"sameAs":["https:\/\/www.facebook.com\/qinevadeutschland\/","https:\/\/www.instagram.com\/qineva_official\/","https:\/\/www.youtube.com\/channel\/UCfv59SJdH33qotQGOB7nTdg"]}]}},"jetpack_sharing_enabled":true,"tiered_pricing_type":"percentage","tiered_pricing_fixed_rules":[],"tiered_pricing_product_settings":{"layout":"default","base_unit_name":{"singular":null,"plural":null},"default_variation":null},"tiered_pricing_minimum_quantity":null,"tiered_pricing_roles_data":[],"tiered_pricing_percentage_rules":[],"tiered_pricing_maximum_quantity":null,"tiered_pricing_quantity_step":null,"_links":{"self":[{"href":"https:\/\/vitaresorp.com\/en\/wp-json\/wp\/v2\/product\/9027","targetHints":{"allow":["GET"]}}],"collection":[{"href":"https:\/\/vitaresorp.com\/en\/wp-json\/wp\/v2\/product"}],"about":[{"href":"https:\/\/vitaresorp.com\/en\/wp-json\/wp\/v2\/types\/product"}],"version-history":[{"count":12,"href":"https:\/\/vitaresorp.com\/en\/wp-json\/wp\/v2\/product\/9027\/revisions"}],"predecessor-version":[{"id":13239,"href":"https:\/\/vitaresorp.com\/en\/wp-json\/wp\/v2\/product\/9027\/revisions\/13239"}],"acf:post":[{"embeddable":true,"href":"https:\/\/vitaresorp.com\/en\/wp-json\/wp\/v2\/product\/8198"}],"wp:featuredmedia":[{"embeddable":true,"href":"https:\/\/vitaresorp.com\/en\/wp-json\/wp\/v2\/media\/13594"}],"wp:attachment":[{"href":"https:\/\/vitaresorp.com\/en\/wp-json\/wp\/v2\/media?parent=9027"}],"wp:term":[{"taxonomy":"inhaltsstoff","embeddable":true,"href":"https:\/\/vitaresorp.com\/en\/wp-json\/wp\/v2\/inhaltsstoff?post=9027"},{"taxonomy":"product_brand","embeddable":true,"href":"https:\/\/vitaresorp.com\/en\/wp-json\/wp\/v2\/product_brand?post=9027"},{"taxonomy":"product_cat","embeddable":true,"href":"https:\/\/vitaresorp.com\/en\/wp-json\/wp\/v2\/product_cat?post=9027"},{"taxonomy":"product_tag","embeddable":true,"href":"https:\/\/vitaresorp.com\/en\/wp-json\/wp\/v2\/product_tag?post=9027"}],"curies":[{"name":"wp","href":"https:\/\/api.w.org\/{rel}","templated":true}]}}