{"id":8198,"date":"2024-11-28T11:31:06","date_gmt":"2024-11-28T10:31:06","guid":{"rendered":"https:\/\/qineva.de\/?post_type=product&#038;p=8198"},"modified":"2026-04-21T22:03:08","modified_gmt":"2026-04-21T20:03:08","slug":"spermidin","status":"publish","type":"product","link":"https:\/\/vitaresorp.com\/en\/shop\/spermidin\/","title":{"rendered":"Liposomales Spermidin"},"content":{"rendered":"<h2 data-start=\"393\" data-end=\"414\">Was ist Spermidin?<\/h2>\n<p data-start=\"416\" data-end=\"871\">Spermidin ist ein nat\u00fcrlicher Bestandteil aller menschlichen Zellen und kommt in zahlreichen Lebensmitteln wie Weizenkeimen, K\u00e4se, Pilzen und H\u00fclsenfr\u00fcchten vor. Als biogenes Polyamin ist es seit Jahren Gegenstand intensiver Forschung, die sich mit Zusammenh\u00e4ngen zwischen Ern\u00e4hrung und altersassoziierten Prozessen besch\u00e4ftigt. Diese spannende Forschung macht Spermidin zu einem besonders interessanten Bestandteil einer modernen, ausgewogenen Ern\u00e4hrung.<\/p>\n<h2 data-start=\"878\" data-end=\"933\">Hochwertige Formulierung mit innovativer Technologie<\/h2>\n<p data-start=\"935\" data-end=\"1286\">Wir kombinieren Spermidin mit unseren patentierten Vitaresorp\u00ae-Technologie \u2013 einer liposomalen Formulierung, die f\u00fcr andere Pflanzenextrakte wie Curcuma longa bereits eine bis zu 5,9-fach h\u00f6here Bioverf\u00fcgbarkeit gezeigt hat.* Mit diesem Ansatz m\u00f6chten wir dir eine moderne und hochwertige Rezeptur anbieten, die sich nahtlos in deinen Alltag integriert.<\/p>\n<p class=\"p1\">Als starkes Antioxidans erf\u00fcllt Coenzym Q10 hier die Funktion des Vitaminschutzes insbesondere des fettl\u00f6slichen Vitamin A.<br \/>\nCoenzym Q10, das der menschliche Organismus selber synthetisieren kann, ist ein wichtiger Cofaktor im Energiestoffwechsel.<\/p>\n<h2 data-start=\"1293\" data-end=\"1352\">Mit wertvollen Vitaminen f\u00fcr dein t\u00e4gliches Wohlbefinden<\/h2>\n<p data-start=\"1354\" data-end=\"1452\">Unser Produkt enth\u00e4lt sorgf\u00e4ltig ausgew\u00e4hlte Vitamine, die wichtige K\u00f6rperfunktionen unterst\u00fctzen:<\/p>\n<p data-start=\"1454\" data-end=\"1752\">\u2714\ufe0f Vitamin A tr\u00e4gt zu einer normalen Zellspezialisierung bei 1)<br data-start=\"1518\" data-end=\"1521\" \/>\u2714\ufe0f Vitamin C tr\u00e4gt dazu bei, die Zellen vor oxidativem Stress zu sch\u00fctzen 2)<br data-start=\"1598\" data-end=\"1601\" \/>\u2714\ufe0f Thiamin (Vitamin B1) und Vitamin B12 tragen zu einem normalen Energiestoffwechsel bei 3)<br data-start=\"1693\" data-end=\"1696\" \/>\u2714\ufe0f Vitamin B12 hat eine Funktion bei der Zellteilung 4)<\/p>\n<h2 data-start=\"1759\" data-end=\"1782\">Dein Plus mit Vitaresorp<\/h2>\n<p data-start=\"1784\" data-end=\"1933\">\u2705 Liposomale Vitaresorp\u00ae-Technologie<br data-start=\"1820\" data-end=\"1823\" \/>\u2705 Hochwertige Inhaltsstoffe und transparente Rezeptur<br data-start=\"1876\" data-end=\"1879\" \/>\u2705 Modernes Nahrungserg\u00e4nzungskonzept f\u00fcr deinen Alltag<\/p>","protected":false},"excerpt":{"rendered":"<p class=\"p1\"><b>Zellspezialisierung, Zellteilung und zum Schutz der Zellen<\/b><\/p>\n<p class=\"p1\">Nahrungserg\u00e4nzungsmittel mit Vitamin A, C, B1, B12<sup>1,2,3,4 <\/sup>sowie Coenzym Q10 sowie Spermidin aus Weizenkeimextrakt<\/p>","protected":false},"featured_media":13594,"template":"","meta":{"_acf_changed":false,"inline_featured_image":false},"inhaltsstoff":[266,268,269,256,257,258,260,263,265],"product_brand":[],"product_cat":[163],"product_tag":[216,253],"class_list":{"0":"post-8198","1":"product","2":"type-product","3":"status-publish","4":"has-post-thumbnail","6":"inhaltsstoff-vitaminb1-thiamin","7":"inhaltsstoff-vitaminb12","8":"inhaltsstoff-weizenkeimextrakt","9":"inhaltsstoff-vitamin-c","10":"inhaltsstoff-vitamin-a","11":"inhaltsstoff-ubiquinon-q10","12":"inhaltsstoff-sonnenblumenlecithin","13":"inhaltsstoff-kokosoel","14":"inhaltsstoff-spermidin","15":"product_cat-beauty-und-anti-aging","16":"product_tag-neu","17":"product_tag-einzelprodukt","19":"first","20":"instock","21":"featured","22":"taxable","23":"shipping-taxable","24":"purchasable","25":"product-type-simple"},"bundled_by":[],"bundle_stock_status":"instock","bundle_stock_quantity":53,"bundle_virtual":false,"bundle_layout":"","bundle_add_to_cart_form_location":"","bundle_editable_in_cart":false,"bundle_sold_individually_context":"","bundle_item_grouping":"","bundle_min_size":"","bundle_max_size":"","bundle_price":[],"bundled_items":[],"bundle_sell_ids":[],"acf":{"variant_produkt":9027,"zusammensetzung":[{"titel":"Zusammensetzung","werte":[{"wert":"Vitamin C"},{"wert":"Thiamin (Vitamin B1)"},{"wert":"Vitamin A"},{"wert":"Vitamin B12"},{"wert":"Coenzym Q10"},{"wert":"Kokos\u00f6l"},{"wert":"Weizenkeimextrakt"},{"wert":"- davon Spermidin"},{"wert":"Sonnenblumenlecithin"}]},{"titel":"1 Kapsel\/Tag","werte":[{"wert":"40 mg"},{"wert":"0,22 mg"},{"wert":"160 \u00b5g RE"},{"wert":"0,5 \u00b5g"},{"wert":"30 mg"},{"wert":"400 mg"},{"wert":"150 mg"},{"wert":"0,3 mg"},{"wert":"90 mg"}]},{"titel":"% NRV *","werte":[{"wert":"50%"},{"wert":"20%"},{"wert":"20%"},{"wert":"20%"},{"wert":"20%"},{"wert":"**"},{"wert":"**"},{"wert":"**"},{"wert":"**"}]}],"health_claims":"1) Vitamin A: tr\u00e4gt zu einer normalen Zellspezialisierung bei\r\n2) Vitamin C: tr\u00e4gt dazu bei, die Zellen vor oxidativem Stress zu sch\u00fctzen\r\n3) Vitamin C tr\u00e4gt bei zu: einem normalen Energiestoffwechsel, einer normalen Funktion des Immun- und Nervensystems und zum Schutz der Zellen vor Oxidation\r\n4) Vitamin C sowie die Vitamine B1 und B12 tragen zu einem normalen Energiestoffwechsel bei.\r\n5) Vitamin B12: tr\u00e4gt zu einem normalen Energiestoffwechsel bei, hat eine Funktion bei der Zellteilung"},"yoast_head":"<!-- This site is optimized with the Yoast SEO plugin v27.4 - https:\/\/yoast.com\/product\/yoast-seo-wordpress\/ -->\n<title>Vitaresorp\u00ae | Liposomales Spermidin &amp; Vitamine \u2600\ufe0f<\/title>\n<meta name=\"description\" content=\"Hochwertiges liposomales Spermidin mit Vitamin A, C, B1 &amp; B12. Innovative Vitaresorp\u00ae-Technologie. F\u00fcr deinen modernen Lebensstil. Jetzt kaufen \ud83d\uded2\" \/>\n<meta name=\"robots\" content=\"index, follow, max-snippet:-1, max-image-preview:large, max-video-preview:-1\" \/>\n<link rel=\"canonical\" href=\"https:\/\/vitaresorp.com\/en\/shop\/spermidin\/\" \/>\n<meta property=\"og:locale\" content=\"en_US\" \/>\n<meta property=\"og:type\" content=\"article\" \/>\n<meta property=\"og:title\" content=\"Vitaresorp\u00ae | Liposomales Spermidin &amp; Vitamine \u2600\ufe0f\" \/>\n<meta property=\"og:description\" content=\"Hochwertiges liposomales Spermidin mit Vitamin A, C, B1 &amp; B12. Innovative Vitaresorp\u00ae-Technologie. F\u00fcr deinen modernen Lebensstil. Jetzt kaufen \ud83d\uded2\" \/>\n<meta property=\"og:url\" content=\"https:\/\/vitaresorp.com\/en\/shop\/spermidin\/\" \/>\n<meta property=\"og:site_name\" content=\"Vitaresorp\u00ae\" \/>\n<meta property=\"article:publisher\" content=\"https:\/\/www.facebook.com\/qinevadeutschland\/\" \/>\n<meta property=\"article:modified_time\" content=\"2026-04-21T20:03:08+00:00\" \/>\n<meta property=\"og:image\" content=\"https:\/\/vitaresorp.com\/wp-content\/uploads\/2025\/09\/spermidin-2.jpg\" \/>\n\t<meta property=\"og:image:width\" content=\"1350\" \/>\n\t<meta property=\"og:image:height\" content=\"1350\" \/>\n\t<meta property=\"og:image:type\" content=\"image\/jpeg\" \/>\n<meta name=\"twitter:card\" content=\"summary_large_image\" \/>\n<meta name=\"twitter:label1\" content=\"Est. reading time\" \/>\n\t<meta name=\"twitter:data1\" content=\"2 minutes\" \/>\n<script type=\"application\/ld+json\" class=\"yoast-schema-graph\">{\"@context\":\"https:\\\/\\\/schema.org\",\"@graph\":[{\"@type\":\"WebPage\",\"@id\":\"https:\\\/\\\/vitaresorp.com\\\/shop\\\/spermidin\\\/\",\"url\":\"https:\\\/\\\/vitaresorp.com\\\/shop\\\/spermidin\\\/\",\"name\":\"Vitaresorp\u00ae | Liposomales Spermidin & Vitamine \u2600\ufe0f\",\"isPartOf\":{\"@id\":\"https:\\\/\\\/vitaresorp.com\\\/#website\"},\"primaryImageOfPage\":{\"@id\":\"https:\\\/\\\/vitaresorp.com\\\/shop\\\/spermidin\\\/#primaryimage\"},\"image\":{\"@id\":\"https:\\\/\\\/vitaresorp.com\\\/shop\\\/spermidin\\\/#primaryimage\"},\"thumbnailUrl\":\"https:\\\/\\\/vitaresorp.com\\\/wp-content\\\/uploads\\\/2025\\\/09\\\/spermidin-2.jpg\",\"datePublished\":\"2024-11-28T10:31:06+00:00\",\"dateModified\":\"2026-04-21T20:03:08+00:00\",\"description\":\"Hochwertiges liposomales Spermidin mit Vitamin A, C, B1 & B12. Innovative Vitaresorp\u00ae-Technologie. F\u00fcr deinen modernen Lebensstil. Jetzt kaufen \ud83d\uded2\",\"breadcrumb\":{\"@id\":\"https:\\\/\\\/vitaresorp.com\\\/shop\\\/spermidin\\\/#breadcrumb\"},\"inLanguage\":\"en-US\",\"potentialAction\":[{\"@type\":\"ReadAction\",\"target\":[\"https:\\\/\\\/vitaresorp.com\\\/shop\\\/spermidin\\\/\"]}]},{\"@type\":\"ImageObject\",\"inLanguage\":\"en-US\",\"@id\":\"https:\\\/\\\/vitaresorp.com\\\/shop\\\/spermidin\\\/#primaryimage\",\"url\":\"https:\\\/\\\/vitaresorp.com\\\/wp-content\\\/uploads\\\/2025\\\/09\\\/spermidin-2.jpg\",\"contentUrl\":\"https:\\\/\\\/vitaresorp.com\\\/wp-content\\\/uploads\\\/2025\\\/09\\\/spermidin-2.jpg\",\"width\":1350,\"height\":1350},{\"@type\":\"BreadcrumbList\",\"@id\":\"https:\\\/\\\/vitaresorp.com\\\/shop\\\/spermidin\\\/#breadcrumb\",\"itemListElement\":[{\"@type\":\"ListItem\",\"position\":1,\"name\":\"Startseite\",\"item\":\"https:\\\/\\\/vitaresorp.com\\\/\"},{\"@type\":\"ListItem\",\"position\":2,\"name\":\"Shop\",\"item\":\"https:\\\/\\\/vitaresorp.com\\\/shop\\\/\"},{\"@type\":\"ListItem\",\"position\":3,\"name\":\"Liposomales Spermidin\"}]},{\"@type\":\"WebSite\",\"@id\":\"https:\\\/\\\/vitaresorp.com\\\/#website\",\"url\":\"https:\\\/\\\/vitaresorp.com\\\/\",\"name\":\"Qineva\",\"description\":\"Optimierte Aufnahme von N\u00e4hrstoffen\",\"publisher\":{\"@id\":\"https:\\\/\\\/vitaresorp.com\\\/#organization\"},\"potentialAction\":[{\"@type\":\"SearchAction\",\"target\":{\"@type\":\"EntryPoint\",\"urlTemplate\":\"https:\\\/\\\/vitaresorp.com\\\/?s={search_term_string}\"},\"query-input\":{\"@type\":\"PropertyValueSpecification\",\"valueRequired\":true,\"valueName\":\"search_term_string\"}}],\"inLanguage\":\"en-US\"},{\"@type\":\"Organization\",\"@id\":\"https:\\\/\\\/vitaresorp.com\\\/#organization\",\"name\":\"Qineva\",\"url\":\"https:\\\/\\\/vitaresorp.com\\\/\",\"logo\":{\"@type\":\"ImageObject\",\"inLanguage\":\"en-US\",\"@id\":\"https:\\\/\\\/vitaresorp.com\\\/#\\\/schema\\\/logo\\\/image\\\/\",\"url\":\"https:\\\/\\\/vitaresorp.com\\\/wp-content\\\/uploads\\\/2024\\\/09\\\/vitaresorp-logo-n.png\",\"contentUrl\":\"https:\\\/\\\/vitaresorp.com\\\/wp-content\\\/uploads\\\/2024\\\/09\\\/vitaresorp-logo-n.png\",\"width\":881,\"height\":247,\"caption\":\"Qineva\"},\"image\":{\"@id\":\"https:\\\/\\\/vitaresorp.com\\\/#\\\/schema\\\/logo\\\/image\\\/\"},\"sameAs\":[\"https:\\\/\\\/www.facebook.com\\\/qinevadeutschland\\\/\",\"https:\\\/\\\/www.instagram.com\\\/qineva_official\\\/\",\"https:\\\/\\\/www.youtube.com\\\/channel\\\/UCfv59SJdH33qotQGOB7nTdg\"]}]}<\/script>\n<!-- \/ Yoast SEO plugin. -->","yoast_head_json":{"title":"Vitaresorp\u00ae | Liposomales Spermidin & Vitamine \u2600\ufe0f","description":"Hochwertiges liposomales Spermidin mit Vitamin A, C, B1 & B12. Innovative Vitaresorp\u00ae-Technologie. F\u00fcr deinen modernen Lebensstil. Jetzt kaufen \ud83d\uded2","robots":{"index":"index","follow":"follow","max-snippet":"max-snippet:-1","max-image-preview":"max-image-preview:large","max-video-preview":"max-video-preview:-1"},"canonical":"https:\/\/vitaresorp.com\/en\/shop\/spermidin\/","og_locale":"en_US","og_type":"article","og_title":"Vitaresorp\u00ae | Liposomales Spermidin & Vitamine \u2600\ufe0f","og_description":"Hochwertiges liposomales Spermidin mit Vitamin A, C, B1 & B12. Innovative Vitaresorp\u00ae-Technologie. F\u00fcr deinen modernen Lebensstil. Jetzt kaufen \ud83d\uded2","og_url":"https:\/\/vitaresorp.com\/en\/shop\/spermidin\/","og_site_name":"Vitaresorp\u00ae","article_publisher":"https:\/\/www.facebook.com\/qinevadeutschland\/","article_modified_time":"2026-04-21T20:03:08+00:00","og_image":[{"width":1350,"height":1350,"url":"https:\/\/vitaresorp.com\/wp-content\/uploads\/2025\/09\/spermidin-2.jpg","type":"image\/jpeg"}],"twitter_card":"summary_large_image","twitter_misc":{"Est. reading time":"2 minutes"},"schema":{"@context":"https:\/\/schema.org","@graph":[{"@type":"WebPage","@id":"https:\/\/vitaresorp.com\/shop\/spermidin\/","url":"https:\/\/vitaresorp.com\/shop\/spermidin\/","name":"Vitaresorp\u00ae | Liposomales Spermidin & Vitamine \u2600\ufe0f","isPartOf":{"@id":"https:\/\/vitaresorp.com\/#website"},"primaryImageOfPage":{"@id":"https:\/\/vitaresorp.com\/shop\/spermidin\/#primaryimage"},"image":{"@id":"https:\/\/vitaresorp.com\/shop\/spermidin\/#primaryimage"},"thumbnailUrl":"https:\/\/vitaresorp.com\/wp-content\/uploads\/2025\/09\/spermidin-2.jpg","datePublished":"2024-11-28T10:31:06+00:00","dateModified":"2026-04-21T20:03:08+00:00","description":"Hochwertiges liposomales Spermidin mit Vitamin A, C, B1 & B12. Innovative Vitaresorp\u00ae-Technologie. F\u00fcr deinen modernen Lebensstil. Jetzt kaufen \ud83d\uded2","breadcrumb":{"@id":"https:\/\/vitaresorp.com\/shop\/spermidin\/#breadcrumb"},"inLanguage":"en-US","potentialAction":[{"@type":"ReadAction","target":["https:\/\/vitaresorp.com\/shop\/spermidin\/"]}]},{"@type":"ImageObject","inLanguage":"en-US","@id":"https:\/\/vitaresorp.com\/shop\/spermidin\/#primaryimage","url":"https:\/\/vitaresorp.com\/wp-content\/uploads\/2025\/09\/spermidin-2.jpg","contentUrl":"https:\/\/vitaresorp.com\/wp-content\/uploads\/2025\/09\/spermidin-2.jpg","width":1350,"height":1350},{"@type":"BreadcrumbList","@id":"https:\/\/vitaresorp.com\/shop\/spermidin\/#breadcrumb","itemListElement":[{"@type":"ListItem","position":1,"name":"Startseite","item":"https:\/\/vitaresorp.com\/"},{"@type":"ListItem","position":2,"name":"Shop","item":"https:\/\/vitaresorp.com\/shop\/"},{"@type":"ListItem","position":3,"name":"Liposomales Spermidin"}]},{"@type":"WebSite","@id":"https:\/\/vitaresorp.com\/#website","url":"https:\/\/vitaresorp.com\/","name":"Qineva","description":"Optimierte Aufnahme von N\u00e4hrstoffen","publisher":{"@id":"https:\/\/vitaresorp.com\/#organization"},"potentialAction":[{"@type":"SearchAction","target":{"@type":"EntryPoint","urlTemplate":"https:\/\/vitaresorp.com\/?s={search_term_string}"},"query-input":{"@type":"PropertyValueSpecification","valueRequired":true,"valueName":"search_term_string"}}],"inLanguage":"en-US"},{"@type":"Organization","@id":"https:\/\/vitaresorp.com\/#organization","name":"Qineva","url":"https:\/\/vitaresorp.com\/","logo":{"@type":"ImageObject","inLanguage":"en-US","@id":"https:\/\/vitaresorp.com\/#\/schema\/logo\/image\/","url":"https:\/\/vitaresorp.com\/wp-content\/uploads\/2024\/09\/vitaresorp-logo-n.png","contentUrl":"https:\/\/vitaresorp.com\/wp-content\/uploads\/2024\/09\/vitaresorp-logo-n.png","width":881,"height":247,"caption":"Qineva"},"image":{"@id":"https:\/\/vitaresorp.com\/#\/schema\/logo\/image\/"},"sameAs":["https:\/\/www.facebook.com\/qinevadeutschland\/","https:\/\/www.instagram.com\/qineva_official\/","https:\/\/www.youtube.com\/channel\/UCfv59SJdH33qotQGOB7nTdg"]}]}},"jetpack_sharing_enabled":true,"tiered_pricing_type":"percentage","tiered_pricing_fixed_rules":[],"tiered_pricing_product_settings":{"layout":"default","base_unit_name":{"singular":null,"plural":null},"default_variation":null},"tiered_pricing_minimum_quantity":null,"tiered_pricing_roles_data":[],"tiered_pricing_percentage_rules":{"3":"5","6":"15"},"tiered_pricing_maximum_quantity":null,"tiered_pricing_quantity_step":null,"_links":{"self":[{"href":"https:\/\/vitaresorp.com\/en\/wp-json\/wp\/v2\/product\/8198","targetHints":{"allow":["GET"]}}],"collection":[{"href":"https:\/\/vitaresorp.com\/en\/wp-json\/wp\/v2\/product"}],"about":[{"href":"https:\/\/vitaresorp.com\/en\/wp-json\/wp\/v2\/types\/product"}],"version-history":[{"count":15,"href":"https:\/\/vitaresorp.com\/en\/wp-json\/wp\/v2\/product\/8198\/revisions"}],"predecessor-version":[{"id":8393,"href":"https:\/\/vitaresorp.com\/en\/wp-json\/wp\/v2\/product\/8198\/revisions\/8393"}],"acf:post":[{"embeddable":true,"href":"https:\/\/vitaresorp.com\/en\/wp-json\/wp\/v2\/product\/9027"}],"wp:featuredmedia":[{"embeddable":true,"href":"https:\/\/vitaresorp.com\/en\/wp-json\/wp\/v2\/media\/13594"}],"wp:attachment":[{"href":"https:\/\/vitaresorp.com\/en\/wp-json\/wp\/v2\/media?parent=8198"}],"wp:term":[{"taxonomy":"inhaltsstoff","embeddable":true,"href":"https:\/\/vitaresorp.com\/en\/wp-json\/wp\/v2\/inhaltsstoff?post=8198"},{"taxonomy":"product_brand","embeddable":true,"href":"https:\/\/vitaresorp.com\/en\/wp-json\/wp\/v2\/product_brand?post=8198"},{"taxonomy":"product_cat","embeddable":true,"href":"https:\/\/vitaresorp.com\/en\/wp-json\/wp\/v2\/product_cat?post=8198"},{"taxonomy":"product_tag","embeddable":true,"href":"https:\/\/vitaresorp.com\/en\/wp-json\/wp\/v2\/product_tag?post=8198"}],"curies":[{"name":"wp","href":"https:\/\/api.w.org\/{rel}","templated":true}]}}