{"id":7954,"date":"2024-11-12T15:11:50","date_gmt":"2024-11-12T14:11:50","guid":{"rendered":"https:\/\/qineva.de\/?post_type=product&#038;p=7954"},"modified":"2026-04-21T22:06:21","modified_gmt":"2026-04-21T20:06:21","slug":"anti-aging-gold","status":"publish","type":"product","link":"https:\/\/vitaresorp.com\/en\/shop\/anti-aging-gold\/","title":{"rendered":"All in One &#8211; Anti Aging"},"content":{"rendered":"<h2 data-start=\"530\" data-end=\"561\">All in One \u2013 Anti Aging Gold<\/h2>\n<p class=\"p1\"><b>Gezielte N\u00e4hrstoffversorgung f\u00fcr die Generation 50+<\/b><b><\/b><\/p>\n<p class=\"p3\">Mit zunehmendem Alter sinkt die F\u00e4higkeit des K\u00f6rpers, N\u00e4hrstoffe optimal aufzunehmen \u2013 gleichzeitig steigen die Anforderungen durch Stress, Umweltbelastungen und einen modernen Lebensstil. Unsere <span class=\"s1\"><b>All in One \u2013 Anti Aging Gold<\/b><\/span> Kapseln wurden entwickelt, um diesen Herausforderungen zu begegnen.<\/p>\n<p class=\"p3\">Die Rezeptur kombiniert sorgf\u00e4ltig ausgew\u00e4hlte Vitamine, Mineralstoffe und Pflanzenextrakte in einer einzigen Tagesportion \u2013 f\u00fcr Energie, Zellschutz und ein aktives Leben ab 50.<\/p>\n<p class=\"p3\"><span class=\"s1\"><b>Magnesium<\/b><\/span> unterst\u00fctzt Muskeln, Nerven und den Energiestoffwechsel, w\u00e4hrend <span class=\"s1\"><b>Eisen<\/b><\/span> den Sauerstofftransport im Blut f\u00f6rdert \u2013 in einer gut vertr\u00e4glichen, nat\u00fcrlichen Form. <span class=\"s1\"><b>Mangan<\/b><\/span> tr\u00e4gt zum Schutz der Zellen vor oxidativem Stress und zum Erhalt eines normalen Energiestoffwechsels bei. <span class=\"s1\"><b>Selen<\/b><\/span> st\u00e4rkt das Immunsystem und ist besonders wertvoll in mitteleurop\u00e4ischen Regionen, die oft selenarm sind.<\/p>\n<p class=\"p3\">Zus\u00e4tzlich liefern <span class=\"s1\"><b>Vitamin C und E<\/b><\/span> antioxidativen Schutz, <span class=\"s1\"><b>Vitamin D<\/b><\/span> sorgt f\u00fcr stabile Knochen und Abwehrkr\u00e4fte, und ein umfassender <span class=\"s1\"><b>B-Vitamin-Komplex<\/b><\/span> unterst\u00fctzt Energiestoffwechsel, Haut, Haare und N\u00e4gel.<\/p>\n<p><strong>Unsere Formulierung enth\u00e4lt Lutein, Zeaxanthin und Coenzym Q10.<\/strong> Lutein und Zeaxanthin sind Carotinoide: Nat\u00fcrliche Pigmente in Pflanzen, die f\u00fcr F\u00e4rbung sorgen, Best\u00e4uber locken, Sch\u00e4dlinge abschrecken und durch Bitterkeit vor Fra\u00df sch\u00fctzen. Sie kommen z.B. in Spinat, Brokkoli, Mais, Eiern und Paprika vor. Studien zeigen, dass sie in der Macula lutea (sogenannter \u201egelber Fleck\u201c) des Auges angereichert werden; sie z\u00e4hlen nicht zu klassischen N\u00e4hrstoffen und m\u00fcssen \u00fcber die Nahrung aufgenommen werden. Coenzym Q10 ist ein k\u00f6rpereigenes Coenzym, das an vielen Stoffwechselreaktion beteiligt ist und in der Regel durch Eigensynthese entsteht. Es ist auch in einigen Lebensmittel zu finden wie Fleisch, Fisch, Avocados und N\u00fcssen<span class=\"s1\">.<\/span><\/p>\n<p class=\"p3\">All in One \u2013 Anti Aging Gold verzichtet konsequent auf unn\u00f6tige Zusatzstoffe und setzt auf nat\u00fcrliche, hoch bioverf\u00fcgbare Inhaltsstoffe \u2013 ideal f\u00fcr alle, die Wert auf eine ganzheitliche und wissenschaftlich fundierte N\u00e4hrstoffversorgung legen.<\/p>\n<h3 data-start=\"1310\" data-end=\"1347\">\u2714\ufe0f Deine Vorteile auf einen Blick<\/h3>\n<p data-start=\"1348\" data-end=\"1539\">\u2705 Speziell abgestimmt f\u00fcr die Generation 50+<br data-start=\"1392\" data-end=\"1395\" \/>\u2705 Hohe Bioverf\u00fcgbarkeit in bew\u00e4hrter Rezeptur<br data-start=\"1440\" data-end=\"1443\" \/>\u2705 Sehr gut vertr\u00e4glich, nat\u00fcrlich und nachhaltig<br data-start=\"1491\" data-end=\"1494\" \/>\u2705 Einfache Einnahme \u2013 nur eine Tagesportion<\/p>\n<h3 data-start=\"1546\" data-end=\"1595\">\u2714\ufe0f Mit sorgf\u00e4ltig abgestimmten Inhaltsstoffen<\/h3>\n<p data-start=\"1596\" data-end=\"1655\">Unsere Kombination liefert wichtige Mikron\u00e4hrstoffe, die:<\/p>\n<ul data-start=\"1657\" data-end=\"1916\">\n<li data-start=\"1657\" data-end=\"1714\">\n<p data-start=\"1659\" data-end=\"1714\">das Immunsystem und den Zellschutz unterst\u00fctzen (1,2)<\/p>\n<\/li>\n<li data-start=\"1715\" data-end=\"1781\">\n<p data-start=\"1717\" data-end=\"1781\">den Energiestoffwechsel f\u00f6rdern und M\u00fcdigkeit verringern (1,3)<\/p>\n<\/li>\n<li data-start=\"1782\" data-end=\"1844\">\n<p data-start=\"1784\" data-end=\"1844\">die Zellteilung und Zellspezialisierung unterst\u00fctzen (4,5)<\/p>\n<\/li>\n<li data-start=\"1845\" data-end=\"1916\">\n<p data-start=\"1847\" data-end=\"1916\">den Erhalt normaler Knochen f\u00f6rdern und das Immunsystem st\u00e4rken (6)<\/p>\n<\/li>\n<\/ul>\n<p data-start=\"1923\" data-end=\"2089\"><strong data-start=\"1923\" data-end=\"2087\">Einfach t\u00e4glich 1 rote Kapsel morgens und 2 transparente Kapseln abends mit reichlich Fl\u00fcssigkeit einnehmen \u2013 f\u00fcr eine bequeme und hochwertige N\u00e4hrstoffroutine.<\/strong><\/p>\n<h3 data-start=\"2096\" data-end=\"2123\"><\/h3>\n<h3 data-start=\"2096\" data-end=\"2123\">\u2714\ufe0f Hochwertige Rezeptur<\/h3>\n<ul data-start=\"2124\" data-end=\"2267\">\n<li data-start=\"2124\" data-end=\"2153\">\n<p data-start=\"2126\" data-end=\"2153\">Ohne Konservierungsstoffe<\/p>\n<\/li>\n<li data-start=\"2154\" data-end=\"2173\">\n<p data-start=\"2156\" data-end=\"2173\">Ohne Gentechnik<\/p>\n<\/li>\n<li data-start=\"2174\" data-end=\"2204\">\n<p data-start=\"2176\" data-end=\"2204\">Glutenfrei und laktosefrei<\/p>\n<\/li>\n<li data-start=\"2205\" data-end=\"2267\">\n<p data-start=\"2207\" data-end=\"2267\">Entwickelt f\u00fcr h\u00f6chste Anspr\u00fcche an Qualit\u00e4t und Transparenz<\/p>\n<\/li>\n<\/ul>","protected":false},"excerpt":{"rendered":"<p class=\"p1\">Ideal f\u00fcr Berufst\u00e4tige, aktive und gesundheitsbewusste Menschen sowie zur Unterst\u00fctzung der Zellgesundheit<sup>1),2),3),4)<\/sup> bis ins hohe Alter.<\/p>\n<ul>\n<li class=\"li1\">Durchdachte Darreichungsform mit Vitaresorp\u00ae Technologie<\/li>\n<li class=\"p2\">Vielfach erprobt<\/li>\n<li class=\"p2\">Enth\u00e4lt gezielte Vitalstoffe f\u00fcr die Generation 50+<\/li>\n<li class=\"p2\">Sehr gut vertr\u00e4glich, nat\u00fcrlich und nachhaltig<\/li>\n<li class=\"p2\">Eine Einnahme t\u00e4glich f\u00fcr umfassende N\u00e4hrstoffversorgung<\/li>\n<li class=\"p2\">Bew\u00e4hrte Rezeptur<\/li>\n<\/ul>","protected":false},"featured_media":13578,"template":"","meta":{"_acf_changed":false,"inline_featured_image":false},"inhaltsstoff":[260,278,263,279,264,280,266,281,268,282,272,283,273,318,274,256,275,257,276,258,277],"product_brand":[],"product_cat":[152,153,158,161,162,142,163,143,164,144,146,147,149],"product_tag":[253],"class_list":{"0":"post-7954","1":"product","2":"type-product","3":"status-publish","4":"has-post-thumbnail","6":"inhaltsstoff-sonnenblumenlecithin","7":"inhaltsstoff-vitamind","8":"inhaltsstoff-kokosoel","9":"inhaltsstoff-magnesium","10":"inhaltsstoff-eisen","11":"inhaltsstoff-mangan","12":"inhaltsstoff-vitaminb1-thiamin","13":"inhaltsstoff-selen","14":"inhaltsstoff-vitaminb12","15":"inhaltsstoff-zeaxanthin","16":"inhaltsstoff-vitaminb5-pantothensaeure","17":"inhaltsstoff-lutein","18":"inhaltsstoff-vitaminb3-niacin","19":"inhaltsstoff-vitamin-b6","20":"inhaltsstoff-vitamin-e","21":"inhaltsstoff-vitamin-c","22":"inhaltsstoff-vitaminb2-riboflavin","23":"inhaltsstoff-vitamin-a","24":"inhaltsstoff-vitaminb9-folsaeure","25":"inhaltsstoff-ubiquinon-q10","26":"inhaltsstoff-biotin","27":"product_cat-herz-blut-gefaesse","28":"product_cat-haare-naegel-zaehne","29":"product_cat-nerven-und-psyche","30":"product_cat-unterstuetzung-gehirn-und-kognition","31":"product_cat-gesunder-stoffwechsel","32":"product_cat-unterstuetzung-der-augengesundheit","33":"product_cat-beauty-und-anti-aging","34":"product_cat-gesunde-knochen-muskeln","35":"product_cat-gelenke-und-bindegewebe","36":"product_cat-mehr-energie-im-alltag","37":"product_cat-gesunde-haut-und-schleimhaut","38":"product_cat-immunsystem-staerken","39":"product_cat-gesunder-schlaf","40":"product_tag-einzelprodukt","42":"first","43":"instock","44":"featured","45":"taxable","46":"shipping-taxable","47":"purchasable","48":"product-type-simple"},"bundled_by":["3155"],"bundle_stock_status":"instock","bundle_stock_quantity":40,"bundle_virtual":false,"bundle_layout":"","bundle_add_to_cart_form_location":"","bundle_editable_in_cart":false,"bundle_sold_individually_context":"","bundle_item_grouping":"","bundle_min_size":"","bundle_max_size":"","bundle_price":[],"bundled_items":[],"bundle_sell_ids":[],"acf":{"variant_produkt":9105,"zusammensetzung":[{"titel":"Zusammensetzung","werte":[{"wert":"Vitamin C"},{"wert":"Pantothens\u00e4ure"},{"wert":"Niacin"},{"wert":"Vitamin E"},{"wert":"Vitamin B6"},{"wert":"Riboflavin (Vit B2)"},{"wert":"Thiamin (Vit B1)"},{"wert":"Fols\u00e4ure"},{"wert":"Vitamin A"},{"wert":"Vitamin B12"},{"wert":"Biotin"},{"wert":"Vitamin D"},{"wert":"Magnesium"},{"wert":"Eisen"},{"wert":"Mangan"},{"wert":"Selen"},{"wert":"Q10"},{"wert":"Zeaxanthin"},{"wert":"Lutein"},{"wert":"Kokos\u00f6l"},{"wert":"Sonnenblumenlecithin"}]},{"titel":"2 transparente Kapseln\/Tag","werte":[{"wert":"80 mg"},{"wert":"24 mg"},{"wert":"20 mg NE"},{"wert":"12 mg a-TE"},{"wert":"10 mg"},{"wert":"2,8 mg"},{"wert":"1,375 mg"},{"wert":"400 \u00b5g"},{"wert":"---"},{"wert":"100 \u00b5g"},{"wert":"100 \u00b5g"},{"wert":"---"},{"wert":"187,5 mg"},{"wert":"2,8 mg"},{"wert":"2 mg"},{"wert":"55 \u00b5g"}]},{"titel":"1 rote Kapsel\/Tag","werte":[{"wert":"21,25 mg"},{"wert":"---"},{"wert":"---"},{"wert":"---"},{"wert":"---"},{"wert":"---"},{"wert":"---"},{"wert":"---"},{"wert":"200 \u00b5g"},{"wert":"---"},{"wert":"---"},{"wert":"10 \u00b5g"},{"wert":"---"},{"wert":"---"},{"wert":"---"},{"wert":"---"},{"wert":"80 mg"},{"wert":"3,5 mg"},{"wert":"7 mg"},{"wert":"400 mg"},{"wert":"80 mg"}]},{"titel":"3 Kapseln\/Tag","werte":[{"wert":"101,25 mg"},{"wert":"24 mg"},{"wert":"20 mg NE"},{"wert":"12 mg a-TE"},{"wert":"10 mg"},{"wert":"2,8 mg"},{"wert":"1,375 mg"},{"wert":"400 \u00b5g"},{"wert":"200 \u00b5g"},{"wert":"100 \u00b5g"},{"wert":"100 \u00b5g"},{"wert":"10 \u00b5g"},{"wert":"187,5 mg"},{"wert":"2,8 mg"},{"wert":"55 \u00b5g"},{"wert":"80 mg"},{"wert":"3,5 mg"},{"wert":"7 mg"},{"wert":"400 mg"},{"wert":"80 mg"}]},{"titel":"% NRV *","werte":[{"wert":"126%"},{"wert":"400%"},{"wert":"125%"},{"wert":"100%"},{"wert":"714%"},{"wert":"200%"},{"wert":"125%"},{"wert":"200%"},{"wert":"25%"},{"wert":"4000%"},{"wert":"200%"},{"wert":"200%"},{"wert":"50%"},{"wert":"20%"},{"wert":"100%"},{"wert":"100%"},{"wert":"**"},{"wert":"**"},{"wert":"**"},{"wert":"**"},{"wert":"**"}]}],"health_claims":"(1) Verringerung von M\u00fcdigkeit und Erm\u00fcdung \/ Normaler Energiestoffwechsel:\r\nMagnesium, Mangan, Eisen, Vitamin B5, Biotin, Vitamin B1, Vitamin B2, Vitamin B6, Vitamin B12, Vitamin C und Vitamin B3 tragen zu einem normalen Energiestoffwechsel bei.\r\nMagnesium, Eisen, Vitamin B2, Vitamin B3, Vitamin B5, Vitamin B6, Vitamin B12, Fols\u00e4ure und Vitamin C tragen zur Verringerung von M\u00fcdigkeit und Erm\u00fcdung bei.\r\n\r\n(2) Schutz vor oxidativem Stress:\r\nVitamin E, Selen, Mangan, Vitamin B2 und Vitamin C tragen zum Schutz der Zellen vor oxidativem Stress bei.\r\n\r\n(3) Normale Funktion des Immunsystems:\r\nSelen, Eisen, Vitamin D, Vitamin B6, Vitamin B12, Vitamin A, Fols\u00e4ure und Vitamin C tragen zu einer normalen Funktion des Immunsystems bei.\r\n\r\n(4) Funktion bei der Zellteilung und -differenzierung:\r\nMagnesium, Eisen, Vitamin D, Vitamin B12 und Fols\u00e4ure haben eine Funktion bei der Zellteilung.\r\nVitamin A tr\u00e4gt zu einer normalen Zellspezialisierung bei.\r\n\r\n(5) Normale psychische Funktion:\r\nBiotin, Vitamin B1, Vitamin B12, Fols\u00e4ure, Vitamin C und Vitamin B3 tragen zu einer normalen psychischen Funktion bei.\r\n\r\n(6) Normale Funktion des Nervensystems:\r\nMagnesium, Biotin, Vitamin B1, Vitamin B2, Vitamin B6, Vitamin B12, Vitamin C und Vitamin B3 tragen zu einer normalen Funktion des Nervensystems bei.\r\n\r\n(7) Erhaltung normaler Muskeln, Knochen, Haut, N\u00e4gel, Z\u00e4hne und Schleimh\u00e4ute:\r\nMagnesium und Vitamin D tragen zu einer normalen Muskelfunktion bei und zusammen mit Mangan zur Erhaltung normaler Knochen.\r\nBiotin, Vitamin B2, Vitamin B3 und Vitamin A tragen zum Erhalt normaler Haut und normaler Schleimh\u00e4ute bei.\r\nSelen tr\u00e4gt zusammen mit Biotin zur Erhaltung normaler Haare bei.\r\nVitamin C tr\u00e4gt zur normalen Kollagenbildung f\u00fcr Haut, Knochen, Z\u00e4hne, Zahnfleisch und Knorpel bei.\r\n\r\n(8) Blutbildung und Sauerstoffversorgung:\r\nVitamin B2 und Vitamin A tragen zu einem normalen Eisenstoffwechsel bei.\r\nVitamin B2 tr\u00e4gt zur Erhaltung normaler roter Blutk\u00f6rperchen bei.\r\nEisen, Vitamin B6 und Vitamin B12 tragen zu einer normalen Bildung von roten Blutk\u00f6rperchen und H\u00e4moglobin bei.\r\nFols\u00e4ure tr\u00e4gt zu einer normalen Blutbildung bei.\r\nVitamin C erh\u00f6ht die Eisenaufnahme.\r\n\r\n(9) Herzfunktion und geistige Leistungsf\u00e4higkeit:\r\nVitamin B1 tr\u00e4gt zu einer normalen Herzfunktion bei.\r\nVitamin B5 (Pantothens\u00e4ure) tr\u00e4gt zur Erhaltung der geistigen Leistungsf\u00e4higkeit bei.\r\n\r\n(10) Schilddr\u00fcsenfunktion und Fruchtbarkeit:\r\nSelen tr\u00e4gt zur Erhaltung einer normalen Schilddr\u00fcsenfunktion und normalen Spermabildung bei.\r\n\r\n(11) Regeneration von Vitamin E:\r\nVitamin C tr\u00e4gt zur Regeneration der reduzierten Form von Vitamin E bei."},"yoast_head":"<!-- This site is optimized with the Yoast SEO plugin v27.4 - https:\/\/yoast.com\/product\/yoast-seo-wordpress\/ -->\n<title>All in One - Anti Aging - Vitaresorp\u00ae<\/title>\n<meta name=\"description\" content=\"All in One - Anti Aging Vitaresorp\u00ae eine fortschrittliche Erg\u00e4nzung, f\u00fcr ein hochwertigen Mix an Vitaminen &amp; Mineralstoffen\" \/>\n<meta name=\"robots\" content=\"index, follow, max-snippet:-1, max-image-preview:large, max-video-preview:-1\" \/>\n<link rel=\"canonical\" href=\"https:\/\/vitaresorp.com\/en\/shop\/anti-aging-gold\/\" \/>\n<meta property=\"og:locale\" content=\"en_US\" \/>\n<meta property=\"og:type\" content=\"article\" \/>\n<meta property=\"og:title\" content=\"All in One - Anti Aging - Vitaresorp\u00ae\" \/>\n<meta property=\"og:description\" content=\"All in One - Anti Aging Vitaresorp\u00ae eine fortschrittliche Erg\u00e4nzung, f\u00fcr ein hochwertigen Mix an Vitaminen &amp; Mineralstoffen\" \/>\n<meta property=\"og:url\" content=\"https:\/\/vitaresorp.com\/en\/shop\/anti-aging-gold\/\" \/>\n<meta property=\"og:site_name\" content=\"Vitaresorp\u00ae\" \/>\n<meta property=\"article:publisher\" content=\"https:\/\/www.facebook.com\/qinevadeutschland\/\" \/>\n<meta property=\"article:modified_time\" content=\"2026-04-21T20:06:21+00:00\" \/>\n<meta property=\"og:image\" content=\"https:\/\/vitaresorp.com\/wp-content\/uploads\/2025\/09\/all-in-one-1.jpg\" \/>\n\t<meta property=\"og:image:width\" content=\"1350\" \/>\n\t<meta property=\"og:image:height\" content=\"1350\" \/>\n\t<meta property=\"og:image:type\" content=\"image\/jpeg\" \/>\n<meta name=\"twitter:card\" content=\"summary_large_image\" \/>\n<meta name=\"twitter:label1\" content=\"Est. reading time\" \/>\n\t<meta name=\"twitter:data1\" content=\"3 minutes\" \/>\n<script type=\"application\/ld+json\" class=\"yoast-schema-graph\">{\"@context\":\"https:\\\/\\\/schema.org\",\"@graph\":[{\"@type\":\"WebPage\",\"@id\":\"https:\\\/\\\/vitaresorp.com\\\/shop\\\/anti-aging-gold\\\/\",\"url\":\"https:\\\/\\\/vitaresorp.com\\\/shop\\\/anti-aging-gold\\\/\",\"name\":\"All in One - Anti Aging - Vitaresorp\u00ae\",\"isPartOf\":{\"@id\":\"https:\\\/\\\/vitaresorp.com\\\/#website\"},\"primaryImageOfPage\":{\"@id\":\"https:\\\/\\\/vitaresorp.com\\\/shop\\\/anti-aging-gold\\\/#primaryimage\"},\"image\":{\"@id\":\"https:\\\/\\\/vitaresorp.com\\\/shop\\\/anti-aging-gold\\\/#primaryimage\"},\"thumbnailUrl\":\"https:\\\/\\\/vitaresorp.com\\\/wp-content\\\/uploads\\\/2025\\\/09\\\/all-in-one-1.jpg\",\"datePublished\":\"2024-11-12T14:11:50+00:00\",\"dateModified\":\"2026-04-21T20:06:21+00:00\",\"description\":\"All in One - Anti Aging Vitaresorp\u00ae eine fortschrittliche Erg\u00e4nzung, f\u00fcr ein hochwertigen Mix an Vitaminen & Mineralstoffen\",\"breadcrumb\":{\"@id\":\"https:\\\/\\\/vitaresorp.com\\\/shop\\\/anti-aging-gold\\\/#breadcrumb\"},\"inLanguage\":\"en-US\",\"potentialAction\":[{\"@type\":\"ReadAction\",\"target\":[\"https:\\\/\\\/vitaresorp.com\\\/shop\\\/anti-aging-gold\\\/\"]}]},{\"@type\":\"ImageObject\",\"inLanguage\":\"en-US\",\"@id\":\"https:\\\/\\\/vitaresorp.com\\\/shop\\\/anti-aging-gold\\\/#primaryimage\",\"url\":\"https:\\\/\\\/vitaresorp.com\\\/wp-content\\\/uploads\\\/2025\\\/09\\\/all-in-one-1.jpg\",\"contentUrl\":\"https:\\\/\\\/vitaresorp.com\\\/wp-content\\\/uploads\\\/2025\\\/09\\\/all-in-one-1.jpg\",\"width\":1350,\"height\":1350},{\"@type\":\"BreadcrumbList\",\"@id\":\"https:\\\/\\\/vitaresorp.com\\\/shop\\\/anti-aging-gold\\\/#breadcrumb\",\"itemListElement\":[{\"@type\":\"ListItem\",\"position\":1,\"name\":\"Startseite\",\"item\":\"https:\\\/\\\/vitaresorp.com\\\/\"},{\"@type\":\"ListItem\",\"position\":2,\"name\":\"Shop\",\"item\":\"https:\\\/\\\/vitaresorp.com\\\/shop\\\/\"},{\"@type\":\"ListItem\",\"position\":3,\"name\":\"All in One &#8211; Anti Aging\"}]},{\"@type\":\"WebSite\",\"@id\":\"https:\\\/\\\/vitaresorp.com\\\/#website\",\"url\":\"https:\\\/\\\/vitaresorp.com\\\/\",\"name\":\"Qineva\",\"description\":\"Optimierte Aufnahme von N\u00e4hrstoffen\",\"publisher\":{\"@id\":\"https:\\\/\\\/vitaresorp.com\\\/#organization\"},\"potentialAction\":[{\"@type\":\"SearchAction\",\"target\":{\"@type\":\"EntryPoint\",\"urlTemplate\":\"https:\\\/\\\/vitaresorp.com\\\/?s={search_term_string}\"},\"query-input\":{\"@type\":\"PropertyValueSpecification\",\"valueRequired\":true,\"valueName\":\"search_term_string\"}}],\"inLanguage\":\"en-US\"},{\"@type\":\"Organization\",\"@id\":\"https:\\\/\\\/vitaresorp.com\\\/#organization\",\"name\":\"Qineva\",\"url\":\"https:\\\/\\\/vitaresorp.com\\\/\",\"logo\":{\"@type\":\"ImageObject\",\"inLanguage\":\"en-US\",\"@id\":\"https:\\\/\\\/vitaresorp.com\\\/#\\\/schema\\\/logo\\\/image\\\/\",\"url\":\"https:\\\/\\\/vitaresorp.com\\\/wp-content\\\/uploads\\\/2024\\\/09\\\/vitaresorp-logo-n.png\",\"contentUrl\":\"https:\\\/\\\/vitaresorp.com\\\/wp-content\\\/uploads\\\/2024\\\/09\\\/vitaresorp-logo-n.png\",\"width\":881,\"height\":247,\"caption\":\"Qineva\"},\"image\":{\"@id\":\"https:\\\/\\\/vitaresorp.com\\\/#\\\/schema\\\/logo\\\/image\\\/\"},\"sameAs\":[\"https:\\\/\\\/www.facebook.com\\\/qinevadeutschland\\\/\",\"https:\\\/\\\/www.instagram.com\\\/qineva_official\\\/\",\"https:\\\/\\\/www.youtube.com\\\/channel\\\/UCfv59SJdH33qotQGOB7nTdg\"]}]}<\/script>\n<!-- \/ Yoast SEO plugin. -->","yoast_head_json":{"title":"All in One - Anti Aging - Vitaresorp\u00ae","description":"All in One - Anti Aging Vitaresorp\u00ae eine fortschrittliche Erg\u00e4nzung, f\u00fcr ein hochwertigen Mix an Vitaminen & Mineralstoffen","robots":{"index":"index","follow":"follow","max-snippet":"max-snippet:-1","max-image-preview":"max-image-preview:large","max-video-preview":"max-video-preview:-1"},"canonical":"https:\/\/vitaresorp.com\/en\/shop\/anti-aging-gold\/","og_locale":"en_US","og_type":"article","og_title":"All in One - Anti Aging - Vitaresorp\u00ae","og_description":"All in One - Anti Aging Vitaresorp\u00ae eine fortschrittliche Erg\u00e4nzung, f\u00fcr ein hochwertigen Mix an Vitaminen & Mineralstoffen","og_url":"https:\/\/vitaresorp.com\/en\/shop\/anti-aging-gold\/","og_site_name":"Vitaresorp\u00ae","article_publisher":"https:\/\/www.facebook.com\/qinevadeutschland\/","article_modified_time":"2026-04-21T20:06:21+00:00","og_image":[{"width":1350,"height":1350,"url":"https:\/\/vitaresorp.com\/wp-content\/uploads\/2025\/09\/all-in-one-1.jpg","type":"image\/jpeg"}],"twitter_card":"summary_large_image","twitter_misc":{"Est. reading time":"3 minutes"},"schema":{"@context":"https:\/\/schema.org","@graph":[{"@type":"WebPage","@id":"https:\/\/vitaresorp.com\/shop\/anti-aging-gold\/","url":"https:\/\/vitaresorp.com\/shop\/anti-aging-gold\/","name":"All in One - Anti Aging - Vitaresorp\u00ae","isPartOf":{"@id":"https:\/\/vitaresorp.com\/#website"},"primaryImageOfPage":{"@id":"https:\/\/vitaresorp.com\/shop\/anti-aging-gold\/#primaryimage"},"image":{"@id":"https:\/\/vitaresorp.com\/shop\/anti-aging-gold\/#primaryimage"},"thumbnailUrl":"https:\/\/vitaresorp.com\/wp-content\/uploads\/2025\/09\/all-in-one-1.jpg","datePublished":"2024-11-12T14:11:50+00:00","dateModified":"2026-04-21T20:06:21+00:00","description":"All in One - Anti Aging Vitaresorp\u00ae eine fortschrittliche Erg\u00e4nzung, f\u00fcr ein hochwertigen Mix an Vitaminen & Mineralstoffen","breadcrumb":{"@id":"https:\/\/vitaresorp.com\/shop\/anti-aging-gold\/#breadcrumb"},"inLanguage":"en-US","potentialAction":[{"@type":"ReadAction","target":["https:\/\/vitaresorp.com\/shop\/anti-aging-gold\/"]}]},{"@type":"ImageObject","inLanguage":"en-US","@id":"https:\/\/vitaresorp.com\/shop\/anti-aging-gold\/#primaryimage","url":"https:\/\/vitaresorp.com\/wp-content\/uploads\/2025\/09\/all-in-one-1.jpg","contentUrl":"https:\/\/vitaresorp.com\/wp-content\/uploads\/2025\/09\/all-in-one-1.jpg","width":1350,"height":1350},{"@type":"BreadcrumbList","@id":"https:\/\/vitaresorp.com\/shop\/anti-aging-gold\/#breadcrumb","itemListElement":[{"@type":"ListItem","position":1,"name":"Startseite","item":"https:\/\/vitaresorp.com\/"},{"@type":"ListItem","position":2,"name":"Shop","item":"https:\/\/vitaresorp.com\/shop\/"},{"@type":"ListItem","position":3,"name":"All in One &#8211; Anti Aging"}]},{"@type":"WebSite","@id":"https:\/\/vitaresorp.com\/#website","url":"https:\/\/vitaresorp.com\/","name":"Qineva","description":"Optimierte Aufnahme von N\u00e4hrstoffen","publisher":{"@id":"https:\/\/vitaresorp.com\/#organization"},"potentialAction":[{"@type":"SearchAction","target":{"@type":"EntryPoint","urlTemplate":"https:\/\/vitaresorp.com\/?s={search_term_string}"},"query-input":{"@type":"PropertyValueSpecification","valueRequired":true,"valueName":"search_term_string"}}],"inLanguage":"en-US"},{"@type":"Organization","@id":"https:\/\/vitaresorp.com\/#organization","name":"Qineva","url":"https:\/\/vitaresorp.com\/","logo":{"@type":"ImageObject","inLanguage":"en-US","@id":"https:\/\/vitaresorp.com\/#\/schema\/logo\/image\/","url":"https:\/\/vitaresorp.com\/wp-content\/uploads\/2024\/09\/vitaresorp-logo-n.png","contentUrl":"https:\/\/vitaresorp.com\/wp-content\/uploads\/2024\/09\/vitaresorp-logo-n.png","width":881,"height":247,"caption":"Qineva"},"image":{"@id":"https:\/\/vitaresorp.com\/#\/schema\/logo\/image\/"},"sameAs":["https:\/\/www.facebook.com\/qinevadeutschland\/","https:\/\/www.instagram.com\/qineva_official\/","https:\/\/www.youtube.com\/channel\/UCfv59SJdH33qotQGOB7nTdg"]}]}},"jetpack_sharing_enabled":true,"tiered_pricing_type":"percentage","tiered_pricing_fixed_rules":[],"tiered_pricing_product_settings":{"layout":"default","base_unit_name":{"singular":null,"plural":null},"default_variation":null},"tiered_pricing_minimum_quantity":null,"tiered_pricing_roles_data":[],"tiered_pricing_percentage_rules":{"3":"5","6":"15"},"tiered_pricing_maximum_quantity":null,"tiered_pricing_quantity_step":null,"_links":{"self":[{"href":"https:\/\/vitaresorp.com\/en\/wp-json\/wp\/v2\/product\/7954","targetHints":{"allow":["GET"]}}],"collection":[{"href":"https:\/\/vitaresorp.com\/en\/wp-json\/wp\/v2\/product"}],"about":[{"href":"https:\/\/vitaresorp.com\/en\/wp-json\/wp\/v2\/types\/product"}],"version-history":[{"count":16,"href":"https:\/\/vitaresorp.com\/en\/wp-json\/wp\/v2\/product\/7954\/revisions"}],"predecessor-version":[{"id":13272,"href":"https:\/\/vitaresorp.com\/en\/wp-json\/wp\/v2\/product\/7954\/revisions\/13272"}],"acf:post":[{"embeddable":true,"href":"https:\/\/vitaresorp.com\/en\/wp-json\/wp\/v2\/product\/9105"}],"wp:featuredmedia":[{"embeddable":true,"href":"https:\/\/vitaresorp.com\/en\/wp-json\/wp\/v2\/media\/13578"}],"wp:attachment":[{"href":"https:\/\/vitaresorp.com\/en\/wp-json\/wp\/v2\/media?parent=7954"}],"wp:term":[{"taxonomy":"inhaltsstoff","embeddable":true,"href":"https:\/\/vitaresorp.com\/en\/wp-json\/wp\/v2\/inhaltsstoff?post=7954"},{"taxonomy":"product_brand","embeddable":true,"href":"https:\/\/vitaresorp.com\/en\/wp-json\/wp\/v2\/product_brand?post=7954"},{"taxonomy":"product_cat","embeddable":true,"href":"https:\/\/vitaresorp.com\/en\/wp-json\/wp\/v2\/product_cat?post=7954"},{"taxonomy":"product_tag","embeddable":true,"href":"https:\/\/vitaresorp.com\/en\/wp-json\/wp\/v2\/product_tag?post=7954"}],"curies":[{"name":"wp","href":"https:\/\/api.w.org\/{rel}","templated":true}]}}