{"id":3719,"date":"2024-08-12T08:21:13","date_gmt":"2024-08-12T08:21:13","guid":{"rendered":"https:\/\/qineva.werbeonkel.at\/?post_type=product&#038;p=3719"},"modified":"2026-03-11T15:01:38","modified_gmt":"2026-03-11T14:01:38","slug":"anti-ox","status":"publish","type":"product","link":"https:\/\/vitaresorp.com\/en\/shop\/anti-ox\/","title":{"rendered":"Anti-OX | Vitamin C &#038; Zink"},"content":{"rendered":"<h2 data-start=\"510\" data-end=\"548\">Qineva \u201cAnti-OX\u201d (Vitamin C &amp; Zink)<\/h2>\n<p data-start=\"550\" data-end=\"609\"><strong data-start=\"550\" data-end=\"607\">Gezielte Unterst\u00fctzung f\u00fcr Immunsystem und Zellschutz<\/strong><\/p>\n<p data-start=\"611\" data-end=\"827\">Qineva Anti-OX kombiniert zwei essentielle Mikron\u00e4hrstoffe in einer ausgewogenen Formulierung. Vitamin C und Zink sind wichtige Bausteine f\u00fcr die t\u00e4gliche Ern\u00e4hrung und unterst\u00fctzen zentrale K\u00f6rperfunktionen (1\u20134).<\/p>\n<p data-start=\"829\" data-end=\"1092\">Vitamin C tr\u00e4gt zu einer normalen Funktion des Immunsystems bei (1), hilft dabei, die Zellen vor oxidativem Stress zu sch\u00fctzen (2) und verbessert die Aufnahme von Eisen (3). Es unterst\u00fctzt au\u00dferdem den Energiestoffwechsel und hilft, M\u00fcdigkeit zu verringern (4).<\/p>\n<p data-start=\"1094\" data-end=\"1272\">Zink erg\u00e4nzt diese Wirkung ideal, indem es ebenfalls eine normale Funktion des Immunsystems unterst\u00fctzt (1) und dazu beitr\u00e4gt, die Zellen vor oxidativem Stress zu sch\u00fctzen (2).<\/p>\n<p data-start=\"1274\" data-end=\"1410\">Die hochwertige Rezeptur mit Citrus-Bioflavonoiden bietet eine einfache M\u00f6glichkeit, die t\u00e4gliche N\u00e4hrstoffzufuhr gezielt zu erg\u00e4nzen.<\/p>\n<h3 data-start=\"1417\" data-end=\"1454\">\u2714\ufe0f Deine Vorteile auf einen Blick<\/h3>\n<p data-start=\"1455\" data-end=\"1695\">\u2705 Hochwertige Kombination aus Vitamin C &amp; Zink<br data-start=\"1501\" data-end=\"1504\" \/>\u2705 Unterst\u00fctzt Immunsystem und Zellschutz (1,2)<br data-start=\"1550\" data-end=\"1553\" \/>\u2705 Verbessert die Eisenaufnahme (3)<br data-start=\"1587\" data-end=\"1590\" \/>\u2705 Hilft bei Energiestoffwechsel und M\u00fcdigkeit (4)<br data-start=\"1639\" data-end=\"1642\" \/>\u2705 Frei von Allergenen gem\u00e4\u00df EU-Verordnung 1169\/2011<\/p>","protected":false},"excerpt":{"rendered":"<ul>\n<li>Vitamin C &amp; Zink in ausgewogener Kombination<\/li>\n<li>Unterst\u00fctzt Immunsystem und Zellschutz (1,2)<\/li>\n<li>Verbessert Eisenaufnahme (3)<\/li>\n<li>Hilft bei Energiestoffwechsel und M\u00fcdigkeit (4)<\/li>\n<li>Mit Citrus-Bioflavonoiden<\/li>\n<li>Frei von Allergenen (EU 1169\/2011)<\/li>\n<\/ul>","protected":false},"featured_media":12270,"template":"","meta":{"_acf_changed":false,"inline_featured_image":false},"inhaltsstoff":[256,284],"product_brand":[],"product_cat":[163,164],"product_tag":[253],"class_list":{"0":"post-3719","1":"product","2":"type-product","3":"status-publish","4":"has-post-thumbnail","6":"inhaltsstoff-vitamin-c","7":"inhaltsstoff-zink","8":"product_cat-beauty-und-anti-aging","9":"product_cat-gelenke-und-bindegewebe","10":"product_tag-einzelprodukt","12":"first","13":"instock","14":"taxable","15":"shipping-taxable","16":"purchasable","17":"product-type-simple"},"bundled_by":["3155"],"bundle_stock_status":"instock","bundle_stock_quantity":46,"bundle_virtual":false,"bundle_layout":"","bundle_add_to_cart_form_location":"","bundle_editable_in_cart":false,"bundle_sold_individually_context":"","bundle_item_grouping":"","bundle_min_size":"","bundle_max_size":"","bundle_price":[],"bundled_items":[],"bundle_sell_ids":[],"acf":{"variant_produkt":9122,"zusammensetzung":[{"titel":"Zusammensetzung","werte":[{"wert":"Vitamin C"},{"wert":"Zink"},{"wert":"Citrusfruchtextrakt"},{"wert":"- davon Hesperidin"}]},{"titel":"pro 1 Kapsel \/ Tag","werte":[{"wert":"420 mg"},{"wert":"5 mg"},{"wert":"70 mg"},{"wert":"42 mg"}]},{"titel":"% NRV *","werte":[{"wert":"525%"},{"wert":"50%"},{"wert":"**"},{"wert":"**"}]}],"health_claims":"(1) Vitamin C und Zink:\r\ntragen zu einer normalen Funktion des Immunsystems bei\r\n\r\n(2) Vitamin C und Zink:\r\ntragen dazu bei, die Zellen vor oxidativem Stress zu sch\u00fctzen\r\n\r\n(3) Vitamin C:\r\nerh\u00f6ht die Eisenaufnahme\r\n\r\n(4) Vitamin C:\r\ntr\u00e4gt zu einem normalen Energiestoffwechsel bei\r\ntr\u00e4gt zur Verringerung von M\u00fcdigkeit und Erm\u00fcdung bei"},"yoast_head":"<!-- This site is optimized with the Yoast SEO plugin v27.4 - https:\/\/yoast.com\/product\/yoast-seo-wordpress\/ -->\n<title>Qineva Anti OX \u2013 Vitamin C &amp; Zink \/ Zellschutz<\/title>\n<meta name=\"description\" content=\"Qineva Anti OX \u2013 Hochwertige Nahrungserg\u00e4nzung mit Vitamin C und Zink zur Unterst\u00fctzung des Immunsystems und zum Schutz der Zellen\" \/>\n<meta name=\"robots\" content=\"index, follow, max-snippet:-1, max-image-preview:large, max-video-preview:-1\" \/>\n<link rel=\"canonical\" href=\"https:\/\/vitaresorp.com\/en\/shop\/anti-ox\/\" \/>\n<meta property=\"og:locale\" content=\"en_US\" \/>\n<meta property=\"og:type\" content=\"article\" \/>\n<meta property=\"og:title\" content=\"Qineva Anti OX \u2013 Vitamin C &amp; Zink \/ Zellschutz\" \/>\n<meta property=\"og:description\" content=\"Qineva Anti OX \u2013 Hochwertige Nahrungserg\u00e4nzung mit Vitamin C und Zink zur Unterst\u00fctzung des Immunsystems und zum Schutz der Zellen\" \/>\n<meta property=\"og:url\" content=\"https:\/\/vitaresorp.com\/en\/shop\/anti-ox\/\" \/>\n<meta property=\"og:site_name\" content=\"Vitaresorp\u00ae\" \/>\n<meta property=\"article:publisher\" content=\"https:\/\/www.facebook.com\/qinevadeutschland\/\" \/>\n<meta property=\"article:modified_time\" content=\"2026-03-11T14:01:38+00:00\" \/>\n<meta property=\"og:image\" content=\"https:\/\/vitaresorp.com\/wp-content\/uploads\/2024\/06\/anti-ox.jpg\" \/>\n\t<meta property=\"og:image:width\" content=\"1080\" \/>\n\t<meta property=\"og:image:height\" content=\"1080\" \/>\n\t<meta property=\"og:image:type\" content=\"image\/jpeg\" \/>\n<meta name=\"twitter:card\" content=\"summary_large_image\" \/>\n<meta name=\"twitter:label1\" content=\"Est. reading time\" \/>\n\t<meta name=\"twitter:data1\" content=\"2 minutes\" \/>\n<script type=\"application\/ld+json\" class=\"yoast-schema-graph\">{\"@context\":\"https:\\\/\\\/schema.org\",\"@graph\":[{\"@type\":\"WebPage\",\"@id\":\"https:\\\/\\\/vitaresorp.com\\\/shop\\\/anti-ox\\\/\",\"url\":\"https:\\\/\\\/vitaresorp.com\\\/shop\\\/anti-ox\\\/\",\"name\":\"Qineva Anti OX \u2013 Vitamin C & Zink \\\/ Zellschutz\",\"isPartOf\":{\"@id\":\"https:\\\/\\\/vitaresorp.com\\\/#website\"},\"primaryImageOfPage\":{\"@id\":\"https:\\\/\\\/vitaresorp.com\\\/shop\\\/anti-ox\\\/#primaryimage\"},\"image\":{\"@id\":\"https:\\\/\\\/vitaresorp.com\\\/shop\\\/anti-ox\\\/#primaryimage\"},\"thumbnailUrl\":\"https:\\\/\\\/vitaresorp.com\\\/wp-content\\\/uploads\\\/2024\\\/06\\\/anti-ox.jpg\",\"datePublished\":\"2024-08-12T08:21:13+00:00\",\"dateModified\":\"2026-03-11T14:01:38+00:00\",\"description\":\"Qineva Anti OX \u2013 Hochwertige Nahrungserg\u00e4nzung mit Vitamin C und Zink zur Unterst\u00fctzung des Immunsystems und zum Schutz der Zellen\",\"breadcrumb\":{\"@id\":\"https:\\\/\\\/vitaresorp.com\\\/shop\\\/anti-ox\\\/#breadcrumb\"},\"inLanguage\":\"en-US\",\"potentialAction\":[{\"@type\":\"ReadAction\",\"target\":[\"https:\\\/\\\/vitaresorp.com\\\/shop\\\/anti-ox\\\/\"]}]},{\"@type\":\"ImageObject\",\"inLanguage\":\"en-US\",\"@id\":\"https:\\\/\\\/vitaresorp.com\\\/shop\\\/anti-ox\\\/#primaryimage\",\"url\":\"https:\\\/\\\/vitaresorp.com\\\/wp-content\\\/uploads\\\/2024\\\/06\\\/anti-ox.jpg\",\"contentUrl\":\"https:\\\/\\\/vitaresorp.com\\\/wp-content\\\/uploads\\\/2024\\\/06\\\/anti-ox.jpg\",\"width\":1080,\"height\":1080},{\"@type\":\"BreadcrumbList\",\"@id\":\"https:\\\/\\\/vitaresorp.com\\\/shop\\\/anti-ox\\\/#breadcrumb\",\"itemListElement\":[{\"@type\":\"ListItem\",\"position\":1,\"name\":\"Startseite\",\"item\":\"https:\\\/\\\/vitaresorp.com\\\/\"},{\"@type\":\"ListItem\",\"position\":2,\"name\":\"Shop\",\"item\":\"https:\\\/\\\/vitaresorp.com\\\/shop\\\/\"},{\"@type\":\"ListItem\",\"position\":3,\"name\":\"Anti-OX | Vitamin C &#038; Zink\"}]},{\"@type\":\"WebSite\",\"@id\":\"https:\\\/\\\/vitaresorp.com\\\/#website\",\"url\":\"https:\\\/\\\/vitaresorp.com\\\/\",\"name\":\"Qineva\",\"description\":\"Optimierte Aufnahme von N\u00e4hrstoffen\",\"publisher\":{\"@id\":\"https:\\\/\\\/vitaresorp.com\\\/#organization\"},\"potentialAction\":[{\"@type\":\"SearchAction\",\"target\":{\"@type\":\"EntryPoint\",\"urlTemplate\":\"https:\\\/\\\/vitaresorp.com\\\/?s={search_term_string}\"},\"query-input\":{\"@type\":\"PropertyValueSpecification\",\"valueRequired\":true,\"valueName\":\"search_term_string\"}}],\"inLanguage\":\"en-US\"},{\"@type\":\"Organization\",\"@id\":\"https:\\\/\\\/vitaresorp.com\\\/#organization\",\"name\":\"Qineva\",\"url\":\"https:\\\/\\\/vitaresorp.com\\\/\",\"logo\":{\"@type\":\"ImageObject\",\"inLanguage\":\"en-US\",\"@id\":\"https:\\\/\\\/vitaresorp.com\\\/#\\\/schema\\\/logo\\\/image\\\/\",\"url\":\"https:\\\/\\\/vitaresorp.com\\\/wp-content\\\/uploads\\\/2024\\\/09\\\/vitaresorp-logo-n.png\",\"contentUrl\":\"https:\\\/\\\/vitaresorp.com\\\/wp-content\\\/uploads\\\/2024\\\/09\\\/vitaresorp-logo-n.png\",\"width\":881,\"height\":247,\"caption\":\"Qineva\"},\"image\":{\"@id\":\"https:\\\/\\\/vitaresorp.com\\\/#\\\/schema\\\/logo\\\/image\\\/\"},\"sameAs\":[\"https:\\\/\\\/www.facebook.com\\\/qinevadeutschland\\\/\",\"https:\\\/\\\/www.instagram.com\\\/qineva_official\\\/\",\"https:\\\/\\\/www.youtube.com\\\/channel\\\/UCfv59SJdH33qotQGOB7nTdg\"]}]}<\/script>\n<!-- \/ Yoast SEO plugin. -->","yoast_head_json":{"title":"Qineva Anti OX \u2013 Vitamin C & Zink \/ Zellschutz","description":"Qineva Anti OX \u2013 Hochwertige Nahrungserg\u00e4nzung mit Vitamin C und Zink zur Unterst\u00fctzung des Immunsystems und zum Schutz der Zellen","robots":{"index":"index","follow":"follow","max-snippet":"max-snippet:-1","max-image-preview":"max-image-preview:large","max-video-preview":"max-video-preview:-1"},"canonical":"https:\/\/vitaresorp.com\/en\/shop\/anti-ox\/","og_locale":"en_US","og_type":"article","og_title":"Qineva Anti OX \u2013 Vitamin C & Zink \/ Zellschutz","og_description":"Qineva Anti OX \u2013 Hochwertige Nahrungserg\u00e4nzung mit Vitamin C und Zink zur Unterst\u00fctzung des Immunsystems und zum Schutz der Zellen","og_url":"https:\/\/vitaresorp.com\/en\/shop\/anti-ox\/","og_site_name":"Vitaresorp\u00ae","article_publisher":"https:\/\/www.facebook.com\/qinevadeutschland\/","article_modified_time":"2026-03-11T14:01:38+00:00","og_image":[{"width":1080,"height":1080,"url":"https:\/\/vitaresorp.com\/wp-content\/uploads\/2024\/06\/anti-ox.jpg","type":"image\/jpeg"}],"twitter_card":"summary_large_image","twitter_misc":{"Est. reading time":"2 minutes"},"schema":{"@context":"https:\/\/schema.org","@graph":[{"@type":"WebPage","@id":"https:\/\/vitaresorp.com\/shop\/anti-ox\/","url":"https:\/\/vitaresorp.com\/shop\/anti-ox\/","name":"Qineva Anti OX \u2013 Vitamin C & Zink \/ Zellschutz","isPartOf":{"@id":"https:\/\/vitaresorp.com\/#website"},"primaryImageOfPage":{"@id":"https:\/\/vitaresorp.com\/shop\/anti-ox\/#primaryimage"},"image":{"@id":"https:\/\/vitaresorp.com\/shop\/anti-ox\/#primaryimage"},"thumbnailUrl":"https:\/\/vitaresorp.com\/wp-content\/uploads\/2024\/06\/anti-ox.jpg","datePublished":"2024-08-12T08:21:13+00:00","dateModified":"2026-03-11T14:01:38+00:00","description":"Qineva Anti OX \u2013 Hochwertige Nahrungserg\u00e4nzung mit Vitamin C und Zink zur Unterst\u00fctzung des Immunsystems und zum Schutz der Zellen","breadcrumb":{"@id":"https:\/\/vitaresorp.com\/shop\/anti-ox\/#breadcrumb"},"inLanguage":"en-US","potentialAction":[{"@type":"ReadAction","target":["https:\/\/vitaresorp.com\/shop\/anti-ox\/"]}]},{"@type":"ImageObject","inLanguage":"en-US","@id":"https:\/\/vitaresorp.com\/shop\/anti-ox\/#primaryimage","url":"https:\/\/vitaresorp.com\/wp-content\/uploads\/2024\/06\/anti-ox.jpg","contentUrl":"https:\/\/vitaresorp.com\/wp-content\/uploads\/2024\/06\/anti-ox.jpg","width":1080,"height":1080},{"@type":"BreadcrumbList","@id":"https:\/\/vitaresorp.com\/shop\/anti-ox\/#breadcrumb","itemListElement":[{"@type":"ListItem","position":1,"name":"Startseite","item":"https:\/\/vitaresorp.com\/"},{"@type":"ListItem","position":2,"name":"Shop","item":"https:\/\/vitaresorp.com\/shop\/"},{"@type":"ListItem","position":3,"name":"Anti-OX | Vitamin C &#038; Zink"}]},{"@type":"WebSite","@id":"https:\/\/vitaresorp.com\/#website","url":"https:\/\/vitaresorp.com\/","name":"Qineva","description":"Optimierte Aufnahme von N\u00e4hrstoffen","publisher":{"@id":"https:\/\/vitaresorp.com\/#organization"},"potentialAction":[{"@type":"SearchAction","target":{"@type":"EntryPoint","urlTemplate":"https:\/\/vitaresorp.com\/?s={search_term_string}"},"query-input":{"@type":"PropertyValueSpecification","valueRequired":true,"valueName":"search_term_string"}}],"inLanguage":"en-US"},{"@type":"Organization","@id":"https:\/\/vitaresorp.com\/#organization","name":"Qineva","url":"https:\/\/vitaresorp.com\/","logo":{"@type":"ImageObject","inLanguage":"en-US","@id":"https:\/\/vitaresorp.com\/#\/schema\/logo\/image\/","url":"https:\/\/vitaresorp.com\/wp-content\/uploads\/2024\/09\/vitaresorp-logo-n.png","contentUrl":"https:\/\/vitaresorp.com\/wp-content\/uploads\/2024\/09\/vitaresorp-logo-n.png","width":881,"height":247,"caption":"Qineva"},"image":{"@id":"https:\/\/vitaresorp.com\/#\/schema\/logo\/image\/"},"sameAs":["https:\/\/www.facebook.com\/qinevadeutschland\/","https:\/\/www.instagram.com\/qineva_official\/","https:\/\/www.youtube.com\/channel\/UCfv59SJdH33qotQGOB7nTdg"]}]}},"jetpack_sharing_enabled":true,"tiered_pricing_type":"percentage","tiered_pricing_fixed_rules":[],"tiered_pricing_product_settings":{"layout":"default","base_unit_name":{"singular":null,"plural":null},"default_variation":null},"tiered_pricing_minimum_quantity":null,"tiered_pricing_roles_data":[],"tiered_pricing_percentage_rules":{"3":"5","6":"15"},"tiered_pricing_maximum_quantity":null,"tiered_pricing_quantity_step":null,"_links":{"self":[{"href":"https:\/\/vitaresorp.com\/en\/wp-json\/wp\/v2\/product\/3719","targetHints":{"allow":["GET"]}}],"collection":[{"href":"https:\/\/vitaresorp.com\/en\/wp-json\/wp\/v2\/product"}],"about":[{"href":"https:\/\/vitaresorp.com\/en\/wp-json\/wp\/v2\/types\/product"}],"version-history":[{"count":7,"href":"https:\/\/vitaresorp.com\/en\/wp-json\/wp\/v2\/product\/3719\/revisions"}],"predecessor-version":[{"id":11578,"href":"https:\/\/vitaresorp.com\/en\/wp-json\/wp\/v2\/product\/3719\/revisions\/11578"}],"acf:post":[{"embeddable":true,"href":"https:\/\/vitaresorp.com\/en\/wp-json\/wp\/v2\/product\/9122"}],"wp:featuredmedia":[{"embeddable":true,"href":"https:\/\/vitaresorp.com\/en\/wp-json\/wp\/v2\/media\/12270"}],"wp:attachment":[{"href":"https:\/\/vitaresorp.com\/en\/wp-json\/wp\/v2\/media?parent=3719"}],"wp:term":[{"taxonomy":"inhaltsstoff","embeddable":true,"href":"https:\/\/vitaresorp.com\/en\/wp-json\/wp\/v2\/inhaltsstoff?post=3719"},{"taxonomy":"product_brand","embeddable":true,"href":"https:\/\/vitaresorp.com\/en\/wp-json\/wp\/v2\/product_brand?post=3719"},{"taxonomy":"product_cat","embeddable":true,"href":"https:\/\/vitaresorp.com\/en\/wp-json\/wp\/v2\/product_cat?post=3719"},{"taxonomy":"product_tag","embeddable":true,"href":"https:\/\/vitaresorp.com\/en\/wp-json\/wp\/v2\/product_tag?post=3719"}],"curies":[{"name":"wp","href":"https:\/\/api.w.org\/{rel}","templated":true}]}}