{"id":3702,"date":"2024-08-11T19:08:55","date_gmt":"2024-08-11T19:08:55","guid":{"rendered":"https:\/\/qineva.werbeonkel.at\/?post_type=product&#038;p=3702"},"modified":"2026-03-02T09:24:20","modified_gmt":"2026-03-02T08:24:20","slug":"adek","status":"publish","type":"product","link":"https:\/\/vitaresorp.com\/en\/shop\/adek\/","title":{"rendered":"ADEK &#8211; Vitamine"},"content":{"rendered":"<h2 data-start=\"263\" data-end=\"294\">\ud83c\udf3f Qineva \u201cA-D-E-K\u201d Vitamine<\/h2>\n<p data-start=\"296\" data-end=\"362\"><strong data-start=\"296\" data-end=\"360\">Gezielte Versorgung mit essenziellen fettl\u00f6slichen Vitaminen<\/strong><\/p>\n<p data-start=\"364\" data-end=\"661\">Qineva A-D-E-K liefert deinem K\u00f6rper die wichtigen fettl\u00f6slichen Vitamine A, D, E und K in einer durchdachten Formulierung mit hochwertigem Oliven\u00f6l. Diese Kombination wurde speziell entwickelt, um deine t\u00e4gliche Ern\u00e4hrung zu erg\u00e4nzen und zentrale K\u00f6rperfunktionen gezielt zu unterst\u00fctzen (1\u20135).<\/p>\n<p data-start=\"663\" data-end=\"829\">Vitamin A tr\u00e4gt zur Erhaltung normaler Haut und Schleimh\u00e4ute bei, unterst\u00fctzt die normale Funktion des Immunsystems und hilft, die normale Sehkraft zu bewahren (1).<\/p>\n<p data-start=\"831\" data-end=\"1020\">Vitamin D spielt eine wichtige Rolle f\u00fcr die Erhaltung normaler Knochen (2), unterst\u00fctzt die normale Muskelfunktion (3) und tr\u00e4gt ebenfalls zur normalen Funktion des Immunsystems bei (4).<\/p>\n<p data-start=\"1022\" data-end=\"1128\">Vitamin E sch\u00fctzt die Zellen vor oxidativem Stress (5) und tr\u00e4gt so zum Schutz vor freien Radikalen bei.<\/p>\n<p data-start=\"1130\" data-end=\"1230\">Vitamin K unterst\u00fctzt eine normale Blutgerinnung und tr\u00e4gt zur Erhaltung normaler Knochen bei (2).<\/p>\n<p data-start=\"1232\" data-end=\"1390\">Einfach t\u00e4glich 1 Kapsel mit ausreichend Fl\u00fcssigkeit einnehmen \u2013 f\u00fcr eine hochwertige und unkomplizierte Unterst\u00fctzung deiner t\u00e4glichen N\u00e4hrstoffversorgung.<\/p>\n<h3 data-start=\"1397\" data-end=\"1434\">\u2714\ufe0f Deine Vorteile auf einen Blick<\/h3>\n<p data-start=\"1435\" data-end=\"1726\">\u2705 Speziell entwickelt f\u00fcr gezielte Vitaminversorgung (1\u20135)<br data-start=\"1493\" data-end=\"1496\" \/>\u2705 Enth\u00e4lt alle vier fettl\u00f6slichen Vitamine in Oliven\u00f6l<br data-start=\"1550\" data-end=\"1553\" \/>\u2705 Unterst\u00fctzt Knochen, Immunsystem, Sehkraft und Zellschutz (1\u20135)<br data-start=\"1618\" data-end=\"1621\" \/>\u2705 Vegan, laktosefrei, glutenfrei, ohne Gentechnik<br data-start=\"1670\" data-end=\"1673\" \/>\u2705 Frei von Allergenen gem\u00e4\u00df EU-Verordnung 1169\/2011<\/p>","protected":false},"excerpt":{"rendered":"<ul>\n<li>A, D, E &amp; K in ausgewogener, fettl\u00f6slicher Formulierung<\/li>\n<li>Unterst\u00fctzt Knochen, Immunsystem, Sehkraft &amp; Zellschutz (1\u20135)<\/li>\n<li>Vegan, laktosefrei, glutenfrei, ohne Gentechnik<\/li>\n<li>Frei von Allergenen (EU 1169\/2011)<\/li>\n<\/ul>","protected":false},"featured_media":12269,"template":"","meta":{"_acf_changed":false,"inline_featured_image":false},"inhaltsstoff":[257,274,307,308],"product_brand":[],"product_cat":[143,146,147,164,142],"product_tag":[253],"class_list":{"0":"post-3702","1":"product","2":"type-product","3":"status-publish","4":"has-post-thumbnail","6":"inhaltsstoff-vitamin-a","7":"inhaltsstoff-vitamin-e","8":"inhaltsstoff-vitamind3","9":"inhaltsstoff-vitamink2","10":"product_cat-gesunde-knochen-muskeln","11":"product_cat-gesunde-haut-und-schleimhaut","12":"product_cat-immunsystem-staerken","13":"product_cat-gelenke-und-bindegewebe","14":"product_cat-unterstuetzung-der-augengesundheit","15":"product_tag-einzelprodukt","17":"first","18":"instock","19":"taxable","20":"shipping-taxable","21":"purchasable","22":"product-type-simple"},"bundled_by":["3155"],"bundle_stock_status":"instock","bundle_stock_quantity":46,"bundle_virtual":false,"bundle_layout":"","bundle_add_to_cart_form_location":"","bundle_editable_in_cart":false,"bundle_sold_individually_context":"","bundle_item_grouping":"","bundle_min_size":"","bundle_max_size":"","bundle_price":[],"bundled_items":[],"bundle_sell_ids":[],"acf":{"variant_produkt":9126,"zusammensetzung":[{"titel":"Zusammensetzung","werte":[{"wert":"Vitamin E"},{"wert":"Vitamin A"},{"wert":"Vitamin K2"},{"wert":"Vitamin D3"}]},{"titel":"pro Kapsel\/Tag","werte":[{"wert":"132 mg a-TE"},{"wert":"300 ug RE"},{"wert":"50 ug"},{"wert":"25 ug"}]},{"titel":"% NRV *","werte":[{"wert":"1100%"},{"wert":"37%"},{"wert":"66%"},{"wert":"500%"}]}],"health_claims":"(1) Vitamin A:\r\ntr\u00e4gt zur Erhaltung normaler Haut und Schleimh\u00e4ute bei\r\ntr\u00e4gt zur Erhaltung normaler Sehkraft bei\r\ntr\u00e4gt zu einer normalen Funktion des Immunsystems bei\r\n\r\n(2) Vitamin D und Vitamin K:\r\ntragen zur Erhaltung normaler Knochen bei\r\n\r\n(3) Vitamin D:\r\ntr\u00e4gt zur Erhaltung einer normalen Muskelfunktion bei\r\n\r\n(4) Vitamin D:\r\ntr\u00e4gt zu einer normalen Funktion des Immunsystems bei\r\n\r\n(5) Vitamin E:\r\ntr\u00e4gt dazu bei, die Zellen vor oxidativem Stress zu sch\u00fctzen"},"yoast_head":"<!-- This site is optimized with the Yoast SEO plugin v27.4 - https:\/\/yoast.com\/product\/yoast-seo-wordpress\/ -->\n<title>Qineva A-D-E-K \u2013 Vitamine f\u00fcr Immunsystem &amp; Knochen<\/title>\n<meta name=\"description\" content=\"Vitamin A, D, E &amp; K in Oliven\u00f6l f\u00fcr Immunsystem, Knochen, Muskeln, Sehkraft &amp; Zellschutz. Vegan, laktosefrei, allergenfrei.\" \/>\n<meta name=\"robots\" content=\"index, follow, max-snippet:-1, max-image-preview:large, max-video-preview:-1\" \/>\n<link rel=\"canonical\" href=\"https:\/\/vitaresorp.com\/en\/shop\/adek\/\" \/>\n<meta property=\"og:locale\" content=\"en_US\" \/>\n<meta property=\"og:type\" content=\"article\" \/>\n<meta property=\"og:title\" content=\"Qineva A-D-E-K \u2013 Vitamine f\u00fcr Immunsystem &amp; Knochen\" \/>\n<meta property=\"og:description\" content=\"Vitamin A, D, E &amp; K in Oliven\u00f6l f\u00fcr Immunsystem, Knochen, Muskeln, Sehkraft &amp; Zellschutz. Vegan, laktosefrei, allergenfrei.\" \/>\n<meta property=\"og:url\" content=\"https:\/\/vitaresorp.com\/en\/shop\/adek\/\" \/>\n<meta property=\"og:site_name\" content=\"Vitaresorp\u00ae\" \/>\n<meta property=\"article:publisher\" content=\"https:\/\/www.facebook.com\/qinevadeutschland\/\" \/>\n<meta property=\"article:modified_time\" content=\"2026-03-02T08:24:20+00:00\" \/>\n<meta property=\"og:image\" content=\"https:\/\/vitaresorp.com\/wp-content\/uploads\/2024\/06\/adek.jpg\" \/>\n\t<meta property=\"og:image:width\" content=\"1080\" \/>\n\t<meta property=\"og:image:height\" content=\"1080\" \/>\n\t<meta property=\"og:image:type\" content=\"image\/jpeg\" \/>\n<meta name=\"twitter:card\" content=\"summary_large_image\" \/>\n<meta name=\"twitter:label1\" content=\"Est. reading time\" \/>\n\t<meta name=\"twitter:data1\" content=\"2 minutes\" \/>\n<script type=\"application\/ld+json\" class=\"yoast-schema-graph\">{\"@context\":\"https:\\\/\\\/schema.org\",\"@graph\":[{\"@type\":\"WebPage\",\"@id\":\"https:\\\/\\\/vitaresorp.com\\\/shop\\\/adek\\\/\",\"url\":\"https:\\\/\\\/vitaresorp.com\\\/shop\\\/adek\\\/\",\"name\":\"Qineva A-D-E-K \u2013 Vitamine f\u00fcr Immunsystem & Knochen\",\"isPartOf\":{\"@id\":\"https:\\\/\\\/vitaresorp.com\\\/#website\"},\"primaryImageOfPage\":{\"@id\":\"https:\\\/\\\/vitaresorp.com\\\/shop\\\/adek\\\/#primaryimage\"},\"image\":{\"@id\":\"https:\\\/\\\/vitaresorp.com\\\/shop\\\/adek\\\/#primaryimage\"},\"thumbnailUrl\":\"https:\\\/\\\/vitaresorp.com\\\/wp-content\\\/uploads\\\/2024\\\/06\\\/adek.jpg\",\"datePublished\":\"2024-08-11T19:08:55+00:00\",\"dateModified\":\"2026-03-02T08:24:20+00:00\",\"description\":\"Vitamin A, D, E & K in Oliven\u00f6l f\u00fcr Immunsystem, Knochen, Muskeln, Sehkraft & Zellschutz. Vegan, laktosefrei, allergenfrei.\",\"breadcrumb\":{\"@id\":\"https:\\\/\\\/vitaresorp.com\\\/shop\\\/adek\\\/#breadcrumb\"},\"inLanguage\":\"en-US\",\"potentialAction\":[{\"@type\":\"ReadAction\",\"target\":[\"https:\\\/\\\/vitaresorp.com\\\/shop\\\/adek\\\/\"]}]},{\"@type\":\"ImageObject\",\"inLanguage\":\"en-US\",\"@id\":\"https:\\\/\\\/vitaresorp.com\\\/shop\\\/adek\\\/#primaryimage\",\"url\":\"https:\\\/\\\/vitaresorp.com\\\/wp-content\\\/uploads\\\/2024\\\/06\\\/adek.jpg\",\"contentUrl\":\"https:\\\/\\\/vitaresorp.com\\\/wp-content\\\/uploads\\\/2024\\\/06\\\/adek.jpg\",\"width\":1080,\"height\":1080},{\"@type\":\"BreadcrumbList\",\"@id\":\"https:\\\/\\\/vitaresorp.com\\\/shop\\\/adek\\\/#breadcrumb\",\"itemListElement\":[{\"@type\":\"ListItem\",\"position\":1,\"name\":\"Startseite\",\"item\":\"https:\\\/\\\/vitaresorp.com\\\/\"},{\"@type\":\"ListItem\",\"position\":2,\"name\":\"Shop\",\"item\":\"https:\\\/\\\/vitaresorp.com\\\/shop\\\/\"},{\"@type\":\"ListItem\",\"position\":3,\"name\":\"ADEK &#8211; Vitamine\"}]},{\"@type\":\"WebSite\",\"@id\":\"https:\\\/\\\/vitaresorp.com\\\/#website\",\"url\":\"https:\\\/\\\/vitaresorp.com\\\/\",\"name\":\"Qineva\",\"description\":\"Optimierte Aufnahme von N\u00e4hrstoffen\",\"publisher\":{\"@id\":\"https:\\\/\\\/vitaresorp.com\\\/#organization\"},\"potentialAction\":[{\"@type\":\"SearchAction\",\"target\":{\"@type\":\"EntryPoint\",\"urlTemplate\":\"https:\\\/\\\/vitaresorp.com\\\/?s={search_term_string}\"},\"query-input\":{\"@type\":\"PropertyValueSpecification\",\"valueRequired\":true,\"valueName\":\"search_term_string\"}}],\"inLanguage\":\"en-US\"},{\"@type\":\"Organization\",\"@id\":\"https:\\\/\\\/vitaresorp.com\\\/#organization\",\"name\":\"Qineva\",\"url\":\"https:\\\/\\\/vitaresorp.com\\\/\",\"logo\":{\"@type\":\"ImageObject\",\"inLanguage\":\"en-US\",\"@id\":\"https:\\\/\\\/vitaresorp.com\\\/#\\\/schema\\\/logo\\\/image\\\/\",\"url\":\"https:\\\/\\\/vitaresorp.com\\\/wp-content\\\/uploads\\\/2024\\\/09\\\/vitaresorp-logo-n.png\",\"contentUrl\":\"https:\\\/\\\/vitaresorp.com\\\/wp-content\\\/uploads\\\/2024\\\/09\\\/vitaresorp-logo-n.png\",\"width\":881,\"height\":247,\"caption\":\"Qineva\"},\"image\":{\"@id\":\"https:\\\/\\\/vitaresorp.com\\\/#\\\/schema\\\/logo\\\/image\\\/\"},\"sameAs\":[\"https:\\\/\\\/www.facebook.com\\\/qinevadeutschland\\\/\",\"https:\\\/\\\/www.instagram.com\\\/qineva_official\\\/\",\"https:\\\/\\\/www.youtube.com\\\/channel\\\/UCfv59SJdH33qotQGOB7nTdg\"]}]}<\/script>\n<!-- \/ Yoast SEO plugin. -->","yoast_head_json":{"title":"Qineva A-D-E-K \u2013 Vitamine f\u00fcr Immunsystem & Knochen","description":"Vitamin A, D, E & K in Oliven\u00f6l f\u00fcr Immunsystem, Knochen, Muskeln, Sehkraft & Zellschutz. Vegan, laktosefrei, allergenfrei.","robots":{"index":"index","follow":"follow","max-snippet":"max-snippet:-1","max-image-preview":"max-image-preview:large","max-video-preview":"max-video-preview:-1"},"canonical":"https:\/\/vitaresorp.com\/en\/shop\/adek\/","og_locale":"en_US","og_type":"article","og_title":"Qineva A-D-E-K \u2013 Vitamine f\u00fcr Immunsystem & Knochen","og_description":"Vitamin A, D, E & K in Oliven\u00f6l f\u00fcr Immunsystem, Knochen, Muskeln, Sehkraft & Zellschutz. Vegan, laktosefrei, allergenfrei.","og_url":"https:\/\/vitaresorp.com\/en\/shop\/adek\/","og_site_name":"Vitaresorp\u00ae","article_publisher":"https:\/\/www.facebook.com\/qinevadeutschland\/","article_modified_time":"2026-03-02T08:24:20+00:00","og_image":[{"width":1080,"height":1080,"url":"https:\/\/vitaresorp.com\/wp-content\/uploads\/2024\/06\/adek.jpg","type":"image\/jpeg"}],"twitter_card":"summary_large_image","twitter_misc":{"Est. reading time":"2 minutes"},"schema":{"@context":"https:\/\/schema.org","@graph":[{"@type":"WebPage","@id":"https:\/\/vitaresorp.com\/shop\/adek\/","url":"https:\/\/vitaresorp.com\/shop\/adek\/","name":"Qineva A-D-E-K \u2013 Vitamine f\u00fcr Immunsystem & Knochen","isPartOf":{"@id":"https:\/\/vitaresorp.com\/#website"},"primaryImageOfPage":{"@id":"https:\/\/vitaresorp.com\/shop\/adek\/#primaryimage"},"image":{"@id":"https:\/\/vitaresorp.com\/shop\/adek\/#primaryimage"},"thumbnailUrl":"https:\/\/vitaresorp.com\/wp-content\/uploads\/2024\/06\/adek.jpg","datePublished":"2024-08-11T19:08:55+00:00","dateModified":"2026-03-02T08:24:20+00:00","description":"Vitamin A, D, E & K in Oliven\u00f6l f\u00fcr Immunsystem, Knochen, Muskeln, Sehkraft & Zellschutz. Vegan, laktosefrei, allergenfrei.","breadcrumb":{"@id":"https:\/\/vitaresorp.com\/shop\/adek\/#breadcrumb"},"inLanguage":"en-US","potentialAction":[{"@type":"ReadAction","target":["https:\/\/vitaresorp.com\/shop\/adek\/"]}]},{"@type":"ImageObject","inLanguage":"en-US","@id":"https:\/\/vitaresorp.com\/shop\/adek\/#primaryimage","url":"https:\/\/vitaresorp.com\/wp-content\/uploads\/2024\/06\/adek.jpg","contentUrl":"https:\/\/vitaresorp.com\/wp-content\/uploads\/2024\/06\/adek.jpg","width":1080,"height":1080},{"@type":"BreadcrumbList","@id":"https:\/\/vitaresorp.com\/shop\/adek\/#breadcrumb","itemListElement":[{"@type":"ListItem","position":1,"name":"Startseite","item":"https:\/\/vitaresorp.com\/"},{"@type":"ListItem","position":2,"name":"Shop","item":"https:\/\/vitaresorp.com\/shop\/"},{"@type":"ListItem","position":3,"name":"ADEK &#8211; Vitamine"}]},{"@type":"WebSite","@id":"https:\/\/vitaresorp.com\/#website","url":"https:\/\/vitaresorp.com\/","name":"Qineva","description":"Optimierte Aufnahme von N\u00e4hrstoffen","publisher":{"@id":"https:\/\/vitaresorp.com\/#organization"},"potentialAction":[{"@type":"SearchAction","target":{"@type":"EntryPoint","urlTemplate":"https:\/\/vitaresorp.com\/?s={search_term_string}"},"query-input":{"@type":"PropertyValueSpecification","valueRequired":true,"valueName":"search_term_string"}}],"inLanguage":"en-US"},{"@type":"Organization","@id":"https:\/\/vitaresorp.com\/#organization","name":"Qineva","url":"https:\/\/vitaresorp.com\/","logo":{"@type":"ImageObject","inLanguage":"en-US","@id":"https:\/\/vitaresorp.com\/#\/schema\/logo\/image\/","url":"https:\/\/vitaresorp.com\/wp-content\/uploads\/2024\/09\/vitaresorp-logo-n.png","contentUrl":"https:\/\/vitaresorp.com\/wp-content\/uploads\/2024\/09\/vitaresorp-logo-n.png","width":881,"height":247,"caption":"Qineva"},"image":{"@id":"https:\/\/vitaresorp.com\/#\/schema\/logo\/image\/"},"sameAs":["https:\/\/www.facebook.com\/qinevadeutschland\/","https:\/\/www.instagram.com\/qineva_official\/","https:\/\/www.youtube.com\/channel\/UCfv59SJdH33qotQGOB7nTdg"]}]}},"jetpack_sharing_enabled":true,"tiered_pricing_type":"percentage","tiered_pricing_fixed_rules":[],"tiered_pricing_product_settings":{"layout":"default","base_unit_name":{"singular":null,"plural":null},"default_variation":null},"tiered_pricing_minimum_quantity":null,"tiered_pricing_roles_data":[],"tiered_pricing_percentage_rules":{"3":"5","6":"15"},"tiered_pricing_maximum_quantity":null,"tiered_pricing_quantity_step":null,"_links":{"self":[{"href":"https:\/\/vitaresorp.com\/en\/wp-json\/wp\/v2\/product\/3702","targetHints":{"allow":["GET"]}}],"collection":[{"href":"https:\/\/vitaresorp.com\/en\/wp-json\/wp\/v2\/product"}],"about":[{"href":"https:\/\/vitaresorp.com\/en\/wp-json\/wp\/v2\/types\/product"}],"version-history":[{"count":6,"href":"https:\/\/vitaresorp.com\/en\/wp-json\/wp\/v2\/product\/3702\/revisions"}],"predecessor-version":[{"id":11579,"href":"https:\/\/vitaresorp.com\/en\/wp-json\/wp\/v2\/product\/3702\/revisions\/11579"}],"acf:post":[{"embeddable":true,"href":"https:\/\/vitaresorp.com\/en\/wp-json\/wp\/v2\/product\/9126"}],"wp:featuredmedia":[{"embeddable":true,"href":"https:\/\/vitaresorp.com\/en\/wp-json\/wp\/v2\/media\/12269"}],"wp:attachment":[{"href":"https:\/\/vitaresorp.com\/en\/wp-json\/wp\/v2\/media?parent=3702"}],"wp:term":[{"taxonomy":"inhaltsstoff","embeddable":true,"href":"https:\/\/vitaresorp.com\/en\/wp-json\/wp\/v2\/inhaltsstoff?post=3702"},{"taxonomy":"product_brand","embeddable":true,"href":"https:\/\/vitaresorp.com\/en\/wp-json\/wp\/v2\/product_brand?post=3702"},{"taxonomy":"product_cat","embeddable":true,"href":"https:\/\/vitaresorp.com\/en\/wp-json\/wp\/v2\/product_cat?post=3702"},{"taxonomy":"product_tag","embeddable":true,"href":"https:\/\/vitaresorp.com\/en\/wp-json\/wp\/v2\/product_tag?post=3702"}],"curies":[{"name":"wp","href":"https:\/\/api.w.org\/{rel}","templated":true}]}}