{"id":233,"date":"2024-06-11T06:51:11","date_gmt":"2024-06-11T06:51:11","guid":{"rendered":"https:\/\/clever-hermann.82-165-116-136.plesk.page\/shop\/qineva-kraeuter-elixier\/"},"modified":"2026-03-02T09:25:57","modified_gmt":"2026-03-02T08:25:57","slug":"kraeuter-elixier","status":"publish","type":"product","link":"https:\/\/vitaresorp.com\/en\/shop\/kraeuter-elixier\/","title":{"rendered":"Kr\u00e4uter Elixier"},"content":{"rendered":"<div data-elementor-type=\"product-post\" data-elementor-id=\"233\" class=\"elementor elementor-233\" data-elementor-post-type=\"product\">\n\t\t\t\t<div class=\"elementor-element elementor-element-13068134 e-flex e-con-boxed e-con e-parent\" data-id=\"13068134\" data-element_type=\"container\" data-e-type=\"container\">\n\t\t\t\t\t<div class=\"e-con-inner\">\n\t\t\t\t<div class=\"elementor-element elementor-element-7f262fa elementor-widget__width-initial elementor-widget-mobile__width-inherit elementor-widget elementor-widget-image\" data-id=\"7f262fa\" data-element_type=\"widget\" data-e-type=\"widget\" data-widget_type=\"image.default\">\n\t\t\t\t\t\t\t\t\t\t\t\t\t\t\t<img fetchpriority=\"high\" decoding=\"async\" width=\"750\" height=\"750\" src=\"https:\/\/vitaresorp.com\/wp-content\/uploads\/2024\/06\/kruuter_Zeichenflache-1-Kopie-5_klein_1800x1800.webp\" class=\"attachment-large size-large wp-image-3592\" alt=\"Qineva\u00ae Kr\u00e4uter Elixier\" srcset=\"https:\/\/vitaresorp.com\/wp-content\/uploads\/2024\/06\/kruuter_Zeichenflache-1-Kopie-5_klein_1800x1800.webp 750w, https:\/\/vitaresorp.com\/wp-content\/uploads\/2024\/06\/kruuter_Zeichenflache-1-Kopie-5_klein_1800x1800-600x600.webp 600w, https:\/\/vitaresorp.com\/wp-content\/uploads\/2024\/06\/kruuter_Zeichenflache-1-Kopie-5_klein_1800x1800-100x100.webp 100w, https:\/\/vitaresorp.com\/wp-content\/uploads\/2024\/06\/kruuter_Zeichenflache-1-Kopie-5_klein_1800x1800-300x300.webp 300w, https:\/\/vitaresorp.com\/wp-content\/uploads\/2024\/06\/kruuter_Zeichenflache-1-Kopie-5_klein_1800x1800-150x150.webp 150w, https:\/\/vitaresorp.com\/wp-content\/uploads\/2024\/06\/kruuter_Zeichenflache-1-Kopie-5_klein_1800x1800-45x45.webp 45w\" sizes=\"(max-width: 750px) 100vw, 750px\" \/>\t\t\t\t\t\t\t\t\t\t\t\t\t\t\t<\/div>\n\t\t\t\t<div class=\"elementor-element elementor-element-1465ce34 elementor-widget__width-initial elementor-widget-mobile__width-inherit elementor-widget elementor-widget-text-editor\" data-id=\"1465ce34\" data-element_type=\"widget\" data-e-type=\"widget\" data-widget_type=\"text-editor.default\">\n\t\t\t\t\t\t\t\t\t<h3 class=\"p1\">Kr\u00e4uter Elixier: Das klassische Rezept mit heimischen Bitterkr\u00e4utern<\/h3><p class=\"p1\">Entdecken Sie unsere Kr\u00e4uter Elixier, eine Mischung aus bitterstoffreichen Pflanzen, inspiriert von Hugo Windorfer.<\/p><p class=\"p1\">Heutzutage sind Bitterstoffe aus den meisten Lebensmitteln herausgez\u00fcchtet. Unser Elixier enth\u00e4lt eine sorgf\u00e4ltig ausgew\u00e4hlte Mischung aus Wermutkraut, Tausendg\u00fcldenkraut, Kalmuswurzel, Fenchel und weiteren Pflanzen mit hohem Bitterstoffgehalt.<\/p><p class=\"p1\">Inspiriert von Hugo Windorfer<\/p><p class=\"p1\">Der Ursprung dieses Bitterstoff-Elixiers geht zur\u00fcck auf den angesehenen Apotheker Hugo Windorfer. Durch seine Liebe zur Natur und Pflanzen entwickelte er zahlreiche Extrakte, Pulver, Tinkturen und Salben. Seine Produkte waren so bekannt, dass sie es bis an den f\u00fcrstlichen Hof in Regensburg schafften. In Anlehnung an seine Tradition wird dieses Kr\u00e4uterelixier nach alter Rezeptur hergestellt.<\/p>\t\t\t\t\t\t\t\t<\/div>\n\t\t\t\t<div class=\"elementor-element elementor-element-f8dfab9 elementor-widget__width-initial elementor-widget-mobile__width-inherit elementor-widget elementor-widget-image\" data-id=\"f8dfab9\" data-element_type=\"widget\" data-e-type=\"widget\" data-widget_type=\"image.default\">\n\t\t\t\t\t\t\t\t\t\t\t\t\t\t\t<img decoding=\"async\" width=\"750\" height=\"750\" src=\"https:\/\/vitaresorp.com\/wp-content\/uploads\/2024\/06\/kruuter10_klein_1800x1800.webp\" class=\"attachment-large size-large wp-image-3590\" alt=\"Qineva\u00ae Kr\u00e4uter Elixier\" srcset=\"https:\/\/vitaresorp.com\/wp-content\/uploads\/2024\/06\/kruuter10_klein_1800x1800.webp 750w, https:\/\/vitaresorp.com\/wp-content\/uploads\/2024\/06\/kruuter10_klein_1800x1800-600x600.webp 600w, https:\/\/vitaresorp.com\/wp-content\/uploads\/2024\/06\/kruuter10_klein_1800x1800-100x100.webp 100w, https:\/\/vitaresorp.com\/wp-content\/uploads\/2024\/06\/kruuter10_klein_1800x1800-300x300.webp 300w, https:\/\/vitaresorp.com\/wp-content\/uploads\/2024\/06\/kruuter10_klein_1800x1800-150x150.webp 150w, https:\/\/vitaresorp.com\/wp-content\/uploads\/2024\/06\/kruuter10_klein_1800x1800-45x45.webp 45w\" sizes=\"(max-width: 750px) 100vw, 750px\" \/>\t\t\t\t\t\t\t\t\t\t\t\t\t\t\t<\/div>\n\t\t\t\t\t<\/div>\n\t\t\t\t<\/div>\n\t\t\t\t<\/div>","protected":false},"excerpt":{"rendered":"<p class=\"p1\">Inspiriert von der Tradition Hugo Windorfers. Enth\u00e4lt Wermutkraut, Tausendg\u00fcldenkraut und Kalmuswurzel.<\/p>\n<p class=\"p1\">Dreimal t\u00e4glich 25 Tropfen vor den Mahlzeiten einnehmen. Nicht f\u00fcr Schwangere, Stillende und Kinder geeignet.<\/p>\n<ul>\n<li class=\"p3\">Leichte Tr\u00fcbungen sind durch das Naturprodukt bedingt.<\/li>\n<li class=\"p3\">Vor Gebrauch gut sch\u00fctteln.<\/li>\n<li class=\"p3\">Die empfohlene t\u00e4gliche Verzehrmenge darf nicht \u00fcberschritten werden.<\/li>\n<li class=\"p3\">Nahrungserg\u00e4nzungsmittel sollen nicht als Ersatz f\u00fcr eine ausgewogene und abwechslungsreiche Ern\u00e4hrung und eine gesunde Lebensweise dienen.<\/li>\n<li class=\"p3\">Au\u00dferhalb der Reichweite von Kindern aufbewahren.<\/li>\n<li class=\"p3\">Trocken lagern und vor W\u00e4rme und Licht sch\u00fctzen.<\/li>\n<li class=\"p3\">Nicht f\u00fcr Schwangere, Stillende, Jugendliche und Kinder geeignet.<\/li>\n<\/ul>","protected":false},"featured_media":12267,"template":"","meta":{"_acf_changed":false,"inline_featured_image":false},"inhaltsstoff":[303,304,305,306,298,299,300,301,302],"product_brand":[],"product_cat":[162],"product_tag":[253],"class_list":{"0":"post-233","1":"product","2":"type-product","3":"status-publish","4":"has-post-thumbnail","6":"inhaltsstoff-fenchel","7":"inhaltsstoff-anis","8":"inhaltsstoff-koriander","9":"inhaltsstoff-kardamom","10":"inhaltsstoff-wermutkraut","11":"inhaltsstoff-tausendgueldenkraut","12":"inhaltsstoff-kalmuswurzel","13":"inhaltsstoff-orangenschalen","14":"inhaltsstoff-pfefferminz","15":"product_cat-gesunder-stoffwechsel","16":"product_tag-einzelprodukt","18":"first","19":"instock","20":"taxable","21":"shipping-taxable","22":"purchasable","23":"product-type-simple"},"bundled_by":["3155"],"bundle_stock_status":"instock","bundle_stock_quantity":42,"bundle_virtual":false,"bundle_layout":"","bundle_add_to_cart_form_location":"","bundle_editable_in_cart":false,"bundle_sold_individually_context":"","bundle_item_grouping":"","bundle_min_size":"","bundle_max_size":"","bundle_price":[],"bundled_items":[],"bundle_sell_ids":[],"acf":{"variant_produkt":9146,"zusammensetzung":[{"titel":"Zusammensetzung","werte":[{"wert":"Wermutkraut"},{"wert":"Tausendg\u00fcldenkraut"},{"wert":"Kalmuswurzel"},{"wert":"Orangenschalen"},{"wert":"Pfefferminzbl\u00e4tter"},{"wert":"Fenchel"},{"wert":"Anis"},{"wert":"Koriander"},{"wert":"Kardamom"}]},{"titel":"75 Tropfen \/ Tag ***","werte":[{"wert":"78 mg"},{"wert":"47 mg"},{"wert":"31 mg"},{"wert":"31 mg"},{"wert":"31 mg"},{"wert":"16 mg"},{"wert":"16 mg"},{"wert":"16 mg"},{"wert":"8 mg"}]},{"titel":"% NRV *","werte":[{"wert":"**"},{"wert":"**"},{"wert":"**"},{"wert":"**"},{"wert":"**"},{"wert":"**"},{"wert":"**"},{"wert":"**"},{"wert":"**"}]}],"health_claims":""},"yoast_head":"<!-- This site is optimized with the Yoast SEO plugin v27.4 - https:\/\/yoast.com\/product\/yoast-seo-wordpress\/ -->\n<title>Kr\u00e4uter Elixier - Ein traditionelles Kr\u00e4uter-Elixier<\/title>\n<meta name=\"description\" content=\"Bittertropfen: Ein traditionelles Bitterstoff-Elixier inspiriert von Hugo Windorfer. Unterst\u00fctzt die Verdauung.\" \/>\n<meta name=\"robots\" content=\"index, follow, max-snippet:-1, max-image-preview:large, max-video-preview:-1\" \/>\n<link rel=\"canonical\" href=\"https:\/\/vitaresorp.com\/en\/shop\/kraeuter-elixier\/\" \/>\n<meta property=\"og:locale\" content=\"en_US\" \/>\n<meta property=\"og:type\" content=\"article\" \/>\n<meta property=\"og:title\" content=\"Kr\u00e4uter Elixier - Ein traditionelles Kr\u00e4uter-Elixier\" \/>\n<meta property=\"og:description\" content=\"Bittertropfen: Ein traditionelles Bitterstoff-Elixier inspiriert von Hugo Windorfer. Unterst\u00fctzt die Verdauung.\" \/>\n<meta property=\"og:url\" content=\"https:\/\/vitaresorp.com\/en\/shop\/kraeuter-elixier\/\" \/>\n<meta property=\"og:site_name\" content=\"Vitaresorp\u00ae\" \/>\n<meta property=\"article:publisher\" content=\"https:\/\/www.facebook.com\/qinevadeutschland\/\" \/>\n<meta property=\"article:modified_time\" content=\"2026-03-02T08:25:57+00:00\" \/>\n<meta property=\"og:image\" content=\"https:\/\/vitaresorp.com\/wp-content\/uploads\/2024\/06\/kraeter-elixier.jpg\" \/>\n\t<meta property=\"og:image:width\" content=\"1080\" \/>\n\t<meta property=\"og:image:height\" content=\"1080\" \/>\n\t<meta property=\"og:image:type\" content=\"image\/jpeg\" \/>\n<meta name=\"twitter:card\" content=\"summary_large_image\" \/>\n<meta name=\"twitter:label1\" content=\"Est. reading time\" \/>\n\t<meta name=\"twitter:data1\" content=\"2 minutes\" \/>\n<script type=\"application\/ld+json\" class=\"yoast-schema-graph\">{\"@context\":\"https:\\\/\\\/schema.org\",\"@graph\":[{\"@type\":\"WebPage\",\"@id\":\"https:\\\/\\\/vitaresorp.com\\\/shop\\\/kraeuter-elixier\\\/\",\"url\":\"https:\\\/\\\/vitaresorp.com\\\/shop\\\/kraeuter-elixier\\\/\",\"name\":\"Kr\u00e4uter Elixier - Ein traditionelles Kr\u00e4uter-Elixier\",\"isPartOf\":{\"@id\":\"https:\\\/\\\/vitaresorp.com\\\/#website\"},\"primaryImageOfPage\":{\"@id\":\"https:\\\/\\\/vitaresorp.com\\\/shop\\\/kraeuter-elixier\\\/#primaryimage\"},\"image\":{\"@id\":\"https:\\\/\\\/vitaresorp.com\\\/shop\\\/kraeuter-elixier\\\/#primaryimage\"},\"thumbnailUrl\":\"https:\\\/\\\/vitaresorp.com\\\/wp-content\\\/uploads\\\/2024\\\/06\\\/kraeter-elixier.jpg\",\"datePublished\":\"2024-06-11T06:51:11+00:00\",\"dateModified\":\"2026-03-02T08:25:57+00:00\",\"description\":\"Bittertropfen: Ein traditionelles Bitterstoff-Elixier inspiriert von Hugo Windorfer. Unterst\u00fctzt die Verdauung.\",\"breadcrumb\":{\"@id\":\"https:\\\/\\\/vitaresorp.com\\\/shop\\\/kraeuter-elixier\\\/#breadcrumb\"},\"inLanguage\":\"en-US\",\"potentialAction\":[{\"@type\":\"ReadAction\",\"target\":[\"https:\\\/\\\/vitaresorp.com\\\/shop\\\/kraeuter-elixier\\\/\"]}]},{\"@type\":\"ImageObject\",\"inLanguage\":\"en-US\",\"@id\":\"https:\\\/\\\/vitaresorp.com\\\/shop\\\/kraeuter-elixier\\\/#primaryimage\",\"url\":\"https:\\\/\\\/vitaresorp.com\\\/wp-content\\\/uploads\\\/2024\\\/06\\\/kraeter-elixier.jpg\",\"contentUrl\":\"https:\\\/\\\/vitaresorp.com\\\/wp-content\\\/uploads\\\/2024\\\/06\\\/kraeter-elixier.jpg\",\"width\":1080,\"height\":1080,\"caption\":\"Bittertropfen\"},{\"@type\":\"BreadcrumbList\",\"@id\":\"https:\\\/\\\/vitaresorp.com\\\/shop\\\/kraeuter-elixier\\\/#breadcrumb\",\"itemListElement\":[{\"@type\":\"ListItem\",\"position\":1,\"name\":\"Startseite\",\"item\":\"https:\\\/\\\/vitaresorp.com\\\/\"},{\"@type\":\"ListItem\",\"position\":2,\"name\":\"Shop\",\"item\":\"https:\\\/\\\/vitaresorp.com\\\/shop\\\/\"},{\"@type\":\"ListItem\",\"position\":3,\"name\":\"Kr\u00e4uter Elixier\"}]},{\"@type\":\"WebSite\",\"@id\":\"https:\\\/\\\/vitaresorp.com\\\/#website\",\"url\":\"https:\\\/\\\/vitaresorp.com\\\/\",\"name\":\"Qineva\",\"description\":\"Optimierte Aufnahme von N\u00e4hrstoffen\",\"publisher\":{\"@id\":\"https:\\\/\\\/vitaresorp.com\\\/#organization\"},\"potentialAction\":[{\"@type\":\"SearchAction\",\"target\":{\"@type\":\"EntryPoint\",\"urlTemplate\":\"https:\\\/\\\/vitaresorp.com\\\/?s={search_term_string}\"},\"query-input\":{\"@type\":\"PropertyValueSpecification\",\"valueRequired\":true,\"valueName\":\"search_term_string\"}}],\"inLanguage\":\"en-US\"},{\"@type\":\"Organization\",\"@id\":\"https:\\\/\\\/vitaresorp.com\\\/#organization\",\"name\":\"Qineva\",\"url\":\"https:\\\/\\\/vitaresorp.com\\\/\",\"logo\":{\"@type\":\"ImageObject\",\"inLanguage\":\"en-US\",\"@id\":\"https:\\\/\\\/vitaresorp.com\\\/#\\\/schema\\\/logo\\\/image\\\/\",\"url\":\"https:\\\/\\\/vitaresorp.com\\\/wp-content\\\/uploads\\\/2024\\\/09\\\/vitaresorp-logo-n.png\",\"contentUrl\":\"https:\\\/\\\/vitaresorp.com\\\/wp-content\\\/uploads\\\/2024\\\/09\\\/vitaresorp-logo-n.png\",\"width\":881,\"height\":247,\"caption\":\"Qineva\"},\"image\":{\"@id\":\"https:\\\/\\\/vitaresorp.com\\\/#\\\/schema\\\/logo\\\/image\\\/\"},\"sameAs\":[\"https:\\\/\\\/www.facebook.com\\\/qinevadeutschland\\\/\",\"https:\\\/\\\/www.instagram.com\\\/qineva_official\\\/\",\"https:\\\/\\\/www.youtube.com\\\/channel\\\/UCfv59SJdH33qotQGOB7nTdg\"]}]}<\/script>\n<!-- \/ Yoast SEO plugin. -->","yoast_head_json":{"title":"Kr\u00e4uter Elixier - Ein traditionelles Kr\u00e4uter-Elixier","description":"Bittertropfen: Ein traditionelles Bitterstoff-Elixier inspiriert von Hugo Windorfer. Unterst\u00fctzt die Verdauung.","robots":{"index":"index","follow":"follow","max-snippet":"max-snippet:-1","max-image-preview":"max-image-preview:large","max-video-preview":"max-video-preview:-1"},"canonical":"https:\/\/vitaresorp.com\/en\/shop\/kraeuter-elixier\/","og_locale":"en_US","og_type":"article","og_title":"Kr\u00e4uter Elixier - Ein traditionelles Kr\u00e4uter-Elixier","og_description":"Bittertropfen: Ein traditionelles Bitterstoff-Elixier inspiriert von Hugo Windorfer. Unterst\u00fctzt die Verdauung.","og_url":"https:\/\/vitaresorp.com\/en\/shop\/kraeuter-elixier\/","og_site_name":"Vitaresorp\u00ae","article_publisher":"https:\/\/www.facebook.com\/qinevadeutschland\/","article_modified_time":"2026-03-02T08:25:57+00:00","og_image":[{"width":1080,"height":1080,"url":"https:\/\/vitaresorp.com\/wp-content\/uploads\/2024\/06\/kraeter-elixier.jpg","type":"image\/jpeg"}],"twitter_card":"summary_large_image","twitter_misc":{"Est. reading time":"2 minutes"},"schema":{"@context":"https:\/\/schema.org","@graph":[{"@type":"WebPage","@id":"https:\/\/vitaresorp.com\/shop\/kraeuter-elixier\/","url":"https:\/\/vitaresorp.com\/shop\/kraeuter-elixier\/","name":"Kr\u00e4uter Elixier - Ein traditionelles Kr\u00e4uter-Elixier","isPartOf":{"@id":"https:\/\/vitaresorp.com\/#website"},"primaryImageOfPage":{"@id":"https:\/\/vitaresorp.com\/shop\/kraeuter-elixier\/#primaryimage"},"image":{"@id":"https:\/\/vitaresorp.com\/shop\/kraeuter-elixier\/#primaryimage"},"thumbnailUrl":"https:\/\/vitaresorp.com\/wp-content\/uploads\/2024\/06\/kraeter-elixier.jpg","datePublished":"2024-06-11T06:51:11+00:00","dateModified":"2026-03-02T08:25:57+00:00","description":"Bittertropfen: Ein traditionelles Bitterstoff-Elixier inspiriert von Hugo Windorfer. Unterst\u00fctzt die Verdauung.","breadcrumb":{"@id":"https:\/\/vitaresorp.com\/shop\/kraeuter-elixier\/#breadcrumb"},"inLanguage":"en-US","potentialAction":[{"@type":"ReadAction","target":["https:\/\/vitaresorp.com\/shop\/kraeuter-elixier\/"]}]},{"@type":"ImageObject","inLanguage":"en-US","@id":"https:\/\/vitaresorp.com\/shop\/kraeuter-elixier\/#primaryimage","url":"https:\/\/vitaresorp.com\/wp-content\/uploads\/2024\/06\/kraeter-elixier.jpg","contentUrl":"https:\/\/vitaresorp.com\/wp-content\/uploads\/2024\/06\/kraeter-elixier.jpg","width":1080,"height":1080,"caption":"Bittertropfen"},{"@type":"BreadcrumbList","@id":"https:\/\/vitaresorp.com\/shop\/kraeuter-elixier\/#breadcrumb","itemListElement":[{"@type":"ListItem","position":1,"name":"Startseite","item":"https:\/\/vitaresorp.com\/"},{"@type":"ListItem","position":2,"name":"Shop","item":"https:\/\/vitaresorp.com\/shop\/"},{"@type":"ListItem","position":3,"name":"Kr\u00e4uter Elixier"}]},{"@type":"WebSite","@id":"https:\/\/vitaresorp.com\/#website","url":"https:\/\/vitaresorp.com\/","name":"Qineva","description":"Optimierte Aufnahme von N\u00e4hrstoffen","publisher":{"@id":"https:\/\/vitaresorp.com\/#organization"},"potentialAction":[{"@type":"SearchAction","target":{"@type":"EntryPoint","urlTemplate":"https:\/\/vitaresorp.com\/?s={search_term_string}"},"query-input":{"@type":"PropertyValueSpecification","valueRequired":true,"valueName":"search_term_string"}}],"inLanguage":"en-US"},{"@type":"Organization","@id":"https:\/\/vitaresorp.com\/#organization","name":"Qineva","url":"https:\/\/vitaresorp.com\/","logo":{"@type":"ImageObject","inLanguage":"en-US","@id":"https:\/\/vitaresorp.com\/#\/schema\/logo\/image\/","url":"https:\/\/vitaresorp.com\/wp-content\/uploads\/2024\/09\/vitaresorp-logo-n.png","contentUrl":"https:\/\/vitaresorp.com\/wp-content\/uploads\/2024\/09\/vitaresorp-logo-n.png","width":881,"height":247,"caption":"Qineva"},"image":{"@id":"https:\/\/vitaresorp.com\/#\/schema\/logo\/image\/"},"sameAs":["https:\/\/www.facebook.com\/qinevadeutschland\/","https:\/\/www.instagram.com\/qineva_official\/","https:\/\/www.youtube.com\/channel\/UCfv59SJdH33qotQGOB7nTdg"]}]}},"jetpack_sharing_enabled":true,"tiered_pricing_type":"percentage","tiered_pricing_fixed_rules":[],"tiered_pricing_product_settings":{"layout":"default","base_unit_name":{"singular":null,"plural":null},"default_variation":null},"tiered_pricing_minimum_quantity":null,"tiered_pricing_roles_data":[],"tiered_pricing_percentage_rules":{"3":"5","6":"15"},"tiered_pricing_maximum_quantity":null,"tiered_pricing_quantity_step":null,"_links":{"self":[{"href":"https:\/\/vitaresorp.com\/en\/wp-json\/wp\/v2\/product\/233","targetHints":{"allow":["GET"]}}],"collection":[{"href":"https:\/\/vitaresorp.com\/en\/wp-json\/wp\/v2\/product"}],"about":[{"href":"https:\/\/vitaresorp.com\/en\/wp-json\/wp\/v2\/types\/product"}],"version-history":[{"count":29,"href":"https:\/\/vitaresorp.com\/en\/wp-json\/wp\/v2\/product\/233\/revisions"}],"predecessor-version":[{"id":13454,"href":"https:\/\/vitaresorp.com\/en\/wp-json\/wp\/v2\/product\/233\/revisions\/13454"}],"acf:post":[{"embeddable":true,"href":"https:\/\/vitaresorp.com\/en\/wp-json\/wp\/v2\/product\/9146"}],"wp:featuredmedia":[{"embeddable":true,"href":"https:\/\/vitaresorp.com\/en\/wp-json\/wp\/v2\/media\/12267"}],"wp:attachment":[{"href":"https:\/\/vitaresorp.com\/en\/wp-json\/wp\/v2\/media?parent=233"}],"wp:term":[{"taxonomy":"inhaltsstoff","embeddable":true,"href":"https:\/\/vitaresorp.com\/en\/wp-json\/wp\/v2\/inhaltsstoff?post=233"},{"taxonomy":"product_brand","embeddable":true,"href":"https:\/\/vitaresorp.com\/en\/wp-json\/wp\/v2\/product_brand?post=233"},{"taxonomy":"product_cat","embeddable":true,"href":"https:\/\/vitaresorp.com\/en\/wp-json\/wp\/v2\/product_cat?post=233"},{"taxonomy":"product_tag","embeddable":true,"href":"https:\/\/vitaresorp.com\/en\/wp-json\/wp\/v2\/product_tag?post=233"}],"curies":[{"name":"wp","href":"https:\/\/api.w.org\/{rel}","templated":true}]}}