{"id":231,"date":"2024-06-11T06:51:06","date_gmt":"2024-06-11T06:51:06","guid":{"rendered":"https:\/\/clever-hermann.82-165-116-136.plesk.page\/shop\/qineva-vitamin-d3-k2\/"},"modified":"2026-04-21T23:30:41","modified_gmt":"2026-04-21T21:30:41","slug":"vitamin-d3-k2","status":"publish","type":"product","link":"https:\/\/vitaresorp.com\/en\/shop\/vitamin-d3-k2\/","title":{"rendered":"Vitamin D3\/K2"},"content":{"rendered":"<h2 data-start=\"1224\" data-end=\"1279\">Qineva Vitamin D3\/K2 \u2013 F\u00fcr moderne Knochengesundheit<\/h2>\n<p data-start=\"1281\" data-end=\"1328\"><strong data-start=\"1281\" data-end=\"1326\">Hochwertige Kombination f\u00fcr deinen Alltag<\/strong><\/p>\n<p data-start=\"1330\" data-end=\"1619\">Qineva Vitamin D3\/K2 vereint zwei wichtige Vitamine in einer perfekt abgestimmten Formel. Diese Kombination wurde speziell entwickelt, um deine t\u00e4gliche Ern\u00e4hrung gezielt zu erg\u00e4nzen und dich mit wertvollen Mikron\u00e4hrstoffen zu versorgen, die wichtige K\u00f6rperfunktionen unterst\u00fctzen (1\u20134).<\/p>\n<p data-start=\"1621\" data-end=\"1881\">Vitamin D3 spielt eine zentrale Rolle f\u00fcr die Aufnahme und Verwertung von Calcium und Phosphor (1) und unterst\u00fctzt so die Erhaltung normaler Knochen (2), Z\u00e4hne (2) und Muskelfunktion (3). Au\u00dferdem tr\u00e4gt es zu einer normalen Funktion des Immunsystems bei (4).<\/p>\n<p data-start=\"1883\" data-end=\"2032\">Vitamin K2 erg\u00e4nzt diese Wirkung ideal, da es ebenfalls zur Erhaltung normaler Knochen beitr\u00e4gt (2) und eine normale Blutgerinnung unterst\u00fctzt (5).<\/p>","protected":false},"excerpt":{"rendered":"<p class=\"p1\">\u2705 Hochqualitative Inhaltsstoffe in bioaktiver Form<br data-start=\"2127\" data-end=\"2130\" \/>\u2705 Vitamin D3 als organisches Cholecalciferol f\u00fcr hohe Bioverf\u00fcgbarkeit<br data-start=\"2200\" data-end=\"2203\" \/>\u2705 Vitamin K2 als Menachinon MK7 mit optimaler Aufnahme und langer Halbwertszeit<br data-start=\"2282\" data-end=\"2285\" \/>\u2705 Einfach dosierbar f\u00fcr den t\u00e4glichen Gebrauch<\/p>","protected":false},"featured_media":13600,"template":"","meta":{"_acf_changed":false,"inline_featured_image":false},"inhaltsstoff":[],"product_brand":[],"product_cat":[142,158,161],"product_tag":[253],"class_list":{"0":"post-231","1":"product","2":"type-product","3":"status-publish","4":"has-post-thumbnail","6":"product_cat-unterstuetzung-der-augengesundheit","7":"product_cat-nerven-und-psyche","8":"product_cat-unterstuetzung-gehirn-und-kognition","9":"product_tag-einzelprodukt","11":"first","12":"instock","13":"featured","14":"taxable","15":"shipping-taxable","16":"purchasable","17":"product-type-simple"},"bundled_by":["3155"],"bundle_stock_status":"instock","bundle_stock_quantity":null,"bundle_virtual":false,"bundle_layout":"","bundle_add_to_cart_form_location":"","bundle_editable_in_cart":false,"bundle_sold_individually_context":"","bundle_item_grouping":"","bundle_min_size":"","bundle_max_size":"","bundle_price":[],"bundled_items":[],"bundle_sell_ids":[],"acf":{"variant_produkt":9098,"zusammensetzung":[{"titel":"Zusammensetzung","werte":[{"wert":"Vitamin D3"},{"wert":"Vitamin K2"}]},{"titel":"1 Tropfen\/Tag","werte":[{"wert":"25 \u00b5g"},{"wert":"20 \u00b5g"}]},{"titel":"% NRV *","werte":[{"wert":"500%"},{"wert":"27%"}]}],"health_claims":"(1) Vitamin D:\r\ntr\u00e4gt zur normalen Aufnahme\/Verwertung von Calcium und Phosphor bei\r\n\r\n(2) Vitamin D und Vitamin K:\r\ntragen zur Erhaltung normaler Knochen bei\r\n\r\n(3) Vitamin D:\r\ntr\u00e4gt zur Erhaltung einer normalen Muskelfunktion bei\r\n\r\n(4) Vitamin D:\r\ntr\u00e4gt zu einer normalen Funktion des Immunsystems bei\r\n\r\n(5) Vitamin K:\r\ntr\u00e4gt zu einer normalen Blutgerinnung bei"},"yoast_head":"<!-- This site is optimized with the Yoast SEO plugin v27.4 - https:\/\/yoast.com\/product\/yoast-seo-wordpress\/ -->\n<title>Vitamin D3\/K2 \u2013 Vitamine f\u00fcr gesunde Knochen<\/title>\n<meta name=\"description\" content=\"Hochwertige D3\/K2-Formel f\u00fcr normale Knochen, Muskeln &amp; Immunsystem. Bioaktive Inhaltsstoffe. Ideal f\u00fcr den t\u00e4glichen Bedarf. \u2705\" \/>\n<meta name=\"robots\" content=\"index, follow, max-snippet:-1, max-image-preview:large, max-video-preview:-1\" \/>\n<link rel=\"canonical\" href=\"https:\/\/vitaresorp.com\/en\/shop\/vitamin-d3-k2\/\" \/>\n<meta property=\"og:locale\" content=\"en_US\" \/>\n<meta property=\"og:type\" content=\"article\" \/>\n<meta property=\"og:title\" content=\"Vitamin D3\/K2 \u2013 Vitamine f\u00fcr gesunde Knochen\" \/>\n<meta property=\"og:description\" content=\"Hochwertige D3\/K2-Formel f\u00fcr normale Knochen, Muskeln &amp; Immunsystem. Bioaktive Inhaltsstoffe. Ideal f\u00fcr den t\u00e4glichen Bedarf. \u2705\" \/>\n<meta property=\"og:url\" content=\"https:\/\/vitaresorp.com\/en\/shop\/vitamin-d3-k2\/\" \/>\n<meta property=\"og:site_name\" content=\"Vitaresorp\u00ae\" \/>\n<meta property=\"article:publisher\" content=\"https:\/\/www.facebook.com\/qinevadeutschland\/\" \/>\n<meta property=\"article:modified_time\" content=\"2026-04-21T21:30:41+00:00\" \/>\n<meta property=\"og:image\" content=\"https:\/\/vitaresorp.com\/wp-content\/uploads\/2025\/02\/d3k2-1.jpg\" \/>\n\t<meta property=\"og:image:width\" content=\"1350\" \/>\n\t<meta property=\"og:image:height\" content=\"1350\" \/>\n\t<meta property=\"og:image:type\" content=\"image\/jpeg\" \/>\n<meta name=\"twitter:card\" content=\"summary_large_image\" \/>\n<meta name=\"twitter:label1\" content=\"Est. reading time\" \/>\n\t<meta name=\"twitter:data1\" content=\"1 minute\" \/>\n<script type=\"application\/ld+json\" class=\"yoast-schema-graph\">{\"@context\":\"https:\\\/\\\/schema.org\",\"@graph\":[{\"@type\":\"WebPage\",\"@id\":\"https:\\\/\\\/vitaresorp.com\\\/shop\\\/vitamin-d3-k2\\\/\",\"url\":\"https:\\\/\\\/vitaresorp.com\\\/shop\\\/vitamin-d3-k2\\\/\",\"name\":\"Vitamin D3\\\/K2 \u2013 Vitamine f\u00fcr gesunde Knochen\",\"isPartOf\":{\"@id\":\"https:\\\/\\\/vitaresorp.com\\\/#website\"},\"primaryImageOfPage\":{\"@id\":\"https:\\\/\\\/vitaresorp.com\\\/shop\\\/vitamin-d3-k2\\\/#primaryimage\"},\"image\":{\"@id\":\"https:\\\/\\\/vitaresorp.com\\\/shop\\\/vitamin-d3-k2\\\/#primaryimage\"},\"thumbnailUrl\":\"https:\\\/\\\/vitaresorp.com\\\/wp-content\\\/uploads\\\/2025\\\/02\\\/d3k2-1.jpg\",\"datePublished\":\"2024-06-11T06:51:06+00:00\",\"dateModified\":\"2026-04-21T21:30:41+00:00\",\"description\":\"Hochwertige D3\\\/K2-Formel f\u00fcr normale Knochen, Muskeln & Immunsystem. Bioaktive Inhaltsstoffe. Ideal f\u00fcr den t\u00e4glichen Bedarf. \u2705\",\"breadcrumb\":{\"@id\":\"https:\\\/\\\/vitaresorp.com\\\/shop\\\/vitamin-d3-k2\\\/#breadcrumb\"},\"inLanguage\":\"en-US\",\"potentialAction\":[{\"@type\":\"ReadAction\",\"target\":[\"https:\\\/\\\/vitaresorp.com\\\/shop\\\/vitamin-d3-k2\\\/\"]}]},{\"@type\":\"ImageObject\",\"inLanguage\":\"en-US\",\"@id\":\"https:\\\/\\\/vitaresorp.com\\\/shop\\\/vitamin-d3-k2\\\/#primaryimage\",\"url\":\"https:\\\/\\\/vitaresorp.com\\\/wp-content\\\/uploads\\\/2025\\\/02\\\/d3k2-1.jpg\",\"contentUrl\":\"https:\\\/\\\/vitaresorp.com\\\/wp-content\\\/uploads\\\/2025\\\/02\\\/d3k2-1.jpg\",\"width\":1350,\"height\":1350},{\"@type\":\"BreadcrumbList\",\"@id\":\"https:\\\/\\\/vitaresorp.com\\\/shop\\\/vitamin-d3-k2\\\/#breadcrumb\",\"itemListElement\":[{\"@type\":\"ListItem\",\"position\":1,\"name\":\"Startseite\",\"item\":\"https:\\\/\\\/vitaresorp.com\\\/\"},{\"@type\":\"ListItem\",\"position\":2,\"name\":\"Shop\",\"item\":\"https:\\\/\\\/vitaresorp.com\\\/shop\\\/\"},{\"@type\":\"ListItem\",\"position\":3,\"name\":\"Vitamin D3\\\/K2\"}]},{\"@type\":\"WebSite\",\"@id\":\"https:\\\/\\\/vitaresorp.com\\\/#website\",\"url\":\"https:\\\/\\\/vitaresorp.com\\\/\",\"name\":\"Qineva\",\"description\":\"Optimierte Aufnahme von N\u00e4hrstoffen\",\"publisher\":{\"@id\":\"https:\\\/\\\/vitaresorp.com\\\/#organization\"},\"potentialAction\":[{\"@type\":\"SearchAction\",\"target\":{\"@type\":\"EntryPoint\",\"urlTemplate\":\"https:\\\/\\\/vitaresorp.com\\\/?s={search_term_string}\"},\"query-input\":{\"@type\":\"PropertyValueSpecification\",\"valueRequired\":true,\"valueName\":\"search_term_string\"}}],\"inLanguage\":\"en-US\"},{\"@type\":\"Organization\",\"@id\":\"https:\\\/\\\/vitaresorp.com\\\/#organization\",\"name\":\"Qineva\",\"url\":\"https:\\\/\\\/vitaresorp.com\\\/\",\"logo\":{\"@type\":\"ImageObject\",\"inLanguage\":\"en-US\",\"@id\":\"https:\\\/\\\/vitaresorp.com\\\/#\\\/schema\\\/logo\\\/image\\\/\",\"url\":\"https:\\\/\\\/vitaresorp.com\\\/wp-content\\\/uploads\\\/2024\\\/09\\\/vitaresorp-logo-n.png\",\"contentUrl\":\"https:\\\/\\\/vitaresorp.com\\\/wp-content\\\/uploads\\\/2024\\\/09\\\/vitaresorp-logo-n.png\",\"width\":881,\"height\":247,\"caption\":\"Qineva\"},\"image\":{\"@id\":\"https:\\\/\\\/vitaresorp.com\\\/#\\\/schema\\\/logo\\\/image\\\/\"},\"sameAs\":[\"https:\\\/\\\/www.facebook.com\\\/qinevadeutschland\\\/\",\"https:\\\/\\\/www.instagram.com\\\/qineva_official\\\/\",\"https:\\\/\\\/www.youtube.com\\\/channel\\\/UCfv59SJdH33qotQGOB7nTdg\"]}]}<\/script>\n<!-- \/ Yoast SEO plugin. -->","yoast_head_json":{"title":"Vitamin D3\/K2 \u2013 Vitamine f\u00fcr gesunde Knochen","description":"Hochwertige D3\/K2-Formel f\u00fcr normale Knochen, Muskeln & Immunsystem. Bioaktive Inhaltsstoffe. Ideal f\u00fcr den t\u00e4glichen Bedarf. \u2705","robots":{"index":"index","follow":"follow","max-snippet":"max-snippet:-1","max-image-preview":"max-image-preview:large","max-video-preview":"max-video-preview:-1"},"canonical":"https:\/\/vitaresorp.com\/en\/shop\/vitamin-d3-k2\/","og_locale":"en_US","og_type":"article","og_title":"Vitamin D3\/K2 \u2013 Vitamine f\u00fcr gesunde Knochen","og_description":"Hochwertige D3\/K2-Formel f\u00fcr normale Knochen, Muskeln & Immunsystem. Bioaktive Inhaltsstoffe. Ideal f\u00fcr den t\u00e4glichen Bedarf. \u2705","og_url":"https:\/\/vitaresorp.com\/en\/shop\/vitamin-d3-k2\/","og_site_name":"Vitaresorp\u00ae","article_publisher":"https:\/\/www.facebook.com\/qinevadeutschland\/","article_modified_time":"2026-04-21T21:30:41+00:00","og_image":[{"width":1350,"height":1350,"url":"https:\/\/vitaresorp.com\/wp-content\/uploads\/2025\/02\/d3k2-1.jpg","type":"image\/jpeg"}],"twitter_card":"summary_large_image","twitter_misc":{"Est. reading time":"1 minute"},"schema":{"@context":"https:\/\/schema.org","@graph":[{"@type":"WebPage","@id":"https:\/\/vitaresorp.com\/shop\/vitamin-d3-k2\/","url":"https:\/\/vitaresorp.com\/shop\/vitamin-d3-k2\/","name":"Vitamin D3\/K2 \u2013 Vitamine f\u00fcr gesunde Knochen","isPartOf":{"@id":"https:\/\/vitaresorp.com\/#website"},"primaryImageOfPage":{"@id":"https:\/\/vitaresorp.com\/shop\/vitamin-d3-k2\/#primaryimage"},"image":{"@id":"https:\/\/vitaresorp.com\/shop\/vitamin-d3-k2\/#primaryimage"},"thumbnailUrl":"https:\/\/vitaresorp.com\/wp-content\/uploads\/2025\/02\/d3k2-1.jpg","datePublished":"2024-06-11T06:51:06+00:00","dateModified":"2026-04-21T21:30:41+00:00","description":"Hochwertige D3\/K2-Formel f\u00fcr normale Knochen, Muskeln & Immunsystem. Bioaktive Inhaltsstoffe. Ideal f\u00fcr den t\u00e4glichen Bedarf. \u2705","breadcrumb":{"@id":"https:\/\/vitaresorp.com\/shop\/vitamin-d3-k2\/#breadcrumb"},"inLanguage":"en-US","potentialAction":[{"@type":"ReadAction","target":["https:\/\/vitaresorp.com\/shop\/vitamin-d3-k2\/"]}]},{"@type":"ImageObject","inLanguage":"en-US","@id":"https:\/\/vitaresorp.com\/shop\/vitamin-d3-k2\/#primaryimage","url":"https:\/\/vitaresorp.com\/wp-content\/uploads\/2025\/02\/d3k2-1.jpg","contentUrl":"https:\/\/vitaresorp.com\/wp-content\/uploads\/2025\/02\/d3k2-1.jpg","width":1350,"height":1350},{"@type":"BreadcrumbList","@id":"https:\/\/vitaresorp.com\/shop\/vitamin-d3-k2\/#breadcrumb","itemListElement":[{"@type":"ListItem","position":1,"name":"Startseite","item":"https:\/\/vitaresorp.com\/"},{"@type":"ListItem","position":2,"name":"Shop","item":"https:\/\/vitaresorp.com\/shop\/"},{"@type":"ListItem","position":3,"name":"Vitamin D3\/K2"}]},{"@type":"WebSite","@id":"https:\/\/vitaresorp.com\/#website","url":"https:\/\/vitaresorp.com\/","name":"Qineva","description":"Optimierte Aufnahme von N\u00e4hrstoffen","publisher":{"@id":"https:\/\/vitaresorp.com\/#organization"},"potentialAction":[{"@type":"SearchAction","target":{"@type":"EntryPoint","urlTemplate":"https:\/\/vitaresorp.com\/?s={search_term_string}"},"query-input":{"@type":"PropertyValueSpecification","valueRequired":true,"valueName":"search_term_string"}}],"inLanguage":"en-US"},{"@type":"Organization","@id":"https:\/\/vitaresorp.com\/#organization","name":"Qineva","url":"https:\/\/vitaresorp.com\/","logo":{"@type":"ImageObject","inLanguage":"en-US","@id":"https:\/\/vitaresorp.com\/#\/schema\/logo\/image\/","url":"https:\/\/vitaresorp.com\/wp-content\/uploads\/2024\/09\/vitaresorp-logo-n.png","contentUrl":"https:\/\/vitaresorp.com\/wp-content\/uploads\/2024\/09\/vitaresorp-logo-n.png","width":881,"height":247,"caption":"Qineva"},"image":{"@id":"https:\/\/vitaresorp.com\/#\/schema\/logo\/image\/"},"sameAs":["https:\/\/www.facebook.com\/qinevadeutschland\/","https:\/\/www.instagram.com\/qineva_official\/","https:\/\/www.youtube.com\/channel\/UCfv59SJdH33qotQGOB7nTdg"]}]}},"jetpack_sharing_enabled":true,"tiered_pricing_type":"percentage","tiered_pricing_fixed_rules":[],"tiered_pricing_product_settings":{"layout":"default","base_unit_name":{"singular":null,"plural":null},"default_variation":null},"tiered_pricing_minimum_quantity":null,"tiered_pricing_roles_data":[],"tiered_pricing_percentage_rules":{"3":"5","6":"15"},"tiered_pricing_maximum_quantity":null,"tiered_pricing_quantity_step":null,"_links":{"self":[{"href":"https:\/\/vitaresorp.com\/en\/wp-json\/wp\/v2\/product\/231","targetHints":{"allow":["GET"]}}],"collection":[{"href":"https:\/\/vitaresorp.com\/en\/wp-json\/wp\/v2\/product"}],"about":[{"href":"https:\/\/vitaresorp.com\/en\/wp-json\/wp\/v2\/types\/product"}],"version-history":[{"count":7,"href":"https:\/\/vitaresorp.com\/en\/wp-json\/wp\/v2\/product\/231\/revisions"}],"predecessor-version":[{"id":12774,"href":"https:\/\/vitaresorp.com\/en\/wp-json\/wp\/v2\/product\/231\/revisions\/12774"}],"acf:post":[{"embeddable":true,"href":"https:\/\/vitaresorp.com\/en\/wp-json\/wp\/v2\/product\/9098"}],"wp:featuredmedia":[{"embeddable":true,"href":"https:\/\/vitaresorp.com\/en\/wp-json\/wp\/v2\/media\/13600"}],"wp:attachment":[{"href":"https:\/\/vitaresorp.com\/en\/wp-json\/wp\/v2\/media?parent=231"}],"wp:term":[{"taxonomy":"inhaltsstoff","embeddable":true,"href":"https:\/\/vitaresorp.com\/en\/wp-json\/wp\/v2\/inhaltsstoff?post=231"},{"taxonomy":"product_brand","embeddable":true,"href":"https:\/\/vitaresorp.com\/en\/wp-json\/wp\/v2\/product_brand?post=231"},{"taxonomy":"product_cat","embeddable":true,"href":"https:\/\/vitaresorp.com\/en\/wp-json\/wp\/v2\/product_cat?post=231"},{"taxonomy":"product_tag","embeddable":true,"href":"https:\/\/vitaresorp.com\/en\/wp-json\/wp\/v2\/product_tag?post=231"}],"curies":[{"name":"wp","href":"https:\/\/api.w.org\/{rel}","templated":true}]}}