{"id":10466,"date":"2025-07-02T17:36:06","date_gmt":"2025-07-02T16:36:06","guid":{"rendered":"https:\/\/qineva.de\/?post_type=product&#038;p=10466"},"modified":"2026-04-21T22:31:20","modified_gmt":"2026-04-21T20:31:20","slug":"day-night-duo","status":"publish","type":"product","link":"https:\/\/vitaresorp.com\/en\/shop\/day-night-duo\/","title":{"rendered":"Day &#038; Night Duo"},"content":{"rendered":"<h2>Unser Day &amp; Night Bundle \u2013 Kur f\u00fcr Morgen &amp; Abend<\/h2>\n<p>Wir haben das Day &amp; Night Bundle entwickelt, um dir eine rundum abgestimmte N\u00e4hrstoffroutine f\u00fcr den gesamten Tag zu bieten \u2013 morgens Energie, abends Balance. Mit unserer eigenen Vitaresorp\u00ae Technologie sorgen wir daf\u00fcr, dass dein K\u00f6rper die Inhaltsstoffe optimal aufnehmen kann.<\/p>\n<p><strong>Powerful Day<\/strong> liefert ausgew\u00e4hlte B-Vitamine, Magnesium und Pflanzenextrakte f\u00fcr einen aktiven Start in den Tag. Die enthaltenen Vitamine und Mineralstoffe unterst\u00fctzen den normalen Energiestoffwechsel<sup>1<\/sup>, helfen M\u00fcdigkeit und Erm\u00fcdung zu verringern<sup>2<\/sup> und f\u00f6rdern die normale Funktion des Nervensystems<sup>3<\/sup>. Vitamin B5 tr\u00e4gt zu einer normalen geistigen Leistung<sup>4<\/sup> bei und Magnesium unterst\u00fctzt die normale Muskelfunktion<sup>5<\/sup>.<\/p>\n<p><strong>Relaxed Night<\/strong> ist optimal auf deine Abendroutine abgestimmt. Die Formel kombiniert Magnesium, Zink, Vitamin C und einen hochwertigen B-Vitamin-Komplex mit ausgew\u00e4hlten Pflanzenextrakten. Magnesium tr\u00e4gt zur Erhaltung einer normalen Muskelfunktion<sup>5<\/sup> bei, Zink unterst\u00fctzt die normale Funktion des Immunsystems<sup>6<\/sup> und gemeinsam mit Vitamin C sch\u00fctzt es die Zellen vor oxidativem Stress<sup>7<\/sup>. Vitamin B6 tr\u00e4gt zu einem normalen Eiwei\u00df- und Glykogenstoffwechsel<sup>8<\/sup> bei.<\/p>\n<p>Du kannst die Bundle-Kur regelm\u00e4\u00dfig durchf\u00fchren und bei Bedarf wiederholen \u2013 f\u00fcr eine kontinuierliche, ganzheitliche N\u00e4hrstoffversorgung.<\/p>\n<h3>\u2714\ufe0f Deine Vorteile auf einen Blick<\/h3>\n<ul>\n<li>Abgestimmte Morgen- &amp; Abend-Kur <sup>1\u20138<\/sup><\/li>\n<li>Vitaresorp\u00ae Technologie f\u00fcr hohe Bioverf\u00fcgbarkeit<\/li>\n<li>Vegan, glutenfrei, ohne Zucker und k\u00fcnstliche Zusatzstoffe<\/li>\n<li>Frei von Allergenen gem\u00e4\u00df EU-Verordnung 1169\/2011<\/li>\n<li>Bei Bedarf jederzeit wiederholbar<\/li>\n<\/ul>","protected":false},"excerpt":{"rendered":"<ul>\n<li>Gezieltes Day &amp; Night Bundle \u2013 Morgen- &amp; Abend-Kur <sup>1\u20138<\/sup><\/li>\n<li>Powerful Day f\u00fcr Energie &amp; Fokus, Relaxed Night f\u00fcr Balance<\/li>\n<li>Vegan, glutenfrei, ohne Zucker &amp; k\u00fcnstliche Zusatzstoffe<\/li>\n<li class=\"li1\">Durchdachte Darreichungsform mit Vitaresorp\u00ae Technologie<\/li>\n<li>Frei von Allergenen gem\u00e4\u00df EU-Verordnung 1169\/2011<\/li>\n<li>Bei Bedarf jederzeit wiederholbar<\/li>\n<\/ul>","protected":false},"featured_media":13595,"template":"","meta":{"_acf_changed":false,"inline_featured_image":false},"inhaltsstoff":[287,307,256,288,266,289,268,290,272,291,273,292,275,293,276,294,279,295,285,296,286,297],"product_brand":[],"product_cat":[149,161,162,251],"product_tag":[151],"class_list":{"0":"post-10466","1":"product","2":"type-product","3":"status-publish","4":"has-post-thumbnail","6":"inhaltsstoff-griffonia-simplicifolia","7":"inhaltsstoff-vitamind3","8":"inhaltsstoff-vitamin-c","9":"inhaltsstoff-ashwagandha","10":"inhaltsstoff-vitaminb1-thiamin","11":"inhaltsstoff-passionsblumen","12":"inhaltsstoff-vitaminb12","13":"inhaltsstoff-lavendelblueten","14":"inhaltsstoff-vitaminb5-pantothensaeure","15":"inhaltsstoff-schisandra","16":"inhaltsstoff-vitaminb3-niacin","17":"inhaltsstoff-hopfen","18":"inhaltsstoff-vitaminb2-riboflavin","19":"inhaltsstoff-kupfer","20":"inhaltsstoff-vitaminb9-folsaeure","21":"inhaltsstoff-same","22":"inhaltsstoff-magnesium","23":"inhaltsstoff-rhodiola-rosea","24":"inhaltsstoff-melatonin","25":"inhaltsstoff-ginseng","26":"inhaltsstoff-tryptophan","27":"inhaltsstoff-gruener-tee-egcg","28":"product_cat-gesunder-schlaf","29":"product_cat-unterstuetzung-gehirn-und-kognition","30":"product_cat-gesunder-stoffwechsel","31":"product_cat-bundle","32":"product_tag-bundle","34":"first","35":"instock","36":"sale","37":"taxable","38":"shipping-taxable","39":"purchasable","40":"product-type-simple"},"bundled_by":[],"bundle_stock_status":"instock","bundle_stock_quantity":null,"bundle_virtual":false,"bundle_layout":"","bundle_add_to_cart_form_location":"","bundle_editable_in_cart":false,"bundle_sold_individually_context":"","bundle_item_grouping":"","bundle_min_size":"","bundle_max_size":"","bundle_price":[],"bundled_items":[],"bundle_sell_ids":[],"acf":{"variant_produkt":"","zusammensetzung":null,"health_claims":"(1) B-Vitamine (B1, B2, B3, B5, B6, B12, Biotin, Fols\u00e4ure) und Magnesium:\r\ntragen zu einem normalen Energiestoffwechsel bei\r\n\r\n(2) B-Vitamine (B6, B12, Fols\u00e4ure) und Magnesium:\r\ntragen zur Verringerung von M\u00fcdigkeit und Erm\u00fcdung bei\r\n\r\n(3) B-Vitamine (B1, B2, B3, B6, B12, Biotin, Fols\u00e4ure) und Magnesium:\r\ntragen zu einer normalen Funktion des Nervensystems bei\r\n\r\n(4) Vitamin B5 (Pantothens\u00e4ure):\r\ntr\u00e4gt zu einer normalen geistigen Leistung bei\r\n\r\n(5) Magnesium:\r\ntr\u00e4gt zu einer normalen Muskelfunktion bei\r\n\r\n(6) Zink:\r\ntr\u00e4gt zu einer normalen Funktion des Immunsystems bei\r\n\r\n(7) Vitamin C und Zink:\r\ntragen dazu bei, die Zellen vor oxidativem Stress zu sch\u00fctzen\r\n\r\n(8) Vitamin B6:\r\ntr\u00e4gt zu einem normalen Eiwei\u00df- und Glykogenstoffwechsel bei"},"yoast_head":"<!-- This site is optimized with the Yoast SEO plugin v27.4 - https:\/\/yoast.com\/product\/yoast-seo-wordpress\/ -->\n<title>Day &amp; Night Bundle \u2013 Morgen- &amp; Abend-Kur mit Vitaresorp\u00ae<\/title>\n<meta name=\"description\" content=\"Day &amp; Night Bundle Kur: Powerful Day f\u00fcr Energie &amp; Fokus, Relaxed Night f\u00fcr Balance &amp; Erholung. Mit Vitaresorp\u00ae Technologie f\u00fcr hohe Bioverf\u00fcgbarkeit.\" \/>\n<meta name=\"robots\" content=\"index, follow, max-snippet:-1, max-image-preview:large, max-video-preview:-1\" \/>\n<link rel=\"canonical\" href=\"https:\/\/vitaresorp.com\/en\/shop\/day-night-duo\/\" \/>\n<meta property=\"og:locale\" content=\"en_US\" \/>\n<meta property=\"og:type\" content=\"article\" \/>\n<meta property=\"og:title\" content=\"Day &amp; Night Bundle \u2013 Morgen- &amp; Abend-Kur mit Vitaresorp\u00ae\" \/>\n<meta property=\"og:description\" content=\"Day &amp; Night Bundle Kur: Powerful Day f\u00fcr Energie &amp; Fokus, Relaxed Night f\u00fcr Balance &amp; Erholung. Mit Vitaresorp\u00ae Technologie f\u00fcr hohe Bioverf\u00fcgbarkeit.\" \/>\n<meta property=\"og:url\" content=\"https:\/\/vitaresorp.com\/en\/shop\/day-night-duo\/\" \/>\n<meta property=\"og:site_name\" content=\"Vitaresorp\u00ae\" \/>\n<meta property=\"article:publisher\" content=\"https:\/\/www.facebook.com\/qinevadeutschland\/\" \/>\n<meta property=\"article:modified_time\" content=\"2026-04-21T20:31:20+00:00\" \/>\n<meta property=\"og:image\" content=\"https:\/\/vitaresorp.com\/wp-content\/uploads\/2025\/07\/rln-pd-bundle.jpg\" \/>\n\t<meta property=\"og:image:width\" content=\"1350\" \/>\n\t<meta property=\"og:image:height\" content=\"1350\" \/>\n\t<meta property=\"og:image:type\" content=\"image\/jpeg\" \/>\n<meta name=\"twitter:card\" content=\"summary_large_image\" \/>\n<meta name=\"twitter:label1\" content=\"Est. reading time\" \/>\n\t<meta name=\"twitter:data1\" content=\"2 minutes\" \/>\n<script type=\"application\/ld+json\" class=\"yoast-schema-graph\">{\"@context\":\"https:\\\/\\\/schema.org\",\"@graph\":[{\"@type\":\"WebPage\",\"@id\":\"https:\\\/\\\/vitaresorp.com\\\/shop\\\/day-night-duo\\\/\",\"url\":\"https:\\\/\\\/vitaresorp.com\\\/shop\\\/day-night-duo\\\/\",\"name\":\"Day & Night Bundle \u2013 Morgen- & Abend-Kur mit Vitaresorp\u00ae\",\"isPartOf\":{\"@id\":\"https:\\\/\\\/vitaresorp.com\\\/#website\"},\"primaryImageOfPage\":{\"@id\":\"https:\\\/\\\/vitaresorp.com\\\/shop\\\/day-night-duo\\\/#primaryimage\"},\"image\":{\"@id\":\"https:\\\/\\\/vitaresorp.com\\\/shop\\\/day-night-duo\\\/#primaryimage\"},\"thumbnailUrl\":\"https:\\\/\\\/vitaresorp.com\\\/wp-content\\\/uploads\\\/2025\\\/07\\\/rln-pd-bundle.jpg\",\"datePublished\":\"2025-07-02T16:36:06+00:00\",\"dateModified\":\"2026-04-21T20:31:20+00:00\",\"description\":\"Day & Night Bundle Kur: Powerful Day f\u00fcr Energie & Fokus, Relaxed Night f\u00fcr Balance & Erholung. Mit Vitaresorp\u00ae Technologie f\u00fcr hohe Bioverf\u00fcgbarkeit.\",\"breadcrumb\":{\"@id\":\"https:\\\/\\\/vitaresorp.com\\\/shop\\\/day-night-duo\\\/#breadcrumb\"},\"inLanguage\":\"en-US\",\"potentialAction\":[{\"@type\":\"ReadAction\",\"target\":[\"https:\\\/\\\/vitaresorp.com\\\/shop\\\/day-night-duo\\\/\"]}]},{\"@type\":\"ImageObject\",\"inLanguage\":\"en-US\",\"@id\":\"https:\\\/\\\/vitaresorp.com\\\/shop\\\/day-night-duo\\\/#primaryimage\",\"url\":\"https:\\\/\\\/vitaresorp.com\\\/wp-content\\\/uploads\\\/2025\\\/07\\\/rln-pd-bundle.jpg\",\"contentUrl\":\"https:\\\/\\\/vitaresorp.com\\\/wp-content\\\/uploads\\\/2025\\\/07\\\/rln-pd-bundle.jpg\",\"width\":1350,\"height\":1350},{\"@type\":\"BreadcrumbList\",\"@id\":\"https:\\\/\\\/vitaresorp.com\\\/shop\\\/day-night-duo\\\/#breadcrumb\",\"itemListElement\":[{\"@type\":\"ListItem\",\"position\":1,\"name\":\"Startseite\",\"item\":\"https:\\\/\\\/vitaresorp.com\\\/\"},{\"@type\":\"ListItem\",\"position\":2,\"name\":\"Shop\",\"item\":\"https:\\\/\\\/vitaresorp.com\\\/shop\\\/\"},{\"@type\":\"ListItem\",\"position\":3,\"name\":\"Day &#038; Night Duo\"}]},{\"@type\":\"WebSite\",\"@id\":\"https:\\\/\\\/vitaresorp.com\\\/#website\",\"url\":\"https:\\\/\\\/vitaresorp.com\\\/\",\"name\":\"Qineva\",\"description\":\"Optimierte Aufnahme von N\u00e4hrstoffen\",\"publisher\":{\"@id\":\"https:\\\/\\\/vitaresorp.com\\\/#organization\"},\"potentialAction\":[{\"@type\":\"SearchAction\",\"target\":{\"@type\":\"EntryPoint\",\"urlTemplate\":\"https:\\\/\\\/vitaresorp.com\\\/?s={search_term_string}\"},\"query-input\":{\"@type\":\"PropertyValueSpecification\",\"valueRequired\":true,\"valueName\":\"search_term_string\"}}],\"inLanguage\":\"en-US\"},{\"@type\":\"Organization\",\"@id\":\"https:\\\/\\\/vitaresorp.com\\\/#organization\",\"name\":\"Qineva\",\"url\":\"https:\\\/\\\/vitaresorp.com\\\/\",\"logo\":{\"@type\":\"ImageObject\",\"inLanguage\":\"en-US\",\"@id\":\"https:\\\/\\\/vitaresorp.com\\\/#\\\/schema\\\/logo\\\/image\\\/\",\"url\":\"https:\\\/\\\/vitaresorp.com\\\/wp-content\\\/uploads\\\/2024\\\/09\\\/vitaresorp-logo-n.png\",\"contentUrl\":\"https:\\\/\\\/vitaresorp.com\\\/wp-content\\\/uploads\\\/2024\\\/09\\\/vitaresorp-logo-n.png\",\"width\":881,\"height\":247,\"caption\":\"Qineva\"},\"image\":{\"@id\":\"https:\\\/\\\/vitaresorp.com\\\/#\\\/schema\\\/logo\\\/image\\\/\"},\"sameAs\":[\"https:\\\/\\\/www.facebook.com\\\/qinevadeutschland\\\/\",\"https:\\\/\\\/www.instagram.com\\\/qineva_official\\\/\",\"https:\\\/\\\/www.youtube.com\\\/channel\\\/UCfv59SJdH33qotQGOB7nTdg\"]}]}<\/script>\n<!-- \/ Yoast SEO plugin. -->","yoast_head_json":{"title":"Day & Night Bundle \u2013 Morgen- & Abend-Kur mit Vitaresorp\u00ae","description":"Day & Night Bundle Kur: Powerful Day f\u00fcr Energie & Fokus, Relaxed Night f\u00fcr Balance & Erholung. Mit Vitaresorp\u00ae Technologie f\u00fcr hohe Bioverf\u00fcgbarkeit.","robots":{"index":"index","follow":"follow","max-snippet":"max-snippet:-1","max-image-preview":"max-image-preview:large","max-video-preview":"max-video-preview:-1"},"canonical":"https:\/\/vitaresorp.com\/en\/shop\/day-night-duo\/","og_locale":"en_US","og_type":"article","og_title":"Day & Night Bundle \u2013 Morgen- & Abend-Kur mit Vitaresorp\u00ae","og_description":"Day & Night Bundle Kur: Powerful Day f\u00fcr Energie & Fokus, Relaxed Night f\u00fcr Balance & Erholung. Mit Vitaresorp\u00ae Technologie f\u00fcr hohe Bioverf\u00fcgbarkeit.","og_url":"https:\/\/vitaresorp.com\/en\/shop\/day-night-duo\/","og_site_name":"Vitaresorp\u00ae","article_publisher":"https:\/\/www.facebook.com\/qinevadeutschland\/","article_modified_time":"2026-04-21T20:31:20+00:00","og_image":[{"width":1350,"height":1350,"url":"https:\/\/vitaresorp.com\/wp-content\/uploads\/2025\/07\/rln-pd-bundle.jpg","type":"image\/jpeg"}],"twitter_card":"summary_large_image","twitter_misc":{"Est. reading time":"2 minutes"},"schema":{"@context":"https:\/\/schema.org","@graph":[{"@type":"WebPage","@id":"https:\/\/vitaresorp.com\/shop\/day-night-duo\/","url":"https:\/\/vitaresorp.com\/shop\/day-night-duo\/","name":"Day & Night Bundle \u2013 Morgen- & Abend-Kur mit Vitaresorp\u00ae","isPartOf":{"@id":"https:\/\/vitaresorp.com\/#website"},"primaryImageOfPage":{"@id":"https:\/\/vitaresorp.com\/shop\/day-night-duo\/#primaryimage"},"image":{"@id":"https:\/\/vitaresorp.com\/shop\/day-night-duo\/#primaryimage"},"thumbnailUrl":"https:\/\/vitaresorp.com\/wp-content\/uploads\/2025\/07\/rln-pd-bundle.jpg","datePublished":"2025-07-02T16:36:06+00:00","dateModified":"2026-04-21T20:31:20+00:00","description":"Day & Night Bundle Kur: Powerful Day f\u00fcr Energie & Fokus, Relaxed Night f\u00fcr Balance & Erholung. Mit Vitaresorp\u00ae Technologie f\u00fcr hohe Bioverf\u00fcgbarkeit.","breadcrumb":{"@id":"https:\/\/vitaresorp.com\/shop\/day-night-duo\/#breadcrumb"},"inLanguage":"en-US","potentialAction":[{"@type":"ReadAction","target":["https:\/\/vitaresorp.com\/shop\/day-night-duo\/"]}]},{"@type":"ImageObject","inLanguage":"en-US","@id":"https:\/\/vitaresorp.com\/shop\/day-night-duo\/#primaryimage","url":"https:\/\/vitaresorp.com\/wp-content\/uploads\/2025\/07\/rln-pd-bundle.jpg","contentUrl":"https:\/\/vitaresorp.com\/wp-content\/uploads\/2025\/07\/rln-pd-bundle.jpg","width":1350,"height":1350},{"@type":"BreadcrumbList","@id":"https:\/\/vitaresorp.com\/shop\/day-night-duo\/#breadcrumb","itemListElement":[{"@type":"ListItem","position":1,"name":"Startseite","item":"https:\/\/vitaresorp.com\/"},{"@type":"ListItem","position":2,"name":"Shop","item":"https:\/\/vitaresorp.com\/shop\/"},{"@type":"ListItem","position":3,"name":"Day &#038; Night Duo"}]},{"@type":"WebSite","@id":"https:\/\/vitaresorp.com\/#website","url":"https:\/\/vitaresorp.com\/","name":"Qineva","description":"Optimierte Aufnahme von N\u00e4hrstoffen","publisher":{"@id":"https:\/\/vitaresorp.com\/#organization"},"potentialAction":[{"@type":"SearchAction","target":{"@type":"EntryPoint","urlTemplate":"https:\/\/vitaresorp.com\/?s={search_term_string}"},"query-input":{"@type":"PropertyValueSpecification","valueRequired":true,"valueName":"search_term_string"}}],"inLanguage":"en-US"},{"@type":"Organization","@id":"https:\/\/vitaresorp.com\/#organization","name":"Qineva","url":"https:\/\/vitaresorp.com\/","logo":{"@type":"ImageObject","inLanguage":"en-US","@id":"https:\/\/vitaresorp.com\/#\/schema\/logo\/image\/","url":"https:\/\/vitaresorp.com\/wp-content\/uploads\/2024\/09\/vitaresorp-logo-n.png","contentUrl":"https:\/\/vitaresorp.com\/wp-content\/uploads\/2024\/09\/vitaresorp-logo-n.png","width":881,"height":247,"caption":"Qineva"},"image":{"@id":"https:\/\/vitaresorp.com\/#\/schema\/logo\/image\/"},"sameAs":["https:\/\/www.facebook.com\/qinevadeutschland\/","https:\/\/www.instagram.com\/qineva_official\/","https:\/\/www.youtube.com\/channel\/UCfv59SJdH33qotQGOB7nTdg"]}]}},"jetpack_sharing_enabled":true,"tiered_pricing_type":"percentage","tiered_pricing_fixed_rules":[],"tiered_pricing_product_settings":{"layout":"default","base_unit_name":{"singular":null,"plural":null},"default_variation":null},"tiered_pricing_minimum_quantity":null,"tiered_pricing_roles_data":[],"tiered_pricing_percentage_rules":[],"tiered_pricing_maximum_quantity":null,"tiered_pricing_quantity_step":null,"_links":{"self":[{"href":"https:\/\/vitaresorp.com\/en\/wp-json\/wp\/v2\/product\/10466","targetHints":{"allow":["GET"]}}],"collection":[{"href":"https:\/\/vitaresorp.com\/en\/wp-json\/wp\/v2\/product"}],"about":[{"href":"https:\/\/vitaresorp.com\/en\/wp-json\/wp\/v2\/types\/product"}],"version-history":[{"count":7,"href":"https:\/\/vitaresorp.com\/en\/wp-json\/wp\/v2\/product\/10466\/revisions"}],"predecessor-version":[{"id":13234,"href":"https:\/\/vitaresorp.com\/en\/wp-json\/wp\/v2\/product\/10466\/revisions\/13234"}],"wp:featuredmedia":[{"embeddable":true,"href":"https:\/\/vitaresorp.com\/en\/wp-json\/wp\/v2\/media\/13595"}],"wp:attachment":[{"href":"https:\/\/vitaresorp.com\/en\/wp-json\/wp\/v2\/media?parent=10466"}],"wp:term":[{"taxonomy":"inhaltsstoff","embeddable":true,"href":"https:\/\/vitaresorp.com\/en\/wp-json\/wp\/v2\/inhaltsstoff?post=10466"},{"taxonomy":"product_brand","embeddable":true,"href":"https:\/\/vitaresorp.com\/en\/wp-json\/wp\/v2\/product_brand?post=10466"},{"taxonomy":"product_cat","embeddable":true,"href":"https:\/\/vitaresorp.com\/en\/wp-json\/wp\/v2\/product_cat?post=10466"},{"taxonomy":"product_tag","embeddable":true,"href":"https:\/\/vitaresorp.com\/en\/wp-json\/wp\/v2\/product_tag?post=10466"}],"curies":[{"name":"wp","href":"https:\/\/api.w.org\/{rel}","templated":true}]}}