{"id":10147,"date":"2025-06-21T14:10:11","date_gmt":"2025-06-21T13:10:11","guid":{"rendered":"https:\/\/qineva.de\/?post_type=product&#038;p=10147"},"modified":"2026-04-21T22:23:00","modified_gmt":"2026-04-21T20:23:00","slug":"powerful-day-kur","status":"publish","type":"product","link":"https:\/\/vitaresorp.com\/en\/shop\/powerful-day-kur\/","title":{"rendered":"KUR | Powerful Day"},"content":{"rendered":"<h2>Unsere Powerful Day Kur \u2013 mit Vitaresorp\u00ae Technologie<\/h2>\n<p>Wir haben Powerful Day entwickelt, um dich gezielt in deinem Alltag zu unterst\u00fctzen. Unsere Kur kombiniert einen hochwertigen Vitamin-B-Komplex, Magnesium und sorgf\u00e4ltig ausgew\u00e4hlte Pflanzenextrakte wie Ginseng, Rhodiola, Gr\u00fcntee und Griffonia. So erh\u00e4ltst du eine ausgewogene Versorgung \u00fcber einen definierten Zeitraum.<\/p>\n<p>Die enthaltenen B-Vitamine und Magnesium tragen zu einem normalen Energiestoffwechsel<sup>1<\/sup> bei, helfen M\u00fcdigkeit und Erm\u00fcdung zu verringern<sup>2<\/sup>, unterst\u00fctzen die normale Funktion des Nervensystems<sup>3<\/sup> und f\u00f6rdern die geistige Leistung<sup>4<\/sup>. Magnesium tr\u00e4gt zus\u00e4tzlich zur normalen Muskelfunktion<sup>5<\/sup> bei.<\/p>\n<p>Durch unsere eigens entwickelte Vitaresorp\u00ae Technologie stellen wir sicher, dass dein K\u00f6rper die N\u00e4hrstoffe besonders effizient aufnehmen kann. Du kannst die Kur regelm\u00e4\u00dfig wiederholen oder gezielt einsetzen, wenn dein Alltag besonders fordernd ist.<\/p>\n<h3>\u2714\ufe0f Deine Vorteile auf einen Blick<\/h3>\n<ul>\n<li>Gezielte Kur mit Vitaminen, Mineralstoffen &amp; Pflanzenextrakten <sup>1\u20135<\/sup><\/li>\n<li>Unsere Vitaresorp\u00ae Technologie f\u00fcr hohe Bioverf\u00fcgbarkeit<\/li>\n<li>Vegan, glutenfrei, ohne Zucker und k\u00fcnstliche Zusatzstoffe<\/li>\n<li>Bei Bedarf jederzeit wiederholbar<\/li>\n<\/ul>","protected":false},"excerpt":{"rendered":"<ul>\n<li>Gezielte Powerful Day Kur<\/li>\n<li>Mit Vitamin-B-Komplex, Magnesium &amp; Pflanzenextrakten <sup>1\u20135<\/sup><\/li>\n<li class=\"li1\">Durchdachte Darreichungsform mit Vitaresorp\u00ae Technologie<\/li>\n<li>Vegan, glutenfrei, ohne Zucker und k\u00fcnstliche Zusatzstoffe<\/li>\n<li>Bei Bedarf jederzeit wiederholbar<\/li>\n<\/ul>","protected":false},"featured_media":13588,"template":"","meta":{"_acf_changed":false,"inline_featured_image":false},"inhaltsstoff":[],"product_brand":[],"product_cat":[252],"product_tag":[253,246],"class_list":{"0":"post-10147","1":"product","2":"type-product","3":"status-publish","4":"has-post-thumbnail","6":"product_cat-kur","7":"product_tag-einzelprodukt","8":"product_tag-abo","10":"first","11":"instock","12":"sale","13":"taxable","14":"shipping-taxable","15":"purchasable","16":"product-type-variable-subscription","17":"has-default-attributes"},"bundled_by":[],"bundle_stock_status":"instock","bundle_stock_quantity":null,"bundle_virtual":false,"bundle_layout":"","bundle_add_to_cart_form_location":"","bundle_editable_in_cart":false,"bundle_sold_individually_context":"","bundle_item_grouping":"","bundle_min_size":"","bundle_max_size":"","bundle_price":[],"bundled_items":[],"bundle_sell_ids":[],"acf":{"variant_produkt":10127,"zusammensetzung":null,"health_claims":"(1) B-Vitamine (B1, B2, B3, B5, B6, B12, Biotin, Fols\u00e4ure) und Magnesium:\r\ntragen zu einem normalen Energiestoffwechsel bei\r\n\r\n(2) B-Vitamine (B6, B12, Fols\u00e4ure) und Magnesium:\r\ntragen zur Verringerung von M\u00fcdigkeit und Erm\u00fcdung bei\r\n\r\n(3) B-Vitamine (B1, B2, B3, B6, B12, Biotin, Fols\u00e4ure) und Magnesium:\r\ntragen zu einer normalen Funktion des Nervensystems bei\r\n\r\n(4) Vitamin B5 (Pantothens\u00e4ure):\r\ntr\u00e4gt zu einer normalen geistigen Leistung bei\r\n\r\n(5) Magnesium:\r\ntr\u00e4gt zu einer normalen Muskelfunktion bei"},"yoast_head":"<!-- This site is optimized with the Yoast SEO plugin v27.4 - https:\/\/yoast.com\/product\/yoast-seo-wordpress\/ -->\n<title>Vitaresorp\u00ae - Powerful Day Kur \u2013 Liposomales Multivitamin<\/title>\n<meta name=\"description\" content=\"Powerful Day als Kur. Spare dauerhaft mit automatischer Lieferung. Mit Vitaminen, Mineralstoffen &amp; Pflanzenextrakten f\u00fcr Energie &amp; Nerven.\" \/>\n<meta name=\"robots\" content=\"index, follow, max-snippet:-1, max-image-preview:large, max-video-preview:-1\" \/>\n<link rel=\"canonical\" href=\"https:\/\/vitaresorp.com\/en\/shop\/qineva-powerful-day\/\" \/>\n<meta property=\"og:locale\" content=\"en_US\" \/>\n<meta property=\"og:type\" content=\"article\" \/>\n<meta property=\"og:title\" content=\"Vitaresorp\u00ae - Powerful Day Kur \u2013 Liposomales Multivitamin\" \/>\n<meta property=\"og:description\" content=\"Powerful Day als Kur. Spare dauerhaft mit automatischer Lieferung. Mit Vitaminen, Mineralstoffen &amp; Pflanzenextrakten f\u00fcr Energie &amp; Nerven.\" \/>\n<meta property=\"og:url\" content=\"https:\/\/vitaresorp.com\/en\/shop\/qineva-powerful-day\/\" \/>\n<meta property=\"og:site_name\" content=\"Vitaresorp\u00ae\" \/>\n<meta property=\"article:publisher\" content=\"https:\/\/www.facebook.com\/qinevadeutschland\/\" \/>\n<meta property=\"article:modified_time\" content=\"2026-04-21T20:23:00+00:00\" \/>\n<meta property=\"og:image\" content=\"https:\/\/vitaresorp.com\/wp-content\/uploads\/2025\/09\/powerful-day-1.jpg\" \/>\n\t<meta property=\"og:image:width\" content=\"1350\" \/>\n\t<meta property=\"og:image:height\" content=\"1350\" \/>\n\t<meta property=\"og:image:type\" content=\"image\/jpeg\" \/>\n<meta name=\"twitter:card\" content=\"summary_large_image\" \/>\n<meta name=\"twitter:label1\" content=\"Est. reading time\" \/>\n\t<meta name=\"twitter:data1\" content=\"2 minutes\" \/>\n<script type=\"application\/ld+json\" class=\"yoast-schema-graph\">{\"@context\":\"https:\\\/\\\/schema.org\",\"@graph\":[{\"@type\":\"WebPage\",\"@id\":\"https:\\\/\\\/vitaresorp.com\\\/shop\\\/powerful-day-kur\\\/\",\"url\":\"https:\\\/\\\/vitaresorp.com\\\/shop\\\/qineva-powerful-day\\\/\",\"name\":\"Vitaresorp\u00ae - Powerful Day Kur \u2013 Liposomales Multivitamin\",\"isPartOf\":{\"@id\":\"https:\\\/\\\/vitaresorp.com\\\/#website\"},\"primaryImageOfPage\":{\"@id\":\"https:\\\/\\\/vitaresorp.com\\\/shop\\\/qineva-powerful-day\\\/#primaryimage\"},\"image\":{\"@id\":\"https:\\\/\\\/vitaresorp.com\\\/shop\\\/qineva-powerful-day\\\/#primaryimage\"},\"thumbnailUrl\":\"https:\\\/\\\/vitaresorp.com\\\/wp-content\\\/uploads\\\/2025\\\/09\\\/powerful-day-1.jpg\",\"datePublished\":\"2025-06-21T13:10:11+00:00\",\"dateModified\":\"2026-04-21T20:23:00+00:00\",\"description\":\"Powerful Day als Kur. Spare dauerhaft mit automatischer Lieferung. Mit Vitaminen, Mineralstoffen & Pflanzenextrakten f\u00fcr Energie & Nerven.\",\"breadcrumb\":{\"@id\":\"https:\\\/\\\/vitaresorp.com\\\/shop\\\/qineva-powerful-day\\\/#breadcrumb\"},\"inLanguage\":\"en-US\",\"potentialAction\":[{\"@type\":\"ReadAction\",\"target\":[\"https:\\\/\\\/vitaresorp.com\\\/shop\\\/qineva-powerful-day\\\/\"]}]},{\"@type\":\"ImageObject\",\"inLanguage\":\"en-US\",\"@id\":\"https:\\\/\\\/vitaresorp.com\\\/shop\\\/qineva-powerful-day\\\/#primaryimage\",\"url\":\"https:\\\/\\\/vitaresorp.com\\\/wp-content\\\/uploads\\\/2025\\\/09\\\/powerful-day-1.jpg\",\"contentUrl\":\"https:\\\/\\\/vitaresorp.com\\\/wp-content\\\/uploads\\\/2025\\\/09\\\/powerful-day-1.jpg\",\"width\":1350,\"height\":1350},{\"@type\":\"BreadcrumbList\",\"@id\":\"https:\\\/\\\/vitaresorp.com\\\/shop\\\/qineva-powerful-day\\\/#breadcrumb\",\"itemListElement\":[{\"@type\":\"ListItem\",\"position\":1,\"name\":\"Startseite\",\"item\":\"https:\\\/\\\/vitaresorp.com\\\/\"},{\"@type\":\"ListItem\",\"position\":2,\"name\":\"Shop\",\"item\":\"https:\\\/\\\/vitaresorp.com\\\/shop\\\/\"},{\"@type\":\"ListItem\",\"position\":3,\"name\":\"KUR | Powerful Day\"}]},{\"@type\":\"WebSite\",\"@id\":\"https:\\\/\\\/vitaresorp.com\\\/#website\",\"url\":\"https:\\\/\\\/vitaresorp.com\\\/\",\"name\":\"Qineva\",\"description\":\"Optimierte Aufnahme von N\u00e4hrstoffen\",\"publisher\":{\"@id\":\"https:\\\/\\\/vitaresorp.com\\\/#organization\"},\"potentialAction\":[{\"@type\":\"SearchAction\",\"target\":{\"@type\":\"EntryPoint\",\"urlTemplate\":\"https:\\\/\\\/vitaresorp.com\\\/?s={search_term_string}\"},\"query-input\":{\"@type\":\"PropertyValueSpecification\",\"valueRequired\":true,\"valueName\":\"search_term_string\"}}],\"inLanguage\":\"en-US\"},{\"@type\":\"Organization\",\"@id\":\"https:\\\/\\\/vitaresorp.com\\\/#organization\",\"name\":\"Qineva\",\"url\":\"https:\\\/\\\/vitaresorp.com\\\/\",\"logo\":{\"@type\":\"ImageObject\",\"inLanguage\":\"en-US\",\"@id\":\"https:\\\/\\\/vitaresorp.com\\\/#\\\/schema\\\/logo\\\/image\\\/\",\"url\":\"https:\\\/\\\/vitaresorp.com\\\/wp-content\\\/uploads\\\/2024\\\/09\\\/vitaresorp-logo-n.png\",\"contentUrl\":\"https:\\\/\\\/vitaresorp.com\\\/wp-content\\\/uploads\\\/2024\\\/09\\\/vitaresorp-logo-n.png\",\"width\":881,\"height\":247,\"caption\":\"Qineva\"},\"image\":{\"@id\":\"https:\\\/\\\/vitaresorp.com\\\/#\\\/schema\\\/logo\\\/image\\\/\"},\"sameAs\":[\"https:\\\/\\\/www.facebook.com\\\/qinevadeutschland\\\/\",\"https:\\\/\\\/www.instagram.com\\\/qineva_official\\\/\",\"https:\\\/\\\/www.youtube.com\\\/channel\\\/UCfv59SJdH33qotQGOB7nTdg\"]}]}<\/script>\n<!-- \/ Yoast SEO plugin. -->","yoast_head_json":{"title":"Vitaresorp\u00ae - Powerful Day Kur \u2013 Liposomales Multivitamin","description":"Powerful Day als Kur. Spare dauerhaft mit automatischer Lieferung. Mit Vitaminen, Mineralstoffen & Pflanzenextrakten f\u00fcr Energie & Nerven.","robots":{"index":"index","follow":"follow","max-snippet":"max-snippet:-1","max-image-preview":"max-image-preview:large","max-video-preview":"max-video-preview:-1"},"canonical":"https:\/\/vitaresorp.com\/en\/shop\/qineva-powerful-day\/","og_locale":"en_US","og_type":"article","og_title":"Vitaresorp\u00ae - Powerful Day Kur \u2013 Liposomales Multivitamin","og_description":"Powerful Day als Kur. Spare dauerhaft mit automatischer Lieferung. Mit Vitaminen, Mineralstoffen & Pflanzenextrakten f\u00fcr Energie & Nerven.","og_url":"https:\/\/vitaresorp.com\/en\/shop\/qineva-powerful-day\/","og_site_name":"Vitaresorp\u00ae","article_publisher":"https:\/\/www.facebook.com\/qinevadeutschland\/","article_modified_time":"2026-04-21T20:23:00+00:00","og_image":[{"width":1350,"height":1350,"url":"https:\/\/vitaresorp.com\/wp-content\/uploads\/2025\/09\/powerful-day-1.jpg","type":"image\/jpeg"}],"twitter_card":"summary_large_image","twitter_misc":{"Est. reading time":"2 minutes"},"schema":{"@context":"https:\/\/schema.org","@graph":[{"@type":"WebPage","@id":"https:\/\/vitaresorp.com\/shop\/powerful-day-kur\/","url":"https:\/\/vitaresorp.com\/shop\/qineva-powerful-day\/","name":"Vitaresorp\u00ae - Powerful Day Kur \u2013 Liposomales Multivitamin","isPartOf":{"@id":"https:\/\/vitaresorp.com\/#website"},"primaryImageOfPage":{"@id":"https:\/\/vitaresorp.com\/shop\/qineva-powerful-day\/#primaryimage"},"image":{"@id":"https:\/\/vitaresorp.com\/shop\/qineva-powerful-day\/#primaryimage"},"thumbnailUrl":"https:\/\/vitaresorp.com\/wp-content\/uploads\/2025\/09\/powerful-day-1.jpg","datePublished":"2025-06-21T13:10:11+00:00","dateModified":"2026-04-21T20:23:00+00:00","description":"Powerful Day als Kur. Spare dauerhaft mit automatischer Lieferung. Mit Vitaminen, Mineralstoffen & Pflanzenextrakten f\u00fcr Energie & Nerven.","breadcrumb":{"@id":"https:\/\/vitaresorp.com\/shop\/qineva-powerful-day\/#breadcrumb"},"inLanguage":"en-US","potentialAction":[{"@type":"ReadAction","target":["https:\/\/vitaresorp.com\/shop\/qineva-powerful-day\/"]}]},{"@type":"ImageObject","inLanguage":"en-US","@id":"https:\/\/vitaresorp.com\/shop\/qineva-powerful-day\/#primaryimage","url":"https:\/\/vitaresorp.com\/wp-content\/uploads\/2025\/09\/powerful-day-1.jpg","contentUrl":"https:\/\/vitaresorp.com\/wp-content\/uploads\/2025\/09\/powerful-day-1.jpg","width":1350,"height":1350},{"@type":"BreadcrumbList","@id":"https:\/\/vitaresorp.com\/shop\/qineva-powerful-day\/#breadcrumb","itemListElement":[{"@type":"ListItem","position":1,"name":"Startseite","item":"https:\/\/vitaresorp.com\/"},{"@type":"ListItem","position":2,"name":"Shop","item":"https:\/\/vitaresorp.com\/shop\/"},{"@type":"ListItem","position":3,"name":"KUR | Powerful Day"}]},{"@type":"WebSite","@id":"https:\/\/vitaresorp.com\/#website","url":"https:\/\/vitaresorp.com\/","name":"Qineva","description":"Optimierte Aufnahme von N\u00e4hrstoffen","publisher":{"@id":"https:\/\/vitaresorp.com\/#organization"},"potentialAction":[{"@type":"SearchAction","target":{"@type":"EntryPoint","urlTemplate":"https:\/\/vitaresorp.com\/?s={search_term_string}"},"query-input":{"@type":"PropertyValueSpecification","valueRequired":true,"valueName":"search_term_string"}}],"inLanguage":"en-US"},{"@type":"Organization","@id":"https:\/\/vitaresorp.com\/#organization","name":"Qineva","url":"https:\/\/vitaresorp.com\/","logo":{"@type":"ImageObject","inLanguage":"en-US","@id":"https:\/\/vitaresorp.com\/#\/schema\/logo\/image\/","url":"https:\/\/vitaresorp.com\/wp-content\/uploads\/2024\/09\/vitaresorp-logo-n.png","contentUrl":"https:\/\/vitaresorp.com\/wp-content\/uploads\/2024\/09\/vitaresorp-logo-n.png","width":881,"height":247,"caption":"Qineva"},"image":{"@id":"https:\/\/vitaresorp.com\/#\/schema\/logo\/image\/"},"sameAs":["https:\/\/www.facebook.com\/qinevadeutschland\/","https:\/\/www.instagram.com\/qineva_official\/","https:\/\/www.youtube.com\/channel\/UCfv59SJdH33qotQGOB7nTdg"]}]}},"jetpack_sharing_enabled":true,"tiered_pricing_type":"percentage","tiered_pricing_fixed_rules":[],"tiered_pricing_product_settings":{"layout":"default","base_unit_name":{"singular":null,"plural":null},"default_variation":null},"tiered_pricing_minimum_quantity":null,"tiered_pricing_roles_data":[],"tiered_pricing_percentage_rules":[],"tiered_pricing_maximum_quantity":null,"tiered_pricing_quantity_step":null,"_links":{"self":[{"href":"https:\/\/vitaresorp.com\/en\/wp-json\/wp\/v2\/product\/10147","targetHints":{"allow":["GET"]}}],"collection":[{"href":"https:\/\/vitaresorp.com\/en\/wp-json\/wp\/v2\/product"}],"about":[{"href":"https:\/\/vitaresorp.com\/en\/wp-json\/wp\/v2\/types\/product"}],"version-history":[{"count":13,"href":"https:\/\/vitaresorp.com\/en\/wp-json\/wp\/v2\/product\/10147\/revisions"}],"predecessor-version":[{"id":12462,"href":"https:\/\/vitaresorp.com\/en\/wp-json\/wp\/v2\/product\/10147\/revisions\/12462"}],"acf:post":[{"embeddable":true,"href":"https:\/\/vitaresorp.com\/en\/wp-json\/wp\/v2\/product\/10127"}],"wp:featuredmedia":[{"embeddable":true,"href":"https:\/\/vitaresorp.com\/en\/wp-json\/wp\/v2\/media\/13588"}],"wp:attachment":[{"href":"https:\/\/vitaresorp.com\/en\/wp-json\/wp\/v2\/media?parent=10147"}],"wp:term":[{"taxonomy":"inhaltsstoff","embeddable":true,"href":"https:\/\/vitaresorp.com\/en\/wp-json\/wp\/v2\/inhaltsstoff?post=10147"},{"taxonomy":"product_brand","embeddable":true,"href":"https:\/\/vitaresorp.com\/en\/wp-json\/wp\/v2\/product_brand?post=10147"},{"taxonomy":"product_cat","embeddable":true,"href":"https:\/\/vitaresorp.com\/en\/wp-json\/wp\/v2\/product_cat?post=10147"},{"taxonomy":"product_tag","embeddable":true,"href":"https:\/\/vitaresorp.com\/en\/wp-json\/wp\/v2\/product_tag?post=10147"}],"curies":[{"name":"wp","href":"https:\/\/api.w.org\/{rel}","templated":true}]}}