{"id":10140,"date":"2025-06-21T14:02:02","date_gmt":"2025-06-21T13:02:02","guid":{"rendered":"https:\/\/qineva.de\/?post_type=product&#038;p=10140"},"modified":"2026-04-21T22:24:04","modified_gmt":"2026-04-21T20:24:04","slug":"relaxed-night-kur","status":"publish","type":"product","link":"https:\/\/vitaresorp.com\/en\/shop\/relaxed-night-kur\/","title":{"rendered":"KUR | Relaxed Night"},"content":{"rendered":"<h2>Unsere Relaxed Night Kur \u2013 mit Vitaresorp\u00ae Technologie<\/h2>\n<p>Wir haben Relaxed Night entwickelt, um deine abendliche Routine gezielt zu erg\u00e4nzen. Die Rezeptur kombiniert Magnesium, Zink, Vitamin C und einen umfassenden B-Vitamin-Komplex mit ausgew\u00e4hlten Pflanzenextrakten. Mit unserer eigens entwickelten Vitaresorp\u00ae Technologie stellen wir sicher, dass die Inhaltsstoffe besonders gut verf\u00fcgbar sind.<\/p>\n<p>B-Vitamine und Magnesium tragen zu einem normalen Energiestoffwechsel<sup>1<\/sup> bei und helfen M\u00fcdigkeit und Erm\u00fcdung zu verringern<sup>2<\/sup>. Au\u00dferdem unterst\u00fctzen sie die normale Funktion des Nervensystems<sup>3<\/sup> und wichtige Stoffwechselfunktionen wie den Eiwei\u00df- und Glykogenstoffwechsel<sup>4<\/sup>. Magnesium tr\u00e4gt zur normalen Muskelfunktion<sup>5<\/sup> bei. Zink unterst\u00fctzt die normale Funktion des Immunsystems<sup>6<\/sup> und zusammen mit Vitamin C hilft es, die Zellen vor oxidativem Stress zu sch\u00fctzen<sup>7<\/sup>.<\/p>\n<p>Mit unserer Zwei-Kapsel-Formel kannst du deine Kur einfach und gezielt in deine Abendroutine integrieren. Bei Bedarf l\u00e4sst sich die Kur regelm\u00e4\u00dfig wiederholen.<\/p>\n<h3>\u2714\ufe0f Deine Vorteile auf einen Blick<\/h3>\n<ul>\n<li>Gezielte Abend-Kur mit Magnesium, Zink, Vitamin C &amp; B-Vitaminen <sup>1\u20137<\/sup><\/li>\n<li>Unsere Vitaresorp\u00ae Technologie f\u00fcr besonders hohe Bioverf\u00fcgbarkeit<\/li>\n<li>Speziell f\u00fcr die Abendroutine entwickelt<\/li>\n<li>Vegan, glutenfrei, ohne k\u00fcnstliche Zusatzstoffe<\/li>\n<li>Bei Bedarf jederzeit wiederholbar<\/li>\n<\/ul>","protected":false},"excerpt":{"rendered":"<ul>\n<li>Gezielte Relaxed Night Abend-Kur<\/li>\n<li>Mit Magnesium, Zink, Vitamin C &amp; B-Vitaminen <sup>1\u20137<\/sup><\/li>\n<li class=\"li1\">Durchdachte Darreichungsform mit Vitaresorp\u00ae Technologie<\/li>\n<li>Vegan, glutenfrei, ohne k\u00fcnstliche Zusatzstoffe<\/li>\n<li>Bei Bedarf jederzeit wiederholbar<\/li>\n<\/ul>","protected":false},"featured_media":13592,"template":"","meta":{"_acf_changed":false,"inline_featured_image":false},"inhaltsstoff":[],"product_brand":[],"product_cat":[252],"product_tag":[253,246],"class_list":{"0":"post-10140","1":"product","2":"type-product","3":"status-publish","4":"has-post-thumbnail","6":"product_cat-kur","7":"product_tag-einzelprodukt","8":"product_tag-abo","10":"first","11":"instock","12":"sale","13":"taxable","14":"shipping-taxable","15":"purchasable","16":"product-type-variable-subscription","17":"has-default-attributes"},"bundled_by":[],"bundle_stock_status":"instock","bundle_stock_quantity":null,"bundle_virtual":false,"bundle_layout":"","bundle_add_to_cart_form_location":"","bundle_editable_in_cart":false,"bundle_sold_individually_context":"","bundle_item_grouping":"","bundle_min_size":"","bundle_max_size":"","bundle_price":[],"bundled_items":[],"bundle_sell_ids":[],"acf":{"variant_produkt":10133,"zusammensetzung":null,"health_claims":"(1) B-Vitamine (B1, B2, B3, B5, B6, B12, Biotin, Fols\u00e4ure) und Magnesium:\r\ntragen zu einem normalen Energiestoffwechsel bei\r\n\r\n(2) B-Vitamine (B6, B12, Fols\u00e4ure) und Magnesium:\r\ntragen zur Verringerung von M\u00fcdigkeit und Erm\u00fcdung bei\r\n\r\n(3) B-Vitamine (B1, B2, B3, B6, B12, Biotin, Fols\u00e4ure) und Magnesium:\r\ntragen zu einer normalen Funktion des Nervensystems bei\r\n\r\n(4) Vitamin B6:\r\ntr\u00e4gt zu einem normalen Eiwei\u00df- und Glykogenstoffwechsel bei\r\n\r\n(5) Magnesium:\r\ntr\u00e4gt zu einer normalen Muskelfunktion bei\r\n\r\n(6) Zink:\r\ntr\u00e4gt zu einer normalen Funktion des Immunsystems bei\r\n\r\n(7) Vitamin C und Zink:\r\ntragen dazu bei, die Zellen vor oxidativem Stress zu sch\u00fctzen"},"yoast_head":"<!-- This site is optimized with the Yoast SEO plugin v27.4 - https:\/\/yoast.com\/product\/yoast-seo-wordpress\/ -->\n<title>VITARESORP\u00ae Relaxed Night Kur \u2013 F\u00fcr deine Abendroutine<\/title>\n<meta name=\"description\" content=\"Relaxed Night im flexiblen Kur. Spare dauerhaft mit automatischer Lieferung. Mit Magnesium, Zink, Vitamin C &amp; B-Vitaminen f\u00fcr eine moderne Abendroutine.\" \/>\n<meta name=\"robots\" content=\"index, follow, max-snippet:-1, max-image-preview:large, max-video-preview:-1\" \/>\n<link rel=\"canonical\" href=\"https:\/\/vitaresorp.com\/en\/shop\/qineva-relaxed-night\/\" \/>\n<meta property=\"og:locale\" content=\"en_US\" \/>\n<meta property=\"og:type\" content=\"article\" \/>\n<meta property=\"og:title\" content=\"VITARESORP\u00ae Relaxed Night Kur \u2013 F\u00fcr deine Abendroutine\" \/>\n<meta property=\"og:description\" content=\"Relaxed Night im flexiblen Kur. Spare dauerhaft mit automatischer Lieferung. Mit Magnesium, Zink, Vitamin C &amp; B-Vitaminen f\u00fcr eine moderne Abendroutine.\" \/>\n<meta property=\"og:url\" content=\"https:\/\/vitaresorp.com\/en\/shop\/qineva-relaxed-night\/\" \/>\n<meta property=\"og:site_name\" content=\"Vitaresorp\u00ae\" \/>\n<meta property=\"article:publisher\" content=\"https:\/\/www.facebook.com\/qinevadeutschland\/\" \/>\n<meta property=\"article:modified_time\" content=\"2026-04-21T20:24:04+00:00\" \/>\n<meta property=\"og:image\" content=\"https:\/\/vitaresorp.com\/wp-content\/uploads\/2025\/09\/relaxed-night-1.jpg\" \/>\n\t<meta property=\"og:image:width\" content=\"1350\" \/>\n\t<meta property=\"og:image:height\" content=\"1350\" \/>\n\t<meta property=\"og:image:type\" content=\"image\/jpeg\" \/>\n<meta name=\"twitter:card\" content=\"summary_large_image\" \/>\n<meta name=\"twitter:label1\" content=\"Est. reading time\" \/>\n\t<meta name=\"twitter:data1\" content=\"2 minutes\" \/>\n<script type=\"application\/ld+json\" class=\"yoast-schema-graph\">{\"@context\":\"https:\\\/\\\/schema.org\",\"@graph\":[{\"@type\":\"WebPage\",\"@id\":\"https:\\\/\\\/vitaresorp.com\\\/shop\\\/relaxed-night-kur\\\/\",\"url\":\"https:\\\/\\\/vitaresorp.com\\\/shop\\\/qineva-relaxed-night\\\/\",\"name\":\"VITARESORP\u00ae Relaxed Night Kur \u2013 F\u00fcr deine Abendroutine\",\"isPartOf\":{\"@id\":\"https:\\\/\\\/vitaresorp.com\\\/#website\"},\"primaryImageOfPage\":{\"@id\":\"https:\\\/\\\/vitaresorp.com\\\/shop\\\/qineva-relaxed-night\\\/#primaryimage\"},\"image\":{\"@id\":\"https:\\\/\\\/vitaresorp.com\\\/shop\\\/qineva-relaxed-night\\\/#primaryimage\"},\"thumbnailUrl\":\"https:\\\/\\\/vitaresorp.com\\\/wp-content\\\/uploads\\\/2025\\\/09\\\/relaxed-night-1.jpg\",\"datePublished\":\"2025-06-21T13:02:02+00:00\",\"dateModified\":\"2026-04-21T20:24:04+00:00\",\"description\":\"Relaxed Night im flexiblen Kur. Spare dauerhaft mit automatischer Lieferung. Mit Magnesium, Zink, Vitamin C & B-Vitaminen f\u00fcr eine moderne Abendroutine.\",\"breadcrumb\":{\"@id\":\"https:\\\/\\\/vitaresorp.com\\\/shop\\\/qineva-relaxed-night\\\/#breadcrumb\"},\"inLanguage\":\"en-US\",\"potentialAction\":[{\"@type\":\"ReadAction\",\"target\":[\"https:\\\/\\\/vitaresorp.com\\\/shop\\\/qineva-relaxed-night\\\/\"]}]},{\"@type\":\"ImageObject\",\"inLanguage\":\"en-US\",\"@id\":\"https:\\\/\\\/vitaresorp.com\\\/shop\\\/qineva-relaxed-night\\\/#primaryimage\",\"url\":\"https:\\\/\\\/vitaresorp.com\\\/wp-content\\\/uploads\\\/2025\\\/09\\\/relaxed-night-1.jpg\",\"contentUrl\":\"https:\\\/\\\/vitaresorp.com\\\/wp-content\\\/uploads\\\/2025\\\/09\\\/relaxed-night-1.jpg\",\"width\":1350,\"height\":1350},{\"@type\":\"BreadcrumbList\",\"@id\":\"https:\\\/\\\/vitaresorp.com\\\/shop\\\/qineva-relaxed-night\\\/#breadcrumb\",\"itemListElement\":[{\"@type\":\"ListItem\",\"position\":1,\"name\":\"Startseite\",\"item\":\"https:\\\/\\\/vitaresorp.com\\\/\"},{\"@type\":\"ListItem\",\"position\":2,\"name\":\"Shop\",\"item\":\"https:\\\/\\\/vitaresorp.com\\\/shop\\\/\"},{\"@type\":\"ListItem\",\"position\":3,\"name\":\"KUR | Relaxed Night\"}]},{\"@type\":\"WebSite\",\"@id\":\"https:\\\/\\\/vitaresorp.com\\\/#website\",\"url\":\"https:\\\/\\\/vitaresorp.com\\\/\",\"name\":\"Qineva\",\"description\":\"Optimierte Aufnahme von N\u00e4hrstoffen\",\"publisher\":{\"@id\":\"https:\\\/\\\/vitaresorp.com\\\/#organization\"},\"potentialAction\":[{\"@type\":\"SearchAction\",\"target\":{\"@type\":\"EntryPoint\",\"urlTemplate\":\"https:\\\/\\\/vitaresorp.com\\\/?s={search_term_string}\"},\"query-input\":{\"@type\":\"PropertyValueSpecification\",\"valueRequired\":true,\"valueName\":\"search_term_string\"}}],\"inLanguage\":\"en-US\"},{\"@type\":\"Organization\",\"@id\":\"https:\\\/\\\/vitaresorp.com\\\/#organization\",\"name\":\"Qineva\",\"url\":\"https:\\\/\\\/vitaresorp.com\\\/\",\"logo\":{\"@type\":\"ImageObject\",\"inLanguage\":\"en-US\",\"@id\":\"https:\\\/\\\/vitaresorp.com\\\/#\\\/schema\\\/logo\\\/image\\\/\",\"url\":\"https:\\\/\\\/vitaresorp.com\\\/wp-content\\\/uploads\\\/2024\\\/09\\\/vitaresorp-logo-n.png\",\"contentUrl\":\"https:\\\/\\\/vitaresorp.com\\\/wp-content\\\/uploads\\\/2024\\\/09\\\/vitaresorp-logo-n.png\",\"width\":881,\"height\":247,\"caption\":\"Qineva\"},\"image\":{\"@id\":\"https:\\\/\\\/vitaresorp.com\\\/#\\\/schema\\\/logo\\\/image\\\/\"},\"sameAs\":[\"https:\\\/\\\/www.facebook.com\\\/qinevadeutschland\\\/\",\"https:\\\/\\\/www.instagram.com\\\/qineva_official\\\/\",\"https:\\\/\\\/www.youtube.com\\\/channel\\\/UCfv59SJdH33qotQGOB7nTdg\"]}]}<\/script>\n<!-- \/ Yoast SEO plugin. -->","yoast_head_json":{"title":"VITARESORP\u00ae Relaxed Night Kur \u2013 F\u00fcr deine Abendroutine","description":"Relaxed Night im flexiblen Kur. Spare dauerhaft mit automatischer Lieferung. Mit Magnesium, Zink, Vitamin C & B-Vitaminen f\u00fcr eine moderne Abendroutine.","robots":{"index":"index","follow":"follow","max-snippet":"max-snippet:-1","max-image-preview":"max-image-preview:large","max-video-preview":"max-video-preview:-1"},"canonical":"https:\/\/vitaresorp.com\/en\/shop\/qineva-relaxed-night\/","og_locale":"en_US","og_type":"article","og_title":"VITARESORP\u00ae Relaxed Night Kur \u2013 F\u00fcr deine Abendroutine","og_description":"Relaxed Night im flexiblen Kur. Spare dauerhaft mit automatischer Lieferung. Mit Magnesium, Zink, Vitamin C & B-Vitaminen f\u00fcr eine moderne Abendroutine.","og_url":"https:\/\/vitaresorp.com\/en\/shop\/qineva-relaxed-night\/","og_site_name":"Vitaresorp\u00ae","article_publisher":"https:\/\/www.facebook.com\/qinevadeutschland\/","article_modified_time":"2026-04-21T20:24:04+00:00","og_image":[{"width":1350,"height":1350,"url":"https:\/\/vitaresorp.com\/wp-content\/uploads\/2025\/09\/relaxed-night-1.jpg","type":"image\/jpeg"}],"twitter_card":"summary_large_image","twitter_misc":{"Est. reading time":"2 minutes"},"schema":{"@context":"https:\/\/schema.org","@graph":[{"@type":"WebPage","@id":"https:\/\/vitaresorp.com\/shop\/relaxed-night-kur\/","url":"https:\/\/vitaresorp.com\/shop\/qineva-relaxed-night\/","name":"VITARESORP\u00ae Relaxed Night Kur \u2013 F\u00fcr deine Abendroutine","isPartOf":{"@id":"https:\/\/vitaresorp.com\/#website"},"primaryImageOfPage":{"@id":"https:\/\/vitaresorp.com\/shop\/qineva-relaxed-night\/#primaryimage"},"image":{"@id":"https:\/\/vitaresorp.com\/shop\/qineva-relaxed-night\/#primaryimage"},"thumbnailUrl":"https:\/\/vitaresorp.com\/wp-content\/uploads\/2025\/09\/relaxed-night-1.jpg","datePublished":"2025-06-21T13:02:02+00:00","dateModified":"2026-04-21T20:24:04+00:00","description":"Relaxed Night im flexiblen Kur. Spare dauerhaft mit automatischer Lieferung. Mit Magnesium, Zink, Vitamin C & B-Vitaminen f\u00fcr eine moderne Abendroutine.","breadcrumb":{"@id":"https:\/\/vitaresorp.com\/shop\/qineva-relaxed-night\/#breadcrumb"},"inLanguage":"en-US","potentialAction":[{"@type":"ReadAction","target":["https:\/\/vitaresorp.com\/shop\/qineva-relaxed-night\/"]}]},{"@type":"ImageObject","inLanguage":"en-US","@id":"https:\/\/vitaresorp.com\/shop\/qineva-relaxed-night\/#primaryimage","url":"https:\/\/vitaresorp.com\/wp-content\/uploads\/2025\/09\/relaxed-night-1.jpg","contentUrl":"https:\/\/vitaresorp.com\/wp-content\/uploads\/2025\/09\/relaxed-night-1.jpg","width":1350,"height":1350},{"@type":"BreadcrumbList","@id":"https:\/\/vitaresorp.com\/shop\/qineva-relaxed-night\/#breadcrumb","itemListElement":[{"@type":"ListItem","position":1,"name":"Startseite","item":"https:\/\/vitaresorp.com\/"},{"@type":"ListItem","position":2,"name":"Shop","item":"https:\/\/vitaresorp.com\/shop\/"},{"@type":"ListItem","position":3,"name":"KUR | Relaxed Night"}]},{"@type":"WebSite","@id":"https:\/\/vitaresorp.com\/#website","url":"https:\/\/vitaresorp.com\/","name":"Qineva","description":"Optimierte Aufnahme von N\u00e4hrstoffen","publisher":{"@id":"https:\/\/vitaresorp.com\/#organization"},"potentialAction":[{"@type":"SearchAction","target":{"@type":"EntryPoint","urlTemplate":"https:\/\/vitaresorp.com\/?s={search_term_string}"},"query-input":{"@type":"PropertyValueSpecification","valueRequired":true,"valueName":"search_term_string"}}],"inLanguage":"en-US"},{"@type":"Organization","@id":"https:\/\/vitaresorp.com\/#organization","name":"Qineva","url":"https:\/\/vitaresorp.com\/","logo":{"@type":"ImageObject","inLanguage":"en-US","@id":"https:\/\/vitaresorp.com\/#\/schema\/logo\/image\/","url":"https:\/\/vitaresorp.com\/wp-content\/uploads\/2024\/09\/vitaresorp-logo-n.png","contentUrl":"https:\/\/vitaresorp.com\/wp-content\/uploads\/2024\/09\/vitaresorp-logo-n.png","width":881,"height":247,"caption":"Qineva"},"image":{"@id":"https:\/\/vitaresorp.com\/#\/schema\/logo\/image\/"},"sameAs":["https:\/\/www.facebook.com\/qinevadeutschland\/","https:\/\/www.instagram.com\/qineva_official\/","https:\/\/www.youtube.com\/channel\/UCfv59SJdH33qotQGOB7nTdg"]}]}},"jetpack_sharing_enabled":true,"tiered_pricing_type":"percentage","tiered_pricing_fixed_rules":[],"tiered_pricing_product_settings":{"layout":"default","base_unit_name":{"singular":null,"plural":null},"default_variation":null},"tiered_pricing_minimum_quantity":null,"tiered_pricing_roles_data":[],"tiered_pricing_percentage_rules":[],"tiered_pricing_maximum_quantity":null,"tiered_pricing_quantity_step":null,"_links":{"self":[{"href":"https:\/\/vitaresorp.com\/en\/wp-json\/wp\/v2\/product\/10140","targetHints":{"allow":["GET"]}}],"collection":[{"href":"https:\/\/vitaresorp.com\/en\/wp-json\/wp\/v2\/product"}],"about":[{"href":"https:\/\/vitaresorp.com\/en\/wp-json\/wp\/v2\/types\/product"}],"version-history":[{"count":13,"href":"https:\/\/vitaresorp.com\/en\/wp-json\/wp\/v2\/product\/10140\/revisions"}],"predecessor-version":[{"id":13235,"href":"https:\/\/vitaresorp.com\/en\/wp-json\/wp\/v2\/product\/10140\/revisions\/13235"}],"acf:post":[{"embeddable":true,"href":"https:\/\/vitaresorp.com\/en\/wp-json\/wp\/v2\/product\/10133"}],"wp:featuredmedia":[{"embeddable":true,"href":"https:\/\/vitaresorp.com\/en\/wp-json\/wp\/v2\/media\/13592"}],"wp:attachment":[{"href":"https:\/\/vitaresorp.com\/en\/wp-json\/wp\/v2\/media?parent=10140"}],"wp:term":[{"taxonomy":"inhaltsstoff","embeddable":true,"href":"https:\/\/vitaresorp.com\/en\/wp-json\/wp\/v2\/inhaltsstoff?post=10140"},{"taxonomy":"product_brand","embeddable":true,"href":"https:\/\/vitaresorp.com\/en\/wp-json\/wp\/v2\/product_brand?post=10140"},{"taxonomy":"product_cat","embeddable":true,"href":"https:\/\/vitaresorp.com\/en\/wp-json\/wp\/v2\/product_cat?post=10140"},{"taxonomy":"product_tag","embeddable":true,"href":"https:\/\/vitaresorp.com\/en\/wp-json\/wp\/v2\/product_tag?post=10140"}],"curies":[{"name":"wp","href":"https:\/\/api.w.org\/{rel}","templated":true}]}}