{"id":10133,"date":"2025-06-21T13:28:24","date_gmt":"2025-06-21T12:28:24","guid":{"rendered":"https:\/\/qineva.de\/?post_type=product&#038;p=10133"},"modified":"2026-04-21T22:07:29","modified_gmt":"2026-04-21T20:07:29","slug":"relaxed-night","status":"publish","type":"product","link":"https:\/\/vitaresorp.com\/en\/shop\/relaxed-night\/","title":{"rendered":"Relaxed Night"},"content":{"rendered":"<h2 data-start=\"473\" data-end=\"501\">Relaxed Night<\/h2>\n<p data-start=\"503\" data-end=\"569\"><strong data-start=\"503\" data-end=\"567\">Deine abendliche Erg\u00e4nzung f\u00fcr eine moderne N\u00e4hrstoffroutine<\/strong><\/p>\n<p class=\"p1\">Unser Relaxed Night ist ein innovatives Nahrungserg\u00e4nzungsmittel in liposomaler Form, das speziell f\u00fcr die Einnahme am Abend entwickelt wurde. Die sorgf\u00e4ltig abgestimmte Rezeptur vereint <b>Melatonin mit wichtigen B-Vitaminen und Tryptophan sowie Magnesium und Zink. Ausgew\u00e4hlte Pflandzenextrakte vervollst\u00e4ndigen<\/b> die Formulierung f\u00fcr eine hochwertige und ausgewogene Erg\u00e4nzung deines Tages.<\/p>\n<p class=\"p1\">Melatonin ist ein k\u00f6rpereigenes Hormon, das der K\u00f6rper aus Serotonin herstellen kann. Dieses Hormon ist entscheiden an der Regulierung des Wach-Schlaf-Rhythmus (zirkadianer Rhythmus) beteiligt. Die Supplementation mit Melatonin kann zu einer Verk\u00fcrzung der Einschlafzeit f\u00fchren. Diese tritt dann ein, wenn ca. 1 Stunde vor dem Schlafengehen und 2 Stunden nach der letzten Nahrungsaufnahme etwa 0,5-1mg Melatonin eingenommen wird.<\/p>\n<p class=\"p1\">Da die Melatoninbildung \u00fcber das Tageslicht gesteuert wird, d.h. die Dunkelheit ist gewisserma\u00dfen der \u201eStartschuss\u201c, steigt die Melatoninkonzentration bei Einsetzen der Dunkelheit kontinuierlich an und f\u00e4llt nat\u00fcrlicherweise mit Einsetzen des Tageslichtes wieder ab. Deshalb ist es auch ausschlaggebend, dass nach Supplementation jegliches Blaulicht und Aktivit\u00e4ten m\u00f6glichst vermieden werden.<\/p>\n<p class=\"p1\">Melatonin kommt in pflanzlichen und in sehr geringen Mengen auch in einigen tierischen Lebensmitteln vor. Den h\u00f6chsten Melatoningehalt weisen Cranberrys und Pistazien auf, aber auch Pilze und einige Getreide enthalten geringe Mengen. Neuere Studien haben jedoch gezeigt, dass man z.B. f\u00fcr 1 mg Melatonin ca. 20,8 t (in Worten: Tonnen!) Cranberries oder 18 kg Pistazien verzehren m\u00fcsste.<\/p>\n<p data-start=\"880\" data-end=\"1206\">Die enthaltenen B-Vitamine und Magnesium tragen zu einem normalen Energiestoffwechsel bei (1) und helfen dabei, M\u00fcdigkeit und Erm\u00fcdung zu verringern (2). Sie leisten zudem einen Beitrag zur normalen Funktion des Nervensystems (3) und unterst\u00fctzen wichtige Stoffwechselfunktionen wie den Eiwei\u00df- und Glykogenstoffwechsel (4).<\/p>\n<p data-start=\"1208\" data-end=\"1510\">Magnesium unterst\u00fctzt dar\u00fcber hinaus die normale Muskelfunktion (5). Zink tr\u00e4gt zu einer normalen Funktion des Immunsystems bei (6) und hilft, die Zellen vor oxidativem Stress zu sch\u00fctzen (7). Vitamin C erg\u00e4nzt die Formel mit antioxidativen Eigenschaften und unterst\u00fctzt ebenfalls den Zellschutz (7).<\/p>\n<p class=\"p1\">Unsere VITARESORP\u00ae Technologie sorgt f\u00fcr eine besonders effiziente Aufnahme der Inhaltsstoffe. Mit ihrer innovativen Zwei-Kapsel-Formel kombiniert <b>u<\/b>nser Relaxed Night hochwertige<b> Mikron\u00e4hrstoffe mit der Aminos\u00e4ure L-Tryptophan und erg\u00e4nzt diese weiterhin durch bew\u00e4hrte Pflanzenextrakte wie Griffonia simplicifolia, Ashwagandha, Passionsblume, Lavendel, Schisandra und Hopfen. Diese Formel f\u00fcr eine erholsame Nachtruhe ist dar\u00fcber hinaus frei von k\u00fcnstlichen Zusatzstoffen, f\u00fcr eine vegetarische und vegane Ern\u00e4hrung geeignet und gluten- sowie laktosefrei.<\/b><\/p>\n<p data-start=\"1883\" data-end=\"2028\">Einfach t\u00e4glich die empfohlenen Kapseln mit ausreichend Fl\u00fcssigkeit einnehmen \u2013 f\u00fcr eine moderne, unkomplizierte Erg\u00e4nzung deiner Abendroutine.<\/p>\n<h3 data-start=\"2035\" data-end=\"2072\">\u2714\ufe0f Deine Vorteile auf einen Blick<\/h3>\n<p data-start=\"2073\" data-end=\"2395\">\u2705 Speziell entwickelt f\u00fcr die Abendroutine<br data-start=\"2115\" data-end=\"2118\" \/>\u2705 Liposomale VITARESORP\u00ae-Technologie f\u00fcr hohe Bioverf\u00fcgbarkeit<br data-start=\"2180\" data-end=\"2183\" \/>\u2705 Mit B-Vitaminen, Magnesium, Zink und Vitamin C (1\u20137)<br data-start=\"2237\" data-end=\"2240\" \/>\u2705 Kombiniert mit ausgew\u00e4hlten Pflanzenextrakten<br data-start=\"2287\" data-end=\"2290\" \/>\u2705 Vegan, glutenfrei, ohne k\u00fcnstliche Zusatzstoffe<br data-start=\"2339\" data-end=\"2342\" \/>\u2705 Frei von Allergenen gem\u00e4\u00df EU-Verordnung 1169\/2011<\/p>","protected":false},"excerpt":{"rendered":"<p><strong>Liposomales Supplement mit Melatonin, Vitaminen, Mineralstoffen, Tryptophan &amp; Pflanzenextrakten<\/strong><\/p>\n<ul>\n<li class=\"li1\">Mit <b>Melatonin<\/b>, B-Vitaminen, Vitamin C, Magnesium, Zink, <b>Tryptophan<\/b> und verschiedenen Pflanzenstoffen<\/li>\n<li>Mit B-Vitaminen, Magnesium, Zink und Vitamin C (1\u20137)<\/li>\n<li>Zwei-Kapsel-Formel f\u00fcr die Abendroutine<\/li>\n<li class=\"li1\">Durchdachte Darreichungsform mit Vitaresorp\u00ae Technologie<\/li>\n<li>Vegan, glutenfrei, ohne k\u00fcnstliche Zusatzstoffe<\/li>\n<\/ul>","protected":false},"featured_media":13592,"template":"","meta":{"_acf_changed":false,"inline_featured_image":false},"inhaltsstoff":[263,289,268,290,273,291,275,292,276,279,284,285,286,256,287,260,288],"product_brand":[],"product_cat":[149],"product_tag":[253],"class_list":{"0":"post-10133","1":"product","2":"type-product","3":"status-publish","4":"has-post-thumbnail","6":"inhaltsstoff-kokosoel","7":"inhaltsstoff-passionsblumen","8":"inhaltsstoff-vitaminb12","9":"inhaltsstoff-lavendelblueten","10":"inhaltsstoff-vitaminb3-niacin","11":"inhaltsstoff-schisandra","12":"inhaltsstoff-vitaminb2-riboflavin","13":"inhaltsstoff-hopfen","14":"inhaltsstoff-vitaminb9-folsaeure","15":"inhaltsstoff-magnesium","16":"inhaltsstoff-zink","17":"inhaltsstoff-melatonin","18":"inhaltsstoff-tryptophan","19":"inhaltsstoff-vitamin-c","20":"inhaltsstoff-griffonia-simplicifolia","21":"inhaltsstoff-sonnenblumenlecithin","22":"inhaltsstoff-ashwagandha","23":"product_cat-gesunder-schlaf","24":"product_tag-einzelprodukt","26":"first","27":"instock","28":"taxable","29":"shipping-taxable","30":"purchasable","31":"product-type-simple"},"bundled_by":["3155"],"bundle_stock_status":"instock","bundle_stock_quantity":45,"bundle_virtual":false,"bundle_layout":"","bundle_add_to_cart_form_location":"","bundle_editable_in_cart":false,"bundle_sold_individually_context":"","bundle_item_grouping":"","bundle_min_size":"","bundle_max_size":"","bundle_price":[],"bundled_items":[],"bundle_sell_ids":[],"acf":{"variant_produkt":10140,"zusammensetzung":[{"titel":"Zusammensetzung","werte":[{"wert":"Magnesium"},{"wert":"Zink"},{"wert":"Vitamin C"},{"wert":"Vitamin B3"},{"wert":"Vitamin B6"},{"wert":"Vitamin B2"},{"wert":"Fols\u00e4ure"},{"wert":"Vitamin B12"},{"wert":"Melatonin"},{"wert":"Tryptophan"},{"wert":"Griffonia simplicifolia"},{"wert":"Ashwaghanda Extrakt"},{"wert":"Passionsblumen Bl\u00fctenextrakt"},{"wert":"Lavendelbl\u00fctenextrakt"},{"wert":"Schisandra Extrakt"},{"wert":"Hopfen Extrakt"},{"wert":"Kokos\u00f6l"},{"wert":"Sonnenblumenlecithin"}]},{"titel":"1 rote Kapsel\/Tag","werte":[{"wert":"---"},{"wert":"8 mg"},{"wert":"30 mg"},{"wert":"8 mg"},{"wert":"---"},{"wert":"---"},{"wert":"100 \u00b5g"},{"wert":"---"},{"wert":"1 mg"},{"wert":"---"},{"wert":"100 mg"},{"wert":"---"},{"wert":"---"},{"wert":"---"},{"wert":"---"},{"wert":"---"},{"wert":"460 mg"},{"wert":"70 mg"}]},{"titel":"1 transparente Kapsel\/Tag","werte":[{"wert":"95,5 mg"},{"wert":"---"},{"wert":"---"},{"wert":"8 mg"},{"wert":"5 mg"},{"wert":"1,4 mg"},{"wert":"---"},{"wert":"50 \u00b5g"},{"wert":"---"},{"wert":"150 mg"},{"wert":"50 mg"},{"wert":"25 mg"},{"wert":"25 mg"},{"wert":"25 mg"},{"wert":"25 mg"},{"wert":"25 mg"},{"wert":"---"},{"wert":"---"}]},{"titel":"% NRV *","werte":[{"wert":"25%"},{"wert":"80%"},{"wert":"37%"},{"wert":"100%"},{"wert":"357%"},{"wert":"100%"},{"wert":"50%"},{"wert":"2000%"},{"wert":"**"},{"wert":"**"},{"wert":"**"},{"wert":"**"},{"wert":"**"},{"wert":"**"},{"wert":"**"},{"wert":"**"},{"wert":"**"},{"wert":"**"}]}],"health_claims":"(1) B-Vitamine (B1, B2, B3, B5, B6, B12, Biotin, Fols\u00e4ure) und Magnesium:\r\ntragen zu einem normalen Energiestoffwechsel bei\r\n\r\n(2) B-Vitamine (B6, B12, Fols\u00e4ure) und Magnesium:\r\ntragen zur Verringerung von M\u00fcdigkeit und Erm\u00fcdung bei\r\n\r\n(3) B-Vitamine (B1, B2, B3, B6, B12, Biotin, Fols\u00e4ure) und Magnesium:\r\ntragen zu einer normalen Funktion des Nervensystems bei\r\n\r\n(4) Vitamin B6:\r\ntr\u00e4gt zu einem normalen Eiwei\u00df- und Glykogenstoffwechsel bei\r\n\r\n(5) Magnesium:\r\ntr\u00e4gt zu einer normalen Muskelfunktion bei\r\n\r\n(6) Zink:\r\ntr\u00e4gt zu einer normalen Funktion des Immunsystems bei\r\n\r\n(7) Vitamin C und Zink:\r\ntragen dazu bei, die Zellen vor oxidativem Stress zu sch\u00fctzen"},"yoast_head":"<!-- This site is optimized with the Yoast SEO plugin v27.4 - https:\/\/yoast.com\/product\/yoast-seo-wordpress\/ -->\n<title>Vitaresorp\u00ae - Relaxed Night \u2013 Liposomales Abend-Supplement<\/title>\n<meta name=\"description\" content=\"Abendliche Erg\u00e4nzung mit Vitaminen, Mineralstoffen &amp; Pflanzenextrakten. Unterst\u00fctzt Energiestoffwechsel, Nervensystem &amp; Zellschutz. Vegan &amp; allergenfrei.\" \/>\n<meta name=\"robots\" content=\"index, follow, max-snippet:-1, max-image-preview:large, max-video-preview:-1\" \/>\n<link rel=\"canonical\" href=\"https:\/\/vitaresorp.com\/en\/shop\/relaxed-night\/\" \/>\n<meta property=\"og:locale\" content=\"en_US\" \/>\n<meta property=\"og:type\" content=\"article\" \/>\n<meta property=\"og:title\" content=\"Vitaresorp\u00ae - Relaxed Night \u2013 Liposomales Abend-Supplement\" \/>\n<meta property=\"og:description\" content=\"Abendliche Erg\u00e4nzung mit Vitaminen, Mineralstoffen &amp; Pflanzenextrakten. Unterst\u00fctzt Energiestoffwechsel, Nervensystem &amp; Zellschutz. Vegan &amp; allergenfrei.\" \/>\n<meta property=\"og:url\" content=\"https:\/\/vitaresorp.com\/en\/shop\/relaxed-night\/\" \/>\n<meta property=\"og:site_name\" content=\"Vitaresorp\u00ae\" \/>\n<meta property=\"article:publisher\" content=\"https:\/\/www.facebook.com\/qinevadeutschland\/\" \/>\n<meta property=\"article:modified_time\" content=\"2026-04-21T20:07:29+00:00\" \/>\n<meta property=\"og:image\" content=\"https:\/\/vitaresorp.com\/wp-content\/uploads\/2025\/09\/relaxed-night-1.jpg\" \/>\n\t<meta property=\"og:image:width\" content=\"1350\" \/>\n\t<meta property=\"og:image:height\" content=\"1350\" \/>\n\t<meta property=\"og:image:type\" content=\"image\/jpeg\" \/>\n<meta name=\"twitter:card\" content=\"summary_large_image\" \/>\n<meta name=\"twitter:label1\" content=\"Est. reading time\" \/>\n\t<meta name=\"twitter:data1\" content=\"3 minutes\" \/>\n<script type=\"application\/ld+json\" class=\"yoast-schema-graph\">{\"@context\":\"https:\\\/\\\/schema.org\",\"@graph\":[{\"@type\":\"WebPage\",\"@id\":\"https:\\\/\\\/vitaresorp.com\\\/shop\\\/relaxed-night\\\/\",\"url\":\"https:\\\/\\\/vitaresorp.com\\\/shop\\\/relaxed-night\\\/\",\"name\":\"Vitaresorp\u00ae - Relaxed Night \u2013 Liposomales Abend-Supplement\",\"isPartOf\":{\"@id\":\"https:\\\/\\\/vitaresorp.com\\\/#website\"},\"primaryImageOfPage\":{\"@id\":\"https:\\\/\\\/vitaresorp.com\\\/shop\\\/relaxed-night\\\/#primaryimage\"},\"image\":{\"@id\":\"https:\\\/\\\/vitaresorp.com\\\/shop\\\/relaxed-night\\\/#primaryimage\"},\"thumbnailUrl\":\"https:\\\/\\\/vitaresorp.com\\\/wp-content\\\/uploads\\\/2025\\\/09\\\/relaxed-night-1.jpg\",\"datePublished\":\"2025-06-21T12:28:24+00:00\",\"dateModified\":\"2026-04-21T20:07:29+00:00\",\"description\":\"Abendliche Erg\u00e4nzung mit Vitaminen, Mineralstoffen & Pflanzenextrakten. Unterst\u00fctzt Energiestoffwechsel, Nervensystem & Zellschutz. Vegan & allergenfrei.\",\"breadcrumb\":{\"@id\":\"https:\\\/\\\/vitaresorp.com\\\/shop\\\/relaxed-night\\\/#breadcrumb\"},\"inLanguage\":\"en-US\",\"potentialAction\":[{\"@type\":\"ReadAction\",\"target\":[\"https:\\\/\\\/vitaresorp.com\\\/shop\\\/relaxed-night\\\/\"]}]},{\"@type\":\"ImageObject\",\"inLanguage\":\"en-US\",\"@id\":\"https:\\\/\\\/vitaresorp.com\\\/shop\\\/relaxed-night\\\/#primaryimage\",\"url\":\"https:\\\/\\\/vitaresorp.com\\\/wp-content\\\/uploads\\\/2025\\\/09\\\/relaxed-night-1.jpg\",\"contentUrl\":\"https:\\\/\\\/vitaresorp.com\\\/wp-content\\\/uploads\\\/2025\\\/09\\\/relaxed-night-1.jpg\",\"width\":1350,\"height\":1350},{\"@type\":\"BreadcrumbList\",\"@id\":\"https:\\\/\\\/vitaresorp.com\\\/shop\\\/relaxed-night\\\/#breadcrumb\",\"itemListElement\":[{\"@type\":\"ListItem\",\"position\":1,\"name\":\"Startseite\",\"item\":\"https:\\\/\\\/vitaresorp.com\\\/\"},{\"@type\":\"ListItem\",\"position\":2,\"name\":\"Shop\",\"item\":\"https:\\\/\\\/vitaresorp.com\\\/shop\\\/\"},{\"@type\":\"ListItem\",\"position\":3,\"name\":\"Relaxed Night\"}]},{\"@type\":\"WebSite\",\"@id\":\"https:\\\/\\\/vitaresorp.com\\\/#website\",\"url\":\"https:\\\/\\\/vitaresorp.com\\\/\",\"name\":\"Qineva\",\"description\":\"Optimierte Aufnahme von N\u00e4hrstoffen\",\"publisher\":{\"@id\":\"https:\\\/\\\/vitaresorp.com\\\/#organization\"},\"potentialAction\":[{\"@type\":\"SearchAction\",\"target\":{\"@type\":\"EntryPoint\",\"urlTemplate\":\"https:\\\/\\\/vitaresorp.com\\\/?s={search_term_string}\"},\"query-input\":{\"@type\":\"PropertyValueSpecification\",\"valueRequired\":true,\"valueName\":\"search_term_string\"}}],\"inLanguage\":\"en-US\"},{\"@type\":\"Organization\",\"@id\":\"https:\\\/\\\/vitaresorp.com\\\/#organization\",\"name\":\"Qineva\",\"url\":\"https:\\\/\\\/vitaresorp.com\\\/\",\"logo\":{\"@type\":\"ImageObject\",\"inLanguage\":\"en-US\",\"@id\":\"https:\\\/\\\/vitaresorp.com\\\/#\\\/schema\\\/logo\\\/image\\\/\",\"url\":\"https:\\\/\\\/vitaresorp.com\\\/wp-content\\\/uploads\\\/2024\\\/09\\\/vitaresorp-logo-n.png\",\"contentUrl\":\"https:\\\/\\\/vitaresorp.com\\\/wp-content\\\/uploads\\\/2024\\\/09\\\/vitaresorp-logo-n.png\",\"width\":881,\"height\":247,\"caption\":\"Qineva\"},\"image\":{\"@id\":\"https:\\\/\\\/vitaresorp.com\\\/#\\\/schema\\\/logo\\\/image\\\/\"},\"sameAs\":[\"https:\\\/\\\/www.facebook.com\\\/qinevadeutschland\\\/\",\"https:\\\/\\\/www.instagram.com\\\/qineva_official\\\/\",\"https:\\\/\\\/www.youtube.com\\\/channel\\\/UCfv59SJdH33qotQGOB7nTdg\"]}]}<\/script>\n<!-- \/ Yoast SEO plugin. -->","yoast_head_json":{"title":"Vitaresorp\u00ae - Relaxed Night \u2013 Liposomales Abend-Supplement","description":"Abendliche Erg\u00e4nzung mit Vitaminen, Mineralstoffen & Pflanzenextrakten. Unterst\u00fctzt Energiestoffwechsel, Nervensystem & Zellschutz. Vegan & allergenfrei.","robots":{"index":"index","follow":"follow","max-snippet":"max-snippet:-1","max-image-preview":"max-image-preview:large","max-video-preview":"max-video-preview:-1"},"canonical":"https:\/\/vitaresorp.com\/en\/shop\/relaxed-night\/","og_locale":"en_US","og_type":"article","og_title":"Vitaresorp\u00ae - Relaxed Night \u2013 Liposomales Abend-Supplement","og_description":"Abendliche Erg\u00e4nzung mit Vitaminen, Mineralstoffen & Pflanzenextrakten. Unterst\u00fctzt Energiestoffwechsel, Nervensystem & Zellschutz. Vegan & allergenfrei.","og_url":"https:\/\/vitaresorp.com\/en\/shop\/relaxed-night\/","og_site_name":"Vitaresorp\u00ae","article_publisher":"https:\/\/www.facebook.com\/qinevadeutschland\/","article_modified_time":"2026-04-21T20:07:29+00:00","og_image":[{"width":1350,"height":1350,"url":"https:\/\/vitaresorp.com\/wp-content\/uploads\/2025\/09\/relaxed-night-1.jpg","type":"image\/jpeg"}],"twitter_card":"summary_large_image","twitter_misc":{"Est. reading time":"3 minutes"},"schema":{"@context":"https:\/\/schema.org","@graph":[{"@type":"WebPage","@id":"https:\/\/vitaresorp.com\/shop\/relaxed-night\/","url":"https:\/\/vitaresorp.com\/shop\/relaxed-night\/","name":"Vitaresorp\u00ae - Relaxed Night \u2013 Liposomales Abend-Supplement","isPartOf":{"@id":"https:\/\/vitaresorp.com\/#website"},"primaryImageOfPage":{"@id":"https:\/\/vitaresorp.com\/shop\/relaxed-night\/#primaryimage"},"image":{"@id":"https:\/\/vitaresorp.com\/shop\/relaxed-night\/#primaryimage"},"thumbnailUrl":"https:\/\/vitaresorp.com\/wp-content\/uploads\/2025\/09\/relaxed-night-1.jpg","datePublished":"2025-06-21T12:28:24+00:00","dateModified":"2026-04-21T20:07:29+00:00","description":"Abendliche Erg\u00e4nzung mit Vitaminen, Mineralstoffen & Pflanzenextrakten. Unterst\u00fctzt Energiestoffwechsel, Nervensystem & Zellschutz. Vegan & allergenfrei.","breadcrumb":{"@id":"https:\/\/vitaresorp.com\/shop\/relaxed-night\/#breadcrumb"},"inLanguage":"en-US","potentialAction":[{"@type":"ReadAction","target":["https:\/\/vitaresorp.com\/shop\/relaxed-night\/"]}]},{"@type":"ImageObject","inLanguage":"en-US","@id":"https:\/\/vitaresorp.com\/shop\/relaxed-night\/#primaryimage","url":"https:\/\/vitaresorp.com\/wp-content\/uploads\/2025\/09\/relaxed-night-1.jpg","contentUrl":"https:\/\/vitaresorp.com\/wp-content\/uploads\/2025\/09\/relaxed-night-1.jpg","width":1350,"height":1350},{"@type":"BreadcrumbList","@id":"https:\/\/vitaresorp.com\/shop\/relaxed-night\/#breadcrumb","itemListElement":[{"@type":"ListItem","position":1,"name":"Startseite","item":"https:\/\/vitaresorp.com\/"},{"@type":"ListItem","position":2,"name":"Shop","item":"https:\/\/vitaresorp.com\/shop\/"},{"@type":"ListItem","position":3,"name":"Relaxed Night"}]},{"@type":"WebSite","@id":"https:\/\/vitaresorp.com\/#website","url":"https:\/\/vitaresorp.com\/","name":"Qineva","description":"Optimierte Aufnahme von N\u00e4hrstoffen","publisher":{"@id":"https:\/\/vitaresorp.com\/#organization"},"potentialAction":[{"@type":"SearchAction","target":{"@type":"EntryPoint","urlTemplate":"https:\/\/vitaresorp.com\/?s={search_term_string}"},"query-input":{"@type":"PropertyValueSpecification","valueRequired":true,"valueName":"search_term_string"}}],"inLanguage":"en-US"},{"@type":"Organization","@id":"https:\/\/vitaresorp.com\/#organization","name":"Qineva","url":"https:\/\/vitaresorp.com\/","logo":{"@type":"ImageObject","inLanguage":"en-US","@id":"https:\/\/vitaresorp.com\/#\/schema\/logo\/image\/","url":"https:\/\/vitaresorp.com\/wp-content\/uploads\/2024\/09\/vitaresorp-logo-n.png","contentUrl":"https:\/\/vitaresorp.com\/wp-content\/uploads\/2024\/09\/vitaresorp-logo-n.png","width":881,"height":247,"caption":"Qineva"},"image":{"@id":"https:\/\/vitaresorp.com\/#\/schema\/logo\/image\/"},"sameAs":["https:\/\/www.facebook.com\/qinevadeutschland\/","https:\/\/www.instagram.com\/qineva_official\/","https:\/\/www.youtube.com\/channel\/UCfv59SJdH33qotQGOB7nTdg"]}]}},"jetpack_sharing_enabled":true,"tiered_pricing_type":"percentage","tiered_pricing_fixed_rules":[],"tiered_pricing_product_settings":{"layout":"default","base_unit_name":{"singular":null,"plural":null},"default_variation":null},"tiered_pricing_minimum_quantity":null,"tiered_pricing_roles_data":[],"tiered_pricing_percentage_rules":{"3":"5","6":"15"},"tiered_pricing_maximum_quantity":null,"tiered_pricing_quantity_step":null,"_links":{"self":[{"href":"https:\/\/vitaresorp.com\/en\/wp-json\/wp\/v2\/product\/10133","targetHints":{"allow":["GET"]}}],"collection":[{"href":"https:\/\/vitaresorp.com\/en\/wp-json\/wp\/v2\/product"}],"about":[{"href":"https:\/\/vitaresorp.com\/en\/wp-json\/wp\/v2\/types\/product"}],"version-history":[{"count":9,"href":"https:\/\/vitaresorp.com\/en\/wp-json\/wp\/v2\/product\/10133\/revisions"}],"predecessor-version":[{"id":10464,"href":"https:\/\/vitaresorp.com\/en\/wp-json\/wp\/v2\/product\/10133\/revisions\/10464"}],"acf:post":[{"embeddable":true,"href":"https:\/\/vitaresorp.com\/en\/wp-json\/wp\/v2\/product\/10140"}],"wp:featuredmedia":[{"embeddable":true,"href":"https:\/\/vitaresorp.com\/en\/wp-json\/wp\/v2\/media\/13592"}],"wp:attachment":[{"href":"https:\/\/vitaresorp.com\/en\/wp-json\/wp\/v2\/media?parent=10133"}],"wp:term":[{"taxonomy":"inhaltsstoff","embeddable":true,"href":"https:\/\/vitaresorp.com\/en\/wp-json\/wp\/v2\/inhaltsstoff?post=10133"},{"taxonomy":"product_brand","embeddable":true,"href":"https:\/\/vitaresorp.com\/en\/wp-json\/wp\/v2\/product_brand?post=10133"},{"taxonomy":"product_cat","embeddable":true,"href":"https:\/\/vitaresorp.com\/en\/wp-json\/wp\/v2\/product_cat?post=10133"},{"taxonomy":"product_tag","embeddable":true,"href":"https:\/\/vitaresorp.com\/en\/wp-json\/wp\/v2\/product_tag?post=10133"}],"curies":[{"name":"wp","href":"https:\/\/api.w.org\/{rel}","templated":true}]}}