{"id":10127,"date":"2025-06-21T12:33:58","date_gmt":"2025-06-21T11:33:58","guid":{"rendered":"https:\/\/qineva.de\/?post_type=product&#038;p=10127"},"modified":"2026-04-24T15:45:50","modified_gmt":"2026-04-24T13:45:50","slug":"powerful-day","status":"publish","type":"product","link":"https:\/\/vitaresorp.com\/en\/shop\/powerful-day\/","title":{"rendered":"Powerful Day"},"content":{"rendered":"<h2 data-start=\"248\" data-end=\"275\">Powerful Day<\/h2>\n<p data-start=\"277\" data-end=\"328\"><strong data-start=\"277\" data-end=\"326\">Dein moderner Begleiter f\u00fcr einen aktiven Tag<\/strong><\/p>\n<p data-start=\"330\" data-end=\"690\">Unser Powerful Day ist ein hochwertiges liposomales Nahrungserg\u00e4nzungsmittel, das sorgf\u00e4ltig ausgew\u00e4hlte Vitamine, Mineralstoffe und bew\u00e4hrte Pflanzenextrakte kombiniert. Diese Rezeptur wurde speziell entwickelt, um deine t\u00e4gliche Ern\u00e4hrung zu erg\u00e4nzen und dich bei einem aktiven, modernen Lebensstil zu unterst\u00fctzen \u2013 frei von Zucker, glutenfrei und vegan.<\/p>\n<p class=\"p1\">Die enthaltenen B-Vitamine <b>tragen zusammen mit<\/b> <b>Vitamin C, Magnesium und Kupfer<\/b> zu einem normalen Energiestoffwechsel bei (1). <b>Einige B-Vitamine tragen zusammen mit Magnesium und Vitamin C zur Verringerung<\/b> von M\u00fcdigkeit und Erm\u00fcdung bei (2). <b>B-Vitamine unterst\u00fctzen zusammen mit Magnesium, Kupfer und Vitamin C au\u00dferdem die normale Funktion des Nervensystems<\/b> (3). <b>Pantothens\u00e4ure f<\/b>\u00f6rdert die geistige Leistung (4). Die B-Vitamine B1, B3, B6, B9 <b>B12 tragen zusammen mit Vitamin C und Magnesium zu einer normalen psychischen Funktion bei<\/b>. Magnesium leistet dar\u00fcber hinaus einen Beitrag zur normalen Muskelfunktion (5).<\/p>\n<p class=\"p1\">Neben Magnesium haben wir Kuper hinzugef\u00fcgt, welches wie Magnesium auch zu einem normalen Energiestoffwechsel und als Teil der Kupfer\/Zink-Superoxiddismutase ma\u00dfgeblich am Schutz der Zellen vor oxidativen Stress beteiligt ist. Dar\u00fcber hinaus tr\u00e4gt auch Kupfer zu einer normalen Funktion des Nerven- und des Immunsystems bei.<\/p>\n<p class=\"p1\">Vitamin D3 hat vielf\u00e4ltige Aufgaben im Organismus und ist als Prohormon an diversen hormonellen Prozessen beteiligt. Auch tr\u00e4gt Vitamin D3 zu einer normalen Muskelfunktion sowie einer normalen Funktion des Immunsystems bei.<\/p>\n<p data-start=\"1037\" data-end=\"1277\">Dank unserer innovativen VITARESORP\u00ae-Technologie werden die Inhaltsstoffe besonders effizient aufgenommen. Durch die Kombination transparenter und roter Kapseln wird eine gezielte und abgestimmte Versorgung \u00fcber den Tag hinweg erm\u00f6glicht.<\/p>\n<p class=\"p1\">S-Adenosyl-L-Methionin<b> <\/b>ist eine schwefelhaltige Aminos\u00e4ureverbindung und wird im menschlichen Stoffwechsel aus der Aminos\u00e4ure Methionin gebildet. Das k\u00f6rpereigene SAM-e hat eine hohe Bioverf\u00fcgbarkeit und ist an zahlreichen biochemischen Prozessen beteiligt.<span class=\"Apple-converted-space\">\u00a0 <\/span>SAMe sind f\u00fcr den Neurotransmitterstoffwechsel essentiell und an der Synthese von Neurotransmittern wie Adrenalin (steigert Leistungsbereitschaft), Dopamin (das Gl\u00fcckshormon) und Acetylcholin (erh\u00f6ht die Aufmerksamkeit) ma\u00dfgeblich beteiligt.<span class=\"Apple-converted-space\">\u00a0 <\/span>Auch an der Synthese von Serotonin aus L-Tryptophan sowie bei der Synthese von L-Tyrosin zu Noradrenalin ist dieser Aminos\u00e4urekomplex ma\u00dfgeblich beteiligt. Damit SAMe vom K\u00f6rper ausreichend hergestellt werden kann, sind vor allem B-Vitamine entscheidend, weshalb in unserer Formulierung dies Vitamine enthalten sind.<\/p>\n<p data-start=\"1279\" data-end=\"1514\">Powerful Day enth\u00e4lt zudem ausgew\u00e4hlte Pflanzenextrakte wie Ginseng, Rhodiola Rosea, Gr\u00fcntee und Griffonia simplicifolia \u2013 ideal f\u00fcr alle, die ihren Alltag mit einem modernen Supplement auf pflanzlicher Basis erg\u00e4nzen m\u00f6chten.<\/p>\n<p data-start=\"1516\" data-end=\"1682\">Einfach t\u00e4glich die empfohlenen Kapseln mit ausreichend Fl\u00fcssigkeit einnehmen \u2013 f\u00fcr eine unkomplizierte und hochwertige Erg\u00e4nzung deiner t\u00e4glichen N\u00e4hrstoffroutine.<\/p>\n<h3 data-start=\"1657\" data-end=\"1694\">\u2714\ufe0f Deine Vorteile auf einen Blick<\/h3>\n<p data-start=\"1695\" data-end=\"1971\">\u2705 Liposomale VITARESORP\u00ae-Technologie f\u00fcr moderne Bioverf\u00fcgbarkeit<br data-start=\"1792\" data-end=\"1795\" \/>\u2705 Abgestimmte Rezeptur mit Vitaminen, Mineralstoffen und Pflanzenextrakten<br data-start=\"1869\" data-end=\"1872\" \/>\u2705 Zwei Kapseltypen f\u00fcr gezielte Versorgung \u00fcber den Tag<br data-start=\"1927\" data-end=\"1930\" \/>\u2705 Unterst\u00fctzt Energiestoffwechsel, Nervensystem und geistige Leistung (1\u20134)<br data-start=\"2005\" data-end=\"2008\" \/>\u2705 Magnesium f\u00fcr Muskelfunktion (5)<br data-start=\"2042\" data-end=\"2045\" \/>\u2705 Ohne Zucker, glutenfrei, vegan<br data-start=\"2077\" data-end=\"2080\" \/>\u2705 Frei von k\u00fcnstlichen Zusatzstoffen<\/p>","protected":false},"excerpt":{"rendered":"<p><strong>Liposomales Nahrungserg\u00e4nzungsmittel mit Vitaminen, Mineralstoffen, S-Adenosylmethionin und Pflanzenstoffen<\/strong><\/p>\n<ul>\n<li class=\"li1\">Mit Vitamin C, den Vitaminen B1, B3, Pantothens\u00e4ure, B6, Fols\u00e4ure und B12 und Vitamin D, Magnesium und Kupfer sowie der schwefelhaltigen Aminos\u00e4ureverbindung S-Adenosylmethionin (SAMe)<\/li>\n<li>Mit Vitamin-B-Komplex, Magnesium, Fols\u00e4ure<\/li>\n<li class=\"li1\">Erg\u00e4nzt durch Pflanzenextrakte aus Ginseng, Rhodiola, gr\u00fcner Tee und Griffonia<\/li>\n<li class=\"li1\">Durchdachte Darreichungsform mit Vitaresorp\u00ae Technologie<\/li>\n<li class=\"li1\">Vegetarisch, gluten- und laktosefrei, ohne Zucker oder k\u00fcnstliche Zusatzstoffe<\/li>\n<\/ul>","protected":false},"featured_media":13588,"template":"","meta":{"_acf_changed":false,"inline_featured_image":false},"inhaltsstoff":[307,272,318,273,276,279,287,293,256,294,260,295,263,296,266,297,268],"product_brand":[],"product_cat":[144,161,162],"product_tag":[253],"class_list":{"0":"post-10127","1":"product","2":"type-product","3":"status-publish","4":"has-post-thumbnail","6":"inhaltsstoff-vitamind3","7":"inhaltsstoff-vitaminb5-pantothensaeure","8":"inhaltsstoff-vitamin-b6","9":"inhaltsstoff-vitaminb3-niacin","10":"inhaltsstoff-vitaminb9-folsaeure","11":"inhaltsstoff-magnesium","12":"inhaltsstoff-griffonia-simplicifolia","13":"inhaltsstoff-kupfer","14":"inhaltsstoff-vitamin-c","15":"inhaltsstoff-same","16":"inhaltsstoff-sonnenblumenlecithin","17":"inhaltsstoff-rhodiola-rosea","18":"inhaltsstoff-kokosoel","19":"inhaltsstoff-ginseng","20":"inhaltsstoff-vitaminb1-thiamin","21":"inhaltsstoff-gruener-tee-egcg","22":"inhaltsstoff-vitaminb12","23":"product_cat-mehr-energie-im-alltag","24":"product_cat-unterstuetzung-gehirn-und-kognition","25":"product_cat-gesunder-stoffwechsel","26":"product_tag-einzelprodukt","28":"first","29":"instock","30":"taxable","31":"shipping-taxable","32":"purchasable","33":"product-type-simple"},"bundled_by":["3155"],"bundle_stock_status":"instock","bundle_stock_quantity":45,"bundle_virtual":false,"bundle_layout":"","bundle_add_to_cart_form_location":"","bundle_editable_in_cart":false,"bundle_sold_individually_context":"","bundle_item_grouping":"","bundle_min_size":"","bundle_max_size":"","bundle_price":[],"bundled_items":[],"bundle_sell_ids":[],"acf":{"variant_produkt":10147,"zusammensetzung":[{"titel":"Zusammensetzung","werte":[{"wert":"Magnesium"},{"wert":"Vitamin C"},{"wert":"Vitamin B3"},{"wert":"Vitamin B5"},{"wert":"Vitamin B1"},{"wert":"Vitamin B6"},{"wert":"Kupfer"},{"wert":"Fols\u00e4ure"},{"wert":"Vitamin B12"},{"wert":"Vitamin D3"},{"wert":"SAMe"},{"wert":"Griffonia simplicitolia"},{"wert":"Rhodiola Rosea Extrakt"},{"wert":"Panax Ginseng Extrakt"},{"wert":"Gr\u00fcner Tee-Extrakt 20%"},{"wert":"Kokos\u00f6l"},{"wert":"Sonnenblumenlecithin"}]},{"titel":"1 rote Kapsel\/Tag","werte":[{"wert":"---"},{"wert":"38 mg"},{"wert":"---"},{"wert":"---"},{"wert":"---"},{"wert":"---"},{"wert":"---"},{"wert":"670 \u00b5g"},{"wert":"---"},{"wert":"---"},{"wert":"50 mg"},{"wert":"80 mg"},{"wert":"---"},{"wert":"---"},{"wert":"---"},{"wert":"420 mg"},{"wert":"85 mg"}]},{"titel":"1 transparente Kapsel \/ Tag","werte":[{"wert":"105 mg"},{"wert":"---"},{"wert":"30 mg"},{"wert":"12 mg"},{"wert":"6 mg"},{"wert":"6 mg"},{"wert":"0,25 mg"},{"wert":"---"},{"wert":"50 \u00b5g"},{"wert":"12,5 \u00b5g"},{"wert":"50 mg"},{"wert":"75 mg"},{"wert":"25 mg"},{"wert":"25 mg"},{"wert":"50 mg "},{"wert":"---"},{"wert":"---"}]},{"titel":"2 Kapseln\/Tag","werte":[{"wert":"105 mg"},{"wert":"38 mg"},{"wert":"12 mg"},{"wert":"6 mg"},{"wert":"6 mg"},{"wert":"0,25 mg"},{"wert":"670 \u00b5g"},{"wert":"50 \u00b5g"},{"wert":"12,5 \u00b5g"},{"wert":"50 mg"},{"wert":"75 mg"},{"wert":"25 mg"},{"wert":"25 mg"},{"wert":"50 mg"},{"wert":"420 mg"},{"wert":"85 mg"}]},{"titel":"% NRV *","werte":[{"wert":"28%"},{"wert":"47%"},{"wert":"428,5%"},{"wert":"200%"},{"wert":"545,5%"},{"wert":"187,5%"},{"wert":"25%"},{"wert":"335%"},{"wert":"2000%"},{"wert":"250%"},{"wert":"**"},{"wert":"**"},{"wert":"**"},{"wert":"**"},{"wert":"**"},{"wert":"**"},{"wert":"**"}]}],"health_claims":"(1) B-Vitamine (B1, B2, B3, B5, B6, B12, Biotin, Fols\u00e4ure):\r\ntragen zu einem normalen Energiestoffwechsel bei\r\n\r\n(2) B-Vitamine (B6, B12, Fols\u00e4ure):\r\ntragen zur Verringerung von M\u00fcdigkeit und Erm\u00fcdung bei\r\n\r\n(3) B-Vitamine (B1, B2, B3, B6, B12, Biotin, Fols\u00e4ure):\r\ntragen zu einer normalen Funktion des Nervensystems bei\r\n\r\n(4) Vitamin B5 (Pantothens\u00e4ure):\r\ntr\u00e4gt zu einer normalen geistigen Leistung bei\r\n\r\n(5) Magnesium:\r\ntr\u00e4gt zu einem normalen Energiestoffwechsel bei\r\ntr\u00e4gt zur Verringerung von M\u00fcdigkeit und Erm\u00fcdung bei\r\ntr\u00e4gt zu einer normalen Muskelfunktion bei\r\ntr\u00e4gt zu einer normalen Funktion des Nervensystems bei"},"yoast_head":"<!-- This site is optimized with the Yoast SEO plugin v27.4 - https:\/\/yoast.com\/product\/yoast-seo-wordpress\/ -->\n<title>Vitaresorp\u00ae - Powerful Day \u2013 Liposomales Multivitamin<\/title>\n<meta name=\"description\" content=\"Liposomales Nahrungserg\u00e4nzungsmittel mit Vitaminen, Mineralstoffen &amp; Pflanzenextrakten. Mit innovativer VITARESORP\u00ae Technologie.\" \/>\n<meta name=\"robots\" content=\"index, follow, max-snippet:-1, max-image-preview:large, max-video-preview:-1\" \/>\n<link rel=\"canonical\" href=\"https:\/\/vitaresorp.com\/en\/shop\/powerful-day\/\" \/>\n<meta property=\"og:locale\" content=\"en_US\" \/>\n<meta property=\"og:type\" content=\"article\" \/>\n<meta property=\"og:title\" content=\"Vitaresorp\u00ae - Powerful Day \u2013 Liposomales Multivitamin\" \/>\n<meta property=\"og:description\" content=\"Liposomales Nahrungserg\u00e4nzungsmittel mit Vitaminen, Mineralstoffen &amp; Pflanzenextrakten. Mit innovativer VITARESORP\u00ae Technologie.\" \/>\n<meta property=\"og:url\" content=\"https:\/\/vitaresorp.com\/en\/shop\/powerful-day\/\" \/>\n<meta property=\"og:site_name\" content=\"Vitaresorp\u00ae\" \/>\n<meta property=\"article:publisher\" content=\"https:\/\/www.facebook.com\/qinevadeutschland\/\" \/>\n<meta property=\"article:modified_time\" content=\"2026-04-24T13:45:50+00:00\" \/>\n<meta property=\"og:image\" content=\"https:\/\/vitaresorp.com\/wp-content\/uploads\/2025\/09\/powerful-day-1.jpg\" \/>\n\t<meta property=\"og:image:width\" content=\"1350\" \/>\n\t<meta property=\"og:image:height\" content=\"1350\" \/>\n\t<meta property=\"og:image:type\" content=\"image\/jpeg\" \/>\n<meta name=\"twitter:card\" content=\"summary_large_image\" \/>\n<meta name=\"twitter:label1\" content=\"Est. reading time\" \/>\n\t<meta name=\"twitter:data1\" content=\"3 minutes\" \/>\n<script type=\"application\/ld+json\" class=\"yoast-schema-graph\">{\"@context\":\"https:\\\/\\\/schema.org\",\"@graph\":[{\"@type\":\"WebPage\",\"@id\":\"https:\\\/\\\/vitaresorp.com\\\/shop\\\/powerful-day\\\/\",\"url\":\"https:\\\/\\\/vitaresorp.com\\\/shop\\\/powerful-day\\\/\",\"name\":\"Vitaresorp\u00ae - Powerful Day \u2013 Liposomales Multivitamin\",\"isPartOf\":{\"@id\":\"https:\\\/\\\/vitaresorp.com\\\/#website\"},\"primaryImageOfPage\":{\"@id\":\"https:\\\/\\\/vitaresorp.com\\\/shop\\\/powerful-day\\\/#primaryimage\"},\"image\":{\"@id\":\"https:\\\/\\\/vitaresorp.com\\\/shop\\\/powerful-day\\\/#primaryimage\"},\"thumbnailUrl\":\"https:\\\/\\\/vitaresorp.com\\\/wp-content\\\/uploads\\\/2025\\\/09\\\/powerful-day-1.jpg\",\"datePublished\":\"2025-06-21T11:33:58+00:00\",\"dateModified\":\"2026-04-24T13:45:50+00:00\",\"description\":\"Liposomales Nahrungserg\u00e4nzungsmittel mit Vitaminen, Mineralstoffen & Pflanzenextrakten. Mit innovativer VITARESORP\u00ae Technologie.\",\"breadcrumb\":{\"@id\":\"https:\\\/\\\/vitaresorp.com\\\/shop\\\/powerful-day\\\/#breadcrumb\"},\"inLanguage\":\"en-US\",\"potentialAction\":[{\"@type\":\"ReadAction\",\"target\":[\"https:\\\/\\\/vitaresorp.com\\\/shop\\\/powerful-day\\\/\"]}]},{\"@type\":\"ImageObject\",\"inLanguage\":\"en-US\",\"@id\":\"https:\\\/\\\/vitaresorp.com\\\/shop\\\/powerful-day\\\/#primaryimage\",\"url\":\"https:\\\/\\\/vitaresorp.com\\\/wp-content\\\/uploads\\\/2025\\\/09\\\/powerful-day-1.jpg\",\"contentUrl\":\"https:\\\/\\\/vitaresorp.com\\\/wp-content\\\/uploads\\\/2025\\\/09\\\/powerful-day-1.jpg\",\"width\":1350,\"height\":1350},{\"@type\":\"BreadcrumbList\",\"@id\":\"https:\\\/\\\/vitaresorp.com\\\/shop\\\/powerful-day\\\/#breadcrumb\",\"itemListElement\":[{\"@type\":\"ListItem\",\"position\":1,\"name\":\"Startseite\",\"item\":\"https:\\\/\\\/vitaresorp.com\\\/\"},{\"@type\":\"ListItem\",\"position\":2,\"name\":\"Shop\",\"item\":\"https:\\\/\\\/vitaresorp.com\\\/shop\\\/\"},{\"@type\":\"ListItem\",\"position\":3,\"name\":\"Powerful Day\"}]},{\"@type\":\"WebSite\",\"@id\":\"https:\\\/\\\/vitaresorp.com\\\/#website\",\"url\":\"https:\\\/\\\/vitaresorp.com\\\/\",\"name\":\"Qineva\",\"description\":\"Optimierte Aufnahme von N\u00e4hrstoffen\",\"publisher\":{\"@id\":\"https:\\\/\\\/vitaresorp.com\\\/#organization\"},\"potentialAction\":[{\"@type\":\"SearchAction\",\"target\":{\"@type\":\"EntryPoint\",\"urlTemplate\":\"https:\\\/\\\/vitaresorp.com\\\/?s={search_term_string}\"},\"query-input\":{\"@type\":\"PropertyValueSpecification\",\"valueRequired\":true,\"valueName\":\"search_term_string\"}}],\"inLanguage\":\"en-US\"},{\"@type\":\"Organization\",\"@id\":\"https:\\\/\\\/vitaresorp.com\\\/#organization\",\"name\":\"Qineva\",\"url\":\"https:\\\/\\\/vitaresorp.com\\\/\",\"logo\":{\"@type\":\"ImageObject\",\"inLanguage\":\"en-US\",\"@id\":\"https:\\\/\\\/vitaresorp.com\\\/#\\\/schema\\\/logo\\\/image\\\/\",\"url\":\"https:\\\/\\\/vitaresorp.com\\\/wp-content\\\/uploads\\\/2024\\\/09\\\/vitaresorp-logo-n.png\",\"contentUrl\":\"https:\\\/\\\/vitaresorp.com\\\/wp-content\\\/uploads\\\/2024\\\/09\\\/vitaresorp-logo-n.png\",\"width\":881,\"height\":247,\"caption\":\"Qineva\"},\"image\":{\"@id\":\"https:\\\/\\\/vitaresorp.com\\\/#\\\/schema\\\/logo\\\/image\\\/\"},\"sameAs\":[\"https:\\\/\\\/www.facebook.com\\\/qinevadeutschland\\\/\",\"https:\\\/\\\/www.instagram.com\\\/qineva_official\\\/\",\"https:\\\/\\\/www.youtube.com\\\/channel\\\/UCfv59SJdH33qotQGOB7nTdg\"]}]}<\/script>\n<!-- \/ Yoast SEO plugin. -->","yoast_head_json":{"title":"Vitaresorp\u00ae - Powerful Day \u2013 Liposomales Multivitamin","description":"Liposomales Nahrungserg\u00e4nzungsmittel mit Vitaminen, Mineralstoffen & Pflanzenextrakten. Mit innovativer VITARESORP\u00ae Technologie.","robots":{"index":"index","follow":"follow","max-snippet":"max-snippet:-1","max-image-preview":"max-image-preview:large","max-video-preview":"max-video-preview:-1"},"canonical":"https:\/\/vitaresorp.com\/en\/shop\/powerful-day\/","og_locale":"en_US","og_type":"article","og_title":"Vitaresorp\u00ae - Powerful Day \u2013 Liposomales Multivitamin","og_description":"Liposomales Nahrungserg\u00e4nzungsmittel mit Vitaminen, Mineralstoffen & Pflanzenextrakten. Mit innovativer VITARESORP\u00ae Technologie.","og_url":"https:\/\/vitaresorp.com\/en\/shop\/powerful-day\/","og_site_name":"Vitaresorp\u00ae","article_publisher":"https:\/\/www.facebook.com\/qinevadeutschland\/","article_modified_time":"2026-04-24T13:45:50+00:00","og_image":[{"width":1350,"height":1350,"url":"https:\/\/vitaresorp.com\/wp-content\/uploads\/2025\/09\/powerful-day-1.jpg","type":"image\/jpeg"}],"twitter_card":"summary_large_image","twitter_misc":{"Est. reading time":"3 minutes"},"schema":{"@context":"https:\/\/schema.org","@graph":[{"@type":"WebPage","@id":"https:\/\/vitaresorp.com\/shop\/powerful-day\/","url":"https:\/\/vitaresorp.com\/shop\/powerful-day\/","name":"Vitaresorp\u00ae - Powerful Day \u2013 Liposomales Multivitamin","isPartOf":{"@id":"https:\/\/vitaresorp.com\/#website"},"primaryImageOfPage":{"@id":"https:\/\/vitaresorp.com\/shop\/powerful-day\/#primaryimage"},"image":{"@id":"https:\/\/vitaresorp.com\/shop\/powerful-day\/#primaryimage"},"thumbnailUrl":"https:\/\/vitaresorp.com\/wp-content\/uploads\/2025\/09\/powerful-day-1.jpg","datePublished":"2025-06-21T11:33:58+00:00","dateModified":"2026-04-24T13:45:50+00:00","description":"Liposomales Nahrungserg\u00e4nzungsmittel mit Vitaminen, Mineralstoffen & Pflanzenextrakten. Mit innovativer VITARESORP\u00ae Technologie.","breadcrumb":{"@id":"https:\/\/vitaresorp.com\/shop\/powerful-day\/#breadcrumb"},"inLanguage":"en-US","potentialAction":[{"@type":"ReadAction","target":["https:\/\/vitaresorp.com\/shop\/powerful-day\/"]}]},{"@type":"ImageObject","inLanguage":"en-US","@id":"https:\/\/vitaresorp.com\/shop\/powerful-day\/#primaryimage","url":"https:\/\/vitaresorp.com\/wp-content\/uploads\/2025\/09\/powerful-day-1.jpg","contentUrl":"https:\/\/vitaresorp.com\/wp-content\/uploads\/2025\/09\/powerful-day-1.jpg","width":1350,"height":1350},{"@type":"BreadcrumbList","@id":"https:\/\/vitaresorp.com\/shop\/powerful-day\/#breadcrumb","itemListElement":[{"@type":"ListItem","position":1,"name":"Startseite","item":"https:\/\/vitaresorp.com\/"},{"@type":"ListItem","position":2,"name":"Shop","item":"https:\/\/vitaresorp.com\/shop\/"},{"@type":"ListItem","position":3,"name":"Powerful Day"}]},{"@type":"WebSite","@id":"https:\/\/vitaresorp.com\/#website","url":"https:\/\/vitaresorp.com\/","name":"Qineva","description":"Optimierte Aufnahme von N\u00e4hrstoffen","publisher":{"@id":"https:\/\/vitaresorp.com\/#organization"},"potentialAction":[{"@type":"SearchAction","target":{"@type":"EntryPoint","urlTemplate":"https:\/\/vitaresorp.com\/?s={search_term_string}"},"query-input":{"@type":"PropertyValueSpecification","valueRequired":true,"valueName":"search_term_string"}}],"inLanguage":"en-US"},{"@type":"Organization","@id":"https:\/\/vitaresorp.com\/#organization","name":"Qineva","url":"https:\/\/vitaresorp.com\/","logo":{"@type":"ImageObject","inLanguage":"en-US","@id":"https:\/\/vitaresorp.com\/#\/schema\/logo\/image\/","url":"https:\/\/vitaresorp.com\/wp-content\/uploads\/2024\/09\/vitaresorp-logo-n.png","contentUrl":"https:\/\/vitaresorp.com\/wp-content\/uploads\/2024\/09\/vitaresorp-logo-n.png","width":881,"height":247,"caption":"Qineva"},"image":{"@id":"https:\/\/vitaresorp.com\/#\/schema\/logo\/image\/"},"sameAs":["https:\/\/www.facebook.com\/qinevadeutschland\/","https:\/\/www.instagram.com\/qineva_official\/","https:\/\/www.youtube.com\/channel\/UCfv59SJdH33qotQGOB7nTdg"]}]}},"jetpack_sharing_enabled":true,"tiered_pricing_type":"percentage","tiered_pricing_fixed_rules":[],"tiered_pricing_product_settings":{"layout":"default","base_unit_name":{"singular":null,"plural":null},"default_variation":null},"tiered_pricing_minimum_quantity":null,"tiered_pricing_roles_data":[],"tiered_pricing_percentage_rules":{"3":"5","6":"15"},"tiered_pricing_maximum_quantity":null,"tiered_pricing_quantity_step":null,"_links":{"self":[{"href":"https:\/\/vitaresorp.com\/en\/wp-json\/wp\/v2\/product\/10127","targetHints":{"allow":["GET"]}}],"collection":[{"href":"https:\/\/vitaresorp.com\/en\/wp-json\/wp\/v2\/product"}],"about":[{"href":"https:\/\/vitaresorp.com\/en\/wp-json\/wp\/v2\/types\/product"}],"version-history":[{"count":9,"href":"https:\/\/vitaresorp.com\/en\/wp-json\/wp\/v2\/product\/10127\/revisions"}],"predecessor-version":[{"id":13237,"href":"https:\/\/vitaresorp.com\/en\/wp-json\/wp\/v2\/product\/10127\/revisions\/13237"}],"acf:post":[{"embeddable":true,"href":"https:\/\/vitaresorp.com\/en\/wp-json\/wp\/v2\/product\/10147"}],"wp:featuredmedia":[{"embeddable":true,"href":"https:\/\/vitaresorp.com\/en\/wp-json\/wp\/v2\/media\/13588"}],"wp:attachment":[{"href":"https:\/\/vitaresorp.com\/en\/wp-json\/wp\/v2\/media?parent=10127"}],"wp:term":[{"taxonomy":"inhaltsstoff","embeddable":true,"href":"https:\/\/vitaresorp.com\/en\/wp-json\/wp\/v2\/inhaltsstoff?post=10127"},{"taxonomy":"product_brand","embeddable":true,"href":"https:\/\/vitaresorp.com\/en\/wp-json\/wp\/v2\/product_brand?post=10127"},{"taxonomy":"product_cat","embeddable":true,"href":"https:\/\/vitaresorp.com\/en\/wp-json\/wp\/v2\/product_cat?post=10127"},{"taxonomy":"product_tag","embeddable":true,"href":"https:\/\/vitaresorp.com\/en\/wp-json\/wp\/v2\/product_tag?post=10127"}],"curies":[{"name":"wp","href":"https:\/\/api.w.org\/{rel}","templated":true}]}}