{"id":9531,"date":"2025-04-04T08:10:21","date_gmt":"2025-04-04T07:10:21","guid":{"rendered":"https:\/\/qineva.de\/accessibility-statement-2\/"},"modified":"2025-04-04T11:19:22","modified_gmt":"2025-04-04T10:19:22","slug":"barrierefreiheitserklarung","status":"publish","type":"page","link":"https:\/\/vitaresorp.com\/en\/barrierefreiheitserklarung\/","title":{"rendered":"Barrierefreiheitserkl\u00e4rung"},"content":{"rendered":"<p class=\"has-text-align-left\"><strong>Barrierefreiheitserkl\u00e4rung f\u00fcr <a class=\"\" href=\"https:\/\/vitaresorp.com\/en\/\">https:\/\/vitaresorp.com<\/a><\/strong><\/p>\n\n\n\n<p><strong>Qineva<\/strong> setzt sich daf\u00fcr ein, die digitale Barrierefreiheit f\u00fcr Menschen mit Behinderungen sicherzustellen. Wir arbeiten kontinuierlich daran, die Nutzererfahrung f\u00fcr alle Menschen zu verbessern und wenden die relevanten Standards zur Barrierefreiheit an.<\/p>\n\n\n\n<p><strong>Konformit\u00e4tsstatus<\/strong><\/p>\n\n\n\n<p>Die <em>Web Content Accessibility Guidelines (WCAG)<\/em> definieren Anforderungen f\u00fcr Designer und Entwickler, um die Zug\u00e4nglichkeit f\u00fcr Menschen mit Behinderungen zu verbessern. Es gibt drei Stufen der Konformit\u00e4t: Stufe A, Stufe AA und Stufe AAA.<\/p>\n\n\n\n<p><strong>Qineva<\/strong> bem\u00fcht sich kontinuierlich, die Barrierefreiheit der Website und der angebotenen Services zu verbessern \u2013 aus der \u00dcberzeugung heraus, dass es unsere gemeinsame moralische Verpflichtung ist, allen Menschen, einschlie\u00dflich Menschen mit Behinderungen, einen uneingeschr\u00e4nkten, barrierefreien und reibungslosen Zugang zu erm\u00f6glichen.<\/p>\n\n\n\n<p>Unser Ziel ist es, s\u00e4mtliche Seiten und Inhalte auf <a class=\"\" href=\"https:\/\/vitaresorp.com\/en\/\">https:\/\/vitaresorp.com<\/a> zug\u00e4nglich zu gestalten. Dennoch kann es vorkommen, dass bestimmte Inhalte derzeit noch nicht vollst\u00e4ndig den h\u00f6chsten Barrierefreiheitsstandards entsprechen. Dies kann daran liegen, dass die geeignete technische L\u00f6sung noch nicht eindeutig identifiziert wurde.<\/p>\n\n\n\n<p>Diese Erkl\u00e4rung kann gelegentlich aktualisiert werden, um Verbesserungen oder \u00c4nderungen an unseren Ma\u00dfnahmen zur Barrierefreiheit widerzuspiegeln.<\/p>\n\n\n\n<p><strong>Feedback<\/strong><\/p>\n\n\n\n<p>Wir freuen uns \u00fcber Ihr Feedback zur Barrierefreiheit der Website von <strong>Qineva<\/strong>. Bitte teilen Sie uns mit, wenn Sie auf unserer Website auf Barrieren sto\u00dfen:<\/p>\n\n\n\n<p><strong>E-Mail:<\/strong> <a class=\"\">info@vitaresorp.com<\/a><\/p>\n\n\n\n<p>Wir bem\u00fchen uns, innerhalb von <strong>3\u20135 Werktagen<\/strong> auf R\u00fcckmeldungen zu antworten.<\/p>\n\n\n\n<p class=\"has-text-align-left\">Diese Erkl\u00e4rung wurde am <strong>04.04.2025<\/strong> erstellt.<\/p>","protected":false},"excerpt":{"rendered":"<p>Barrierefreiheitserkl\u00e4rung f\u00fcr https:\/\/vitaresorp.com Qineva setzt sich daf\u00fcr ein, die digitale Barrierefreiheit f\u00fcr Menschen mit Behinderungen sicherzustellen. Wir arbeiten kontinuierlich daran, die Nutzererfahrung f\u00fcr alle Menschen zu verbessern und wenden die relevanten Standards zur Barrierefreiheit an. Konformit\u00e4tsstatus Die Web Content Accessibility Guidelines (WCAG) definieren Anforderungen f\u00fcr Designer und Entwickler, um die Zug\u00e4nglichkeit f\u00fcr Menschen mit Behinderungen [&hellip;]<\/p>\n","protected":false},"author":1,"featured_media":0,"parent":0,"menu_order":0,"comment_status":"closed","ping_status":"closed","template":"","meta":{"_acf_changed":false,"inline_featured_image":false,"footnotes":""},"class_list":["post-9531","page","type-page","status-publish","hentry"],"acf":[],"yoast_head":"<!-- This site is optimized with the Yoast SEO plugin v27.4 - https:\/\/yoast.com\/product\/yoast-seo-wordpress\/ -->\n<title>Barrierefreiheitserkl\u00e4rung - Vitaresorp\u00ae<\/title>\n<meta name=\"robots\" content=\"index, follow, max-snippet:-1, max-image-preview:large, max-video-preview:-1\" \/>\n<link rel=\"canonical\" href=\"https:\/\/vitaresorp.com\/en\/barrierefreiheitserklarung\/\" \/>\n<meta property=\"og:locale\" content=\"en_US\" \/>\n<meta property=\"og:type\" content=\"article\" \/>\n<meta property=\"og:title\" content=\"Barrierefreiheitserkl\u00e4rung - Vitaresorp\u00ae\" \/>\n<meta property=\"og:description\" content=\"Barrierefreiheitserkl\u00e4rung f\u00fcr https:\/\/vitaresorp.com Qineva setzt sich daf\u00fcr ein, die digitale Barrierefreiheit f\u00fcr Menschen mit Behinderungen sicherzustellen. Wir arbeiten kontinuierlich daran, die Nutzererfahrung f\u00fcr alle Menschen zu verbessern und wenden die relevanten Standards zur Barrierefreiheit an. Konformit\u00e4tsstatus Die Web Content Accessibility Guidelines (WCAG) definieren Anforderungen f\u00fcr Designer und Entwickler, um die Zug\u00e4nglichkeit f\u00fcr Menschen mit Behinderungen [&hellip;]\" \/>\n<meta property=\"og:url\" content=\"https:\/\/vitaresorp.com\/en\/barrierefreiheitserklarung\/\" \/>\n<meta property=\"og:site_name\" content=\"Vitaresorp\u00ae\" \/>\n<meta property=\"article:publisher\" content=\"https:\/\/www.facebook.com\/qinevadeutschland\/\" \/>\n<meta property=\"article:modified_time\" content=\"2025-04-04T10:19:22+00:00\" \/>\n<meta name=\"twitter:card\" content=\"summary_large_image\" \/>\n<meta name=\"twitter:label1\" content=\"Est. reading time\" \/>\n\t<meta name=\"twitter:data1\" content=\"2 minutes\" \/>\n<script type=\"application\/ld+json\" class=\"yoast-schema-graph\">{\"@context\":\"https:\\\/\\\/schema.org\",\"@graph\":[{\"@type\":\"WebPage\",\"@id\":\"https:\\\/\\\/vitaresorp.com\\\/barrierefreiheitserklarung\\\/\",\"url\":\"https:\\\/\\\/vitaresorp.com\\\/barrierefreiheitserklarung\\\/\",\"name\":\"Barrierefreiheitserkl\u00e4rung - Vitaresorp\u00ae\",\"isPartOf\":{\"@id\":\"https:\\\/\\\/vitaresorp.com\\\/#website\"},\"datePublished\":\"2025-04-04T07:10:21+00:00\",\"dateModified\":\"2025-04-04T10:19:22+00:00\",\"breadcrumb\":{\"@id\":\"https:\\\/\\\/vitaresorp.com\\\/barrierefreiheitserklarung\\\/#breadcrumb\"},\"inLanguage\":\"en-US\",\"potentialAction\":[{\"@type\":\"ReadAction\",\"target\":[\"https:\\\/\\\/vitaresorp.com\\\/barrierefreiheitserklarung\\\/\"]}]},{\"@type\":\"BreadcrumbList\",\"@id\":\"https:\\\/\\\/vitaresorp.com\\\/barrierefreiheitserklarung\\\/#breadcrumb\",\"itemListElement\":[{\"@type\":\"ListItem\",\"position\":1,\"name\":\"Startseite\",\"item\":\"https:\\\/\\\/vitaresorp.com\\\/\"},{\"@type\":\"ListItem\",\"position\":2,\"name\":\"Barrierefreiheitserkl\u00e4rung\"}]},{\"@type\":\"WebSite\",\"@id\":\"https:\\\/\\\/vitaresorp.com\\\/#website\",\"url\":\"https:\\\/\\\/vitaresorp.com\\\/\",\"name\":\"Qineva\",\"description\":\"Optimierte Aufnahme von N\u00e4hrstoffen\",\"publisher\":{\"@id\":\"https:\\\/\\\/vitaresorp.com\\\/#organization\"},\"potentialAction\":[{\"@type\":\"SearchAction\",\"target\":{\"@type\":\"EntryPoint\",\"urlTemplate\":\"https:\\\/\\\/vitaresorp.com\\\/?s={search_term_string}\"},\"query-input\":{\"@type\":\"PropertyValueSpecification\",\"valueRequired\":true,\"valueName\":\"search_term_string\"}}],\"inLanguage\":\"en-US\"},{\"@type\":\"Organization\",\"@id\":\"https:\\\/\\\/vitaresorp.com\\\/#organization\",\"name\":\"Qineva\",\"url\":\"https:\\\/\\\/vitaresorp.com\\\/\",\"logo\":{\"@type\":\"ImageObject\",\"inLanguage\":\"en-US\",\"@id\":\"https:\\\/\\\/vitaresorp.com\\\/#\\\/schema\\\/logo\\\/image\\\/\",\"url\":\"https:\\\/\\\/vitaresorp.com\\\/wp-content\\\/uploads\\\/2024\\\/09\\\/vitaresorp-logo-n.png\",\"contentUrl\":\"https:\\\/\\\/vitaresorp.com\\\/wp-content\\\/uploads\\\/2024\\\/09\\\/vitaresorp-logo-n.png\",\"width\":881,\"height\":247,\"caption\":\"Qineva\"},\"image\":{\"@id\":\"https:\\\/\\\/vitaresorp.com\\\/#\\\/schema\\\/logo\\\/image\\\/\"},\"sameAs\":[\"https:\\\/\\\/www.facebook.com\\\/qinevadeutschland\\\/\",\"https:\\\/\\\/www.instagram.com\\\/qineva_official\\\/\",\"https:\\\/\\\/www.youtube.com\\\/channel\\\/UCfv59SJdH33qotQGOB7nTdg\"]}]}<\/script>\n<!-- \/ Yoast SEO plugin. -->","yoast_head_json":{"title":"Barrierefreiheitserkl\u00e4rung - Vitaresorp\u00ae","robots":{"index":"index","follow":"follow","max-snippet":"max-snippet:-1","max-image-preview":"max-image-preview:large","max-video-preview":"max-video-preview:-1"},"canonical":"https:\/\/vitaresorp.com\/en\/barrierefreiheitserklarung\/","og_locale":"en_US","og_type":"article","og_title":"Barrierefreiheitserkl\u00e4rung - Vitaresorp\u00ae","og_description":"Barrierefreiheitserkl\u00e4rung f\u00fcr https:\/\/vitaresorp.com Qineva setzt sich daf\u00fcr ein, die digitale Barrierefreiheit f\u00fcr Menschen mit Behinderungen sicherzustellen. Wir arbeiten kontinuierlich daran, die Nutzererfahrung f\u00fcr alle Menschen zu verbessern und wenden die relevanten Standards zur Barrierefreiheit an. Konformit\u00e4tsstatus Die Web Content Accessibility Guidelines (WCAG) definieren Anforderungen f\u00fcr Designer und Entwickler, um die Zug\u00e4nglichkeit f\u00fcr Menschen mit Behinderungen [&hellip;]","og_url":"https:\/\/vitaresorp.com\/en\/barrierefreiheitserklarung\/","og_site_name":"Vitaresorp\u00ae","article_publisher":"https:\/\/www.facebook.com\/qinevadeutschland\/","article_modified_time":"2025-04-04T10:19:22+00:00","twitter_card":"summary_large_image","twitter_misc":{"Est. reading time":"2 minutes"},"schema":{"@context":"https:\/\/schema.org","@graph":[{"@type":"WebPage","@id":"https:\/\/vitaresorp.com\/barrierefreiheitserklarung\/","url":"https:\/\/vitaresorp.com\/barrierefreiheitserklarung\/","name":"Barrierefreiheitserkl\u00e4rung - Vitaresorp\u00ae","isPartOf":{"@id":"https:\/\/vitaresorp.com\/#website"},"datePublished":"2025-04-04T07:10:21+00:00","dateModified":"2025-04-04T10:19:22+00:00","breadcrumb":{"@id":"https:\/\/vitaresorp.com\/barrierefreiheitserklarung\/#breadcrumb"},"inLanguage":"en-US","potentialAction":[{"@type":"ReadAction","target":["https:\/\/vitaresorp.com\/barrierefreiheitserklarung\/"]}]},{"@type":"BreadcrumbList","@id":"https:\/\/vitaresorp.com\/barrierefreiheitserklarung\/#breadcrumb","itemListElement":[{"@type":"ListItem","position":1,"name":"Startseite","item":"https:\/\/vitaresorp.com\/"},{"@type":"ListItem","position":2,"name":"Barrierefreiheitserkl\u00e4rung"}]},{"@type":"WebSite","@id":"https:\/\/vitaresorp.com\/#website","url":"https:\/\/vitaresorp.com\/","name":"Qineva","description":"Optimierte Aufnahme von N\u00e4hrstoffen","publisher":{"@id":"https:\/\/vitaresorp.com\/#organization"},"potentialAction":[{"@type":"SearchAction","target":{"@type":"EntryPoint","urlTemplate":"https:\/\/vitaresorp.com\/?s={search_term_string}"},"query-input":{"@type":"PropertyValueSpecification","valueRequired":true,"valueName":"search_term_string"}}],"inLanguage":"en-US"},{"@type":"Organization","@id":"https:\/\/vitaresorp.com\/#organization","name":"Qineva","url":"https:\/\/vitaresorp.com\/","logo":{"@type":"ImageObject","inLanguage":"en-US","@id":"https:\/\/vitaresorp.com\/#\/schema\/logo\/image\/","url":"https:\/\/vitaresorp.com\/wp-content\/uploads\/2024\/09\/vitaresorp-logo-n.png","contentUrl":"https:\/\/vitaresorp.com\/wp-content\/uploads\/2024\/09\/vitaresorp-logo-n.png","width":881,"height":247,"caption":"Qineva"},"image":{"@id":"https:\/\/vitaresorp.com\/#\/schema\/logo\/image\/"},"sameAs":["https:\/\/www.facebook.com\/qinevadeutschland\/","https:\/\/www.instagram.com\/qineva_official\/","https:\/\/www.youtube.com\/channel\/UCfv59SJdH33qotQGOB7nTdg"]}]}},"jetpack_sharing_enabled":true,"_links":{"self":[{"href":"https:\/\/vitaresorp.com\/en\/wp-json\/wp\/v2\/pages\/9531","targetHints":{"allow":["GET"]}}],"collection":[{"href":"https:\/\/vitaresorp.com\/en\/wp-json\/wp\/v2\/pages"}],"about":[{"href":"https:\/\/vitaresorp.com\/en\/wp-json\/wp\/v2\/types\/page"}],"author":[{"embeddable":true,"href":"https:\/\/vitaresorp.com\/en\/wp-json\/wp\/v2\/users\/1"}],"replies":[{"embeddable":true,"href":"https:\/\/vitaresorp.com\/en\/wp-json\/wp\/v2\/comments?post=9531"}],"version-history":[{"count":1,"href":"https:\/\/vitaresorp.com\/en\/wp-json\/wp\/v2\/pages\/9531\/revisions"}],"predecessor-version":[{"id":9533,"href":"https:\/\/vitaresorp.com\/en\/wp-json\/wp\/v2\/pages\/9531\/revisions\/9533"}],"wp:attachment":[{"href":"https:\/\/vitaresorp.com\/en\/wp-json\/wp\/v2\/media?parent=9531"}],"curies":[{"name":"wp","href":"https:\/\/api.w.org\/{rel}","templated":true}]}}