{"id":12,"date":"2024-06-11T09:31:32","date_gmt":"2024-06-11T09:31:32","guid":{"rendered":"https:\/\/clever-hermann.82-165-116-136.plesk.page\/?page_id=12"},"modified":"2025-09-20T14:18:50","modified_gmt":"2025-09-20T12:18:50","slug":"rueckerstattung_rueckgaben","status":"publish","type":"page","link":"https:\/\/vitaresorp.com\/en\/rueckerstattung_rueckgaben\/","title":{"rendered":"Richtlinie f\u00fcr R\u00fcckerstattungen und R\u00fcckgaben"},"content":{"rendered":"<p><strong>30-Tage-Geld-zur\u00fcck-Garantie<\/strong><br>Ihre Bestellung ist 100 % risikofrei: Sollten Sie nicht zufrieden sein, k\u00f6nnen Sie das Produkt innerhalb von 4 Wochen zur\u00fcckgeben und erhalten den vollen Kaufpreis zur\u00fcck.<\/p>\n\n\n\n<p><strong>R\u00fcckgabe &amp; Vorgehensweise<\/strong><br>Kontaktieren Sie unseren Kundenservice per E-Mail oder Telefon, um eine R\u00fcckgabe zu starten. Sie erhalten von uns ein R\u00fccksendeetikett und alle weiteren Anweisungen.<\/p>\n\n\n\n<p><strong>Versandkosten<\/strong><br>Innerhalb Deutschlands \u00fcbernehmen wir die R\u00fccksendekosten. F\u00fcr R\u00fccksendungen aus anderen europ\u00e4ischen L\u00e4ndern k\u00f6nnen zus\u00e4tzliche Versandkosten anfallen.<\/p>\n\n\n\n<p><strong>Bearbeitungszeit<\/strong><br>Nach Eingang und Pr\u00fcfung der R\u00fccksendung erstatten wir den Betrag innerhalb von 7\u201310 Werktagen.<\/p>\n\n\n\n<p><\/p>","protected":false},"excerpt":{"rendered":"<p>30-Tage-Geld-zur\u00fcck-GarantieIhre Bestellung ist 100 % risikofrei: Sollten Sie nicht zufrieden sein, k\u00f6nnen Sie das Produkt innerhalb von 4 Wochen zur\u00fcckgeben und erhalten den vollen Kaufpreis zur\u00fcck. R\u00fcckgabe &amp; VorgehensweiseKontaktieren Sie unseren Kundenservice per E-Mail oder Telefon, um eine R\u00fcckgabe zu starten. Sie erhalten von uns ein R\u00fccksendeetikett und alle weiteren Anweisungen. VersandkostenInnerhalb Deutschlands \u00fcbernehmen wir [&hellip;]<\/p>\n","protected":false},"author":1,"featured_media":0,"parent":0,"menu_order":0,"comment_status":"closed","ping_status":"closed","template":"","meta":{"_acf_changed":false,"inline_featured_image":false,"footnotes":""},"class_list":["post-12","page","type-page","status-publish","hentry"],"acf":[],"yoast_head":"<!-- This site is optimized with the Yoast SEO plugin v27.4 - https:\/\/yoast.com\/product\/yoast-seo-wordpress\/ -->\n<title>Richtlinie f\u00fcr R\u00fcckerstattungen und R\u00fcckgaben - Vitaresorp\u00ae<\/title>\n<meta name=\"robots\" content=\"index, follow, max-snippet:-1, max-image-preview:large, max-video-preview:-1\" \/>\n<link rel=\"canonical\" href=\"https:\/\/vitaresorp.com\/en\/rueckerstattung_rueckgaben\/\" \/>\n<meta property=\"og:locale\" content=\"en_US\" \/>\n<meta property=\"og:type\" content=\"article\" \/>\n<meta property=\"og:title\" content=\"Richtlinie f\u00fcr R\u00fcckerstattungen und R\u00fcckgaben - Vitaresorp\u00ae\" \/>\n<meta property=\"og:description\" content=\"30-Tage-Geld-zur\u00fcck-GarantieIhre Bestellung ist 100 % risikofrei: Sollten Sie nicht zufrieden sein, k\u00f6nnen Sie das Produkt innerhalb von 4 Wochen zur\u00fcckgeben und erhalten den vollen Kaufpreis zur\u00fcck. R\u00fcckgabe &amp; VorgehensweiseKontaktieren Sie unseren Kundenservice per E-Mail oder Telefon, um eine R\u00fcckgabe zu starten. Sie erhalten von uns ein R\u00fccksendeetikett und alle weiteren Anweisungen. VersandkostenInnerhalb Deutschlands \u00fcbernehmen wir [&hellip;]\" \/>\n<meta property=\"og:url\" content=\"https:\/\/vitaresorp.com\/en\/rueckerstattung_rueckgaben\/\" \/>\n<meta property=\"og:site_name\" content=\"Vitaresorp\u00ae\" \/>\n<meta property=\"article:publisher\" content=\"https:\/\/www.facebook.com\/qinevadeutschland\/\" \/>\n<meta property=\"article:modified_time\" content=\"2025-09-20T12:18:50+00:00\" \/>\n<meta name=\"twitter:card\" content=\"summary_large_image\" \/>\n<meta name=\"twitter:label1\" content=\"Est. reading time\" \/>\n\t<meta name=\"twitter:data1\" content=\"1 minute\" \/>\n<script type=\"application\/ld+json\" class=\"yoast-schema-graph\">{\"@context\":\"https:\\\/\\\/schema.org\",\"@graph\":[{\"@type\":\"WebPage\",\"@id\":\"https:\\\/\\\/vitaresorp.com\\\/rueckerstattung_rueckgaben\\\/\",\"url\":\"https:\\\/\\\/vitaresorp.com\\\/rueckerstattung_rueckgaben\\\/\",\"name\":\"Richtlinie f\u00fcr R\u00fcckerstattungen und R\u00fcckgaben - Vitaresorp\u00ae\",\"isPartOf\":{\"@id\":\"https:\\\/\\\/vitaresorp.com\\\/#website\"},\"datePublished\":\"2024-06-11T09:31:32+00:00\",\"dateModified\":\"2025-09-20T12:18:50+00:00\",\"breadcrumb\":{\"@id\":\"https:\\\/\\\/vitaresorp.com\\\/rueckerstattung_rueckgaben\\\/#breadcrumb\"},\"inLanguage\":\"en-US\",\"potentialAction\":[{\"@type\":\"ReadAction\",\"target\":[\"https:\\\/\\\/vitaresorp.com\\\/rueckerstattung_rueckgaben\\\/\"]}]},{\"@type\":\"BreadcrumbList\",\"@id\":\"https:\\\/\\\/vitaresorp.com\\\/rueckerstattung_rueckgaben\\\/#breadcrumb\",\"itemListElement\":[{\"@type\":\"ListItem\",\"position\":1,\"name\":\"Startseite\",\"item\":\"https:\\\/\\\/vitaresorp.com\\\/\"},{\"@type\":\"ListItem\",\"position\":2,\"name\":\"Richtlinie f\u00fcr R\u00fcckerstattungen und R\u00fcckgaben\"}]},{\"@type\":\"WebSite\",\"@id\":\"https:\\\/\\\/vitaresorp.com\\\/#website\",\"url\":\"https:\\\/\\\/vitaresorp.com\\\/\",\"name\":\"Qineva\",\"description\":\"Optimierte Aufnahme von N\u00e4hrstoffen\",\"publisher\":{\"@id\":\"https:\\\/\\\/vitaresorp.com\\\/#organization\"},\"potentialAction\":[{\"@type\":\"SearchAction\",\"target\":{\"@type\":\"EntryPoint\",\"urlTemplate\":\"https:\\\/\\\/vitaresorp.com\\\/?s={search_term_string}\"},\"query-input\":{\"@type\":\"PropertyValueSpecification\",\"valueRequired\":true,\"valueName\":\"search_term_string\"}}],\"inLanguage\":\"en-US\"},{\"@type\":\"Organization\",\"@id\":\"https:\\\/\\\/vitaresorp.com\\\/#organization\",\"name\":\"Qineva\",\"url\":\"https:\\\/\\\/vitaresorp.com\\\/\",\"logo\":{\"@type\":\"ImageObject\",\"inLanguage\":\"en-US\",\"@id\":\"https:\\\/\\\/vitaresorp.com\\\/#\\\/schema\\\/logo\\\/image\\\/\",\"url\":\"https:\\\/\\\/vitaresorp.com\\\/wp-content\\\/uploads\\\/2024\\\/09\\\/vitaresorp-logo-n.png\",\"contentUrl\":\"https:\\\/\\\/vitaresorp.com\\\/wp-content\\\/uploads\\\/2024\\\/09\\\/vitaresorp-logo-n.png\",\"width\":881,\"height\":247,\"caption\":\"Qineva\"},\"image\":{\"@id\":\"https:\\\/\\\/vitaresorp.com\\\/#\\\/schema\\\/logo\\\/image\\\/\"},\"sameAs\":[\"https:\\\/\\\/www.facebook.com\\\/qinevadeutschland\\\/\",\"https:\\\/\\\/www.instagram.com\\\/qineva_official\\\/\",\"https:\\\/\\\/www.youtube.com\\\/channel\\\/UCfv59SJdH33qotQGOB7nTdg\"]}]}<\/script>\n<!-- \/ Yoast SEO plugin. -->","yoast_head_json":{"title":"Richtlinie f\u00fcr R\u00fcckerstattungen und R\u00fcckgaben - Vitaresorp\u00ae","robots":{"index":"index","follow":"follow","max-snippet":"max-snippet:-1","max-image-preview":"max-image-preview:large","max-video-preview":"max-video-preview:-1"},"canonical":"https:\/\/vitaresorp.com\/en\/rueckerstattung_rueckgaben\/","og_locale":"en_US","og_type":"article","og_title":"Richtlinie f\u00fcr R\u00fcckerstattungen und R\u00fcckgaben - Vitaresorp\u00ae","og_description":"30-Tage-Geld-zur\u00fcck-GarantieIhre Bestellung ist 100 % risikofrei: Sollten Sie nicht zufrieden sein, k\u00f6nnen Sie das Produkt innerhalb von 4 Wochen zur\u00fcckgeben und erhalten den vollen Kaufpreis zur\u00fcck. R\u00fcckgabe &amp; VorgehensweiseKontaktieren Sie unseren Kundenservice per E-Mail oder Telefon, um eine R\u00fcckgabe zu starten. Sie erhalten von uns ein R\u00fccksendeetikett und alle weiteren Anweisungen. VersandkostenInnerhalb Deutschlands \u00fcbernehmen wir [&hellip;]","og_url":"https:\/\/vitaresorp.com\/en\/rueckerstattung_rueckgaben\/","og_site_name":"Vitaresorp\u00ae","article_publisher":"https:\/\/www.facebook.com\/qinevadeutschland\/","article_modified_time":"2025-09-20T12:18:50+00:00","twitter_card":"summary_large_image","twitter_misc":{"Est. reading time":"1 minute"},"schema":{"@context":"https:\/\/schema.org","@graph":[{"@type":"WebPage","@id":"https:\/\/vitaresorp.com\/rueckerstattung_rueckgaben\/","url":"https:\/\/vitaresorp.com\/rueckerstattung_rueckgaben\/","name":"Richtlinie f\u00fcr R\u00fcckerstattungen und R\u00fcckgaben - Vitaresorp\u00ae","isPartOf":{"@id":"https:\/\/vitaresorp.com\/#website"},"datePublished":"2024-06-11T09:31:32+00:00","dateModified":"2025-09-20T12:18:50+00:00","breadcrumb":{"@id":"https:\/\/vitaresorp.com\/rueckerstattung_rueckgaben\/#breadcrumb"},"inLanguage":"en-US","potentialAction":[{"@type":"ReadAction","target":["https:\/\/vitaresorp.com\/rueckerstattung_rueckgaben\/"]}]},{"@type":"BreadcrumbList","@id":"https:\/\/vitaresorp.com\/rueckerstattung_rueckgaben\/#breadcrumb","itemListElement":[{"@type":"ListItem","position":1,"name":"Startseite","item":"https:\/\/vitaresorp.com\/"},{"@type":"ListItem","position":2,"name":"Richtlinie f\u00fcr R\u00fcckerstattungen und R\u00fcckgaben"}]},{"@type":"WebSite","@id":"https:\/\/vitaresorp.com\/#website","url":"https:\/\/vitaresorp.com\/","name":"Qineva","description":"Optimierte Aufnahme von N\u00e4hrstoffen","publisher":{"@id":"https:\/\/vitaresorp.com\/#organization"},"potentialAction":[{"@type":"SearchAction","target":{"@type":"EntryPoint","urlTemplate":"https:\/\/vitaresorp.com\/?s={search_term_string}"},"query-input":{"@type":"PropertyValueSpecification","valueRequired":true,"valueName":"search_term_string"}}],"inLanguage":"en-US"},{"@type":"Organization","@id":"https:\/\/vitaresorp.com\/#organization","name":"Qineva","url":"https:\/\/vitaresorp.com\/","logo":{"@type":"ImageObject","inLanguage":"en-US","@id":"https:\/\/vitaresorp.com\/#\/schema\/logo\/image\/","url":"https:\/\/vitaresorp.com\/wp-content\/uploads\/2024\/09\/vitaresorp-logo-n.png","contentUrl":"https:\/\/vitaresorp.com\/wp-content\/uploads\/2024\/09\/vitaresorp-logo-n.png","width":881,"height":247,"caption":"Qineva"},"image":{"@id":"https:\/\/vitaresorp.com\/#\/schema\/logo\/image\/"},"sameAs":["https:\/\/www.facebook.com\/qinevadeutschland\/","https:\/\/www.instagram.com\/qineva_official\/","https:\/\/www.youtube.com\/channel\/UCfv59SJdH33qotQGOB7nTdg"]}]}},"jetpack_sharing_enabled":true,"_links":{"self":[{"href":"https:\/\/vitaresorp.com\/en\/wp-json\/wp\/v2\/pages\/12","targetHints":{"allow":["GET"]}}],"collection":[{"href":"https:\/\/vitaresorp.com\/en\/wp-json\/wp\/v2\/pages"}],"about":[{"href":"https:\/\/vitaresorp.com\/en\/wp-json\/wp\/v2\/types\/page"}],"author":[{"embeddable":true,"href":"https:\/\/vitaresorp.com\/en\/wp-json\/wp\/v2\/users\/1"}],"replies":[{"embeddable":true,"href":"https:\/\/vitaresorp.com\/en\/wp-json\/wp\/v2\/comments?post=12"}],"version-history":[{"count":3,"href":"https:\/\/vitaresorp.com\/en\/wp-json\/wp\/v2\/pages\/12\/revisions"}],"predecessor-version":[{"id":12804,"href":"https:\/\/vitaresorp.com\/en\/wp-json\/wp\/v2\/pages\/12\/revisions\/12804"}],"wp:attachment":[{"href":"https:\/\/vitaresorp.com\/en\/wp-json\/wp\/v2\/media?parent=12"}],"curies":[{"name":"wp","href":"https:\/\/api.w.org\/{rel}","templated":true}]}}